{"id":15332,"date":"2023-08-23T23:06:03","date_gmt":"2023-08-23T15:06:03","guid":{"rendered":"https:\/\/tononplastics.com\/?post_type=product&#038;p=15332"},"modified":"2024-03-25T12:17:34","modified_gmt":"2024-03-25T04:17:34","slug":"sunroom-panels-for-sale-polycarbonate-roofing-polycarbonate-solid-sheet-tinted-polycarbonate-sheet","status":"publish","type":"product","link":"https:\/\/www.tononplastics.com\/lv\/product\/sunroom-panels-for-sale-polycarbonate-roofing-polycarbonate-solid-sheet-tinted-polycarbonate-sheet\/","title":{"rendered":"Saules istabas pane\u013ci p\u0101rdo\u0161anai polikarbon\u0101ta jumta segums polikarbon\u0101ta ciet\u0101 loksne ton\u0113ta polikarbon\u0101ta loksne"},"content":{"rendered":"<p><strong>Tradicion\u0101l\u0101 produkta inform\u0101cija:<\/strong><\/p>\n\n\n\n<p>1). Divsienu polikarbon\u0101ta loksnes biezums: 3mm-12mm. Platums: 2100 mm.<\/p>\n\n\n\n<p>2). Tr\u012bs sienu polikarbon\u0101ta loksnes biezums: 10-18 mm. Platums: 2100 mm.<\/p>\n\n\n\n<p>3). \u010cetru sienu polikarbon\u0101ta loksnes biezums: 6-14 mm. Platums: 2100 mm.<\/p>\n\n\n\n<p>4). Honeycomb polikarbon\u0101ta loksnes biezums: 6-14 mm. Platums: 2100 mm.<\/p>\n\n\n\n<p>5). M\u0113s varam ar\u012b piel\u0101got platumu, piem\u0113ram, 1220 mm, un parastais biezums ir 4 mm-6 mm. Bet cena b\u016bs augst\u0101ka nek\u0101 2100 mm platum\u0101, jo tai ir maksas zaud\u0113jumi.<\/p>\n\n\n\n<p>6). Ciet\u0101 polikarbon\u0101ta loksnes standarta biezums:<\/p>\n\n\n\n<p>&nbsp; &nbsp; &nbsp;1,1-18 mm. Platums: 1220, 1560, 1820, 2100 mm. Parasti 1220x2440 mm.<\/p>\n\n\n\n<p>7). Gofr\u0113tas polikarbon\u0101ta loksnes biezums: 0,8-1,8 mm.  Platums ir 1000 mm un 1220 mm.<\/p>\n\n\n\n<p><em><strong>A. Garums: nav ierobe\u017eojumu (ieteicams 5800, 6000, 11800, 12000 mm, lai atbilstu 20\u2032 konteineram un 40\u2032 konteineram).<\/strong><\/em><\/p>\n\n\n\n<p><em><strong>B. Kr\u0101sa: dzidra\/caursp\u012bd\u012bga, ezera zila, za\u013ca, zila, op\u0101la, br\u016bna\/bronzas, sudrabaini pel\u0113ka, sarkana, dzeltena utt.<\/strong><\/em><\/p>\n\n\n\n<figure class=\"wp-block-gallery has-nested-images columns-default is-cropped wp-block-gallery-1 is-layout-flex wp-block-gallery-is-layout-flex\">\n<figure class=\"wp-block-image size-large\"><img fetchpriority=\"high\" decoding=\"async\" width=\"1024\" height=\"682\" data-id=\"15286\" src=\"https:\/\/www.tononplastics.com\/wp-content\/uploads\/2023\/08\/H404b7790b8704a329fe41e1da3d8fa7cf-1024x682.jpg\" alt=\"\" class=\"wp-image-15286\" title=\"\" srcset=\"https:\/\/www.tononplastics.com\/wp-content\/uploads\/2023\/08\/H404b7790b8704a329fe41e1da3d8fa7cf-1024x682.jpg 1024w, https:\/\/www.tononplastics.com\/wp-content\/uploads\/2023\/08\/H404b7790b8704a329fe41e1da3d8fa7cf-300x200.jpg 300w, https:\/\/www.tononplastics.com\/wp-content\/uploads\/2023\/08\/H404b7790b8704a329fe41e1da3d8fa7cf-768x512.jpg 768w, https:\/\/www.tononplastics.com\/wp-content\/uploads\/2023\/08\/H404b7790b8704a329fe41e1da3d8fa7cf-1536x1024.jpg 1536w, https:\/\/www.tononplastics.com\/wp-content\/uploads\/2023\/08\/H404b7790b8704a329fe41e1da3d8fa7cf.jpg 2000w\" sizes=\"(max-width: 1024px) 100vw, 1024px\" \/><\/figure>\n\n\n\n<figure class=\"wp-block-image size-large\"><img decoding=\"async\" width=\"768\" height=\"1024\" data-id=\"15325\" src=\"https:\/\/www.tononplastics.com\/wp-content\/uploads\/2023\/08\/Hf18aec69ee4b444f8edf47e1d796fc1dB-768x1024.jpg\" alt=\"\" class=\"wp-image-15325\" title=\"\" srcset=\"https:\/\/www.tononplastics.com\/wp-content\/uploads\/2023\/08\/Hf18aec69ee4b444f8edf47e1d796fc1dB-768x1024.jpg 768w, https:\/\/www.tononplastics.com\/wp-content\/uploads\/2023\/08\/Hf18aec69ee4b444f8edf47e1d796fc1dB-225x300.jpg 225w, https:\/\/www.tononplastics.com\/wp-content\/uploads\/2023\/08\/Hf18aec69ee4b444f8edf47e1d796fc1dB.jpg 1080w\" sizes=\"(max-width: 768px) 100vw, 768px\" \/><\/figure>\n<\/figure>","protected":false},"featured_media":15286,"parent":0,"template":"","product-catagories":[177],"product-tag":[],"class_list":["post-15332","product","type-product","status-publish","has-post-thumbnail","hentry","product-catagories-polycarbonate-solid-sheet"],"acf":[],"_links":{"self":[{"href":"https:\/\/www.tononplastics.com\/lv\/wp-json\/wp\/v2\/product\/15332","targetHints":{"allow":["GET"]}}],"collection":[{"href":"https:\/\/www.tononplastics.com\/lv\/wp-json\/wp\/v2\/product"}],"about":[{"href":"https:\/\/www.tononplastics.com\/lv\/wp-json\/wp\/v2\/types\/product"}],"version-history":[{"count":0,"href":"https:\/\/www.tononplastics.com\/lv\/wp-json\/wp\/v2\/product\/15332\/revisions"}],"wp:featuredmedia":[{"embeddable":true,"href":"https:\/\/www.tononplastics.com\/lv\/wp-json\/wp\/v2\/media\/15286"}],"wp:attachment":[{"href":"https:\/\/www.tononplastics.com\/lv\/wp-json\/wp\/v2\/media?parent=15332"}],"wp:term":[{"taxonomy":"product-catagories","embeddable":true,"href":"https:\/\/www.tononplastics.com\/lv\/wp-json\/wp\/v2\/product-catagories?post=15332"},{"taxonomy":"product-tag","embeddable":true,"href":"https:\/\/www.tononplastics.com\/lv\/wp-json\/wp\/v2\/product-tag?post=15332"}],"curies":[{"name":"wp","href":"https:\/\/api.w.org\/{rel}","templated":true}]}}