{"id":15337,"date":"2023-08-23T23:08:00","date_gmt":"2023-08-23T15:08:00","guid":{"rendered":"https:\/\/tononplastics.com\/?post_type=product&#038;p=15337"},"modified":"2024-03-25T15:19:13","modified_gmt":"2024-03-25T07:19:13","slug":"high-end-polycarbonate-bathroom-enclosure-fob-reference-priceget-latest-price","status":"publish","type":"product","link":"https:\/\/www.tononplastics.com\/lv\/product\/high-end-polycarbonate-bathroom-enclosure-fob-reference-priceget-latest-price\/","title":{"rendered":"augstas klases polikarbon\u0101ta vannas istabas korpuss FOB atsauces cena: sa\u0146emt jaun\u0101ko cenu"},"content":{"rendered":"<h2 class=\"wp-block-heading\">Apraksts<\/h2>\n\n\n\n<p>Polikarbon\u0101ta dob\u0101s polikarbon\u0101ta loksnes tiek izmantotas daudz\u0101s jom\u0101s, piem\u0113ram, siltumn\u012bc\u0101s, jumta pane\u013cos un trok\u0161\u0146a barjer\u0101s. Dob\u0101s lok\u0161\u0146u loksnes parasti aizst\u0101j stiklu, r\u016bd\u012bto stiklu un polietil\u0113na pl\u0113vi daudz\u0101s jom\u0101s, piem\u0113ram, lauksaimniec\u012bb\u0101, r\u016bpniec\u012bb\u0101, sabiedriskaj\u0101s \u0113k\u0101s un piederumu ra\u017eo\u0161an\u0101. T\u0101 ir ide\u0101la kombin\u0101cija, kas apvieno vieglu svaru, augstu triecieniztur\u012bbu, gaismas caurlaid\u012bbu, iztur\u012bbu pret r\u0101mi, aizsardz\u012bbu pret UV stariem, aizsardz\u012bbu pret kritieniem un pievilc\u012bgu izskatu.<\/p>\n\n\n\n<h4 class=\"wp-block-heading\"><strong>Inform\u0101cija par produktu<\/strong><\/h4>\n\n\n\n<figure class=\"wp-block-table\"><table><tbody><tr><td>Produkta nosaukums:<\/td><td colspan=\"3\">Doba polikarbon\u0101ta loksne<\/td><\/tr><tr><td>Biezums:<\/td><td colspan=\"3\">2,8 mm-20 mm \/ piel\u0101gots<\/td><\/tr><tr><td>Platums:<\/td><td colspan=\"3\">1220\/1560\/1820\/2100mm;custom<\/td><\/tr><tr><td>Garums:<\/td><td colspan=\"3\">Jebk\u0101da garuma, br\u012bva grie\u0161ana<\/td><\/tr><tr><td>Standarta izm\u0113rs:<\/td><td colspan=\"3\">1.22*2.44;2.1*5.8;2.1*6;2.1*11.6;2.1*11.8;2.1*30m<\/td><\/tr><tr><td>kr\u0101sa:<\/td><td colspan=\"3\">dzidrs, op\u0101ls, zils, za\u013c\u0161, za\u013c\u0161, pel\u0113ks, br\u016bns, dzeltens utt.<\/td><\/tr><tr><td>sertifik\u0101cija:<\/td><td colspan=\"3\">ISO9001:2008 \/CE<\/td><\/tr><tr><td>Garantija:<\/td><td colspan=\"3\">10 gadi<\/td><\/tr><tr><td>UV starojuma biezums:<\/td><td colspan=\"3\">50 mikronu ; atkar\u012bb\u0101 no klientu vajadz\u012bb\u0101m<\/td><\/tr><tr><td>darba temperat\u016bra:<\/td><td colspan=\"3\">-40\u00baC-120\u00baC<\/td><\/tr><tr><td>tehnolo\u0123ija:<\/td><td colspan=\"3\">koekstr\u016bzija<\/td><\/tr><tr><td>pieg\u0101de:<\/td><td colspan=\"3\">7-14 dienas p\u0113c depoz\u012bta sa\u0146em\u0161anas<\/td><\/tr><tr><td>pieteikums<\/td><td colspan=\"3\">siltumn\u012bca; ska\u0146as barjeras; nojume; loga v\u0113rtne ; b\u012bd\u0101m\u0101s durvis; baseina p\u0101rsegs ; policijas aizsargi; jumta logs ; aizkaru siena<\/td><\/tr><tr><td>apstr\u0101d\u0101jams process:<\/td><td colspan=\"3\">atsp\u012bdums; ciet\u0101 virsma; iztur\u012bgs pret skr\u0101p\u0113jumiem<\/td><\/tr><tr><td>paraugs<\/td><td colspan=\"3\">L\u016bdzu, sazinieties ar mums, lai sa\u0146emtu bezmaksas paraugus<\/td><\/tr><\/tbody><\/table><\/figure>\n\n\n\n<h4 class=\"wp-block-heading\"><strong>K\u0101p\u0113c izv\u0113l\u0113ties polikarbon\u0101ta dob\u0101s loksnes?<br><\/strong><strong><\/strong><\/h4>\n\n\n\n<ol class=\"wp-block-list\">\n<li>Triecieniztur\u012bba ir 200 rei\u017eu liel\u0101ka nek\u0101 parastajam stiklam un 2-20 rei\u017eu liel\u0101ka nek\u0101 r\u016bd\u012btajam stiklam.<\/li>\n\n\n\n<li>Stikla svars ir 50%, bet caursp\u012bd\u012bgums ir t\u0101ds pats k\u0101 parast\u0101 stikla.<\/li>\n\n\n\n<li>\u012apa\u0161a apstr\u0101de nodro\u0161ina pietiekamu siltumn\u012bcas apgaismojumu bez kondens\u0101ta veido\u0161an\u0101s.<\/li>\n\n\n\n<li>Lieliska gaismas caurlaid\u012bba, l\u012bdz 18%-80%.<\/li>\n\n\n\n<li>Tas ir ide\u0101ls parast\u0101 stikla, r\u016bd\u012bt\u0101 stikla un polietil\u0113na pl\u0113ves aizst\u0101j\u0113js.<\/li>\n\n\n\n<li>Polikarbon\u0101ta loksnes ir triecieniztur\u012bg\u0101k\u0101 polim\u0113ru in\u017eeniertehnisk\u0101 plastmasa, kas ir 10-27 reizes iztur\u012bg\u0101ka par pleksstiklu.<\/li>\n\n\n\n<li>50 mikronu p\u0101rkl\u0101jums pret UV starojumu uz virsmas, 10 gadu kvalit\u0101tes garantija, nerada dzelt\u0113\u0161anu.<\/li>\n\n\n\n<li>Temperat\u016bra starp -40 \u2103 ~ + 120 \u2103 nerad\u012bs kvalit\u0101tes pasliktin\u0101\u0161anos, piem\u0113ram, deform\u0101ciju.<\/li>\n\n\n\n<li>Viegls, lai to var\u0113tu viegli transport\u0113t un uzst\u0101d\u012bt.<\/li>\n<\/ol>\n\n\n\n<h4 class=\"wp-block-heading\"><strong>Doba polikarbon\u0101ta loksnes veidi<br><\/strong><strong><\/strong><\/h4>\n\n\n\n<figure class=\"wp-block-image size-full\"><img fetchpriority=\"high\" decoding=\"async\" width=\"800\" height=\"440\" src=\"https:\/\/www.tononplastics.com\/wp-content\/uploads\/2024\/03\/Hec1893bdf96e4e68954f01c51046919cR.webp\" alt=\"\" class=\"wp-image-16180\" title=\"\" srcset=\"https:\/\/www.tononplastics.com\/wp-content\/uploads\/2024\/03\/Hec1893bdf96e4e68954f01c51046919cR.webp 800w, https:\/\/www.tononplastics.com\/wp-content\/uploads\/2024\/03\/Hec1893bdf96e4e68954f01c51046919cR-300x165.webp 300w, https:\/\/www.tononplastics.com\/wp-content\/uploads\/2024\/03\/Hec1893bdf96e4e68954f01c51046919cR-768x422.webp 768w, https:\/\/www.tononplastics.com\/wp-content\/uploads\/2024\/03\/Hec1893bdf96e4e68954f01c51046919cR-18x10.webp 18w\" sizes=\"(max-width: 800px) 100vw, 800px\" \/><\/figure>\n\n\n\n<h4 class=\"wp-block-heading\"><strong>D\u016bkain\u0101s pc loksnes lietojumprogrammas<br><\/strong><\/h4>\n\n\n\n<p>Doba polikarbon\u0101ta loksnes pla\u0161i izmanto \u0113ku jumtiem, kupoliem, jumta logiem, auto ost\u0101m, peldbaseiniem, saules telp\u0101m, dzelzce\u013ca stacij\u0101m, siltumn\u012bc\u0101m, s\u0101nu sien\u0101m, noliktavu jumtiem un stadioniem. Vis\u0101s \u0161aj\u0101s viet\u0101s nepiecie\u0161ama saules gaisma bez kait\u012bgiem UV stariem. Piem\u0113rots ar\u012b izgaismot\u0101m izk\u0101rtn\u0113m un rekl\u0101mas pane\u013ciem.<\/p>\n\n\n<p><strong><span data-spm-anchor-id=\"a2700.details.0.i19.674c1facMlRcof\">Cieto polikarbon\u0101ta pl\u0101k\u0161\u0146u nelielais svars, triecieniztur\u012bba un caursp\u012bd\u012bgums padara t\u0101s par ide\u0101lu trausl\u0101 un smag\u0101 stikla aizst\u0101j\u0113ju. T\u0101 elast\u012bba sniedz dizaineriem iesp\u0113ju \u012bstenot neparastus dizainus, tostarp izliektas strukt\u016bras.<\/span><\/strong><\/p>\n<p><strong><img decoding=\"async\" src=\"https:\/\/sc01.alicdn.com\/kf\/HTB1fjxltXuWBuNjSszbq6AS7FXap\/200162319\/HTB1fjxltXuWBuNjSszbq6AS7FXap.jpg\" alt=\"augstas klases polikarbon\u0101ta vannas istabas korpuss\" width=\"690\" height=\"688\" data-src=\"\/\/sc01.alicdn.com\/kf\/HTB1fjxltXuWBuNjSszbq6AS7FXap\/200162319\/HTB1fjxltXuWBuNjSszbq6AS7FXap.jpg\" data-alt=\"high end polycarbonate bathroom enclosure\" data- title=\"\"><img decoding=\"async\" src=\"https:\/\/sc02.alicdn.com\/kf\/HTB1Zn3GkS8YBeNkSnb4q6yevFXad\/200162319\/HTB1Zn3GkS8YBeNkSnb4q6yevFXad.jpg\" alt=\"augstas klases polikarbon\u0101ta vannas istabas korpuss\" width=\"706\" height=\"1063\" data-src=\"\/\/sc02.alicdn.com\/kf\/HTB1Zn3GkS8YBeNkSnb4q6yevFXad\/200162319\/HTB1Zn3GkS8YBeNkSnb4q6yevFXad.jpg\" data-alt=\"high end polycarbonate bathroom enclosure\" data-width=\"706\" data-height=\"1063\" data- title=\"\"><\/strong><\/p>","protected":false},"featured_media":0,"parent":0,"template":"","product-catagories":[177],"product-tag":[],"class_list":["post-15337","product","type-product","status-publish","hentry","product-catagories-polycarbonate-solid-sheet"],"acf":[],"_links":{"self":[{"href":"https:\/\/www.tononplastics.com\/lv\/wp-json\/wp\/v2\/product\/15337","targetHints":{"allow":["GET"]}}],"collection":[{"href":"https:\/\/www.tononplastics.com\/lv\/wp-json\/wp\/v2\/product"}],"about":[{"href":"https:\/\/www.tononplastics.com\/lv\/wp-json\/wp\/v2\/types\/product"}],"version-history":[{"count":0,"href":"https:\/\/www.tononplastics.com\/lv\/wp-json\/wp\/v2\/product\/15337\/revisions"}],"wp:attachment":[{"href":"https:\/\/www.tononplastics.com\/lv\/wp-json\/wp\/v2\/media?parent=15337"}],"wp:term":[{"taxonomy":"product-catagories","embeddable":true,"href":"https:\/\/www.tononplastics.com\/lv\/wp-json\/wp\/v2\/product-catagories?post=15337"},{"taxonomy":"product-tag","embeddable":true,"href":"https:\/\/www.tononplastics.com\/lv\/wp-json\/wp\/v2\/product-tag?post=15337"}],"curies":[{"name":"wp","href":"https:\/\/api.w.org\/{rel}","templated":true}]}}