{"id":15338,"date":"2023-08-23T23:09:18","date_gmt":"2023-08-23T15:09:18","guid":{"rendered":"https:\/\/tononplastics.com\/?post_type=product&#038;p=15338"},"modified":"2024-03-25T17:02:39","modified_gmt":"2024-03-25T09:02:39","slug":"colored-plastic-shower-cubicle-polycarbonate-solid-sheet","status":"publish","type":"product","link":"https:\/\/www.tononplastics.com\/lv\/product\/colored-plastic-shower-cubicle-polycarbonate-solid-sheet\/","title":{"rendered":"Kr\u0101saina plastmasas du\u0161as kab\u012bne\/ polikarbon\u0101ta cieta loksne"},"content":{"rendered":"<p><strong>Specifik\u0101cija:<\/strong><\/p>\n<p>1) biezums: 1,5 mm - 16 mm<\/p>\n<p>2) Maksim\u0101lais platums: 2100 mm<\/p>\n<p>3) garums: Nav ierobe\u017eojumu<\/p>\n<p>4) \u012apatn\u0113jais svars: 1200 kg\/m3<\/p>\n<p>5) Kr\u0101sa: dzidra, zila, za\u013ca, op\u0101la, br\u016bna utt.<\/p>\n<p><strong>Tehnisk\u0101s funkcijas:<\/strong><\/p>\n<p>1) Triecieniztur\u012bba: 850J\/m<\/p>\n<p>2) Gaismas caurlaid\u012bba: 88%<\/p>\n<p>3) \u012apatn\u0113jais svars: 1200 kg\/m3<\/p>\n<p>4) termisk\u0101s izple\u0161an\u0101s koeficients: 0,065<\/p>\n<p>5) Temperat\u016bra: -40oC - 120oC<\/p>\n<p>6) Siltuma vad\u012btsp\u0113ja: 2,3-3,9 W\/m2<\/p>\n<p>7) stiepes iztur\u012bba: Iztur\u012bba: vair\u0101k nek\u0101 602<\/p>\n<p>8) Iztur\u012bba stiepei: 1002<\/p>\n<p>9) Elast\u012bbas modulis: 2400Mpa<\/p>\n<p>10) Stiepes iela pie p\u0101rr\u0101vuma: Vair\u0101k nek\u0101 65 MPa.<\/p>\n<p>11) Pagarin\u0101jums p\u0101rrau\u0161anas br\u012bd\u012b: Vair\u0101k nek\u0101 100%: Vair\u0101k nek\u0101 100%<\/p>\n<p>12) \u012apatn\u0113jais siltums: 1,16j\/kg. K<\/p>\n<p>13) Siltuma novirzes temperat\u016bra: 140oC<\/p>\n<p>14) ska\u0146as izol\u0101cija (6 mm biezums): 20db<\/p>\n<p><img fetchpriority=\"high\" decoding=\"async\" class=\"\" src=\"https:\/\/sc02.alicdn.com\/kf\/HTB1Zn3GkS8YBeNkSnb4q6yevFXad\/200162319\/HTB1Zn3GkS8YBeNkSnb4q6yevFXad.jpg\" alt=\"kr\u0101saina plastmasas du\u0161as kab\u012bne\/ polikarbon\u0101ta cieta loksne\" width=\"687\" height=\"842\" data-src=\"\/\/sc02.alicdn.com\/kf\/HTB1Zn3GkS8YBeNkSnb4q6yevFXad\/200162319\/HTB1Zn3GkS8YBeNkSnb4q6yevFXad.jpg\" data-alt=\"colored plastic shower cubicle\/ polycarbonate solid sheet\" data- title=\"\"><\/p>\n<p><img decoding=\"async\" src=\"https:\/\/sc01.alicdn.com\/kf\/HTB1fjxltXuWBuNjSszbq6AS7FXap\/200162319\/HTB1fjxltXuWBuNjSszbq6AS7FXap.jpg\" alt=\"kr\u0101saina plastmasas du\u0161as kab\u012bne\/ polikarbon\u0101ta cieta loksne\" data-src=\"\/\/sc01.alicdn.com\/kf\/HTB1fjxltXuWBuNjSszbq6AS7FXap\/200162319\/HTB1fjxltXuWBuNjSszbq6AS7FXap.jpg\" data-alt=\"colored plastic shower cubicle\/ polycarbonate solid sheet\" data- title=\"\"><\/p>","protected":false},"featured_media":15325,"parent":0,"template":"","product-catagories":[177],"product-tag":[],"class_list":["post-15338","product","type-product","status-publish","has-post-thumbnail","hentry","product-catagories-polycarbonate-solid-sheet"],"acf":[],"_links":{"self":[{"href":"https:\/\/www.tononplastics.com\/lv\/wp-json\/wp\/v2\/product\/15338","targetHints":{"allow":["GET"]}}],"collection":[{"href":"https:\/\/www.tononplastics.com\/lv\/wp-json\/wp\/v2\/product"}],"about":[{"href":"https:\/\/www.tononplastics.com\/lv\/wp-json\/wp\/v2\/types\/product"}],"version-history":[{"count":0,"href":"https:\/\/www.tononplastics.com\/lv\/wp-json\/wp\/v2\/product\/15338\/revisions"}],"wp:featuredmedia":[{"embeddable":true,"href":"https:\/\/www.tononplastics.com\/lv\/wp-json\/wp\/v2\/media\/15325"}],"wp:attachment":[{"href":"https:\/\/www.tononplastics.com\/lv\/wp-json\/wp\/v2\/media?parent=15338"}],"wp:term":[{"taxonomy":"product-catagories","embeddable":true,"href":"https:\/\/www.tononplastics.com\/lv\/wp-json\/wp\/v2\/product-catagories?post=15338"},{"taxonomy":"product-tag","embeddable":true,"href":"https:\/\/www.tononplastics.com\/lv\/wp-json\/wp\/v2\/product-tag?post=15338"}],"curies":[{"name":"wp","href":"https:\/\/api.w.org\/{rel}","templated":true}]}}