{"id":15340,"date":"2023-08-23T23:11:02","date_gmt":"2023-08-23T15:11:02","guid":{"rendered":"https:\/\/tononplastics.com\/?post_type=product&#038;p=15340"},"modified":"2024-03-25T15:43:11","modified_gmt":"2024-03-25T07:43:11","slug":"luxury-uv-protection-gazebo-made-of-polycarbonate-sheet","status":"publish","type":"product","link":"https:\/\/www.tononplastics.com\/lv\/product\/luxury-uv-protection-gazebo-made-of-polycarbonate-sheet\/","title":{"rendered":"luksusa lapene ar UV aizsardz\u012bbu no polikarbon\u0101ta loksnes"},"content":{"rendered":"<p><span data-spm-anchor-id=\"a2700.details.0.i29.34d11f18QZCySL\">PC\u00a0Sheet\u00a0is\u00a0made\u00a0of\u00a0gather\u00a0of\u00a0the\u00a0carbonic\u00a0acid\u00a0ester,\u00a0it\u00a0has\u00a0good\u00a0performance\u00a0to\u00a0able\u00a0<\/span><\/p>\n<p>to\u00a0bear\u00a0the\u00a0creep,\u00a0and\u00a0it\u00a0still\u00a0has\u00a0very\u00a0high\u00a0resisting\u00a0and\u00a0assaulting\u00a0the\u00a0intensity\u00a0under\u00a0<\/p>\n<p>the\u00a0low\u00a0temperature.\u00a0Rigidity\u00a0keeps\u00a0strength\u00a0within\u00a0the\u00a0range\u00a0of\u00a0bigger\u00a0temperature.\u00a0<\/p>\n<p>It\u00a0is\u00a0widely\u00a0used\u00a0in\u00a0the\u00a0construction,\u00a0advertisement,\u00a0decoration,\u00a0traffic\u00a0etc.<\/p>\n<p>\u00a0<img fetchpriority=\"high\" decoding=\"async\" src=\"https:\/\/sc02.alicdn.com\/kf\/H017024a0e2094472a595aeb265fe62e9K\/200162319\/H017024a0e2094472a595aeb265fe62e9K.jpg\" alt=\"luksusa lapene ar UV aizsardz\u012bbu no polikarbon\u0101ta loksnes\" width=\"630\" height=\"630\" data-src=\"\/\/sc02.alicdn.com\/kf\/H017024a0e2094472a595aeb265fe62e9K\/200162319\/H017024a0e2094472a595aeb265fe62e9K.jpg\" data-alt=\"luxury UV protection gazebo made of polycarbonate sheet\" data-width=\"630\" data- title=\"\"><\/p>\n<p><strong>Specifik\u0101cijas:<\/strong><\/p>\n<p>1) Thickness: 1.5mm &#8211; 16mm<br \/>2) Maximum width: 2,100mm<br \/>3) Length: any dimension<br \/>4) Specific gravity: 1200kg\/cb<\/p>\n<p>\u00a0<img decoding=\"async\" src=\"https:\/\/sc01.alicdn.com\/kf\/Ha35eb9523b0743dbbef517c1f6d500b5t\/200162319\/Ha35eb9523b0743dbbef517c1f6d500b5t.jpg\" alt=\"luksusa lapene ar UV aizsardz\u012bbu no polikarbon\u0101ta loksnes\" width=\"630\" height=\"630\" data-src=\"\/\/sc01.alicdn.com\/kf\/Ha35eb9523b0743dbbef517c1f6d500b5t\/200162319\/Ha35eb9523b0743dbbef517c1f6d500b5t.jpg\" data-alt=\"luxury UV protection gazebo made of polycarbonate sheet\" data-width=\"630\" data- title=\"\"><\/p>\n<p>\u00a0<\/p>\n<p><strong>Funkcijas:<\/strong><\/p>\n<p>1. Lieliskas fizisk\u0101s, meh\u0101nisk\u0101s \u012bpa\u0161\u012bbas.<\/p>\n<p>2. Laba elektrisk\u0101, siltuma un ska\u0146as izol\u0101cija.<\/p>\n<p>3. Laba triecieniztur\u012bba un augsta iztur\u012bba.<\/p>\n<p>4. Laba gaismas caurlaid\u012bba.<\/p>\n<p>5. Laba temperat\u016bras iztur\u012bba.<\/p>\n<p>6. Ugunsgr\u0113ka aizkav\u0113\u0161ana.<\/p>\n<p>7. Netoksisks.<\/p>\n<p>8. UV aizsardz\u012bba.<\/p>\n<p>9. L\u0101\u010da noveco\u0161an\u0101s.<\/p>\n<p>\u00a0<\/p>\n\n\n<figure class=\"wp-block-image size-full\"><img decoding=\"async\" width=\"800\" height=\"440\" src=\"https:\/\/www.tononplastics.com\/wp-content\/uploads\/2024\/03\/Hec1893bdf96e4e68954f01c51046919cR.webp\" alt=\"\" class=\"wp-image-16180\" title=\"\" srcset=\"https:\/\/www.tononplastics.com\/wp-content\/uploads\/2024\/03\/Hec1893bdf96e4e68954f01c51046919cR.webp 800w, https:\/\/www.tononplastics.com\/wp-content\/uploads\/2024\/03\/Hec1893bdf96e4e68954f01c51046919cR-300x165.webp 300w, https:\/\/www.tononplastics.com\/wp-content\/uploads\/2024\/03\/Hec1893bdf96e4e68954f01c51046919cR-768x422.webp 768w, https:\/\/www.tononplastics.com\/wp-content\/uploads\/2024\/03\/Hec1893bdf96e4e68954f01c51046919cR-18x10.webp 18w\" sizes=\"(max-width: 800px) 100vw, 800px\" \/><\/figure>","protected":false},"featured_media":15324,"parent":0,"template":"","product-catagories":[177],"product-tag":[],"class_list":["post-15340","product","type-product","status-publish","has-post-thumbnail","hentry","product-catagories-polycarbonate-solid-sheet"],"acf":[],"_links":{"self":[{"href":"https:\/\/www.tononplastics.com\/lv\/wp-json\/wp\/v2\/product\/15340","targetHints":{"allow":["GET"]}}],"collection":[{"href":"https:\/\/www.tononplastics.com\/lv\/wp-json\/wp\/v2\/product"}],"about":[{"href":"https:\/\/www.tononplastics.com\/lv\/wp-json\/wp\/v2\/types\/product"}],"version-history":[{"count":0,"href":"https:\/\/www.tononplastics.com\/lv\/wp-json\/wp\/v2\/product\/15340\/revisions"}],"wp:featuredmedia":[{"embeddable":true,"href":"https:\/\/www.tononplastics.com\/lv\/wp-json\/wp\/v2\/media\/15324"}],"wp:attachment":[{"href":"https:\/\/www.tononplastics.com\/lv\/wp-json\/wp\/v2\/media?parent=15340"}],"wp:term":[{"taxonomy":"product-catagories","embeddable":true,"href":"https:\/\/www.tononplastics.com\/lv\/wp-json\/wp\/v2\/product-catagories?post=15340"},{"taxonomy":"product-tag","embeddable":true,"href":"https:\/\/www.tononplastics.com\/lv\/wp-json\/wp\/v2\/product-tag?post=15340"}],"curies":[{"name":"wp","href":"https:\/\/api.w.org\/{rel}","templated":true}]}}