{"id":15347,"date":"2023-08-23T23:18:30","date_gmt":"2023-08-23T15:18:30","guid":{"rendered":"https:\/\/tononplastics.com\/?post_type=product&#038;p=15347"},"modified":"2024-04-16T12:43:52","modified_gmt":"2024-04-16T04:43:52","slug":"ten-years-guarantee-uv-protected-color-pc-hollow-sheet","status":"publish","type":"product","link":"https:\/\/www.tononplastics.com\/lv\/product\/ten-years-guarantee-uv-protected-color-pc-hollow-sheet\/","title":{"rendered":"Desmit gadu garantija UV aizsarg\u0101ta kr\u0101sa pc dobi loksnes"},"content":{"rendered":"<figure class=\"wp-block-gallery has-nested-images columns-default is-cropped wp-block-gallery-1 is-layout-flex wp-block-gallery-is-layout-flex\">\n<figure class=\"wp-block-image size-full\"><img decoding=\"async\" data-id=\"15257\" src=\"https:\/\/www.tononplastics.com\/wp-content\/uploads\/2023\/08\/\u56fe\u72471-1.png\" alt=\"\" class=\"wp-image-15257\" title=\"\"><\/figure>\n\n\n\n<figure class=\"wp-block-image size-full\"><img decoding=\"async\" data-id=\"15258\" src=\"https:\/\/www.tononplastics.com\/wp-content\/uploads\/2023\/08\/\u56fe\u72471-1-1.png\" alt=\"\" class=\"wp-image-15258\" title=\"\"><\/figure>\n<\/figure>\n\n\n<div id=\"ali-anchor-AliPostDhMb-dt96l\" data-section=\"AliPostDhMb-dt96l\" data-section-title=\"Product Description\">\n<p><span data-spm-anchor-id=\"a2700.details.0.i30.5c4e7fa2ThoF7K\">1) Gaismas caurlaid\u012bba: l\u012bdz 88%<br \/><\/span><span style=\"font-size: revert; color: initial;\">2) triecieniztur\u012bba: 80 reizes liel\u0101ka nek\u0101 stiklam, 15 reizes liel\u0101ka nek\u0101 akrila loksnei.<br \/><\/span><span style=\"color: initial; font-size: revert;\">3) Temperat\u016bras pretest\u012bbas diapazons: -40 ~ 120oC<br \/><\/span><span style=\"color: initial; font-size: revert;\">4) neliels svars: tikai 1\/12 no t\u0101da pa\u0161a biezuma stikla svara.<br \/><\/span><span style=\"font-size: revert; color: initial;\">5) Ultraviolet\u0101 starojuma iztur\u012bba: ar UV aizsargsl\u0101ni<br \/><\/span><span style=\"font-size: revert; color: initial;\">6) Ugunsiztur\u012bba: B1 klase<br \/><\/span><span style=\"font-size: revert; color: initial;\">7) Iztur\u012bba pret ska\u0146u un karstumu<\/span><\/p>\n<\/div>\n<p align=\"left\"><strong>Specifik\u0101cija<br \/><\/strong>1) Platums: 1220 mm - 2100 mm (m\u016bsu regul\u0101r\u0101 specifik\u0101cija)<br \/>2) garums: 20m - 50m (m\u016bsu regul\u0101r\u0101 specifik\u0101cija)<br \/>3) pieejams 4 mm, 5 mm, 6 mm, 7,5 mm, 8 mm, 10 mm, 12 mm, 14 mm, 16 mm, 18 mm.<br \/>4) Kr\u0101sa: dzidra, ezera zila, za\u013ca, zila, zila, op\u0101la, bronzas, pel\u0113ka, sarkana, bronzas (br\u016bna), zili za\u013ca, gai\u0161i za\u013ca, dzidra, melna, dzidra ar reljefu, gai\u0161i reljefa, zila ar reljefu, zila ar reljefu.<br \/>5) piel\u0101gotas kr\u0101sas un izm\u0113ri pieejami p\u0113c piepras\u012bjuma<br \/>6) Iepakojums: abas puses p\u0101rkl\u0101tas ar PE pl\u0113vi\u00a0\u00a0<\/p>\n<p align=\"left\">\u00a0<img fetchpriority=\"high\" decoding=\"async\" src=\"https:\/\/sc01.alicdn.com\/kf\/H32420328557d486eb5370e0cf573cf134\/200162319\/H32420328557d486eb5370e0cf573cf134.jpg\" alt=\"desmit gadu garantija UV aizsarg\u0101ta kr\u0101sa pc dobi loksnes\" width=\"630\" height=\"840\" data-src=\"\/\/sc01.alicdn.com\/kf\/H32420328557d486eb5370e0cf573cf134\/200162319\/H32420328557d486eb5370e0cf573cf134.jpg\" data-alt=\"ten years guarantee UV protected color pc hollow sheet\" data-width=\"630\" data- title=\"\"><img decoding=\"async\" class=\"alignright\" src=\"https:\/\/sc01.alicdn.com\/kf\/H276597fb63bf4e8ebb711e73f1e18dd4h\/200162319\/H276597fb63bf4e8ebb711e73f1e18dd4h.jpg\" alt=\"desmit gadu garantija UV aizsarg\u0101ta kr\u0101sa pc dobi loksnes\" width=\"630\" height=\"427.0323325635104\" data-src=\"\/\/sc01.alicdn.com\/kf\/H276597fb63bf4e8ebb711e73f1e18dd4h\/200162319\/H276597fb63bf4e8ebb711e73f1e18dd4h.jpg\" data-alt=\"ten years guarantee UV protected color pc hollow sheet\" data-width=\"630\" data- title=\"\"><\/p>\n<p align=\"left\">\u00a0<\/p>\n<p align=\"left\"><strong>Pieteikumi:<br \/><\/strong>1) telefona kab\u012bnes<br \/>2) Ce\u013ca z\u012bmes un rekl\u0101mas<br \/>3) Rekl\u0101mas stendi uz lampu kast\u0113m<br \/>4) Apgaismojums un starpsienas bank\u0101m, slimn\u012bc\u0101m un stacij\u0101m<br \/>5) siltumn\u012bcas d\u0101rze\u0146iem, zoolo\u0123iskajiem d\u0101rziem, \u016bdens produktiem<br \/>6) \u0100trce\u013cu ska\u0146as un siltuma izol\u0101cija<\/p>\n<p align=\"left\">7) Instrumentu un kara r\u016bpniec\u012bba - v\u0113jstikli, armijas vairogi.\u00a0<\/p>\n<p align=\"left\">\u00a0<\/p>\n<p align=\"left\">\u00a0<\/p>\n<p align=\"left\">\u00a0<\/p>\n<p align=\"left\"><strong>Projekta gad\u012bjums:<\/strong><\/p>\n<p align=\"left\"><img decoding=\"async\" src=\"https:\/\/sc01.alicdn.com\/kf\/HTB1W4NetXOWBuNjy0Fiq6xFxVXa0\/200162319\/HTB1W4NetXOWBuNjy0Fiq6xFxVXa0.jpg\" alt=\"desmit gadu garantija UV aizsarg\u0101ta kr\u0101sa pc dobi loksnes\" width=\"630\" height=\"429.975\" data-src=\"\/\/sc01.alicdn.com\/kf\/HTB1W4NetXOWBuNjy0Fiq6xFxVXa0\/200162319\/HTB1W4NetXOWBuNjy0Fiq6xFxVXa0.jpg\" data-alt=\"ten years guarantee UV protected color pc hollow sheet\" data-width=\"630\" data- title=\"\"><\/p>\n<div id=\"ali-anchor-AliPostDhMb-0cbwi\" data-section=\"AliPostDhMb-0cbwi\" data-section-title=\"Packaging &amp; Shipping\">\n<div id=\"ali-title-AliPostDhMb-0cbwi\"><strong>Iepakojums un pieg\u0101de<\/strong><\/div>\n<div>\n<p>\u00a0<img decoding=\"async\" src=\"https:\/\/sc01.alicdn.com\/kf\/Hb3bdebb96a2849458ce6dfcbaa19c5d15\/200162319\/Hb3bdebb96a2849458ce6dfcbaa19c5d15.png\" alt=\"desmit gadu garantija UV aizsarg\u0101ta kr\u0101sa pc dobi loksnes\" width=\"630\" height=\"312.9083665338646\" data-src=\"\/\/sc01.alicdn.com\/kf\/Hb3bdebb96a2849458ce6dfcbaa19c5d15\/200162319\/Hb3bdebb96a2849458ce6dfcbaa19c5d15.png\" data-alt=\"ten years guarantee UV protected color pc hollow sheet\" data-width=\"630\" data- title=\"\"><img decoding=\"async\" src=\"https:\/\/sc02.alicdn.com\/kf\/Hd05fdb0988024155a7956963ea5973acD\/200162319\/Hd05fdb0988024155a7956963ea5973acD.png\" alt=\"desmit gadu garantija UV aizsarg\u0101ta kr\u0101sa pc dobi loksnes\" width=\"630\" height=\"474.58885941644564\" data-src=\"\/\/sc02.alicdn.com\/kf\/Hd05fdb0988024155a7956963ea5973acD\/200162319\/Hd05fdb0988024155a7956963ea5973acD.png\" data-alt=\"ten years guarantee UV protected color pc hollow sheet\" data-width=\"630\" data- title=\"\"><img decoding=\"async\" src=\"https:\/\/sc02.alicdn.com\/kf\/H02a52324dc024cdcbaee8c550d0c5b3cR\/200162319\/H02a52324dc024cdcbaee8c550d0c5b3cR.png\" alt=\"desmit gadu garantija UV aizsarg\u0101ta kr\u0101sa pc dobi loksnes\" width=\"630\" height=\"214.7347480106101\" data-src=\"\/\/sc02.alicdn.com\/kf\/H02a52324dc024cdcbaee8c550d0c5b3cR\/200162319\/H02a52324dc024cdcbaee8c550d0c5b3cR.png\" data-alt=\"ten years guarantee UV protected color pc hollow sheet\" data-width=\"630\" data- title=\"\"><\/p>\n<\/div>\n<\/div>","protected":false},"featured_media":16738,"parent":0,"template":"","product-catagories":[178],"product-tag":[],"class_list":["post-15347","product","type-product","status-publish","has-post-thumbnail","hentry","product-catagories-polycarbonate-hollow-sheet"],"acf":[],"_links":{"self":[{"href":"https:\/\/www.tononplastics.com\/lv\/wp-json\/wp\/v2\/product\/15347","targetHints":{"allow":["GET"]}}],"collection":[{"href":"https:\/\/www.tononplastics.com\/lv\/wp-json\/wp\/v2\/product"}],"about":[{"href":"https:\/\/www.tononplastics.com\/lv\/wp-json\/wp\/v2\/types\/product"}],"version-history":[{"count":0,"href":"https:\/\/www.tononplastics.com\/lv\/wp-json\/wp\/v2\/product\/15347\/revisions"}],"wp:featuredmedia":[{"embeddable":true,"href":"https:\/\/www.tononplastics.com\/lv\/wp-json\/wp\/v2\/media\/16738"}],"wp:attachment":[{"href":"https:\/\/www.tononplastics.com\/lv\/wp-json\/wp\/v2\/media?parent=15347"}],"wp:term":[{"taxonomy":"product-catagories","embeddable":true,"href":"https:\/\/www.tononplastics.com\/lv\/wp-json\/wp\/v2\/product-catagories?post=15347"},{"taxonomy":"product-tag","embeddable":true,"href":"https:\/\/www.tononplastics.com\/lv\/wp-json\/wp\/v2\/product-tag?post=15347"}],"curies":[{"name":"wp","href":"https:\/\/api.w.org\/{rel}","templated":true}]}}