{"id":15361,"date":"2023-08-23T23:39:42","date_gmt":"2023-08-23T15:39:42","guid":{"rendered":"https:\/\/tononplastics.com\/?post_type=product&#038;p=15361"},"modified":"2024-03-25T16:56:23","modified_gmt":"2024-03-25T08:56:23","slug":"awning-of-window-and-balcony-awning","status":"publish","type":"product","link":"https:\/\/www.tononplastics.com\/lv\/product\/awning-of-window-and-balcony-awning\/","title":{"rendered":"Logu un balkonu mark\u012bzes"},"content":{"rendered":"<div id=\"ali-anchor-AliPostDhMb-1vs97\" data-section=\"AliPostDhMb-1vs97\" data-section-title=\"Product Description\">\n<div data-spm-anchor-id=\"a2700.details.0.i26.5fee6c5blzsvs3\">\n<p><img fetchpriority=\"high\" decoding=\"async\" class=\"\" src=\"https:\/\/sc02.alicdn.com\/kf\/Had0756212dc14f48b5c605d06ad52305b\/200162319\/Had0756212dc14f48b5c605d06ad52305b.jpg\" alt=\"logu un balkonu mark\u012bzes\" width=\"390\" height=\"390\" data-src=\"\/\/sc02.alicdn.com\/kf\/Had0756212dc14f48b5c605d06ad52305b\/200162319\/Had0756212dc14f48b5c605d06ad52305b.jpg\" data-alt=\"awning of window and balcony awning\" data-width=\"630\" data- title=\"\"><img decoding=\"async\" class=\"\" src=\"https:\/\/sc02.alicdn.com\/kf\/H9f08f5ed02234de4be18cc9d36d18cc91\/200162319\/H9f08f5ed02234de4be18cc9d36d18cc91.jpg\" alt=\"logu un balkonu mark\u012bzes\" width=\"394\" height=\"394\" data-src=\"\/\/sc02.alicdn.com\/kf\/H9f08f5ed02234de4be18cc9d36d18cc91\/200162319\/H9f08f5ed02234de4be18cc9d36d18cc91.jpg\" data-alt=\"awning of window and balcony awning\" data-width=\"630\" data- title=\"\"><\/p>\n<\/div>\n<\/div>\n<p><strong>logu un balkonu mark\u012bzes<\/strong><\/p>\n<p>1.Wind pretest\u012bba,<\/p>\n<p>2.Impact pretest\u012bba<\/p>\n<p>3.Anti-noveco\u0161an\u0101s<\/p>\n<p>4.Anti-korozijas<\/p>\n<p>5.Self-clean ar lietus\u016bdeni<\/p>\n<p>6.Bended dizains trok\u0161\u0146u samazin\u0101\u0161anai, UV filtr\u0101cija, 80% gaismas p\u0101rvade<\/p>\n<p><strong>D<img decoding=\"async\" src=\"https:\/\/sc02.alicdn.com\/kf\/H2c03c96273de4b8aa1b9a0fe70c8a0cfI\/200162319\/H2c03c96273de4b8aa1b9a0fe70c8a0cfI.jpg\" alt=\"logu un balkonu mark\u012bzes\" width=\"630\" height=\"472.08\" data-src=\"\/\/sc02.alicdn.com\/kf\/H2c03c96273de4b8aa1b9a0fe70c8a0cfI\/200162319\/H2c03c96273de4b8aa1b9a0fe70c8a0cfI.jpg\" data-alt=\"awning of window and balcony awning\" data-width=\"630\" data- title=\"\"><img decoding=\"async\" src=\"https:\/\/sc01.alicdn.com\/kf\/H0f5f8a5bcabd473eb3ae74b52b116893r\/200162319\/H0f5f8a5bcabd473eb3ae74b52b116893r.jpg\" alt=\"logu un balkonu mark\u012bzes\" width=\"630\" height=\"429.3692307692308\" data-src=\"\/\/sc01.alicdn.com\/kf\/H0f5f8a5bcabd473eb3ae74b52b116893r\/200162319\/H0f5f8a5bcabd473eb3ae74b52b116893r.jpg\" data-alt=\"awning of window and balcony awning\" data-width=\"630\" data- title=\"\">D<\/strong><\/p>\n<p>1.Sheet: PC ciet\u0101 loksne, PC saules loksne<\/p>\n<p>2.The nojume kron\u0161teins materi\u0101ls: PA + stikla \u0161\u0137iedras mais\u012bjums<\/p>\n<p>3.Savienojo\u0161\u0101s da\u013cas: Alum\u012bnija profils<\/p>\n<p>4.expansion skr\u016bve<\/p>\n<p>5.Dimension:600mm,800mm,1000mm<\/p>\n<p>6.Infinitely palielin\u0101t nojumes balstus un br\u012bvi pagarin\u0101t mont\u0101\u017eai<\/p>\n<p>7.Inovat\u012bv\u0101 mark\u012bze piln\u012bb\u0101 at\u0161\u0137iras no tradicion\u0101laj\u0101m p\u0113c pas\u016bt\u012bjuma izgatavotaj\u0101m metin\u0101taj\u0101m mark\u012bz\u0113m.Mark\u012bze ir vienk\u0101r\u0161a sav\u0101 galvenaj\u0101 strukt\u016br\u0101, kas sast\u0101v no PC loksnes un mark\u012bzes balstiem.T\u0101 k\u0101 t\u0101 ir masveid\u0101 ra\u017eota un atbilst stingram dizaina standartam, mark\u012bze ir konsekventa sav\u0101 super produkta kvalit\u0101t\u0113.<\/p>\n<p>8.Var dro\u0161i pretoties (12. kategorijas) taif\u016bniem<\/p>\n<p>9.Awning ir gatavs pa\u0161tais\u012bt, un to var viegli uzst\u0101d\u012bt m\u0101jas \u012bpa\u0161nieki, kas piln\u012bb\u0101 ietaupa izmaksas un vietu.<\/p>\n<p><strong>r<img decoding=\"async\" src=\"https:\/\/sc01.alicdn.com\/kf\/Hc6401cfcb4334b6db778c359d08238c0l\/200162319\/Hc6401cfcb4334b6db778c359d08238c0l.jpg\" alt=\"logu un balkonu mark\u012bzes\" width=\"630\" height=\"1226.3999999999999\" data-src=\"\/\/sc01.alicdn.com\/kf\/Hc6401cfcb4334b6db778c359d08238c0l\/200162319\/Hc6401cfcb4334b6db778c359d08238c0l.jpg\" data-alt=\"awning of window and balcony awning\" data-width=\"630\" data- title=\"\"><img decoding=\"async\" src=\"https:\/\/sc01.alicdn.com\/kf\/H74247c1d61554ba2a775e9ce59244207e\/200162319\/H74247c1d61554ba2a775e9ce59244207e.jpg\" alt=\"logu un balkonu mark\u012bzes\" width=\"630\" height=\"509.04\" data-src=\"\/\/sc01.alicdn.com\/kf\/H74247c1d61554ba2a775e9ce59244207e\/200162319\/H74247c1d61554ba2a775e9ce59244207e.jpg\" data-alt=\"awning of window and balcony awning\" data-width=\"630\" data- title=\"\"><img decoding=\"async\" src=\"https:\/\/sc02.alicdn.com\/kf\/H02a52324dc024cdcbaee8c550d0c5b3cR\/200162319\/H02a52324dc024cdcbaee8c550d0c5b3cR.png\" alt=\"logu un balkonu mark\u012bzes\" width=\"630\" height=\"214.7347480106101\" data-src=\"\/\/sc02.alicdn.com\/kf\/H02a52324dc024cdcbaee8c550d0c5b3cR\/200162319\/H02a52324dc024cdcbaee8c550d0c5b3cR.png\" data-alt=\"awning of window and balcony awning\" data-width=\"630\" data- title=\"\"><img decoding=\"async\" src=\"https:\/\/sc02.alicdn.com\/kf\/Hd05fdb0988024155a7956963ea5973acD\/200162319\/Hd05fdb0988024155a7956963ea5973acD.png\" alt=\"logu un balkonu mark\u012bzes\" width=\"630\" height=\"474.58885941644564\" data-src=\"\/\/sc02.alicdn.com\/kf\/Hd05fdb0988024155a7956963ea5973acD\/200162319\/Hd05fdb0988024155a7956963ea5973acD.png\" data-alt=\"awning of window and balcony awning\" data-width=\"630\" data- title=\"\"><\/strong><\/p>","protected":false},"featured_media":14364,"parent":0,"template":"","product-catagories":[171],"product-tag":[],"class_list":["post-15361","product","type-product","status-publish","has-post-thumbnail","hentry","product-catagories-awning"],"acf":[],"_links":{"self":[{"href":"https:\/\/www.tononplastics.com\/lv\/wp-json\/wp\/v2\/product\/15361","targetHints":{"allow":["GET"]}}],"collection":[{"href":"https:\/\/www.tononplastics.com\/lv\/wp-json\/wp\/v2\/product"}],"about":[{"href":"https:\/\/www.tononplastics.com\/lv\/wp-json\/wp\/v2\/types\/product"}],"version-history":[{"count":0,"href":"https:\/\/www.tononplastics.com\/lv\/wp-json\/wp\/v2\/product\/15361\/revisions"}],"wp:featuredmedia":[{"embeddable":true,"href":"https:\/\/www.tononplastics.com\/lv\/wp-json\/wp\/v2\/media\/14364"}],"wp:attachment":[{"href":"https:\/\/www.tononplastics.com\/lv\/wp-json\/wp\/v2\/media?parent=15361"}],"wp:term":[{"taxonomy":"product-catagories","embeddable":true,"href":"https:\/\/www.tononplastics.com\/lv\/wp-json\/wp\/v2\/product-catagories?post=15361"},{"taxonomy":"product-tag","embeddable":true,"href":"https:\/\/www.tononplastics.com\/lv\/wp-json\/wp\/v2\/product-tag?post=15361"}],"curies":[{"name":"wp","href":"https:\/\/api.w.org\/{rel}","templated":true}]}}