{"id":15363,"date":"2023-08-23T23:42:08","date_gmt":"2023-08-23T15:42:08","guid":{"rendered":"https:\/\/tononplastics.com\/?post_type=product&#038;p=15363"},"modified":"2024-03-25T14:05:51","modified_gmt":"2024-03-25T06:05:51","slug":"plastic-canopy-polycarbonate-hollow-sheet","status":"publish","type":"product","link":"https:\/\/www.tononplastics.com\/lv\/product\/plastic-canopy-polycarbonate-hollow-sheet\/","title":{"rendered":"Plastmasas nojume Polikarbon\u0101ta dobas loksnes"},"content":{"rendered":"<p><strong>Inform\u0101cija par produktu<br><\/strong>1.Simple un viegla uzst\u0101d\u012b\u0161ana<br>2.100% DIY mark\u012bze. Novel, moderns, sp\u0113c\u012bgs<br>3.UV aizsardz\u012bba<br>4.Composition: d\u0113\u013ci, kron\u0161teini, skr\u016bves, alum\u012bnija stie\u0146i, gumijas sloksnes utt.<br>5.Aericans Mark\u012bze ir izgatavota no kron\u0161teiniem un d\u0113\u013ca, to ir vienk\u0101r\u0161i un viegli uzst\u0101d\u012bt un uztur\u0113t. Kron\u0161teini un piederumi tiek ra\u017eoti masveid\u0101, lai nodro\u0161in\u0101tu kvalit\u0101ti un meistar\u012bbu. Aericans mark\u012bzes izv\u0113las \u012bpa\u0161us materi\u0101lus, lai izstr\u0101d\u0101jumi b\u016btu iztur\u012bgi pret v\u0113ju, antiseptiski, triecieniztur\u012bgi un iztur\u012bgi pret vecumu. Aericans mark\u012bzes ir novatoriskas un modernas, iztur\u012bgas un stipras, un to kalpo\u0161anas laiks ir 8-15 rei\u017eu ilg\u0101ks nek\u0101 parastaj\u0101m mark\u012bz\u0113m. 100% DIY padara to viegli lietojamu a\u0123entam, nav nepiecie\u0161ama darbn\u012bca un str\u0101dnieki, ir nepiecie\u0161ami tikai uzst\u0101d\u012b\u0161anas darbinieki vai iepako\u0161anas cilv\u0113ki, lai samazin\u0101tu izmaksas.<\/p>\n\n\n\n<figure class=\"wp-block-gallery has-nested-images columns-default is-cropped wp-block-gallery-1 is-layout-flex wp-block-gallery-is-layout-flex\">\n<figure class=\"wp-block-image size-large\"><img fetchpriority=\"high\" decoding=\"async\" width=\"1024\" height=\"683\" data-id=\"16246\" src=\"https:\/\/www.tononplastics.com\/wp-content\/uploads\/2023\/08\/H8f0fe05f6ce04a849984d23754bbc891V-1024x683.webp\" alt=\"\" class=\"wp-image-16246\" title=\"\" srcset=\"https:\/\/www.tononplastics.com\/wp-content\/uploads\/2023\/08\/H8f0fe05f6ce04a849984d23754bbc891V-1024x683.webp 1024w, https:\/\/www.tononplastics.com\/wp-content\/uploads\/2023\/08\/H8f0fe05f6ce04a849984d23754bbc891V-300x200.webp 300w, https:\/\/www.tononplastics.com\/wp-content\/uploads\/2023\/08\/H8f0fe05f6ce04a849984d23754bbc891V-768x512.webp 768w, https:\/\/www.tononplastics.com\/wp-content\/uploads\/2023\/08\/H8f0fe05f6ce04a849984d23754bbc891V-1536x1024.webp 1536w, https:\/\/www.tononplastics.com\/wp-content\/uploads\/2023\/08\/H8f0fe05f6ce04a849984d23754bbc891V-18x12.webp 18w, https:\/\/www.tononplastics.com\/wp-content\/uploads\/2023\/08\/H8f0fe05f6ce04a849984d23754bbc891V.webp 1620w\" sizes=\"(max-width: 1024px) 100vw, 1024px\" \/><\/figure>\n\n\n\n<figure class=\"wp-block-image size-large\"><img decoding=\"async\" width=\"1024\" height=\"576\" data-id=\"16248\" src=\"https:\/\/www.tononplastics.com\/wp-content\/uploads\/2023\/08\/Hdb9578162af048c388296e47f7c0f0c9T-1024x576.webp\" alt=\"\" class=\"wp-image-16248\" title=\"\" srcset=\"https:\/\/www.tononplastics.com\/wp-content\/uploads\/2023\/08\/Hdb9578162af048c388296e47f7c0f0c9T-1024x576.webp 1024w, https:\/\/www.tononplastics.com\/wp-content\/uploads\/2023\/08\/Hdb9578162af048c388296e47f7c0f0c9T-300x169.webp 300w, https:\/\/www.tononplastics.com\/wp-content\/uploads\/2023\/08\/Hdb9578162af048c388296e47f7c0f0c9T-768x432.webp 768w, https:\/\/www.tononplastics.com\/wp-content\/uploads\/2023\/08\/Hdb9578162af048c388296e47f7c0f0c9T-1536x864.webp 1536w, https:\/\/www.tononplastics.com\/wp-content\/uploads\/2023\/08\/Hdb9578162af048c388296e47f7c0f0c9T-18x10.webp 18w, https:\/\/www.tononplastics.com\/wp-content\/uploads\/2023\/08\/Hdb9578162af048c388296e47f7c0f0c9T.webp 1920w\" sizes=\"(max-width: 1024px) 100vw, 1024px\" \/><\/figure>\n<\/figure>\n\n\n<p data-spm-anchor-id=\"a2700.details.0.i27.39d5242dDOiEef\">\u00a0<\/p>\n<div id=\"1700020836475\" class=\"cke-navigation\" contenteditable=\"false\">Produkta priek\u0161roc\u012bbas<\/div>\n<p><b>1.Ener\u0123ijas taup\u012b\u0161ana:<\/b><br \/>Atdzes\u0113\u0161ana vasar\u0101, izol\u0101cija ziem\u0101, iztur\u012bbas pl\u0101ksnei ir zem\u0101ka siltumvad\u012btsp\u0113ja (K v\u0113rt\u012bba) nek\u0101 parastajam stiklam un citiem plastmasas materi\u0101liem, siltumizol\u0101cijas efekts ir 7%-25% liel\u0101ks nek\u0101 tam pa\u0161am stiklam, un iztur\u012bbas pl\u0101ksnes siltumizol\u0101cija ir l\u012bdz pat 49%.<br \/>T\u0101d\u0113j\u0101di siltuma zudumi ir iev\u0113rojami samazin\u0101ti, un to izmanto \u0113k\u0101s ar apkures iek\u0101rt\u0101m, kas ir videi draudz\u012bgs materi\u0101ls.<br \/><br \/><b>2. Ska\u0146as izol\u0101cija:<\/b><br \/>Iztur\u012bg\u0101s pl\u0101ksnes ska\u0146as izol\u0101cijas efekts ir ac\u012bmredzams, un iztur\u012bg\u0101s pl\u0101ksnes ska\u0146as izol\u0101cija ir lab\u0101ka nek\u0101 stikla un t\u0101da pa\u0161a biezuma apak\u0161iztur\u012bg\u0101s pl\u0101ksnes ska\u0146as izol\u0101cija, un iztur\u012bg\u0101s pl\u0101ksnes ska\u0146as izol\u0101cija ir par 5-9 dB augst\u0101ka nek\u0101 stikla ska\u0146as izol\u0101cija pie t\u0101da pa\u0161a biezuma nosac\u012bjumiem.<br \/>Starptautiski tas ir iecien\u012bt\u0101kais materi\u0101ls automa\u0123istr\u0101\u013cu trok\u0161\u0146a barjer\u0101m.<br \/><br \/><b>3. Piel\u0101gojam\u012bba temperat\u016brai:<\/b><br \/>PC loksnes nav aukstas un trauslas -40\u00baC temperat\u016br\u0101, nem\u012bkst 125\u00baC temperat\u016br\u0101, un to meh\u0101nika un meh\u0101nisk\u0101s \u012bpa\u0161\u012bbas skarb\u0101 vid\u0113 b\u016btiski nemain\u0101s.<br \/><br \/><b>4. Ugunsdro\u0161s:<\/b><br \/>Valsts standarts GB50222-95 apstiprina, ka iztur\u012bbas pl\u0101ksne ir ugunsiztur\u012bgs l\u012bmenis, tas ir, B1 l\u012bmenis.<br \/>Pa\u0161as datora plates deg\u0161anas temperat\u016bra ir 580 \u00b0 C, un p\u0113c ugunsgr\u0113ka t\u0101 pati nodziest, deg\u0161anas laik\u0101 nerada toksiskas g\u0101zes un neveicina uguns izplat\u012b\u0161anos.<br \/><br \/><b>5. UV aizsardz\u012bba:<\/b><br \/>Viena PC loksnes puse ir ekstrud\u0113ta ar p\u0101rkl\u0101jumu pret ultravioleto starojumu (UV), bet otrai pusei ir pretkondens\u0101cijas apstr\u0101de, kas apvieno pret ultravioleto starojumu, siltuma izol\u0101ciju un pret miglo\u0161anos.<br \/>T\u0101 var blo\u0137\u0113t ultravioleto staru pl\u016bsmu un ir piem\u0113rota v\u0113rt\u012bgu m\u0101kslas darbu un ekspon\u0101tu aizsardz\u012bbai pret ultravioletajiem stariem.<\/p>\n\n\n<figure class=\"wp-block-image size-full is-resized\"><img decoding=\"async\" width=\"1640\" height=\"1000\" src=\"https:\/\/www.tononplastics.com\/wp-content\/uploads\/2024\/03\/16995219633519-1.png\" alt=\"\" class=\"wp-image-16266\" style=\"width:1021px;height:auto\" title=\"\" srcset=\"https:\/\/www.tononplastics.com\/wp-content\/uploads\/2024\/03\/16995219633519-1.png 1640w, https:\/\/www.tononplastics.com\/wp-content\/uploads\/2024\/03\/16995219633519-1-300x183.png 300w, https:\/\/www.tononplastics.com\/wp-content\/uploads\/2024\/03\/16995219633519-1-1024x624.png 1024w, https:\/\/www.tononplastics.com\/wp-content\/uploads\/2024\/03\/16995219633519-1-768x468.png 768w, https:\/\/www.tononplastics.com\/wp-content\/uploads\/2024\/03\/16995219633519-1-1536x937.png 1536w, https:\/\/www.tononplastics.com\/wp-content\/uploads\/2024\/03\/16995219633519-1-18x12.png 18w\" sizes=\"(max-width: 1640px) 100vw, 1640px\" \/><\/figure>","protected":false},"featured_media":14365,"parent":0,"template":"","product-catagories":[171],"product-tag":[],"class_list":["post-15363","product","type-product","status-publish","has-post-thumbnail","hentry","product-catagories-awning"],"acf":[],"_links":{"self":[{"href":"https:\/\/www.tononplastics.com\/lv\/wp-json\/wp\/v2\/product\/15363","targetHints":{"allow":["GET"]}}],"collection":[{"href":"https:\/\/www.tononplastics.com\/lv\/wp-json\/wp\/v2\/product"}],"about":[{"href":"https:\/\/www.tononplastics.com\/lv\/wp-json\/wp\/v2\/types\/product"}],"version-history":[{"count":0,"href":"https:\/\/www.tononplastics.com\/lv\/wp-json\/wp\/v2\/product\/15363\/revisions"}],"wp:featuredmedia":[{"embeddable":true,"href":"https:\/\/www.tononplastics.com\/lv\/wp-json\/wp\/v2\/media\/14365"}],"wp:attachment":[{"href":"https:\/\/www.tononplastics.com\/lv\/wp-json\/wp\/v2\/media?parent=15363"}],"wp:term":[{"taxonomy":"product-catagories","embeddable":true,"href":"https:\/\/www.tononplastics.com\/lv\/wp-json\/wp\/v2\/product-catagories?post=15363"},{"taxonomy":"product-tag","embeddable":true,"href":"https:\/\/www.tononplastics.com\/lv\/wp-json\/wp\/v2\/product-tag?post=15363"}],"curies":[{"name":"wp","href":"https:\/\/api.w.org\/{rel}","templated":true}]}}