{"id":15368,"date":"2023-08-23T23:45:00","date_gmt":"2023-08-23T15:45:00","guid":{"rendered":"https:\/\/tononplastics.com\/?post_type=product&#038;p=15368"},"modified":"2024-03-25T16:22:05","modified_gmt":"2024-03-25T08:22:05","slug":"new-design-polycarbonate-door-window-canopy-awning","status":"publish","type":"product","link":"https:\/\/www.tononplastics.com\/lv\/product\/new-design-polycarbonate-door-window-canopy-awning\/","title":{"rendered":"Jauna dizaina polikarbon\u0101ta durvju\/logu nojume\/uzkarna"},"content":{"rendered":"<p><img fetchpriority=\"high\" decoding=\"async\" class=\"\" src=\"https:\/\/sc01.alicdn.com\/kf\/H20a02196cfb340048c4caf666c9002d0j\/200162319\/H20a02196cfb340048c4caf666c9002d0j.jpg\" alt=\"jauna dizaina polikarbon\u0101ta durvju\/logu nojume\/aizsegs\" width=\"368\" height=\"368\" data-src=\"\/\/sc01.alicdn.com\/kf\/H20a02196cfb340048c4caf666c9002d0j\/200162319\/H20a02196cfb340048c4caf666c9002d0j.jpg\" data-alt=\"new design polycarbonate door\/window canopy\/awning\" data-width=\"630\" data- title=\"\"><img decoding=\"async\" class=\"\" src=\"https:\/\/sc02.alicdn.com\/kf\/Had0756212dc14f48b5c605d06ad52305b\/200162319\/Had0756212dc14f48b5c605d06ad52305b.jpg\" alt=\"jauna dizaina polikarbon\u0101ta durvju\/logu nojume\/aizsegs\" width=\"440\" height=\"440\" data-src=\"\/\/sc02.alicdn.com\/kf\/Had0756212dc14f48b5c605d06ad52305b\/200162319\/Had0756212dc14f48b5c605d06ad52305b.jpg\" data-alt=\"new design polycarbonate door\/window canopy\/awning\" data-width=\"630\" data- title=\"\"><\/p>\n<div id=\"ali-anchor-AliPostDhMb-lecmt\" data-section=\"AliPostDhMb-lecmt\" data-section-title=\"Company Information\">\n<div id=\"ali-title-AliPostDhMb-lecmt\"><strong>Inform\u0101cija par uz\u0146\u0113mumu<\/strong><\/div>\n<\/div>\n<p>V\u0113ja pretest\u012bba, triecieniztur\u012bba, pretnoveco\u0161an\u0101s, pretkorozijas, lietus \u016bdens pa\u0161att\u012br\u012b\u0161an\u0101s<br \/>\nIzliekta konstrukcija trok\u0161\u0146u samazin\u0101\u0161anai, UV filtr\u0101cija, 80% gaismas caurlaid\u012bba<br \/>\nLoksne: PC ciet\u0101 loksne, PC saules loksne<br \/>\nNojumes atbalsta tekst\u016bra: PP-\u0161\u0137iedras stikla \u0161\u0137iedras mais\u012bjums<br \/>\nSavienojo\u0161\u0101s da\u013cas: Alum\u012bnija profils<br \/>\nPiederumi: izple\u0161an\u0101s bultskr\u016bve<br \/>\nDimension:600mm,800mm,1000mm,1200mm<\/p>\n<p><img decoding=\"async\" src=\"https:\/\/sc01.alicdn.com\/kf\/H38df55f61e554b68a224c2cff374b41eH\/200162319\/H38df55f61e554b68a224c2cff374b41eH.jpg\" alt=\"jauna dizaina polikarbon\u0101ta durvju\/logu nojume\/aizsegs\" width=\"630\" height=\"420.2470588235294\" data-src=\"\/\/sc01.alicdn.com\/kf\/H38df55f61e554b68a224c2cff374b41eH\/200162319\/H38df55f61e554b68a224c2cff374b41eH.jpg\" data-alt=\"new design polycarbonate door\/window canopy\/awning\" data-width=\"630\" data- title=\"\"><\/p>\n<p><img decoding=\"async\" src=\"https:\/\/sc02.alicdn.com\/kf\/H25d3618d18cc468daa6fdee7e961c2235\/200162319\/H25d3618d18cc468daa6fdee7e961c2235.jpg\" alt=\"jauna dizaina polikarbon\u0101ta durvju\/logu nojume\/aizsegs\" width=\"630\" height=\"404.5484949832776\" data-src=\"\/\/sc02.alicdn.com\/kf\/H25d3618d18cc468daa6fdee7e961c2235\/200162319\/H25d3618d18cc468daa6fdee7e961c2235.jpg\" data-alt=\"new design polycarbonate door\/window canopy\/awning\" data-width=\"630\" data- title=\"\"><\/p>\n<div id=\"ali-anchor-AliPostDhMb-y0k2t\" data-section=\"AliPostDhMb-y0k2t\" data-section-title=\"Product Description\">\n<div id=\"ali-title-AliPostDhMb-y0k2t\"><strong>Produkta apraksts<\/strong><\/div>\n<\/div>\n<p>* Viegla uzst\u0101d\u012b\u0161ana, piem\u0113rots DIY tirgum;<br \/>\n*12 klases iztur\u012bba pret taif\u016bniem;<br \/>\n*99% UV aizsardz\u012bba ab\u0101s pus\u0113s;<br \/>\n* Iztur\u012bba pret triecieniem;<br \/>\n*Anti-dzelt\u0113\u0161anas un noveco\u0161an\u0101s iztur\u012bba;<br \/>\n*\u0136\u012bmisk\u0101 iztur\u012bba;<br \/>\n*Aiztur\u012bba pret zem\u0101m temperat\u016br\u0101m un antipir\u0113na iztur\u012bba;<br \/>\n*Dro\u0161\u012bbas apdro\u0161in\u0101\u0161ana ar kvalifik\u0101ciju saska\u0146\u0101 ar 376 stingriem testiem (pieejami CE, TUV un ISO sertifik\u0101ti);<br \/>\n* Videi draudz\u012bgs.<\/p>\n<p><strong><em>R\u016bpn\u012bcas inform\u0101cija<br \/>\n<\/em><\/strong>1. Galvenie produkti: polikarbon\u0101ta ciet\u0101 loksne, rombveida loksne, mat\u0113ta loksne, saules loksne, jumti\u0146\u0161, polikarbon\u0101ta profils H &amp; U......<\/p>\n<p>2. tirgus: Zieme\u013camerika<br \/>\nDienvidamerika<br \/>\nAustrumeiropa<br \/>\nDienvidaustrum\u0101zija<br \/>\n\u0100frika<br \/>\nOke\u0101nija<br \/>\nVid\u0113jie Austrumi<br \/>\nAustrum\u0101zija<\/p>\n<p><img decoding=\"async\" src=\"https:\/\/sc01.alicdn.com\/kf\/HTB1Zj.KsVmWBuNjSspdq6zugXXa2\/200162319\/HTB1Zj.KsVmWBuNjSspdq6zugXXa2.jpg\" alt=\"jauna dizaina polikarbon\u0101ta durvju\/logu nojume\/aizsegs\" width=\"630\" height=\"863.013698630137\" data-src=\"\/\/sc01.alicdn.com\/kf\/HTB1Zj.KsVmWBuNjSspdq6zugXXa2\/200162319\/HTB1Zj.KsVmWBuNjSspdq6zugXXa2.jpg\" data-alt=\"new design polycarbonate door\/window canopy\/awning\" data-width=\"630\" data- title=\"\"><\/p>\n<div id=\"ali-anchor-AliPostDhMb-702t7\" data-section=\"AliPostDhMb-702t7\" data-section-title=\"FAQ\">\n<div id=\"ali-title-AliPostDhMb-702t7\"><strong>BIE\u017d\u0100K UZDOTIE JAUT\u0100JUMI<\/strong><\/div>\n<div>\n<table border=\"0\" cellspacing=\"0\" cellpadding=\"0\">\n<tbody>\n<tr>\n<td colspan=\"4\" height=\"20\">1.Q: Vai j\u016bs esat tirdzniec\u012bbas uz\u0146\u0113mums vai ra\u017eot\u0101js?<\/td>\n<\/tr>\n<tr>\n<td colspan=\"3\" height=\"20\">A: M\u0113s esam ra\u017eot\u0101js.<\/td>\n<td><\/td>\n<\/tr>\n<tr>\n<td colspan=\"4\" height=\"20\">2.Q: Cik ilgs ir j\u016bsu pieg\u0101des laiks?<\/td>\n<\/tr>\n<tr>\n<td colspan=\"4\" height=\"20\">A: Atbilsto\u0161i produkta apstr\u0101des sare\u017e\u0123\u012bt\u012bbai un daudzumam jums tiks dots sapr\u0101t\u012bgs iera\u0161an\u0101s laiks.<\/td>\n<\/tr>\n<tr>\n<td colspan=\"4\" height=\"20\">3.Q: Vai j\u016bs sniedzat paraugus? vai tas ir bezmaksas vai papildus?<\/td>\n<\/tr>\n<tr>\n<td colspan=\"4\" height=\"20\">A: J\u0101, m\u0113s var\u0113tu pied\u0101v\u0101t paraugu bez maksas, bet nemaks\u0101 kravas izmaksas.<\/td>\n<\/tr>\n<tr>\n<td colspan=\"4\" height=\"20\">4.Q: K\u0101di ir p\u0113cp\u0101rdo\u0161anas pakalpojumi?<\/td>\n<\/tr>\n<tr>\n<td colspan=\"4\" height=\"20\">A: Ja rodas kvalit\u0101tes probl\u0113mas, iepakojumu var apmain\u012bt 90 dienu laik\u0101.<\/td>\n<\/tr>\n<\/tbody>\n<\/table>\n<\/div>\n<\/div>","protected":false},"featured_media":15367,"parent":0,"template":"","product-catagories":[171],"product-tag":[],"class_list":["post-15368","product","type-product","status-publish","has-post-thumbnail","hentry","product-catagories-awning"],"acf":[],"_links":{"self":[{"href":"https:\/\/www.tononplastics.com\/lv\/wp-json\/wp\/v2\/product\/15368","targetHints":{"allow":["GET"]}}],"collection":[{"href":"https:\/\/www.tononplastics.com\/lv\/wp-json\/wp\/v2\/product"}],"about":[{"href":"https:\/\/www.tononplastics.com\/lv\/wp-json\/wp\/v2\/types\/product"}],"version-history":[{"count":0,"href":"https:\/\/www.tononplastics.com\/lv\/wp-json\/wp\/v2\/product\/15368\/revisions"}],"wp:featuredmedia":[{"embeddable":true,"href":"https:\/\/www.tononplastics.com\/lv\/wp-json\/wp\/v2\/media\/15367"}],"wp:attachment":[{"href":"https:\/\/www.tononplastics.com\/lv\/wp-json\/wp\/v2\/media?parent=15368"}],"wp:term":[{"taxonomy":"product-catagories","embeddable":true,"href":"https:\/\/www.tononplastics.com\/lv\/wp-json\/wp\/v2\/product-catagories?post=15368"},{"taxonomy":"product-tag","embeddable":true,"href":"https:\/\/www.tononplastics.com\/lv\/wp-json\/wp\/v2\/product-tag?post=15368"}],"curies":[{"name":"wp","href":"https:\/\/api.w.org\/{rel}","templated":true}]}}