{"id":15370,"date":"2023-08-23T23:46:36","date_gmt":"2023-08-23T15:46:36","guid":{"rendered":"https:\/\/tononplastics.com\/?post_type=product&#038;p=15370"},"modified":"2024-03-25T12:23:25","modified_gmt":"2024-03-25T04:23:25","slug":"polycarbonate-sheet-waterproof-window-canopy-awning-aluminum-window-canopy","status":"publish","type":"product","link":"https:\/\/www.tononplastics.com\/lv\/product\/polycarbonate-sheet-waterproof-window-canopy-awning-aluminum-window-canopy\/","title":{"rendered":"Polikarbon\u0101ta loksnes \u016bdensnecaurlaid\u012bgs logu nojume &amp; mark\u012bzes alum\u012bnija logu nojume"},"content":{"rendered":"<p>V\u0113ja pretest\u012bba, triecieniztur\u012bba, pretnoveco\u0161an\u0101s, pretkorozijas, lietus \u016bdens pa\u0161att\u012br\u012b\u0161an\u0101s<br \/>\nIzliekta konstrukcija trok\u0161\u0146u samazin\u0101\u0161anai, UV filtr\u0101cija, 80% gaismas caurlaid\u012bba<br \/>\nLoksne: PC ciet\u0101 loksne, PC saules loksne<br \/>\nNojumes atbalsta tekst\u016bra: PP-\u0161\u0137iedras stikla \u0161\u0137iedras mais\u012bjums<br \/>\nSavienojo\u0161\u0101s da\u013cas: Alum\u012bnija profils<br \/>\nPiederumi: izple\u0161an\u0101s bultskr\u016bve<br \/>\nDimension:600mm,800mm,1000mm,1200mm<\/p>\n<p><img decoding=\"async\" src=\"https:\/\/sc01.alicdn.com\/kf\/H2d98bb868b2d4385b8957b7b46c19741H\/200162319\/H2d98bb868b2d4385b8957b7b46c19741H.png\" alt=\"polycarbonate sheet waterproof window canopy &amp; awning aluminum window canopy\" width=\"630\" height=\"330.7038123167155\" data-src=\"\/\/sc01.alicdn.com\/kf\/H2d98bb868b2d4385b8957b7b46c19741H\/200162319\/H2d98bb868b2d4385b8957b7b46c19741H.png\" data-alt=\"polycarbonate sheet waterproof window canopy &amp; awning aluminum window canopy\" data-width=\"630\" data- title=\"\"><img decoding=\"async\" src=\"https:\/\/sc01.alicdn.com\/kf\/H145c9c7432d4497e82ab7af0f96fa1d5d\/200162319\/H145c9c7432d4497e82ab7af0f96fa1d5d.png\" alt=\"polycarbonate sheet waterproof window canopy &amp; awning aluminum window canopy\" width=\"630\" height=\"441.5308988764045\" data-src=\"\/\/sc01.alicdn.com\/kf\/H145c9c7432d4497e82ab7af0f96fa1d5d\/200162319\/H145c9c7432d4497e82ab7af0f96fa1d5d.png\" data-alt=\"polycarbonate sheet waterproof window canopy &amp; awning aluminum window canopy\" data-width=\"630\" data- title=\"\"><\/p>\n<p>The\u00a0merits\u00a0of\u00a0our\u00a0products\u00a0as\u00a0follows:<br \/>\n* Viegla uzst\u0101d\u012b\u0161ana, piem\u0113rots DIY tirgum;<br \/>\n*12 klases iztur\u012bba pret taif\u016bniem;<br \/>\n*99% UV aizsardz\u012bba ab\u0101s pus\u0113s;<br \/>\n* Iztur\u012bba pret triecieniem;<br \/>\n*Anti-dzelt\u0113\u0161anas un noveco\u0161an\u0101s iztur\u012bba;<br \/>\n*\u0136\u012bmisk\u0101 iztur\u012bba;<br \/>\n*Aiztur\u012bba pret zem\u0101m temperat\u016br\u0101m un antipir\u0113na iztur\u012bba;<br \/>\n*Dro\u0161\u012bbas apdro\u0161in\u0101\u0161ana ar kvalifik\u0101ciju saska\u0146\u0101 ar 376 stingriem testiem (pieejami CE, TUV un ISO sertifik\u0101ti);<br \/>\n* Videi draudz\u012bgs.<\/p>\n<p>China Nature\u00a0awning\u00a0&amp;\u00a0canopy\u00a0can\u00a0be\u00a0installed\u00a0to\u00a0the\u00a0windows\u00a0or\u00a0doors\u00a0to\u00a0provide\u00a0protection\u00a0from\u00a0bad\u00a0weather\u00a0and\u00a0saving\u00a0energy.<\/p>\n<p><img fetchpriority=\"high\" decoding=\"async\" src=\"https:\/\/sc01.alicdn.com\/kf\/H3f7c937cb4ef463386c7fb3295c98cfdu\/200162319\/H3f7c937cb4ef463386c7fb3295c98cfdu.jpg\" alt=\"polycarbonate sheet waterproof window canopy &amp; awning aluminum window canopy\" width=\"630\" height=\"630\" data-src=\"\/\/sc01.alicdn.com\/kf\/H3f7c937cb4ef463386c7fb3295c98cfdu\/200162319\/H3f7c937cb4ef463386c7fb3295c98cfdu.jpg\" data-alt=\"polycarbonate sheet waterproof window canopy &amp; awning aluminum window canopy\" data-width=\"630\" data- title=\"\"><\/p>\n<p><strong>Application of Polycarbonate awning:<br \/>\n<\/strong><span style=\"font-size: revert; color: initial;\">Awing outside the window and the door ;<br \/>\n<\/span><span style=\"font-size: revert; color: initial;\">Canopy on top of Air conditioning.<br \/>\n<\/span><span style=\"font-size: revert; color: initial;\">Bicycle pedestrian passageway .<\/span><\/p>\n<div id=\"ali-anchor-AliPostDhMb-ocf1v\" data-section=\"AliPostDhMb-ocf1v\" data-section-title=\"Packaging &amp; Shipping\">\n<div id=\"ali-title-AliPostDhMb-ocf1v\"><strong>Iepakojums un pieg\u0101de<\/strong><\/div>\n<div>\n<p>\u00a0<img decoding=\"async\" src=\"https:\/\/sc02.alicdn.com\/kf\/H02a52324dc024cdcbaee8c550d0c5b3cR\/200162319\/H02a52324dc024cdcbaee8c550d0c5b3cR.png\" alt=\"polycarbonate sheet waterproof window canopy &amp; awning aluminum window canopy\" width=\"630\" height=\"214.7347480106101\" data-src=\"\/\/sc02.alicdn.com\/kf\/H02a52324dc024cdcbaee8c550d0c5b3cR\/200162319\/H02a52324dc024cdcbaee8c550d0c5b3cR.png\" data-alt=\"polycarbonate sheet waterproof window canopy &amp; awning aluminum window canopy\" data-width=\"630\" data- title=\"\"><img decoding=\"async\" src=\"https:\/\/sc02.alicdn.com\/kf\/Hd05fdb0988024155a7956963ea5973acD\/200162319\/Hd05fdb0988024155a7956963ea5973acD.png\" alt=\"polycarbonate sheet waterproof window canopy &amp; awning aluminum window canopy\" width=\"630\" height=\"474.58885941644564\" data-src=\"\/\/sc02.alicdn.com\/kf\/Hd05fdb0988024155a7956963ea5973acD\/200162319\/Hd05fdb0988024155a7956963ea5973acD.png\" data-alt=\"polycarbonate sheet waterproof window canopy &amp; awning aluminum window canopy\" data-width=\"630\" data- title=\"\"><\/p>\n<\/div>\n<\/div>\n<div id=\"ali-anchor-AliPostDhMb-44gc5\" data-section=\"AliPostDhMb-44gc5\" data-section-title=\"Company Information\">\n<div><\/div>\n<\/div>\n<div id=\"ali-anchor-AliPostDhMb-3shm5\" data-section=\"AliPostDhMb-3shm5\" data-section-title=\"FAQ\">\n<div id=\"ali-title-AliPostDhMb-3shm5\"><\/div>\n<\/div>","protected":false},"featured_media":15124,"parent":0,"template":"","product-catagories":[171],"product-tag":[],"class_list":["post-15370","product","type-product","status-publish","has-post-thumbnail","hentry","product-catagories-awning"],"acf":[],"_links":{"self":[{"href":"https:\/\/www.tononplastics.com\/lv\/wp-json\/wp\/v2\/product\/15370","targetHints":{"allow":["GET"]}}],"collection":[{"href":"https:\/\/www.tononplastics.com\/lv\/wp-json\/wp\/v2\/product"}],"about":[{"href":"https:\/\/www.tononplastics.com\/lv\/wp-json\/wp\/v2\/types\/product"}],"version-history":[{"count":0,"href":"https:\/\/www.tononplastics.com\/lv\/wp-json\/wp\/v2\/product\/15370\/revisions"}],"wp:featuredmedia":[{"embeddable":true,"href":"https:\/\/www.tononplastics.com\/lv\/wp-json\/wp\/v2\/media\/15124"}],"wp:attachment":[{"href":"https:\/\/www.tononplastics.com\/lv\/wp-json\/wp\/v2\/media?parent=15370"}],"wp:term":[{"taxonomy":"product-catagories","embeddable":true,"href":"https:\/\/www.tononplastics.com\/lv\/wp-json\/wp\/v2\/product-catagories?post=15370"},{"taxonomy":"product-tag","embeddable":true,"href":"https:\/\/www.tononplastics.com\/lv\/wp-json\/wp\/v2\/product-tag?post=15370"}],"curies":[{"name":"wp","href":"https:\/\/api.w.org\/{rel}","templated":true}]}}