{"id":15378,"date":"2023-08-23T23:47:42","date_gmt":"2023-08-23T15:47:42","guid":{"rendered":"https:\/\/tononplastics.com\/?post_type=product&#038;p=15378"},"modified":"2024-03-25T14:43:28","modified_gmt":"2024-03-25T06:43:28","slug":"factory-direct-sale-polycarbonate-awning-pc-canopy-aluminium-plastic-bracket","status":"publish","type":"product","link":"https:\/\/www.tononplastics.com\/lv\/product\/factory-direct-sale-polycarbonate-awning-pc-canopy-aluminium-plastic-bracket\/","title":{"rendered":"R\u016bpn\u012bcas tie\u0161\u0101 p\u0101rdo\u0161ana polikarbon\u0101ta nojume PC nojume alum\u012bnija plastmasas kron\u0161teins"},"content":{"rendered":"<p><img fetchpriority=\"high\" decoding=\"async\" class=\"\" src=\"https:\/\/sc02.alicdn.com\/kf\/Hab2ac95f2ca34cec9459c4b7915aac1ef\/200162319\/Hab2ac95f2ca34cec9459c4b7915aac1ef.png\" alt=\"r\u016bpn\u012bcas tie\u0161\u0101 p\u0101rdo\u0161ana polikarbon\u0101ta nojume PC nojume alum\u012bnija plastmasas kron\u0161teins\" width=\"334\" height=\"269\" data-src=\"\/\/sc02.alicdn.com\/kf\/Hab2ac95f2ca34cec9459c4b7915aac1ef\/200162319\/Hab2ac95f2ca34cec9459c4b7915aac1ef.png\" data-alt=\"factory direct sale polycarbonate awning PC canopy aluminium plastic bracket\" data-width=\"630\" data- title=\"\"><img decoding=\"async\" class=\"\" src=\"https:\/\/sc01.alicdn.com\/kf\/H2f4db787a3b343c8b287bd745f006630r\/200162319\/H2f4db787a3b343c8b287bd745f006630r.png\" alt=\"r\u016bpn\u012bcas tie\u0161\u0101 p\u0101rdo\u0161ana polikarbon\u0101ta nojume PC nojume alum\u012bnija plastmasas kron\u0161teins\" width=\"502\" height=\"288\" data-src=\"\/\/sc01.alicdn.com\/kf\/H2f4db787a3b343c8b287bd745f006630r\/200162319\/H2f4db787a3b343c8b287bd745f006630r.png\" data-alt=\"factory direct sale polycarbonate awning PC canopy aluminium plastic bracket\" data-width=\"630\" data- title=\"\"><\/p>\n<div id=\"ali-anchor-AliPostDhMb-stcmy\" data-section=\"AliPostDhMb-stcmy\" data-section-title=\"Product Description\">\n<div id=\"ali-title-AliPostDhMb-stcmy\"><strong>Produkta apraksts<\/strong><\/div>\n<\/div>\n<p>1.Novel dizains 100 cm alum\u012bnija sakaus\u0113juma<br \/>\n2.Easy mont\u0101\u017ea un uzst\u0101d\u012b\u0161ana<br \/>\n3.Weather iztur\u012bgs<br \/>\n4. Zemu uztur\u0113\u0161anas l\u012bmeni<\/p>\n<div>\n<p><strong>polikarbon\u0101ta Alum\u012bnija nojume\/uzkarns<\/strong><br \/>\n1. 1000X1200 mm<br \/>\n2. 2010Gads Jauns un novatorisks dizains<br \/>\n3,20 gadi ar garantiju<br \/>\n4. Vienk\u0101r\u0161i uzst\u0101d\u012bts<br \/>\nM\u016bsdien\u0101s tirg\u016b pieejamais tent\u0113\u0161anas materi\u0101ls joproj\u0101m nav tik iztur\u012bgs, jo \u012bpa\u0161i sliktos laikapst\u0101k\u013cos.  Tentu ar auduma p\u0101rkl\u0101jumu nevar iztur\u0113t sp\u0113c\u012bgu v\u0113ju, savuk\u0101rt akrils var viegli sal\u016bzt. Bet sp\u0113c\u012bg\u0101k\u0101 ner\u016bs\u0113jo\u0161\u0101 mark\u012bze lietus laik\u0101 rada lielu troksni.<\/p>\n<p>Polikarbon\u0101ta mark\u012bzes var lieliski atrisin\u0101t \u0161o probl\u0113mu. T\u0101 ir samont\u0113ta no elast\u012bga sakaus\u0113juma plastmasas kron\u0161teina un polikarbon\u0101ta loksnes. \u0160is jaunais dizains ir vienk\u0101r\u0161s, bet tas maina tradicion\u0101lo veidu, k\u0101 piel\u0101got nestandarta mark\u012bzi un metin\u0101t t\u0113rauda r\u0101mi.<\/p>\n<p>Polikarbon\u0101ta mark\u012bze ir jauna dizaina, iztur\u012bga un iztur\u012bga.  To var uzst\u0101d\u012bt virs durv\u012bm, loga, gaisa kondicioniera, bankom\u0101ta, pastkast\u012btes \u0101rpus telp\u0101m utt., lai pasarg\u0101tu no saules un v\u0113tras. Visas mont\u0101\u017eas da\u013cas tiek ra\u017eotas ma\u0161\u012bn\u0101s ar nemain\u012bgu kvalit\u0101ti. T\u0101s necaurlaid\u012bbu var p\u0101rbaud\u012bt ar 4,5 kg t\u0113rauda lod\u012btes triecienu, un t\u0101s pretnoveco\u0161an\u0101s testu veic pa\u0101trin\u0101t\u0101 noveco\u0161anas test\u0101, kas liecina par 15 gadu kalpo\u0161anas laiku, to lietojot \u0101rpus telp\u0101m - 8-15 rei\u017eu k\u0101 parasto mark\u012bzi. Turkl\u0101t t\u0101 ir aizsarg\u0101ta pret UV starojumu un sp\u0113j iztur\u0113t taif\u016bnu 12.  \u0160\u012b s\u0113rija ir aizsarg\u0101ta ar patentu un garant\u0113 stabilu kvalit\u0101ti.<\/p>\n<p><img decoding=\"async\" src=\"https:\/\/sc01.alicdn.com\/kf\/H0ae698f80b9840449576927fcabf54feZ\/200162319\/H0ae698f80b9840449576927fcabf54feZ.jpg\" alt=\"r\u016bpn\u012bcas tie\u0161\u0101 p\u0101rdo\u0161ana polikarbon\u0101ta nojume PC nojume alum\u012bnija plastmasas kron\u0161teins\" width=\"630\" height=\"662.76\" data-src=\"\/\/sc01.alicdn.com\/kf\/H0ae698f80b9840449576927fcabf54feZ\/200162319\/H0ae698f80b9840449576927fcabf54feZ.jpg\" data-alt=\"factory direct sale polycarbonate awning PC canopy aluminium plastic bracket\" data-width=\"630\" data- title=\"\"><\/p>\n<p><img decoding=\"async\" src=\"https:\/\/sc01.alicdn.com\/kf\/H2f4db787a3b343c8b287bd745f006630r\/200162319\/H2f4db787a3b343c8b287bd745f006630r.png\" alt=\"r\u016bpn\u012bcas tie\u0161\u0101 p\u0101rdo\u0161ana polikarbon\u0101ta nojume PC nojume alum\u012bnija plastmasas kron\u0161teins\" width=\"630\" height=\"362.2162740899357\" data-src=\"\/\/sc01.alicdn.com\/kf\/H2f4db787a3b343c8b287bd745f006630r\/200162319\/H2f4db787a3b343c8b287bd745f006630r.png\" data-alt=\"factory direct sale polycarbonate awning PC canopy aluminium plastic bracket\" data-width=\"630\" data- title=\"\"><\/p>\n<\/div>\n<div id=\"ali-anchor-AliPostDhMb-5h5c9\" data-section=\"AliPostDhMb-5h5c9\" data-section-title=\"Packaging &amp; Shipping\">\n<div id=\"ali-title-AliPostDhMb-5h5c9\"><strong>Iepakojums un pieg\u0101de<\/strong><\/div>\n<div>\n<p>\u00a0<img decoding=\"async\" src=\"https:\/\/sc02.alicdn.com\/kf\/Hd05fdb0988024155a7956963ea5973acD\/200162319\/Hd05fdb0988024155a7956963ea5973acD.png\" alt=\"r\u016bpn\u012bcas tie\u0161\u0101 p\u0101rdo\u0161ana polikarbon\u0101ta nojume PC nojume alum\u012bnija plastmasas kron\u0161teins\" width=\"630\" height=\"474.58885941644564\" data-src=\"\/\/sc02.alicdn.com\/kf\/Hd05fdb0988024155a7956963ea5973acD\/200162319\/Hd05fdb0988024155a7956963ea5973acD.png\" data-alt=\"factory direct sale polycarbonate awning PC canopy aluminium plastic bracket\" data-width=\"630\" data- title=\"\"><img decoding=\"async\" src=\"https:\/\/sc02.alicdn.com\/kf\/H02a52324dc024cdcbaee8c550d0c5b3cR\/200162319\/H02a52324dc024cdcbaee8c550d0c5b3cR.png\" alt=\"r\u016bpn\u012bcas tie\u0161\u0101 p\u0101rdo\u0161ana polikarbon\u0101ta nojume PC nojume alum\u012bnija plastmasas kron\u0161teins\" width=\"630\" height=\"214.7347480106101\" data-src=\"\/\/sc02.alicdn.com\/kf\/H02a52324dc024cdcbaee8c550d0c5b3cR\/200162319\/H02a52324dc024cdcbaee8c550d0c5b3cR.png\" data-alt=\"factory direct sale polycarbonate awning PC canopy aluminium plastic bracket\" data-width=\"630.\" data- title=\"\"><\/p>\n<\/div>\n<\/div>\n<div id=\"ali-anchor-AliPostDhMb-irqfd\" data-section=\"AliPostDhMb-irqfd\" data-section-title=\"Company Information\">\n<div id=\"ali-title-AliPostDhMb-irqfd\"><strong>Inform\u0101cija par uz\u0146\u0113mumu<\/strong><\/div>\n<div>\n<p>\u00a0<img decoding=\"async\" src=\"https:\/\/sc01.alicdn.com\/kf\/Hb3bdebb96a2849458ce6dfcbaa19c5d15\/200162319\/Hb3bdebb96a2849458ce6dfcbaa19c5d15.png\" alt=\"r\u016bpn\u012bcas tie\u0161\u0101 p\u0101rdo\u0161ana polikarbon\u0101ta nojume PC nojume alum\u012bnija plastmasas kron\u0161teins\" width=\"630\" height=\"312.9083665338646\" data-src=\"\/\/sc01.alicdn.com\/kf\/Hb3bdebb96a2849458ce6dfcbaa19c5d15\/200162319\/Hb3bdebb96a2849458ce6dfcbaa19c5d15.png\" data-alt=\"factory direct sale polycarbonate awning PC canopy aluminium plastic bracket\" data-width=\"630\" data- title=\"\"><img decoding=\"async\" src=\"https:\/\/sc01.alicdn.com\/kf\/HTB1ggLnJVXXXXcYXVXXq6xXFXXXP\/200162319\/HTB1ggLnJVXXXXcYXVXXq6xXFXXXP.jpg\" alt=\"r\u016bpn\u012bcas tie\u0161\u0101 p\u0101rdo\u0161ana polikarbon\u0101ta nojume PC nojume alum\u012bnija plastmasas kron\u0161teins\" width=\"630\" height=\"635.88\" data-src=\"\/\/sc01.alicdn.com\/kf\/HTB1ggLnJVXXXXcYXVXXq6xXFXXXP\/200162319\/HTB1ggLnJVXXXXcYXVXXq6xXFXXXP.jpg\" data-alt=\"factory direct sale polycarbonate awning PC canopy aluminium plastic bracket\" data-width=\"630\" data- title=\"\"><\/p>\n<\/div>\n<\/div>","protected":false},"featured_media":15372,"parent":0,"template":"","product-catagories":[171],"product-tag":[],"class_list":["post-15378","product","type-product","status-publish","has-post-thumbnail","hentry","product-catagories-awning"],"acf":[],"_links":{"self":[{"href":"https:\/\/www.tononplastics.com\/lv\/wp-json\/wp\/v2\/product\/15378","targetHints":{"allow":["GET"]}}],"collection":[{"href":"https:\/\/www.tononplastics.com\/lv\/wp-json\/wp\/v2\/product"}],"about":[{"href":"https:\/\/www.tononplastics.com\/lv\/wp-json\/wp\/v2\/types\/product"}],"version-history":[{"count":0,"href":"https:\/\/www.tononplastics.com\/lv\/wp-json\/wp\/v2\/product\/15378\/revisions"}],"wp:featuredmedia":[{"embeddable":true,"href":"https:\/\/www.tononplastics.com\/lv\/wp-json\/wp\/v2\/media\/15372"}],"wp:attachment":[{"href":"https:\/\/www.tononplastics.com\/lv\/wp-json\/wp\/v2\/media?parent=15378"}],"wp:term":[{"taxonomy":"product-catagories","embeddable":true,"href":"https:\/\/www.tononplastics.com\/lv\/wp-json\/wp\/v2\/product-catagories?post=15378"},{"taxonomy":"product-tag","embeddable":true,"href":"https:\/\/www.tononplastics.com\/lv\/wp-json\/wp\/v2\/product-tag?post=15378"}],"curies":[{"name":"wp","href":"https:\/\/api.w.org\/{rel}","templated":true}]}}