{"id":15379,"date":"2023-08-23T23:48:41","date_gmt":"2023-08-23T15:48:41","guid":{"rendered":"https:\/\/tononplastics.com\/?post_type=product&#038;p=15379"},"modified":"2024-03-25T16:51:33","modified_gmt":"2024-03-25T08:51:33","slug":"attractive-and-durable-awning-polycarbonate-hollow-awning-the-awning-for-balcony","status":"publish","type":"product","link":"https:\/\/www.tononplastics.com\/lv\/product\/attractive-and-durable-awning-polycarbonate-hollow-awning-the-awning-for-balcony\/","title":{"rendered":"Pievilc\u012bga un iztur\u012bga nojume polikarbon\u0101ta dob\u0101 nojume Nojume balkonam"},"content":{"rendered":"<p><strong>pievilc\u012bga un iztur\u012bga nojume polikarbon\u0101ta dob\u0101 nojume Nojume balkonam<br \/>\n<\/strong><\/p>\n<table class=\"aliDataTable\" border=\"0\" cellspacing=\"0\" cellpadding=\"0\">\n<tbody>\n<tr>\n<td><strong>W(CM)<\/strong><\/td>\n<td><strong>D(CM)<\/strong><\/td>\n<td><strong>Piez\u012bme<\/strong><\/td>\n<\/tr>\n<tr>\n<td>100<\/td>\n<td>100<\/td>\n<td>1 d\u0113lis, 2 kron\u0161teini, pilns piederumu komplekts<\/td>\n<\/tr>\n<tr>\n<td>120<\/td>\n<td>100<\/td>\n<td>1 d\u0113lis, 2 kron\u0161teini, pilns piederumu komplekts<\/td>\n<\/tr>\n<tr>\n<td>150<\/td>\n<td>100<\/td>\n<td>1 d\u0113lis, 2 kron\u0161teini, pilns piederumu komplekts<\/td>\n<\/tr>\n<tr>\n<td>180<\/td>\n<td>100<\/td>\n<td>1 d\u0113lis, 2 kron\u0161teini, pilns piederumu komplekts<\/td>\n<\/tr>\n<tr>\n<td>200<\/td>\n<td>100<\/td>\n<td>2 d\u0113\u013ci, 3 kron\u0161teini, pilns piederumu komplekts<\/td>\n<\/tr>\n<tr>\n<td>240<\/td>\n<td>100<\/td>\n<td>2 d\u0113\u013ci, 3 kron\u0161teini, pilns piederumu komplekts<\/td>\n<\/tr>\n<\/tbody>\n<\/table>\n<p>1.Sheet: PC ciet\u0101 loksne, PC saules loksne<\/p>\n<p>2.The nojume kron\u0161teins materi\u0101ls: PA + stikla \u0161\u0137iedras mais\u012bjums<\/p>\n<p>3.Savienojo\u0161\u0101s da\u013cas: Alum\u012bnija profils<\/p>\n<p>4.Accessories: izple\u0161an\u0101s skr\u016bve<\/p>\n<p><img fetchpriority=\"high\" decoding=\"async\" class=\"\" src=\"https:\/\/sc02.alicdn.com\/kf\/HTB1c_rWJVXXXXXfXXXXq6xXFXXX4\/200162319\/HTB1c_rWJVXXXXXfXXXXq6xXFXXX4.jpg\" alt=\"pievilc\u012bga un iztur\u012bga nojume polikarbon\u0101ta dob\u0101 nojume Nojume balkonam\" width=\"636\" height=\"441\" data-src=\"\/\/sc02.alicdn.com\/kf\/HTB1c_rWJVXXXXXfXXXXq6xXFXXX4\/200162319\/HTB1c_rWJVXXXXXfXXXXq6xXFXXX4.jpg\" data-alt=\"attractive and durable awning polycarbonate hollow awning The awning for  balcony\" data-width=\"630\" data- title=\"\"><img decoding=\"async\" class=\"\" src=\"https:\/\/sc01.alicdn.com\/kf\/H8ab2ccf15d5542e7a82269c541d00856p\/200162319\/H8ab2ccf15d5542e7a82269c541d00856p.jpg\" alt=\"pievilc\u012bga un iztur\u012bga nojume polikarbon\u0101ta dob\u0101 nojume Nojume balkonam\" width=\"632\" height=\"421\" data-src=\"\/\/sc01.alicdn.com\/kf\/H8ab2ccf15d5542e7a82269c541d00856p\/200162319\/H8ab2ccf15d5542e7a82269c541d00856p.jpg\" data-alt=\"attractive and durable awning polycarbonate hollow awning The awning for  balcony\" data-width=\"630\" data- title=\"\"><img decoding=\"async\" src=\"https:\/\/sc01.alicdn.com\/kf\/H9272fa42caf843959a9af6e8f6554a49Z\/200162319\/H9272fa42caf843959a9af6e8f6554a49Z.jpg\" alt=\"pievilc\u012bga un iztur\u012bga nojume polikarbon\u0101ta dob\u0101 nojume Nojume balkonam\" width=\"630\" height=\"420.21000000000004\" data-src=\"\/\/sc01.alicdn.com\/kf\/H9272fa42caf843959a9af6e8f6554a49Z\/200162319\/H9272fa42caf843959a9af6e8f6554a49Z.jpg\" data-alt=\"attractive and durable awning polycarbonate hollow awning The awning for  balcony\" data-width=\"630\" data- title=\"\"><\/p>\n<p><img decoding=\"async\" class=\"\" src=\"https:\/\/sc01.alicdn.com\/kf\/H3f7c937cb4ef463386c7fb3295c98cfdu\/200162319\/H3f7c937cb4ef463386c7fb3295c98cfdu.jpg\" alt=\"pievilc\u012bga un iztur\u012bga nojume polikarbon\u0101ta dob\u0101 nojume Nojume balkonam\" width=\"329\" height=\"329\" data-src=\"\/\/sc01.alicdn.com\/kf\/H3f7c937cb4ef463386c7fb3295c98cfdu\/200162319\/H3f7c937cb4ef463386c7fb3295c98cfdu.jpg\" data-alt=\"attractive and durable awning polycarbonate hollow awning The awning for  balcony\" data-width=\"630\" data- title=\"\"><img loading=\"lazy\" decoding=\"async\" class=\"\" src=\"https:\/\/sc01.alicdn.com\/kf\/H099167a0f65f4900bf63ad604b9e13e7V\/200162319\/H099167a0f65f4900bf63ad604b9e13e7V.jpg\" alt=\"pievilc\u012bga un iztur\u012bga nojume polikarbon\u0101ta dob\u0101 nojume Nojume balkonam\" width=\"412\" height=\"412\" data-src=\"\/\/sc01.alicdn.com\/kf\/H099167a0f65f4900bf63ad604b9e13e7V\/200162319\/H099167a0f65f4900bf63ad604b9e13e7V.jpg\" data-alt=\"attractive and durable awning polycarbonate hollow awning The awning for  balcony\" data-width=\"630\" data- title=\"\"><\/p>\n<p><strong>\u00a0Bezgal\u012bgi palielina nojumes balstus un br\u012bvi pagarina mont\u0101\u017eai<\/strong><\/p>\n<p>Inovat\u012bv\u0101 mark\u012bze piln\u012bb\u0101 at\u0161\u0137iras no tradicion\u0101laj\u0101m p\u0113c pas\u016bt\u012bjuma izgatavotaj\u0101m metin\u0101taj\u0101m mark\u012bz\u0113m.T\u0101s galven\u0101 strukt\u016bra ir vienk\u0101r\u0161a, un to veido PC loksnes un mark\u012bzes balsti.T\u0101 k\u0101 mark\u012bze tiek ra\u017eota masveid\u0101 un atbilst stingram dizaina standartam, t\u0101 ir konsekventa sav\u0101 superprodukta kvalit\u0101t\u0113.<\/p>\n<p>$$var dro\u0161i pretoties (12. kategorijas) taif\u016bniem<\/p>\n<p>V\u0113ja pretest\u012bba, triecieniztur\u012bba, pretnoveco\u0161an\u0101s, pretkorozijas, lietus \u016bdens pa\u0161att\u012br\u012b\u0161an\u0101s<\/p>\n<p>Nojumes ir gatavas lieto\u0161anai pa\u0161iem, un t\u0101s var viegli uzst\u0101d\u012bt m\u0101jas \u012bpa\u0161nieki, kas piln\u012bb\u0101 ietaupa izmaksas un vietu.<\/p>\n<p><img decoding=\"async\" src=\"https:\/\/sc01.alicdn.com\/kf\/H0ae698f80b9840449576927fcabf54feZ\/200162319\/H0ae698f80b9840449576927fcabf54feZ.jpg\" alt=\"pievilc\u012bga un iztur\u012bga nojume polikarbon\u0101ta dob\u0101 nojume Nojume balkonam\" width=\"630\" height=\"662.76\" data-src=\"\/\/sc01.alicdn.com\/kf\/H0ae698f80b9840449576927fcabf54feZ\/200162319\/H0ae698f80b9840449576927fcabf54feZ.jpg\" data-alt=\"attractive and durable awning polycarbonate hollow awning The awning for  balcony\" data-width=\"630\" data- title=\"\"><\/p>\n<div><em><strong>\u00a0Tirdzniec\u012bba&amp;Market<\/strong><\/em><\/div>\n<table class=\"aliDataTable\" border=\"0\">\n<tbody>\n<tr>\n<td><strong>Galvenie tirgi:<\/strong><\/td>\n<td><strong>Zieme\u013camerika<br \/>\nDienvidamerika<br \/>\nAustrumeiropa<br \/>\nDienvidaustrum\u0101zija<br \/>\n\u0100frika<br \/>\nOke\u0101nija<br \/>\nVid\u0113jie Austrumi<br \/>\nAustrum\u0101zija<br \/>\nRietumeiropa<br \/>\n<\/strong><\/td>\n<\/tr>\n<tr>\n<td><strong>Kop\u0113jais gada p\u0101rdo\u0161anas apjoms:<\/strong><\/td>\n<td><strong>US$30 miljoni - US$50 miljoni \u00a0<\/strong><\/td>\n<\/tr>\n<\/tbody>\n<\/table>\n<p><strong><span style=\"color: initial;\">Iepakojums un pieg\u0101de<\/span><\/strong><\/p>\n<div id=\"ali-anchor-AliPostDhMb-6uyfa\" data-section=\"AliPostDhMb-6uyfa\" data-section-title=\"Packaging &amp; Shipping\">\n<div>\n<p>\u00a0<img decoding=\"async\" src=\"https:\/\/sc02.alicdn.com\/kf\/Hd05fdb0988024155a7956963ea5973acD\/200162319\/Hd05fdb0988024155a7956963ea5973acD.png\" alt=\"pievilc\u012bga un iztur\u012bga nojume polikarbon\u0101ta dob\u0101 nojume Nojume balkonam\" width=\"630\" height=\"474.58885941644564\" data-src=\"\/\/sc02.alicdn.com\/kf\/Hd05fdb0988024155a7956963ea5973acD\/200162319\/Hd05fdb0988024155a7956963ea5973acD.png\" data-alt=\"attractive and durable awning polycarbonate hollow awning The awning for  balcony\" data-width=\"630\" data- title=\"\"><img decoding=\"async\" src=\"https:\/\/sc02.alicdn.com\/kf\/H02a52324dc024cdcbaee8c550d0c5b3cR\/200162319\/H02a52324dc024cdcbaee8c550d0c5b3cR.png\" alt=\"pievilc\u012bga un iztur\u012bga nojume polikarbon\u0101ta dob\u0101 nojume Nojume balkonam\" width=\"630\" height=\"214.7347480106101\" data-src=\"\/\/sc02.alicdn.com\/kf\/H02a52324dc024cdcbaee8c550d0c5b3cR\/200162319\/H02a52324dc024cdcbaee8c550d0c5b3cR.png\" data-alt=\"attractive and durable awning polycarbonate hollow awning The awning for  balcony\" data-width=\"630\" data- title=\"\"><\/p>\n<\/div>\n<\/div>","protected":false},"featured_media":15374,"parent":0,"template":"","product-catagories":[171],"product-tag":[],"class_list":["post-15379","product","type-product","status-publish","has-post-thumbnail","hentry","product-catagories-awning"],"acf":[],"_links":{"self":[{"href":"https:\/\/www.tononplastics.com\/lv\/wp-json\/wp\/v2\/product\/15379","targetHints":{"allow":["GET"]}}],"collection":[{"href":"https:\/\/www.tononplastics.com\/lv\/wp-json\/wp\/v2\/product"}],"about":[{"href":"https:\/\/www.tononplastics.com\/lv\/wp-json\/wp\/v2\/types\/product"}],"version-history":[{"count":0,"href":"https:\/\/www.tononplastics.com\/lv\/wp-json\/wp\/v2\/product\/15379\/revisions"}],"wp:featuredmedia":[{"embeddable":true,"href":"https:\/\/www.tononplastics.com\/lv\/wp-json\/wp\/v2\/media\/15374"}],"wp:attachment":[{"href":"https:\/\/www.tononplastics.com\/lv\/wp-json\/wp\/v2\/media?parent=15379"}],"wp:term":[{"taxonomy":"product-catagories","embeddable":true,"href":"https:\/\/www.tononplastics.com\/lv\/wp-json\/wp\/v2\/product-catagories?post=15379"},{"taxonomy":"product-tag","embeddable":true,"href":"https:\/\/www.tononplastics.com\/lv\/wp-json\/wp\/v2\/product-tag?post=15379"}],"curies":[{"name":"wp","href":"https:\/\/api.w.org\/{rel}","templated":true}]}}