{"id":15381,"date":"2023-08-23T23:50:21","date_gmt":"2023-08-23T15:50:21","guid":{"rendered":"https:\/\/tononplastics.com\/?post_type=product&#038;p=15381"},"modified":"2024-03-25T15:35:57","modified_gmt":"2024-03-25T07:35:57","slug":"high-quality-rain-protect-canopy-rain-shelter-canopies-polycarbonate-clear-sheet","status":"publish","type":"product","link":"https:\/\/www.tononplastics.com\/lv\/product\/high-quality-rain-protect-canopy-rain-shelter-canopies-polycarbonate-clear-sheet\/","title":{"rendered":"Augstas kvalit\u0101tes lietus aizsarg\u0101 nojume lietus patversme nojumes polikarbon\u0101ta caursp\u012bd\u012bga loksne"},"content":{"rendered":"<figure class=\"wp-block-gallery has-nested-images columns-default is-cropped wp-block-gallery-1 is-layout-flex wp-block-gallery-is-layout-flex\">\n<figure class=\"wp-block-image size-large\"><img fetchpriority=\"high\" decoding=\"async\" width=\"1024\" height=\"624\" data-id=\"16266\" src=\"https:\/\/www.tononplastics.com\/wp-content\/uploads\/2024\/03\/16995219633519-1-1024x624.png\" alt=\"\" class=\"wp-image-16266\" title=\"\" srcset=\"https:\/\/www.tononplastics.com\/wp-content\/uploads\/2024\/03\/16995219633519-1-1024x624.png 1024w, https:\/\/www.tononplastics.com\/wp-content\/uploads\/2024\/03\/16995219633519-1-300x183.png 300w, https:\/\/www.tononplastics.com\/wp-content\/uploads\/2024\/03\/16995219633519-1-768x468.png 768w, https:\/\/www.tononplastics.com\/wp-content\/uploads\/2024\/03\/16995219633519-1-1536x937.png 1536w, https:\/\/www.tononplastics.com\/wp-content\/uploads\/2024\/03\/16995219633519-1-18x12.png 18w, https:\/\/www.tononplastics.com\/wp-content\/uploads\/2024\/03\/16995219633519-1.png 1640w\" sizes=\"(max-width: 1024px) 100vw, 1024px\" \/><\/figure>\n<\/figure>\n\n\n<p><strong>Specifik\u0101cijas<\/strong><\/p>\n<div>\n<table border=\"1\">\n<tbody>\n<tr>\n<td>Pc ciet\u0101 d\u0113\u013ca mark\u012bze<\/td>\n<\/tr>\n<\/tbody>\n<\/table>\n<table border=\"1\">\n<tbody>\n<tr>\n<td>\u00a0N\u0113.<\/td>\n<td>Modelis\u00a0<\/td>\n<td>\u00a0Specifik\u0101cija (D*W) mm<\/td>\n<td>\n<p>Pl\u0101tnes biezums<\/p>\n<p>(mm)\u00a0<\/p>\n<\/td>\n<td>Piez\u012bme\u00a0<\/td>\n<td>Galvenais korpusa materi\u0101ls\u00a0<\/td>\n<\/tr>\n<tr>\n<td>\u00a0Merican mark\u012bze<\/td>\n<td>600-S (cieta loksne)\u00a0<\/td>\n<td>\u00a0600mm*600mm(700mm;800mm)<\/td>\n<td>3\u00a0<\/td>\n<td>1 plate, 2 kron\u0161teini, pilns piederumu komplekts\u00a0<\/td>\n<td rowspan=\"5\">\u00a0\u00a0In\u017eeniertehniskie plaktiskie kron\u0161teini<\/td>\n<\/tr>\n<tr>\n<td>\u00a0Merican mark\u012bze<\/td>\n<td>800-S (cieta loksne)<\/td>\n<td>800mm*800mm(1000mm;1200mm;1500mm)<\/td>\n<td>3<\/td>\n<td>1 plate, 2 kron\u0161teini, pilns piederumu komplekts<\/td>\n<\/tr>\n<tr>\n<td>\u00a0Merican mark\u012bze<\/td>\n<td>1000-S (ciet\u0101 loksne)<\/td>\n<td>1000mm*800mm(1000mm;1200mm;1500mm)<\/td>\n<td>3<\/td>\n<td>1 plate, 2 kron\u0161teini, pilns piederumu komplekts<\/td>\n<\/tr>\n<tr>\n<td>\u00a0Merican mark\u012bze<\/td>\n<td>1200-S (ciet\u0101 loksne)<\/td>\n<td>1200mm*800mm(1000mm;1200mm;1500mm)<\/td>\n<td>3<\/td>\n<td>1 plate, 2 kron\u0161teini, pilns piederumu komplekts<\/td>\n<\/tr>\n<tr>\n<td>\u00a0Merican mark\u012bze<\/td>\n<td>15100-S (ciet\u0101 loksne)<\/td>\n<td>1500mm*800mm(1000mm;1200mm;1500mm)<\/td>\n<td>3<\/td>\n<td>1 plate, 2 kron\u0161teini, pilns piederumu komplekts<\/td>\n<\/tr>\n<\/tbody>\n<\/table>\n<p>\u00a0<\/p>\n<table border=\"1\">\n<tbody>\n<tr>\n<td colspan=\"6\">Pc Hollow board mark\u012bze<\/td>\n<\/tr>\n<tr>\n<td>N\u0113.<\/td>\n<td>Modelis<\/td>\n<td>Specifik\u0101cija (D*W) mm<\/td>\n<td>\n<p>Pl\u0101tnes biezums<\/p>\n<p>(mm)<\/p>\n<\/td>\n<td>Piez\u012bme<\/td>\n<td>Galvenais korpusa materi\u0101ls<\/td>\n<\/tr>\n<tr>\n<td>Merican mark\u012bze<\/td>\n<td>600-H (dob\u0101s loksnes)<\/td>\n<td>600mm*600mm(800mm;1000mm;1200mm)<\/td>\n<td>6<\/td>\n<td>1Board, 2Brackets, pilns piederumu komplekts<\/td>\n<td rowspan=\"5\">In\u017eeniertehniskie plaktiskie kron\u0161teini<\/td>\n<\/tr>\n<tr>\n<td>Merican mark\u012bze<\/td>\n<td>800-H (dob\u0101s loksnes)<\/td>\n<td>800mm*800mm(1000mm;1200mm;1500mm)<\/td>\n<td>6<\/td>\n<td>1Board, 2Brackets, pilns piederumu komplekts<\/td>\n<\/tr>\n<tr>\n<td>Merican mark\u012bze<\/td>\n<td>1000-H (dob\u0101s loksnes)<\/td>\n<td>1000mm*800mm(1000mm;1200mm;1500mm)<\/td>\n<td>6<\/td>\n<td>1Board, 2Brackets, pilns piederumu komplekts<\/td>\n<\/tr>\n<tr>\n<td>Merican mark\u012bze<\/td>\n<td>1200-H (dob\u0101s loksnes)<\/td>\n<td>1200mm*800mm(1000mm;1200mm;1500mm)<\/td>\n<td>6<\/td>\n<td>1Board, 2Brackets, pilns piederumu komplekts<\/td>\n<\/tr>\n<tr>\n<td>Merican mark\u012bze<\/td>\n<td>1500-H (dob\u0101s loksnes)<\/td>\n<td>1500mm*800mm(1000mm;1200mm;1500mm)<\/td>\n<td>6<\/td>\n<td>1Board, 2Brackets, pilns piederumu komplekts<\/td>\n<\/tr>\n<\/tbody>\n<\/table>\n<\/div>\n<p>Balt\u0101s mark\u012bzes atbalsts\u00a0<br \/>1) konkur\u0113tsp\u0113j\u012bga cena\u00a0<br \/>2) labv\u0113l\u012bgi\u00a0<br \/><img decoding=\"async\" class=\"\" src=\"https:\/\/sc02.alicdn.com\/kf\/H9f08f5ed02234de4be18cc9d36d18cc91\/200162319\/H9f08f5ed02234de4be18cc9d36d18cc91.jpg\" alt=\"Augstas kvalit\u0101tes lietus aizsarg\u0101 nojume lietus patversme nojumes polikarbon\u0101ta caursp\u012bd\u012bga loksne\" width=\"376\" height=\"376\" data-src=\"\/\/sc02.alicdn.com\/kf\/H9f08f5ed02234de4be18cc9d36d18cc91\/200162319\/H9f08f5ed02234de4be18cc9d36d18cc91.jpg\" data-alt=\"High Quality Rain Protect Canopy rain shelter canopies polycarbonate clear sheet\" data-width=\"630\" data- title=\"\"><img decoding=\"async\" class=\"\" src=\"https:\/\/sc02.alicdn.com\/kf\/Had0756212dc14f48b5c605d06ad52305b\/200162319\/Had0756212dc14f48b5c605d06ad52305b.jpg\" alt=\"Augstas kvalit\u0101tes lietus aizsarg\u0101 nojume lietus patversme nojumes polikarbon\u0101ta caursp\u012bd\u012bga loksne\" width=\"377\" height=\"377\" data-src=\"\/\/sc02.alicdn.com\/kf\/Had0756212dc14f48b5c605d06ad52305b\/200162319\/Had0756212dc14f48b5c605d06ad52305b.jpg\" data-alt=\"High Quality Rain Protect Canopy rain shelter canopies polycarbonate clear sheet\" data-width=\"630\" data- title=\"\"><\/p>\n<div>\u00a0<\/div>\n<p><strong>Balt\u0101s mark\u012bzes atbalsts<\/strong><\/p>\n<p>*p\u0113c piepras\u012bjuma pieejamas piel\u0101gotas kr\u0101sas un izm\u0113ri<\/p>\n<div>\n<p><strong>Produkta \u012bpa\u0161\u012bbas:<\/strong><\/p>\n<p>Iztur\u012bba pret v\u0113ju, triecieniztur\u012bba, pret noveco\u0161anu, pret koroziju, pa\u0161att\u012br\u012b\u0161an\u0101s no lietus \u016bdens, liekta konstrukcija trok\u0161\u0146a samazin\u0101\u0161anai, UV filtr\u0101cija, 80% gaismas caurlaid\u012bba.<\/p>\n<p>*Loksne: PC soild loksne, PC saules loksne, alum\u012bnija-plastmasas pl\u0101ksne, Reinous loksne<\/p>\n<p>* Nojumes atbalsta tekst\u016bra: ABS-PVC mais\u012bjums<\/p>\n<p>*Savienojam\u0101s da\u013cas: H\/U profils<\/p>\n<p>*Piederumi: izple\u0161an\u0101s skr\u016bve<\/p>\n<p>*Length:600mm,800mm,1000mm,1200mm<\/p>\n<p>* Bezgal\u012bgi palielina nojumes balstus un br\u012bvi pagarina mont\u0101\u017eai<\/p>\n<p>*Inovat\u012bv\u0101 mark\u012bze piln\u012bb\u0101 at\u0161\u0137iras no tradicion\u0101laj\u0101m metin\u0101taj\u0101m mark\u012bz\u0113m, kas tiek izgatavotas p\u0113c pas\u016bt\u012bjuma. *tendes galven\u0101 konstrukcija ir vienk\u0101r\u0161a, un to veido p\u0101rseguma d\u0113lis un veidoti kron\u0161teini.<\/p>\n<p>* T\u0101 k\u0101 mark\u012bzes tiek ra\u017eotas masveid\u0101 un atbilst stingram dizaina standartam, t\u0101s atbilst izcilai produktu kvalit\u0101tei.<\/p>\n<p>* Nojume var tikt pieg\u0101d\u0101ta komplekt\u0101 ar t\u0101s galvenaj\u0101m konstrukcijas sast\u0101vda\u013c\u0101m un standarta stiprin\u0101jumiem.<\/p>\n<p>* Nojume ir gatava pa\u0161darb\u012bbai, un to var uzst\u0101d\u012bt m\u0101jas \u012bpa\u0161nieki. Kop\u0113j\u0101s darbasp\u0113ka un deta\u013cu izmaksas, iesp\u0113jams, var\u0113tu b\u016bt uz pusi maz\u0101kas nek\u0101 p\u0113c pas\u016bt\u012bjuma izgatavotu mark\u012b\u017eu izmaksas.<\/p>\n<p>\u00a0* Nojume ir izgatavota no moderniem materi\u0101liem, t\u0101s konstrukcija ir stingra un sp\u0113j iztur\u0113t sp\u0113c\u012bgu v\u0113tru.<\/p>\n<p>* Nojume ir labi b\u016bv\u0113ta, aizsarg\u0101ta pret boj\u0101\u0161anos un triecieniztur\u012bga, uz nojumes jumta ir iev\u0113rojami samazin\u0101ts v\u0113ja p\u016bt\u0113ju un lietus rad\u012btais troksnis.<br \/><img loading=\"lazy\" decoding=\"async\" class=\"\" src=\"https:\/\/sc02.alicdn.com\/kf\/HTB1JnbWkNuTBuNkHFNRq6A9qpXaz\/200162319\/HTB1JnbWkNuTBuNkHFNRq6A9qpXaz.jpg\" alt=\"Augstas kvalit\u0101tes lietus aizsarg\u0101 nojume lietus patversme nojumes polikarbon\u0101ta caursp\u012bd\u012bga loksne\" width=\"395\" height=\"297\" data-src=\"\/\/sc02.alicdn.com\/kf\/HTB1JnbWkNuTBuNkHFNRq6A9qpXaz\/200162319\/HTB1JnbWkNuTBuNkHFNRq6A9qpXaz.jpg\" data-alt=\"High Quality Rain Protect Canopy rain shelter canopies polycarbonate clear sheet\" data-width=\"630\" data- title=\"\"><img loading=\"lazy\" decoding=\"async\" class=\"\" src=\"https:\/\/sc01.alicdn.com\/kf\/HTB1Om2YgCcqBKNjSZFgq6x_kXXaN\/200162319\/HTB1Om2YgCcqBKNjSZFgq6x_kXXaN.jpg\" alt=\"Augstas kvalit\u0101tes lietus aizsarg\u0101 nojume lietus patversme nojumes polikarbon\u0101ta caursp\u012bd\u012bga loksne\" width=\"394\" height=\"296\" data-src=\"\/\/sc01.alicdn.com\/kf\/HTB1Om2YgCcqBKNjSZFgq6x_kXXaN\/200162319\/HTB1Om2YgCcqBKNjSZFgq6x_kXXaN.jpg\" data-alt=\"High Quality Rain Protect Canopy rain shelter canopies polycarbonate clear sheet\" data-width=\"630\" data- title=\"\"><\/p>\n<\/div>\n<div id=\"ali-anchor-AliPostDhMb-4ly65\" class=\"mceSectionContainer\" data-section=\"AliPostDhMb-4ly65\" data-section-title=\"Packaging &amp; Shipping\">\n<div id=\"ali-title-AliPostDhMb-4ly65\">Iepakojums un pieg\u0101de<\/div>\n<div>\n<p>\u00a0<img decoding=\"async\" src=\"https:\/\/sc02.alicdn.com\/kf\/Hd05fdb0988024155a7956963ea5973acD\/200162319\/Hd05fdb0988024155a7956963ea5973acD.png\" alt=\"Augstas kvalit\u0101tes lietus aizsarg\u0101 nojume lietus patversme nojumes polikarbon\u0101ta caursp\u012bd\u012bga loksne\" width=\"630\" height=\"474.58885941644564\" data-src=\"\/\/sc02.alicdn.com\/kf\/Hd05fdb0988024155a7956963ea5973acD\/200162319\/Hd05fdb0988024155a7956963ea5973acD.png\" data-alt=\"High Quality Rain Protect Canopy rain shelter canopies polycarbonate clear sheet\" data-width=\"630\" data- title=\"\"><\/p>\n<\/div>\n<\/div>","protected":false},"featured_media":15376,"parent":0,"template":"","product-catagories":[171],"product-tag":[],"class_list":["post-15381","product","type-product","status-publish","has-post-thumbnail","hentry","product-catagories-awning"],"acf":[],"_links":{"self":[{"href":"https:\/\/www.tononplastics.com\/lv\/wp-json\/wp\/v2\/product\/15381","targetHints":{"allow":["GET"]}}],"collection":[{"href":"https:\/\/www.tononplastics.com\/lv\/wp-json\/wp\/v2\/product"}],"about":[{"href":"https:\/\/www.tononplastics.com\/lv\/wp-json\/wp\/v2\/types\/product"}],"version-history":[{"count":0,"href":"https:\/\/www.tononplastics.com\/lv\/wp-json\/wp\/v2\/product\/15381\/revisions"}],"wp:featuredmedia":[{"embeddable":true,"href":"https:\/\/www.tononplastics.com\/lv\/wp-json\/wp\/v2\/media\/15376"}],"wp:attachment":[{"href":"https:\/\/www.tononplastics.com\/lv\/wp-json\/wp\/v2\/media?parent=15381"}],"wp:term":[{"taxonomy":"product-catagories","embeddable":true,"href":"https:\/\/www.tononplastics.com\/lv\/wp-json\/wp\/v2\/product-catagories?post=15381"},{"taxonomy":"product-tag","embeddable":true,"href":"https:\/\/www.tononplastics.com\/lv\/wp-json\/wp\/v2\/product-tag?post=15381"}],"curies":[{"name":"wp","href":"https:\/\/api.w.org\/{rel}","templated":true}]}}