{"id":15383,"date":"2023-08-23T23:52:10","date_gmt":"2023-08-23T15:52:10","guid":{"rendered":"https:\/\/tononplastics.com\/?post_type=product&#038;p=15383"},"modified":"2024-03-25T17:16:37","modified_gmt":"2024-03-25T09:16:37","slug":"diy-reliable-awning-for-balcony-roof-or-windows-awning","status":"publish","type":"product","link":"https:\/\/www.tononplastics.com\/lv\/product\/diy-reliable-awning-for-balcony-roof-or-windows-awning\/","title":{"rendered":"DIY uzticama balkona jumta vai logu nojume balkona jumta vai logu nojumei"},"content":{"rendered":"<p align=\"left\"><strong style=\"color: initial;\">Produkta apraksts<\/strong><\/p>\n<p align=\"left\">\u00a0 \u00a0Tentu atbalsts ir sp\u0113c\u012bgs un iztur\u012bgs.Tas nav ac\u012bmredzams 4,5 kilogramu dzelzs lodes trieciena traumas.Kalpo\u0161anas laiks ir 8-15 rei\u017eu liel\u0101ks nek\u0101 parastaj\u0101m mark\u012bz\u0113m.Tiek test\u0113ts sliktos laika apst\u0101k\u013cos, merik\u0101\u0146u mark\u012bzes balstus var izmantot vair\u0101k nek\u0101 20 gadus.<\/p>\n<p align=\"left\">\u00a0 \u00a0 Pa\u0161reiz\u0113j\u0101s ori\u0123in\u0101l\u0101s mark\u012bzes tekst\u016bras nav pietiekami labas.Tas ir b\u012bstams ar taif\u016bnu pretest\u012bbu.Auduma mark\u012bzes un plexiglass mark\u012bzes ar\u012b nevar ilgsto\u0161i pretoties taif\u016bniem, bet Merican mark\u012bzes balsti ir izgatavoti no moderniem materi\u0101liem, t\u0101p\u0113c Merican mark\u012bzes balsti var ilgsto\u0161i pretoties taif\u016bniem un samazin\u0101t troksni.<\/p>\n<p align=\"left\">\u00a0 \u00a0 \u00a0Nojumes ir gatavas lieto\u0161anai pa\u0161iem, un t\u0101s var viegli uzst\u0101d\u012bt m\u0101jas \u012bpa\u0161nieki, kas piln\u012bb\u0101 ietaupa izmaksas un vietu.<\/p>\n<p align=\"left\">\u00a0<img decoding=\"async\" src=\"https:\/\/sc01.alicdn.com\/kf\/H145c9c7432d4497e82ab7af0f96fa1d5d\/200162319\/H145c9c7432d4497e82ab7af0f96fa1d5d.png\" alt=\"DIY uzticama balkona jumta vai logu nojume balkona jumta vai logu nojumei\" width=\"630\" height=\"441.5308988764045\" data-src=\"\/\/sc01.alicdn.com\/kf\/H145c9c7432d4497e82ab7af0f96fa1d5d\/200162319\/H145c9c7432d4497e82ab7af0f96fa1d5d.png\" data-alt=\"DIY reliable awning for Balcony roof or Windows awning\" data-width=\"630\" data- title=\"\"><img decoding=\"async\" src=\"https:\/\/sc01.alicdn.com\/kf\/H2d98bb868b2d4385b8957b7b46c19741H\/200162319\/H2d98bb868b2d4385b8957b7b46c19741H.png\" alt=\"DIY uzticama balkona jumta vai logu nojume balkona jumta vai logu nojumei\" width=\"630\" height=\"330.7038123167155\" data-src=\"\/\/sc01.alicdn.com\/kf\/H2d98bb868b2d4385b8957b7b46c19741H\/200162319\/H2d98bb868b2d4385b8957b7b46c19741H.png\" data-alt=\"DIY reliable awning for Balcony roof or Windows awning\" data-width=\"630\" data- title=\"\"><\/p>\n<div id=\"ali-anchor-AliPostDhMb-iaq4y\" data-section=\"AliPostDhMb-iaq4y\" data-section-title=\"Packaging &amp; Shipping\"><\/div>\n<table border=\"0\" cellspacing=\"0\" cellpadding=\"0\">\n<tbody>\n<tr>\n<td height=\"20\">BIE\u017d\u0100K UZDOTIE JAUT\u0100JUMI<\/td>\n<td><\/td>\n<td><\/td>\n<\/tr>\n<tr>\n<td colspan=\"3\" height=\"20\">1.Q: Vai j\u016bs esat tirdzniec\u012bbas uz\u0146\u0113mums vai ra\u017eot\u0101js?<\/td>\n<\/tr>\n<tr>\n<td colspan=\"3\" height=\"20\">A: M\u0113s esam ra\u017eot\u0101js.<\/td>\n<\/tr>\n<tr>\n<td colspan=\"3\" height=\"20\">2.Q: Cik ilgs ir j\u016bsu pieg\u0101des laiks?<\/td>\n<\/tr>\n<tr>\n<td colspan=\"3\" height=\"20\">A: Atbilsto\u0161i produkta apstr\u0101des sare\u017e\u0123\u012bt\u012bbai un daudzumam jums tiks dots sapr\u0101t\u012bgs iera\u0161an\u0101s laiks.<\/td>\n<\/tr>\n<tr>\n<td colspan=\"3\" height=\"20\">3.Q: Vai j\u016bs sniedzat paraugus? vai tas ir bezmaksas vai papildus?<\/td>\n<\/tr>\n<tr>\n<td colspan=\"3\" height=\"20\">A: J\u0101, m\u0113s var\u0113tu pied\u0101v\u0101t paraugu bez maksas, bet nemaks\u0101 kravas izmaksas.<\/td>\n<\/tr>\n<tr>\n<td colspan=\"3\" height=\"20\">4.Q: K\u0101di ir p\u0113cp\u0101rdo\u0161anas pakalpojumi?<\/td>\n<\/tr>\n<tr>\n<td colspan=\"3\" height=\"20\">A: Ja rodas kvalit\u0101tes probl\u0113mas, iepakojumu var apmain\u012bt 90 dienu laik\u0101.<\/td>\n<\/tr>\n<\/tbody>\n<\/table>\n<p align=\"left\">\u00a0<img decoding=\"async\" src=\"https:\/\/sc01.alicdn.com\/kf\/HTB1Zj.KsVmWBuNjSspdq6zugXXa2\/200162319\/HTB1Zj.KsVmWBuNjSspdq6zugXXa2.jpg\" alt=\"DIY uzticama balkona jumta vai logu nojume balkona jumta vai logu nojumei\" width=\"630\" height=\"863.013698630137\" data-src=\"\/\/sc01.alicdn.com\/kf\/HTB1Zj.KsVmWBuNjSspdq6zugXXa2\/200162319\/HTB1Zj.KsVmWBuNjSspdq6zugXXa2.jpg\" data-alt=\"DIY reliable awning for Balcony roof or Windows awning\" data-width=\"630\" data- title=\"\"><\/p>","protected":false},"featured_media":16070,"parent":0,"template":"","product-catagories":[171],"product-tag":[],"class_list":["post-15383","product","type-product","status-publish","has-post-thumbnail","hentry","product-catagories-awning"],"acf":[],"_links":{"self":[{"href":"https:\/\/www.tononplastics.com\/lv\/wp-json\/wp\/v2\/product\/15383","targetHints":{"allow":["GET"]}}],"collection":[{"href":"https:\/\/www.tononplastics.com\/lv\/wp-json\/wp\/v2\/product"}],"about":[{"href":"https:\/\/www.tononplastics.com\/lv\/wp-json\/wp\/v2\/types\/product"}],"version-history":[{"count":0,"href":"https:\/\/www.tononplastics.com\/lv\/wp-json\/wp\/v2\/product\/15383\/revisions"}],"wp:featuredmedia":[{"embeddable":true,"href":"https:\/\/www.tononplastics.com\/lv\/wp-json\/wp\/v2\/media\/16070"}],"wp:attachment":[{"href":"https:\/\/www.tononplastics.com\/lv\/wp-json\/wp\/v2\/media?parent=15383"}],"wp:term":[{"taxonomy":"product-catagories","embeddable":true,"href":"https:\/\/www.tononplastics.com\/lv\/wp-json\/wp\/v2\/product-catagories?post=15383"},{"taxonomy":"product-tag","embeddable":true,"href":"https:\/\/www.tononplastics.com\/lv\/wp-json\/wp\/v2\/product-tag?post=15383"}],"curies":[{"name":"wp","href":"https:\/\/api.w.org\/{rel}","templated":true}]}}