{"id":15385,"date":"2023-08-23T23:52:59","date_gmt":"2023-08-23T15:52:59","guid":{"rendered":"https:\/\/tononplastics.com\/?post_type=product&#038;p=15385"},"modified":"2024-03-25T16:59:58","modified_gmt":"2024-03-25T08:59:58","slug":"clear-plastic-awnings-balcony-awning","status":"publish","type":"product","link":"https:\/\/www.tononplastics.com\/lv\/product\/clear-plastic-awnings-balcony-awning\/","title":{"rendered":"caursp\u012bd\u012bgas plastmasas mark\u012bzes balkona nojumes"},"content":{"rendered":"<p><strong data-spm-anchor-id=\"a2700.details.0.i30.7c753922cZjFN1\">A.Produkta \u012bpa\u0161\u012bbas<\/strong><br \/>\n1.Wind pretest\u012bba, triecieniztur\u012bba, pretnoveco\u0161an\u0101s, pretkorozijas, pa\u0161att\u012br\u012b\u0161an\u0101s ar lietus \u016bdeni<br \/>\nIzliekta konstrukcija trok\u0161\u0146u samazin\u0101\u0161anai, UV filtr\u0101cija, 80% gaismas caurlaid\u012bba<br \/>\n<strong>2.Sheet: PC ciet\u0101 loksne, PC saules loksne<br \/>\n<\/strong><strong>3.The mark\u012bzes atbalsta tekst\u016bra: PA-\u0161\u0137iedras stikla \u0161\u0137iedras mais\u012bjums<br \/>\n<\/strong><strong>4.Savienojo\u0161\u0101s da\u013cas: Alum\u012bnija profils<br \/>\n<\/strong><strong>5.Accessories: izple\u0161an\u0101s skr\u016bve<br \/>\n6.Dimension:600mm,800mm,1000mm,1200mm<\/strong><\/p>\n<p><img decoding=\"async\" src=\"https:\/\/sc02.alicdn.com\/kf\/Hab2ac95f2ca34cec9459c4b7915aac1ef\/200162319\/Hab2ac95f2ca34cec9459c4b7915aac1ef.png\" alt=\"caursp\u012bd\u012bgas plastmasas mark\u012bzes balkona nojumes\" width=\"630\" height=\"507.27272727272725\" data-src=\"\/\/sc02.alicdn.com\/kf\/Hab2ac95f2ca34cec9459c4b7915aac1ef\/200162319\/Hab2ac95f2ca34cec9459c4b7915aac1ef.png\" data-alt=\"clear plastic awnings balcony awning\" data-width=\"630\" data- title=\"\"><img fetchpriority=\"high\" decoding=\"async\" src=\"https:\/\/sc01.alicdn.com\/kf\/Hfab9aa3e90b44642984b609afb70ae5dW\/200162319\/Hfab9aa3e90b44642984b609afb70ae5dW.jpg\" alt=\"caursp\u012bd\u012bgas plastmasas mark\u012bzes balkona nojumes\" width=\"630\" height=\"840\" data-src=\"\/\/sc01.alicdn.com\/kf\/Hfab9aa3e90b44642984b609afb70ae5dW\/200162319\/Hfab9aa3e90b44642984b609afb70ae5dW.jpg\" data-alt=\"clear plastic awnings balcony awning\" data-width=\"630\" data- title=\"\"><\/p>\n<p><strong>B.Infinitely palielin\u0101t nojumes balstus un br\u012bvi pagarin\u0101t mont\u0101\u017eai<\/strong><\/p>\n<p>Inovat\u012bv\u0101 Merican mark\u012bze piln\u012bb\u0101 at\u0161\u0137iras no tradicion\u0101laj\u0101m p\u0113c pas\u016bt\u012bjuma izgatavotaj\u0101m metin\u0101taj\u0101m mark\u012bz\u0113m.Merican mark\u012bze ir vienk\u0101r\u0161a sav\u0101 galvenaj\u0101 strukt\u016br\u0101, kas sast\u0101v no PC loksnes un mark\u012bzes balstiem.T\u0101 k\u0101 Merican mark\u012bze tiek ra\u017eota masveid\u0101 un atbilst stingram dizaina standartam, t\u0101 ir konsekventa ar savu izcilo produkta kvalit\u0101ti.<\/p>\n<p><img decoding=\"async\" src=\"https:\/\/sc01.alicdn.com\/kf\/H2f4db787a3b343c8b287bd745f006630r\/200162319\/H2f4db787a3b343c8b287bd745f006630r.png\" alt=\"caursp\u012bd\u012bgas plastmasas mark\u012bzes balkona nojumes\" width=\"630\" height=\"362.2162740899357\" data-src=\"\/\/sc01.alicdn.com\/kf\/H2f4db787a3b343c8b287bd745f006630r\/200162319\/H2f4db787a3b343c8b287bd745f006630r.png\" data-alt=\"clear plastic awnings balcony awning\" data-width=\"630\" data- title=\"\"><img decoding=\"async\" src=\"https:\/\/sc02.alicdn.com\/kf\/HTB1c_rWJVXXXXXfXXXXq6xXFXXX4\/200162319\/HTB1c_rWJVXXXXXfXXXXq6xXFXXX4.jpg\" alt=\"caursp\u012bd\u012bgas plastmasas mark\u012bzes balkona nojumes\" width=\"630\" height=\"436.9893899204244\" data-src=\"\/\/sc02.alicdn.com\/kf\/HTB1c_rWJVXXXXXfXXXXq6xXFXXX4\/200162319\/HTB1c_rWJVXXXXXfXXXXq6xXFXXX4.jpg\" data-alt=\"clear plastic awnings balcony awning\" data-width=\"630\" data- title=\"\"><img decoding=\"async\" src=\"https:\/\/sc01.alicdn.com\/kf\/Hd35db4f291a3474c9fed03fab96b343dt\/200162319\/Hd35db4f291a3474c9fed03fab96b343dt.jpg\" alt=\"caursp\u012bd\u012bgas plastmasas mark\u012bzes balkona nojumes\" width=\"630\" height=\"420.21000000000004\" data-src=\"\/\/sc01.alicdn.com\/kf\/Hd35db4f291a3474c9fed03fab96b343dt\/200162319\/Hd35db4f291a3474c9fed03fab96b343dt.jpg\" data-alt=\"clear plastic awnings balcony awning\" data-width=\"630\" data- title=\"\"><img decoding=\"async\" src=\"https:\/\/sc01.alicdn.com\/kf\/H8ab2ccf15d5542e7a82269c541d00856p\/200162319\/H8ab2ccf15d5542e7a82269c541d00856p.jpg\" alt=\"caursp\u012bd\u012bgas plastmasas mark\u012bzes balkona nojumes\" width=\"630\" height=\"420.21000000000004\" data-src=\"\/\/sc01.alicdn.com\/kf\/H8ab2ccf15d5542e7a82269c541d00856p\/200162319\/H8ab2ccf15d5542e7a82269c541d00856p.jpg\" data-alt=\"clear plastic awnings balcony awning\" data-width=\"630\" data- title=\"\"><\/p>\n<p><strong><em>C.Var dro\u0161i pretoties (12. kategorijas) taif\u016bniem<\/em><\/strong><\/p>\n<p>Tentu atbalsts ir sp\u0113c\u012bgs un iztur\u012bgs.Tas nav ac\u012bmredzams 4,5 kilogramu dzelzs lodes trieciena traumas.Kalpo\u0161anas laiks ir 8-15 rei\u017eu liel\u0101ks nek\u0101 parastaj\u0101m mark\u012bz\u0113m.Tiek test\u0113ts sliktos laika apst\u0101k\u013cos, merik\u0101\u0146u mark\u012bzes balstus var izmantot vair\u0101k nek\u0101 20 gadus.<\/p>\n<p>Pa\u0161reiz\u0113j\u0101s ori\u0123in\u0101l\u0101s mark\u012bzes tekst\u016bras nav pietiekami labas.Tas ir b\u012bstams ar taif\u016bnu pretest\u012bbu.Auduma mark\u012bzes un plexiglass mark\u012bzes ar\u012b nevar ilgsto\u0161i pretoties taif\u016bniem, bet Merican mark\u012bzes balsti ir izgatavoti no moderniem materi\u0101liem, t\u0101p\u0113c Merican mark\u012bzes balsti var ilgsto\u0161i pretoties taif\u016bniem un samazin\u0101t troksni.<\/p>\n<p>Merican mark\u012bzes ir gatavas uzst\u0101d\u012b\u0161anai pa\u0161iem, un t\u0101s var viegli uzst\u0101d\u012bt m\u0101jas \u012bpa\u0161nieki, kas piln\u012bb\u0101 ietaupa izmaksas un vietu.<\/p>\n<p><img decoding=\"async\" src=\"https:\/\/sc02.alicdn.com\/kf\/H6b8b7471225e4da188c697e918c01fe17\/200162319\/H6b8b7471225e4da188c697e918c01fe17.png\" width=\"630\" height=\"982.8\" data-src=\"\/\/sc02.alicdn.com\/kf\/H6b8b7471225e4da188c697e918c01fe17\/200162319\/H6b8b7471225e4da188c697e918c01fe17.png\" data-width=\"630\" data- alt=\"\" title=\"\"><\/p>\n<p><img decoding=\"async\" src=\"https:\/\/sc01.alicdn.com\/kf\/H0ae698f80b9840449576927fcabf54feZ\/200162319\/H0ae698f80b9840449576927fcabf54feZ.jpg\" alt=\"caursp\u012bd\u012bgas plastmasas mark\u012bzes balkona nojumes\" width=\"630\" height=\"662.76\" data-src=\"\/\/sc01.alicdn.com\/kf\/H0ae698f80b9840449576927fcabf54feZ\/200162319\/H0ae698f80b9840449576927fcabf54feZ.jpg\" data-alt=\"clear plastic awnings balcony awning\" data-width=\"630\" data- title=\"\"><\/p>","protected":false},"featured_media":15374,"parent":0,"template":"","product-catagories":[171],"product-tag":[],"class_list":["post-15385","product","type-product","status-publish","has-post-thumbnail","hentry","product-catagories-awning"],"acf":[],"_links":{"self":[{"href":"https:\/\/www.tononplastics.com\/lv\/wp-json\/wp\/v2\/product\/15385","targetHints":{"allow":["GET"]}}],"collection":[{"href":"https:\/\/www.tononplastics.com\/lv\/wp-json\/wp\/v2\/product"}],"about":[{"href":"https:\/\/www.tononplastics.com\/lv\/wp-json\/wp\/v2\/types\/product"}],"version-history":[{"count":0,"href":"https:\/\/www.tononplastics.com\/lv\/wp-json\/wp\/v2\/product\/15385\/revisions"}],"wp:featuredmedia":[{"embeddable":true,"href":"https:\/\/www.tononplastics.com\/lv\/wp-json\/wp\/v2\/media\/15374"}],"wp:attachment":[{"href":"https:\/\/www.tononplastics.com\/lv\/wp-json\/wp\/v2\/media?parent=15385"}],"wp:term":[{"taxonomy":"product-catagories","embeddable":true,"href":"https:\/\/www.tononplastics.com\/lv\/wp-json\/wp\/v2\/product-catagories?post=15385"},{"taxonomy":"product-tag","embeddable":true,"href":"https:\/\/www.tononplastics.com\/lv\/wp-json\/wp\/v2\/product-tag?post=15385"}],"curies":[{"name":"wp","href":"https:\/\/api.w.org\/{rel}","templated":true}]}}