{"id":15388,"date":"2023-08-23T23:54:40","date_gmt":"2023-08-23T15:54:40","guid":{"rendered":"https:\/\/tononplastics.com\/?post_type=product&#038;p=15388"},"modified":"2024-03-25T13:03:23","modified_gmt":"2024-03-25T05:03:23","slug":"polycarbonate-canopy-clear-pc-awning-600600mm-aluminum-canopy-bracket","status":"publish","type":"product","link":"https:\/\/www.tononplastics.com\/lv\/product\/polycarbonate-canopy-clear-pc-awning-600600mm-aluminum-canopy-bracket\/","title":{"rendered":"Polikarbon\u0101ta nojume skaidra pc mark\u012bze 600 * 600 mm Alum\u012bnija nojumes kron\u0161teins"},"content":{"rendered":"<figure class=\"wp-block-gallery has-nested-images columns-default is-cropped wp-block-gallery-1 is-layout-flex wp-block-gallery-is-layout-flex\">\n<figure class=\"wp-block-image size-large\"><img fetchpriority=\"high\" decoding=\"async\" width=\"700\" height=\"700\" data-id=\"16070\" src=\"https:\/\/www.tononplastics.com\/wp-content\/uploads\/2024\/03\/f5914ee846c17af2eb989e2af1327d2b.png\" alt=\"\" class=\"wp-image-16070\" title=\"\" srcset=\"https:\/\/www.tononplastics.com\/wp-content\/uploads\/2024\/03\/f5914ee846c17af2eb989e2af1327d2b.png 700w, https:\/\/www.tononplastics.com\/wp-content\/uploads\/2024\/03\/f5914ee846c17af2eb989e2af1327d2b-300x300.png 300w, https:\/\/www.tononplastics.com\/wp-content\/uploads\/2024\/03\/f5914ee846c17af2eb989e2af1327d2b-150x150.png 150w, https:\/\/www.tononplastics.com\/wp-content\/uploads\/2024\/03\/f5914ee846c17af2eb989e2af1327d2b-12x12.png 12w\" sizes=\"(max-width: 700px) 100vw, 700px\" \/><\/figure>\n\n\n\n<figure class=\"wp-block-image size-large\"><img decoding=\"async\" width=\"712\" height=\"499\" data-id=\"15376\" src=\"https:\/\/www.tononplastics.com\/wp-content\/uploads\/2023\/08\/H145c9c7432d4497e82ab7af0f96fa1d5d.png\" alt=\"\" class=\"wp-image-15376\" title=\"\" srcset=\"https:\/\/www.tononplastics.com\/wp-content\/uploads\/2023\/08\/H145c9c7432d4497e82ab7af0f96fa1d5d.png 712w, https:\/\/www.tononplastics.com\/wp-content\/uploads\/2023\/08\/H145c9c7432d4497e82ab7af0f96fa1d5d-300x210.png 300w\" sizes=\"(max-width: 712px) 100vw, 712px\" \/><\/figure>\n<\/figure>\n\n\n<p>1.Novel dizains 100 cm alum\u012bnija sakaus\u0113juma<br \/>2.Easy mont\u0101\u017ea un uzst\u0101d\u012b\u0161ana<br \/>3.Weather iztur\u012bgs<br \/>4. Zemu uztur\u0113\u0161anas l\u012bmeni<\/p>\n<div>\n<p><strong>polikarbon\u0101ta Alum\u012bnija nojume\/uzkarns<\/strong><br \/>1. 1000X1200 mm<br \/>2. 2010Gads Jauns un novatorisks dizains<br \/>3,20 gadi ar garantiju<br \/>4. Vienk\u0101r\u0161i uzst\u0101d\u012bts<\/p>\n<p>\u00a0\u00a0\u00a0\u00a0 M\u016bsdien\u0101s tirg\u016b pieejamais tent\u0113\u0161anas materi\u0101ls joproj\u0101m nav tik iztur\u012bgs, jo \u012bpa\u0161i sliktos laikapst\u0101k\u013cos.  Tentu ar auduma p\u0101rkl\u0101jumu nevar iztur\u0113t sp\u0113c\u012bgu v\u0113ju, savuk\u0101rt akrils var viegli sal\u016bzt. Bet sp\u0113c\u012bg\u0101k\u0101 ner\u016bs\u0113jo\u0161\u0101 mark\u012bze lietus laik\u0101 rada lielu troksni.<\/p>\n<p>\u00a0\u00a0\u00a0\u00a0\u00a0\u00a0\u00a0\u00a0\u00a0\u00a0\u00a0\u00a0\u00a0\u00a0 polikarbon\u0101ta mark\u012bzes var lieliski atrisin\u0101t \u0161o probl\u0113mu. T\u0101 ir samont\u0113ta no elast\u012bga sakaus\u0113juma plastmasas kron\u0161teina un polikarbon\u0101ta loksnes. \u0160is jaunais dizains ir vienk\u0101r\u0161s, bet tas maina tradicion\u0101lo veidu, k\u0101 piel\u0101got nestandarta mark\u012bzi un metin\u0101t t\u0113rauda r\u0101mi.\u00a0<\/p>\n<p>\u00a0\u00a0\u00a0\u00a0\u00a0\u00a0\u00a0\u00a0\u00a0\u00a0\u00a0\u00a0\u00a0\u00a0polikarbon\u0101ta mark\u012bze ir jauna dizaina, stipra un iztur\u012bga.  To var uzst\u0101d\u012bt virs durv\u012bm, loga, gaisa kondicioniera, bankom\u0101ta, pastkast\u012btes \u0101rpus telp\u0101m utt., lai pasarg\u0101tu no saules un v\u0113tras. Visas mont\u0101\u017eas da\u013cas tiek ra\u017eotas ar stabilas kvalit\u0101tes ma\u0161\u012bn\u0101m. T\u0101s necaurlaid\u012bbu var p\u0101rbaud\u012bt ar 4,5 kg t\u0113rauda lod\u012btes triecienu, un t\u0101s iztur\u012bbu pret noveco\u0161anu p\u0101rbauda pa\u0101trin\u0101tas noveco\u0161anas test\u0101, kas liecina par 15 gadu kalpo\u0161anas laiku, to lietojot \u0101rpus telp\u0101m - 8-15 rei\u017eu k\u0101 parasto mark\u012bzi. Turkl\u0101t t\u0101 ir aizsarg\u0101ta pret UV starojumu un sp\u0113j iztur\u0113t taif\u016bnu 12.  \u0160\u012b s\u0113rija ir aizsarg\u0101ta ar patentu un garant\u0113 stabilu kvalit\u0101ti.<\/p>\n<p>\u00a0\u00a0\u00a0\u00a0\u00a0\u00a0\u00a0\u00a0\u00a0\u00a0\u00a0\u00a0polikarbon\u0101ta mark\u012bzes tiek ra\u017eotas daudzum\u0101 un garant\u0113 kvalit\u0101ti.  T\u0101 ir viegli uzst\u0101d\u0101ma un ir lab\u0101k\u0101 izv\u0113le nekustamo \u012bpa\u0161umu att\u012bst\u012bt\u0101ju un \u012bpa\u0161umu apsaimnieko\u0161anas uz\u0146\u0113mumu tentu risin\u0101jumam.  Tradicion\u0101lo t\u0113rauda mark\u012b\u017eu izgatavo\u0161anai nav nepiecie\u0161ama darbn\u012bca un str\u0101dnieki, t\u0101d\u0113j\u0101di samazinot izmaksas.<\/p>\n<p>\u00a0<img decoding=\"async\" src=\"https:\/\/sc01.alicdn.com\/kf\/H099167a0f65f4900bf63ad604b9e13e7V\/200162319\/H099167a0f65f4900bf63ad604b9e13e7V.jpg\" alt=\"Polikarbon\u0101ta nojume skaidra pc mark\u012bze 600 * 600 mm Alum\u012bnija nojumes kron\u0161teins\" width=\"630\" height=\"630\" data-src=\"\/\/sc01.alicdn.com\/kf\/H099167a0f65f4900bf63ad604b9e13e7V\/200162319\/H099167a0f65f4900bf63ad604b9e13e7V.jpg\" data-alt=\"Polycarbonate canopy clear pc awning 600*600mm Aluminum canopy bracket\" data-width=\"630\" data- title=\"\"><img decoding=\"async\" src=\"https:\/\/sc02.alicdn.com\/kf\/HTB1c_rWJVXXXXXfXXXXq6xXFXXX4\/200162319\/HTB1c_rWJVXXXXXfXXXXq6xXFXXX4.jpg\" alt=\"Polikarbon\u0101ta nojume skaidra pc mark\u012bze 600 * 600 mm Alum\u012bnija nojumes kron\u0161teins\" width=\"630\" height=\"436.9893899204244\" data-src=\"\/\/sc02.alicdn.com\/kf\/HTB1c_rWJVXXXXXfXXXXq6xXFXXX4\/200162319\/HTB1c_rWJVXXXXXfXXXXq6xXFXXX4.jpg\" data-alt=\"Polycarbonate canopy clear pc awning 600*600mm Aluminum canopy bracket\" data-width=\"630\" data- title=\"\"><img decoding=\"async\" src=\"https:\/\/sc02.alicdn.com\/kf\/Hab2ac95f2ca34cec9459c4b7915aac1ef\/200162319\/Hab2ac95f2ca34cec9459c4b7915aac1ef.png\" alt=\"Polikarbon\u0101ta nojume skaidra pc mark\u012bze 600 * 600 mm Alum\u012bnija nojumes kron\u0161teins\" width=\"630\" height=\"507.27272727272725\" data-src=\"\/\/sc02.alicdn.com\/kf\/Hab2ac95f2ca34cec9459c4b7915aac1ef\/200162319\/Hab2ac95f2ca34cec9459c4b7915aac1ef.png\" data-alt=\"Polycarbonate canopy clear pc awning 600*600mm Aluminum canopy bracket\" data-width=\"630\" data- title=\"\"><img decoding=\"async\" src=\"https:\/\/sc01.alicdn.com\/kf\/H9272fa42caf843959a9af6e8f6554a49Z\/200162319\/H9272fa42caf843959a9af6e8f6554a49Z.jpg\" alt=\"Polikarbon\u0101ta nojume skaidra pc mark\u012bze 600 * 600 mm Alum\u012bnija nojumes kron\u0161teins\" width=\"630\" height=\"420.21000000000004\" data-src=\"\/\/sc01.alicdn.com\/kf\/H9272fa42caf843959a9af6e8f6554a49Z\/200162319\/H9272fa42caf843959a9af6e8f6554a49Z.jpg\" data-alt=\"Polycarbonate canopy clear pc awning 600*600mm Aluminum canopy bracket\" data-width=\"630\" data- title=\"\"><img decoding=\"async\" src=\"https:\/\/sc01.alicdn.com\/kf\/H8ab2ccf15d5542e7a82269c541d00856p\/200162319\/H8ab2ccf15d5542e7a82269c541d00856p.jpg\" alt=\"Polikarbon\u0101ta nojume skaidra pc mark\u012bze 600 * 600 mm Alum\u012bnija nojumes kron\u0161teins\" width=\"630\" height=\"420.21000000000004\" data-src=\"\/\/sc01.alicdn.com\/kf\/H8ab2ccf15d5542e7a82269c541d00856p\/200162319\/H8ab2ccf15d5542e7a82269c541d00856p.jpg\" data-alt=\"Polycarbonate canopy clear pc awning 600*600mm Aluminum canopy bracket\" data-width=\"630\" data- title=\"\"><\/p>\n<\/div>\n<div id=\"ali-anchor-AliPostDhMb-7du1m\" data-section=\"AliPostDhMb-7du1m\" data-section-title=\"Packaging &amp; Shipping\">\n<div id=\"ali-title-AliPostDhMb-7du1m\">Iepakojums un pieg\u0101de<\/div>\n<div>\n<p>\u00a0<img decoding=\"async\" src=\"https:\/\/sc01.alicdn.com\/kf\/Hb3bdebb96a2849458ce6dfcbaa19c5d15\/200162319\/Hb3bdebb96a2849458ce6dfcbaa19c5d15.png\" alt=\"Polikarbon\u0101ta nojume skaidra pc mark\u012bze 600 * 600 mm Alum\u012bnija nojumes kron\u0161teins\" width=\"630\" height=\"312.9083665338646\" data-src=\"\/\/sc01.alicdn.com\/kf\/Hb3bdebb96a2849458ce6dfcbaa19c5d15\/200162319\/Hb3bdebb96a2849458ce6dfcbaa19c5d15.png\" data-alt=\"Polycarbonate canopy clear pc awning 600*600mm Aluminum canopy bracket\" data-width=\"630\" data- title=\"\"><img decoding=\"async\" src=\"https:\/\/sc02.alicdn.com\/kf\/Hd05fdb0988024155a7956963ea5973acD\/200162319\/Hd05fdb0988024155a7956963ea5973acD.png\" alt=\"Polikarbon\u0101ta nojume skaidra pc mark\u012bze 600 * 600 mm Alum\u012bnija nojumes kron\u0161teins\" width=\"630\" height=\"474.58885941644564\" data-src=\"\/\/sc02.alicdn.com\/kf\/Hd05fdb0988024155a7956963ea5973acD\/200162319\/Hd05fdb0988024155a7956963ea5973acD.png\" data-alt=\"Polycarbonate canopy clear pc awning 600*600mm Aluminum canopy bracket\" data-width=\"630\" data- title=\"\"><img decoding=\"async\" src=\"https:\/\/sc02.alicdn.com\/kf\/H02a52324dc024cdcbaee8c550d0c5b3cR\/200162319\/H02a52324dc024cdcbaee8c550d0c5b3cR.png\" alt=\"Polikarbon\u0101ta nojume skaidra pc mark\u012bze 600 * 600 mm Alum\u012bnija nojumes kron\u0161teins\" width=\"630\" height=\"214.7347480106101\" data-src=\"\/\/sc02.alicdn.com\/kf\/H02a52324dc024cdcbaee8c550d0c5b3cR\/200162319\/H02a52324dc024cdcbaee8c550d0c5b3cR.png\" data-alt=\"Polycarbonate canopy clear pc awning 600*600mm Aluminum canopy bracket\" data-width=\"630\" data- title=\"\"><\/p>\n<\/div>\n<\/div>","protected":false},"featured_media":14364,"parent":0,"template":"","product-catagories":[171],"product-tag":[],"class_list":["post-15388","product","type-product","status-publish","has-post-thumbnail","hentry","product-catagories-awning"],"acf":[],"_links":{"self":[{"href":"https:\/\/www.tononplastics.com\/lv\/wp-json\/wp\/v2\/product\/15388","targetHints":{"allow":["GET"]}}],"collection":[{"href":"https:\/\/www.tononplastics.com\/lv\/wp-json\/wp\/v2\/product"}],"about":[{"href":"https:\/\/www.tononplastics.com\/lv\/wp-json\/wp\/v2\/types\/product"}],"version-history":[{"count":0,"href":"https:\/\/www.tononplastics.com\/lv\/wp-json\/wp\/v2\/product\/15388\/revisions"}],"wp:featuredmedia":[{"embeddable":true,"href":"https:\/\/www.tononplastics.com\/lv\/wp-json\/wp\/v2\/media\/14364"}],"wp:attachment":[{"href":"https:\/\/www.tononplastics.com\/lv\/wp-json\/wp\/v2\/media?parent=15388"}],"wp:term":[{"taxonomy":"product-catagories","embeddable":true,"href":"https:\/\/www.tononplastics.com\/lv\/wp-json\/wp\/v2\/product-catagories?post=15388"},{"taxonomy":"product-tag","embeddable":true,"href":"https:\/\/www.tononplastics.com\/lv\/wp-json\/wp\/v2\/product-tag?post=15388"}],"curies":[{"name":"wp","href":"https:\/\/api.w.org\/{rel}","templated":true}]}}