{"id":15392,"date":"2023-08-23T23:57:06","date_gmt":"2023-08-23T15:57:06","guid":{"rendered":"https:\/\/tononplastics.com\/?post_type=product&#038;p=15392"},"modified":"2024-03-25T17:18:59","modified_gmt":"2024-03-25T09:18:59","slug":"durable-polycarbonate-window-awning-brackets-for-canopy","status":"publish","type":"product","link":"https:\/\/www.tononplastics.com\/lv\/product\/durable-polycarbonate-window-awning-brackets-for-canopy\/","title":{"rendered":"Iztur\u012bgi polikarbon\u0101ta logu nojumes kron\u0161teini nojumei"},"content":{"rendered":"<p><strong>Nojume Produkta \u012bpa\u0161\u012bba:<\/strong><\/p>\n<p data-spm-anchor-id=\"a2700.details.0.i27.5cb425173i2LV2\">V\u0113ja iztur\u012bba, triecieniztur\u012bba, pretnoveco\u0161an\u0101s, pretkorozijas, pa\u0161att\u012br\u012b\u0161an\u0101s no lietus \u016bdens, liekta konstrukcija trok\u0161\u0146a samazin\u0101\u0161anai, UV filtr\u0101cija, 80% gaismas caurlaid\u012bba.<\/p>\n<p><strong>Nojumes specifik\u0101cija:<\/strong><\/p>\n<table class=\"aliDataTable\" style=\"width: 636px; height: 560px;\">\n<tbody>\n<tr style=\"height: 28px;\" align=\"left\">\n<td style=\"height: 28px;\" valign=\"top\">\n<p>N\u0113.<\/p>\n<\/td>\n<td style=\"height: 28px;\" align=\"center\" valign=\"top\">\n<p>Modelis<\/p>\n<\/td>\n<td style=\"height: 28px;\" valign=\"top\">\n<p>Spec.(w*D)mm<\/p>\n<\/td>\n<\/tr>\n<tr style=\"height: 118px;\" align=\"left\">\n<td style=\"height: 590px;\" rowspan=\"5\" valign=\"top\">\n<p>Merican mark\u012bze<\/p>\n<\/td>\n<td style=\"height: 118px;\" align=\"center\" valign=\"top\">\n<p>600<\/p>\n<\/td>\n<td style=\"height: 118px;\" valign=\"top\">\n<p>600*600, 600*800, 600*1000<\/p>\n<\/td>\n<\/tr>\n<tr style=\"height: 118px;\" align=\"left\">\n<td style=\"height: 118px;\" align=\"center\" valign=\"top\">\n<p>800<\/p>\n<\/td>\n<td style=\"height: 118px;\" valign=\"top\">\n<p>800*800 ,800*1000, 800*1200<\/p>\n<\/td>\n<\/tr>\n<tr style=\"height: 118px;\" align=\"left\">\n<td style=\"height: 118px;\" align=\"center\" valign=\"top\">\n<p>1000<\/p>\n<\/td>\n<td style=\"height: 118px;\" valign=\"top\">\n<p>1000*1000 ,1000*1200,1000*1500<\/p>\n<\/td>\n<\/tr>\n<tr style=\"height: 118px;\" align=\"left\">\n<td style=\"height: 118px;\" align=\"center\" valign=\"top\">\n<p>1200<\/p>\n<\/td>\n<td style=\"height: 118px;\" valign=\"top\">\n<p>1200*1200 ,1200*1000,,1200*1500<\/p>\n<\/td>\n<\/tr>\n<tr style=\"height: 118px;\" align=\"left\">\n<td style=\"height: 118px;\" align=\"center\" valign=\"top\">\n<p>1500<\/p>\n<\/td>\n<td style=\"height: 118px;\" valign=\"top\">\n<p>1500*1000 ,1500*1200<\/p>\n<\/td>\n<\/tr>\n<\/tbody>\n<\/table>\n<div><img decoding=\"async\" src=\"https:\/\/sc02.alicdn.com\/kf\/HTB1c_rWJVXXXXXfXXXXq6xXFXXX4\/200162319\/HTB1c_rWJVXXXXXfXXXXq6xXFXXX4.jpg\" alt=\"Iztur\u012bgi polikarbon\u0101ta logu nojumes kron\u0161teini nojumei\" width=\"630\" height=\"436.9893899204244\" data-src=\"\/\/sc02.alicdn.com\/kf\/HTB1c_rWJVXXXXXfXXXXq6xXFXXX4\/200162319\/HTB1c_rWJVXXXXXfXXXXq6xXFXXX4.jpg\" data-alt=\"Durable polycarbonate window awning brackets for canopy\" data-width=\"630\" data- title=\"\"><\/div>\n<div><img decoding=\"async\" src=\"https:\/\/sc02.alicdn.com\/kf\/HTB1xO6PJVXXXXXQXpXXq6xXFXXXE\/200162319\/HTB1xO6PJVXXXXXQXpXXq6xXFXXXE.jpg\" alt=\"Iztur\u012bgi polikarbon\u0101ta logu nojumes kron\u0161teini nojumei\" width=\"630\" height=\"763.5600000000001\" data-src=\"\/\/sc02.alicdn.com\/kf\/HTB1xO6PJVXXXXXQXpXXq6xXFXXXE\/200162319\/HTB1xO6PJVXXXXXQXpXXq6xXFXXXE.jpg\" data-alt=\"Durable polycarbonate window awning brackets for canopy\" data-width=\"630\" data- title=\"\"><\/div>\n<div>\u00a0<\/div>\n<div id=\"ali-anchor-AliPostDhMb-w8n97\" data-section=\"AliPostDhMb-w8n97\" data-section-title=\"Packaging &amp; Shipping\">\n<div id=\"ali-title-AliPostDhMb-w8n97\"><strong>Iepakojums un pieg\u0101de<\/strong><\/div>\n<div>\n<p>\u00a0<img decoding=\"async\" src=\"https:\/\/sc01.alicdn.com\/kf\/HTB1whXpKXXXXXckXFXXq6xXFXXXA\/200162319\/HTB1whXpKXXXXXckXFXXq6xXFXXXA.jpg\" width=\"630\" height=\"191.33858267716533\" data-src=\"\/\/sc01.alicdn.com\/kf\/HTB1whXpKXXXXXckXFXXq6xXFXXXA\/200162319\/HTB1whXpKXXXXXckXFXXq6xXFXXXA.jpg\" data-width=\"630\" data- alt=\"\" title=\"\"><\/p>\n<p>\u00a0<\/p>\n<\/div>\n<\/div>\n<p><strong><span style=\"font-size: revert; color: initial;\">Gaismas p\u0101rraide<\/span><\/strong><\/p>\n<div>\n<p>Gaismas caurlaid\u012bba atkar\u012bb\u0101 no kr\u0101sas un biezuma sasniedz 12%-82%.<\/p>\n<p><strong>Aizsardz\u012bba pret UV stariem<\/strong><br \/>Pateicoties patent\u0113tajam pret UV starojuma p\u0101rkl\u0101jumam, polikarbon\u0101ta jumta logi saglab\u0101 perfektu meh\u0101nisko un optisko veiktsp\u0113ju p\u0113c pak\u013cau\u0161anas iedarb\u012bbai.<\/p>\n<p><strong>Laikapst\u0101k\u013cu sp\u0113jas<\/strong><br \/>Tam piem\u012bt \u012bpa\u0161i laba iztur\u012bba pret laikapst\u0101k\u013ciem, kas nodro\u0161ina lielisku veiktsp\u0113ju pla\u0161\u0101 temperat\u016bras diapazon\u0101 no -40 \u00b0C l\u012bdz 120 \u00b0C.<br \/>Ugunsdro\u0161\u012bba: UL degam\u012bba 94 V-2<\/p>\n<p><strong>Viegla uzst\u0101d\u012b\u0161ana<\/strong><br \/>Viegli uzst\u0101d\u0101ms, un to var saliekt aukstum\u0101<\/p>\n<p><strong>Triecieniztur\u012bba<\/strong><br \/>250-300 rei\u017eu liel\u0101ka triecieniztur\u012bba nek\u0101 parastajam stiklam un 30 rei\u017eu liel\u0101ka nek\u0101 t\u0101da pa\u0161a biezuma akrila pane\u013ciem, kas ir 2-20 reizes vair\u0101k nek\u0101 r\u016bd\u012bts stikls, kas kr\u012bt divus metrus zem 3 kg \u0101murs bez plais\u0101m, bez boj\u0101jumiem.<\/p>\n<p><img decoding=\"async\" src=\"https:\/\/sc01.alicdn.com\/kf\/H0ae698f80b9840449576927fcabf54feZ\/200162319\/H0ae698f80b9840449576927fcabf54feZ.jpg\" alt=\"Iztur\u012bgi polikarbon\u0101ta logu nojumes kron\u0161teini nojumei\" width=\"630\" height=\"662.76\" data-src=\"\/\/sc01.alicdn.com\/kf\/H0ae698f80b9840449576927fcabf54feZ\/200162319\/H0ae698f80b9840449576927fcabf54feZ.jpg\" data-alt=\"Durable polycarbonate window awning brackets for canopy\" data-width=\"630\" data- title=\"\"><img decoding=\"async\" src=\"https:\/\/sc02.alicdn.com\/kf\/HTB1c_rWJVXXXXXfXXXXq6xXFXXX4\/200162319\/HTB1c_rWJVXXXXXfXXXXq6xXFXXX4.jpg\" alt=\"Iztur\u012bgi polikarbon\u0101ta logu nojumes kron\u0161teini nojumei\" width=\"630\" height=\"436.9893899204244\" data-src=\"\/\/sc02.alicdn.com\/kf\/HTB1c_rWJVXXXXXfXXXXq6xXFXXX4\/200162319\/HTB1c_rWJVXXXXXfXXXXq6xXFXXX4.jpg\" data-alt=\"Durable polycarbonate window awning brackets for canopy\" data-width=\"630\" data- title=\"\"><img decoding=\"async\" src=\"https:\/\/sc01.alicdn.com\/kf\/H8ab2ccf15d5542e7a82269c541d00856p\/200162319\/H8ab2ccf15d5542e7a82269c541d00856p.jpg\" alt=\"Iztur\u012bgi polikarbon\u0101ta logu nojumes kron\u0161teini nojumei\" width=\"630\" height=\"420.21000000000004\" data-src=\"\/\/sc01.alicdn.com\/kf\/H8ab2ccf15d5542e7a82269c541d00856p\/200162319\/H8ab2ccf15d5542e7a82269c541d00856p.jpg\" data-alt=\"Durable polycarbonate window awning brackets for canopy\" data-width=\"630\" data- title=\"\"><img decoding=\"async\" src=\"https:\/\/sc01.alicdn.com\/kf\/Hd35db4f291a3474c9fed03fab96b343dt\/200162319\/Hd35db4f291a3474c9fed03fab96b343dt.jpg\" alt=\"Iztur\u012bgi polikarbon\u0101ta logu nojumes kron\u0161teini nojumei\" width=\"630\" height=\"420.21000000000004\" data-src=\"\/\/sc01.alicdn.com\/kf\/Hd35db4f291a3474c9fed03fab96b343dt\/200162319\/Hd35db4f291a3474c9fed03fab96b343dt.jpg\" data-alt=\"Durable polycarbonate window awning brackets for canopy\" data-width=\"630\" data- title=\"\"><\/p>\n<\/div>","protected":false},"featured_media":15401,"parent":0,"template":"","product-catagories":[171],"product-tag":[],"class_list":["post-15392","product","type-product","status-publish","has-post-thumbnail","hentry","product-catagories-awning"],"acf":[],"_links":{"self":[{"href":"https:\/\/www.tononplastics.com\/lv\/wp-json\/wp\/v2\/product\/15392","targetHints":{"allow":["GET"]}}],"collection":[{"href":"https:\/\/www.tononplastics.com\/lv\/wp-json\/wp\/v2\/product"}],"about":[{"href":"https:\/\/www.tononplastics.com\/lv\/wp-json\/wp\/v2\/types\/product"}],"version-history":[{"count":0,"href":"https:\/\/www.tononplastics.com\/lv\/wp-json\/wp\/v2\/product\/15392\/revisions"}],"wp:featuredmedia":[{"embeddable":true,"href":"https:\/\/www.tononplastics.com\/lv\/wp-json\/wp\/v2\/media\/15401"}],"wp:attachment":[{"href":"https:\/\/www.tononplastics.com\/lv\/wp-json\/wp\/v2\/media?parent=15392"}],"wp:term":[{"taxonomy":"product-catagories","embeddable":true,"href":"https:\/\/www.tononplastics.com\/lv\/wp-json\/wp\/v2\/product-catagories?post=15392"},{"taxonomy":"product-tag","embeddable":true,"href":"https:\/\/www.tononplastics.com\/lv\/wp-json\/wp\/v2\/product-tag?post=15392"}],"curies":[{"name":"wp","href":"https:\/\/api.w.org\/{rel}","templated":true}]}}