{"id":15394,"date":"2023-08-24T00:01:21","date_gmt":"2023-08-23T16:01:21","guid":{"rendered":"https:\/\/tononplastics.com\/?post_type=product&#038;p=15394"},"modified":"2024-04-22T09:03:42","modified_gmt":"2024-04-22T01:03:42","slug":"songlang-polycarbonate-profile-h","status":"publish","type":"product","link":"https:\/\/www.tononplastics.com\/lv\/product\/songlang-polycarbonate-profile-h\/","title":{"rendered":"Polikarbon\u0101ta profils H"},"content":{"rendered":"<figure class=\"wp-block-gallery has-nested-images columns-default is-cropped wp-block-gallery-1 is-layout-flex wp-block-gallery-is-layout-flex\">\n<figure class=\"wp-block-image size-large\"><img fetchpriority=\"high\" decoding=\"async\" width=\"800\" height=\"800\" data-id=\"13968\" src=\"https:\/\/www.tononplastics.com\/wp-content\/uploads\/2023\/05\/polycarbonate-redge-cap.jpg\" alt=\"\" class=\"wp-image-13968\" title=\"\" srcset=\"https:\/\/www.tononplastics.com\/wp-content\/uploads\/2023\/05\/polycarbonate-redge-cap.jpg 800w, https:\/\/www.tononplastics.com\/wp-content\/uploads\/2023\/05\/polycarbonate-redge-cap-300x300.jpg 300w, https:\/\/www.tononplastics.com\/wp-content\/uploads\/2023\/05\/polycarbonate-redge-cap-150x150.jpg 150w, https:\/\/www.tononplastics.com\/wp-content\/uploads\/2023\/05\/polycarbonate-redge-cap-768x768.jpg 768w\" sizes=\"(max-width: 800px) 100vw, 800px\" \/><\/figure>\n\n\n\n<figure class=\"wp-block-image size-large\"><img decoding=\"async\" width=\"800\" height=\"800\" data-id=\"13745\" src=\"https:\/\/www.tononplastics.com\/wp-content\/uploads\/2023\/05\/transparent-roofing-sheet.jpg\" alt=\"\" class=\"wp-image-13745\" title=\"\" srcset=\"https:\/\/www.tononplastics.com\/wp-content\/uploads\/2023\/05\/transparent-roofing-sheet.jpg 800w, https:\/\/www.tononplastics.com\/wp-content\/uploads\/2023\/05\/transparent-roofing-sheet-300x300.jpg 300w, https:\/\/www.tononplastics.com\/wp-content\/uploads\/2023\/05\/transparent-roofing-sheet-150x150.jpg 150w, https:\/\/www.tononplastics.com\/wp-content\/uploads\/2023\/05\/transparent-roofing-sheet-768x768.jpg 768w\" sizes=\"(max-width: 800px) 100vw, 800px\" \/><\/figure>\n<\/figure>\n\n\n\n<p>saul\u0113 ar sl\u0101\u0146o\u0161anu galvenok\u0101rt izmanto pl\u0101k\u0161\u0146u un pl\u0101k\u0161\u0146u savienojuma un lielu interv\u0101lu starp izmantot ku\u0123a un ku\u0123a savienojumu starp d\u0113\u013cu.<br>Gan skaista, gan vienk\u0101r\u0161a.konstrukcijas uzst\u0101d\u012b\u0161ana un \u0113rta, kr\u0101su var izv\u0113l\u0113ties atbilsto\u0161i in\u017eeniertehnisko instal\u0101ciju lapu kr\u0101su sinhroniz\u0101cijai.,<\/p>\n\n\n\n<p><strong>Materi\u0101ls:<\/strong>\u00a0V\u0101cijas Bayer Markolon polikarbon\u0101ts\/amerik\u0101\u0146u GE Lexan polikarbon\u0101ts<br><strong>Specifik\u0101cija:<\/strong>\u00a06 m\/gad\u0101, daudzums vai atbilsto\u0161i klientu \u012bpa\u0161\u0101m vajadz\u012bb\u0101m (transport\u0113\u0161anas apst\u0101k\u013cos).<\/p>\n\n\n\n<p>4 mm PC-Hpick up 6 mm in PC-H \u0146em 8 mm in PC-H pick10 mm in PC-H no 12 mm l\u012bdz ~ 20 mm tr\u012bs sl\u0101\u0146u pl\u0101ksnes PC-H in PC saules d\u0113\u013ca U atbilst malas galvenok\u0101rt izmanto saules galos ku\u0123a bl\u012bv\u0113juma, nov\u0113r\u0161 putek\u013cu, lietus un kukai\u0146i ku\u0123a caurumu, ietekm\u0113 d\u0113\u013cu kalpo\u0161anas laiku un skaisti!<\/p>\n\n\n\n<p>\u00a0<strong>Materi\u0101ls: <\/strong>V\u0101cijas Bayer Markolon polikarbon\u0101ts\/amerik\u0101\u0146u GE Lexan polikarbon\u0101ts<br><strong>Specifik\u0101cija:<\/strong> 6 m\/gad\u0101, daudzums vai atbilsto\u0161i klientu \u012bpa\u0161\u0101m vajadz\u012bb\u0101m (transport\u0113\u0161anas apst\u0101k\u013cos). 4 mm ~ 6 mm PC-U, lai sa\u0146emtu malu l\u012bdz 8 mm l\u012bdz 10 mmPC-U malas.<\/p>\n\n\n\n<figure class=\"wp-block-image\"><img decoding=\"async\" src=\"https:\/\/sc02.alicdn.com\/kf\/H4a5e33e5f1034bce8dde77f9a90d1cd9q\/200162319\/H4a5e33e5f1034bce8dde77f9a90d1cd9q.png\" alt=\"Songlang polikarbon\u0101ta profils H\" title=\"\"><\/figure>\n\n\n\n<figure class=\"wp-block-image\"><img decoding=\"async\" src=\"https:\/\/sc02.alicdn.com\/kf\/Hd05fdb0988024155a7956963ea5973acD\/200162319\/Hd05fdb0988024155a7956963ea5973acD.png\" alt=\"Songlang polikarbon\u0101ta profils H\" title=\"\"><\/figure>\n\n\n\n<figure class=\"wp-block-image\"><img decoding=\"async\" src=\"https:\/\/sc02.alicdn.com\/kf\/H02a52324dc024cdcbaee8c550d0c5b3cR\/200162319\/H02a52324dc024cdcbaee8c550d0c5b3cR.png\" alt=\"Songlang polikarbon\u0101ta profils H\" title=\"\"><\/figure>\n\n\n\n<div class=\"wp-block-columns is-layout-flex wp-container-core-columns-is-layout-28f84493 wp-block-columns-is-layout-flex\"><\/div>","protected":false},"featured_media":16747,"parent":0,"template":"","product-catagories":[174,172],"product-tag":[],"class_list":["post-15394","product","type-product","status-publish","has-post-thumbnail","hentry","product-catagories-polycarbonate-corrugated-sheet","product-catagories-polycarbonate-light-diffuse-sheet"],"acf":[],"_links":{"self":[{"href":"https:\/\/www.tononplastics.com\/lv\/wp-json\/wp\/v2\/product\/15394","targetHints":{"allow":["GET"]}}],"collection":[{"href":"https:\/\/www.tononplastics.com\/lv\/wp-json\/wp\/v2\/product"}],"about":[{"href":"https:\/\/www.tononplastics.com\/lv\/wp-json\/wp\/v2\/types\/product"}],"version-history":[{"count":0,"href":"https:\/\/www.tononplastics.com\/lv\/wp-json\/wp\/v2\/product\/15394\/revisions"}],"wp:featuredmedia":[{"embeddable":true,"href":"https:\/\/www.tononplastics.com\/lv\/wp-json\/wp\/v2\/media\/16747"}],"wp:attachment":[{"href":"https:\/\/www.tononplastics.com\/lv\/wp-json\/wp\/v2\/media?parent=15394"}],"wp:term":[{"taxonomy":"product-catagories","embeddable":true,"href":"https:\/\/www.tononplastics.com\/lv\/wp-json\/wp\/v2\/product-catagories?post=15394"},{"taxonomy":"product-tag","embeddable":true,"href":"https:\/\/www.tononplastics.com\/lv\/wp-json\/wp\/v2\/product-tag?post=15394"}],"curies":[{"name":"wp","href":"https:\/\/api.w.org\/{rel}","templated":true}]}}