{"id":15407,"date":"2023-08-22T11:06:28","date_gmt":"2023-08-22T03:06:28","guid":{"rendered":"https:\/\/tononplastics.com\/?post_type=product&#038;p=15407"},"modified":"2024-03-25T16:58:25","modified_gmt":"2024-03-25T08:58:25","slug":"bathroom-partition-polycarbonate-grinding-sheet","status":"publish","type":"product","link":"https:\/\/www.tononplastics.com\/lv\/product\/bathroom-partition-polycarbonate-grinding-sheet\/","title":{"rendered":"Vannas istabas starpsiena - polikarbon\u0101ta sl\u012bp\u0113\u0161anas loksne"},"content":{"rendered":"<p>Tehnisk\u0101s specifik\u0101cijas:<\/p>\n<p>1, triecieniztur\u012bba: 850 J\/m<\/p>\n<p>2, eifotiskais \u0101trums: 90%<\/p>\n<p>3, stiepes iztur\u012bba: &gt; 60 N\/bija<\/p>\n<p>4, lieces iztur\u012bba: 100 N\/bija<\/p>\n<p>5, termisk\u0101s deform\u0101cijas temperat\u016bra: 140 \u00b0C<\/p>\n<p>6, garenisk\u0101 lieces iztur\u012bba: 112 MPa<\/p>\n<p>7 un s\u0101nu lieces iztur\u012bba: 107 MPa<\/p>\n<p>8, sk\u0101bek\u013ca indekss: 21%<\/p>\n<p><img fetchpriority=\"high\" decoding=\"async\" class=\"\" src=\"https:\/\/sc02.alicdn.com\/kf\/Hc7e08cb76a9a41b984ddcf4983f499c38\/200162319\/Hc7e08cb76a9a41b984ddcf4983f499c38.jpg\" alt=\"Vannas istabas starpsiena - polikarbon\u0101ta sl\u012bp\u0113\u0161anas loksne\" width=\"378\" height=\"378\" data-src=\"\/\/sc02.alicdn.com\/kf\/Hc7e08cb76a9a41b984ddcf4983f499c38\/200162319\/Hc7e08cb76a9a41b984ddcf4983f499c38.jpg\" data-alt=\"Bathroom partition---polycarbonate Grinding sheet\" data-width=\"630\" data- title=\"\"><img decoding=\"async\" class=\"\" src=\"https:\/\/sc02.alicdn.com\/kf\/Hbdfc9ad4c729484daa1291b1050c2c2fx\/200162319\/Hbdfc9ad4c729484daa1291b1050c2c2fx.jpg\" alt=\"Vannas istabas starpsiena - polikarbon\u0101ta sl\u012bp\u0113\u0161anas loksne\" width=\"428\" height=\"428\" data-src=\"\/\/sc02.alicdn.com\/kf\/Hbdfc9ad4c729484daa1291b1050c2c2fx\/200162319\/Hbdfc9ad4c729484daa1291b1050c2c2fx.jpg\" data-alt=\"Bathroom partition---polycarbonate Grinding sheet\" data-width=\"630\" data- title=\"\"><img decoding=\"async\" class=\"\" src=\"https:\/\/sc01.alicdn.com\/kf\/He8274ae2b415410ca5198fdb7cc29c56f\/200162319\/He8274ae2b415410ca5198fdb7cc29c56f.jpg\" alt=\"Vannas istabas starpsiena - polikarbon\u0101ta sl\u012bp\u0113\u0161anas loksne\" width=\"367\" height=\"367\" data-src=\"\/\/sc01.alicdn.com\/kf\/He8274ae2b415410ca5198fdb7cc29c56f\/200162319\/He8274ae2b415410ca5198fdb7cc29c56f.jpg\" data-alt=\"Bathroom partition---polycarbonate Grinding sheet\" data-width=\"630\" data- title=\"\"><img loading=\"lazy\" decoding=\"async\" class=\"\" src=\"https:\/\/sc01.alicdn.com\/kf\/HTB1g6aWSFXXXXbQapXXq6xXFXXXu\/200162319\/HTB1g6aWSFXXXXbQapXXq6xXFXXXu.jpg\" alt=\"Vannas istabas starpsiena - polikarbon\u0101ta sl\u012bp\u0113\u0161anas loksne\" width=\"471\" height=\"315\" data-src=\"\/\/sc01.alicdn.com\/kf\/HTB1g6aWSFXXXXbQapXXq6xXFXXXu\/200162319\/HTB1g6aWSFXXXXbQapXXq6xXFXXXu.jpg\" data-alt=\"Bathroom partition---polycarbonate Grinding sheet\" data-width=\"630\" data- title=\"\"><\/p>\n<p>(1) caurlaid\u012bga gaismas kvalit\u0101te laba: caursp\u012bd\u012bga PC padome euphotic likme var sasniegt 88%<\/p>\n<p>(2) triecieniztur\u012bgs: triecieniztur\u012bba ir kop\u012bga stikla 250-300 reizes, t\u0101da pa\u0161a biezuma akrila loksnes 30 reizes, izmantojiet 3 kg \u0101muru, lai nov\u0113rstu ar\u012b \u0161\u0101du divu metru kritumu.<\/p>\n<p>(3) ultraviolet\u0101 profilakse: produkta virsmai ir uv koekstr\u016bzijas sl\u0101nis, var blo\u0137\u0113t ultravioleto staru caur, un piem\u0113rots d\u0101rgmet\u0101lu m\u0101kslas un ekspon\u0101tu aizsardz\u012bbai, lai to pasarg\u0101tu no uv boj\u0101jumiem.<\/p>\n<p>(4) vieglais svars: tikai puse no stikla proporcijas, ietaupiet transport\u0113\u0161anas, p\u0101rvieto\u0161anas, izkrau\u0161anas, uzst\u0101d\u012b\u0161anas un atbalsta strukt\u016bras izmaksas.<\/p>\n<p>(5) antipir\u0113ns: P\u0113c ugunsgr\u0113ka dz\u0113\u0161anas, apdegumi nerad\u012bs toksiskas g\u0101zes, neveicin\u0101s uguns izplat\u012b\u0161anos. 5: datoru pl\u0101tnes to uzliesmo\u0161anas temperat\u016bra ir 580 gr\u0101di p\u0113c Celsija.<\/p>\n<p>(6) var izliekt dzimumu: saska\u0146\u0101 ar dizainu uz vietas aukst\u0101 lieces re\u017e\u012bm\u0101.<\/p>\n<p><strong><span style=\"color: initial;\">Inform\u0101cija par uz\u0146\u0113mumu<\/span><\/strong><\/p>\n<div id=\"ali-anchor-AliPostDhMb-lc90p\" data-section=\"AliPostDhMb-lc90p\" data-section-title=\"Company Information\">\n<div>\n<p><img decoding=\"async\" src=\"https:\/\/sc01.alicdn.com\/kf\/H74247c1d61554ba2a775e9ce59244207e\/200162319\/H74247c1d61554ba2a775e9ce59244207e.jpg\" alt=\"Vannas istabas starpsiena - polikarbon\u0101ta sl\u012bp\u0113\u0161anas loksne\" width=\"630\" height=\"509.04\" data-src=\"\/\/sc01.alicdn.com\/kf\/H74247c1d61554ba2a775e9ce59244207e\/200162319\/H74247c1d61554ba2a775e9ce59244207e.jpg\" data-alt=\"Bathroom partition---polycarbonate Grinding sheet\" data-width=\"630\" data- title=\"\"><img decoding=\"async\" src=\"https:\/\/sc02.alicdn.com\/kf\/H02a52324dc024cdcbaee8c550d0c5b3cR\/200162319\/H02a52324dc024cdcbaee8c550d0c5b3cR.png\" alt=\"Vannas istabas starpsiena - polikarbon\u0101ta sl\u012bp\u0113\u0161anas loksne\" width=\"630\" height=\"214.7347480106101\" data-src=\"\/\/sc02.alicdn.com\/kf\/H02a52324dc024cdcbaee8c550d0c5b3cR\/200162319\/H02a52324dc024cdcbaee8c550d0c5b3cR.png\" data-alt=\"Bathroom partition---polycarbonate Grinding sheet\" data-width=\"630\" data- title=\"\"><img decoding=\"async\" src=\"https:\/\/sc02.alicdn.com\/kf\/Hd05fdb0988024155a7956963ea5973acD\/200162319\/Hd05fdb0988024155a7956963ea5973acD.png\" alt=\"Vannas istabas starpsiena - polikarbon\u0101ta sl\u012bp\u0113\u0161anas loksne\" width=\"630\" height=\"474.58885941644564\" data-src=\"\/\/sc02.alicdn.com\/kf\/Hd05fdb0988024155a7956963ea5973acD\/200162319\/Hd05fdb0988024155a7956963ea5973acD.png\" data-alt=\"Bathroom partition---polycarbonate Grinding sheet\" data-width=\"630\" data- title=\"\"><\/p>\n<\/div>\n<\/div>","protected":false},"featured_media":15412,"parent":0,"template":"","product-catagories":[170],"product-tag":[],"class_list":["post-15407","product","type-product","status-publish","has-post-thumbnail","hentry","product-catagories-polycarbonate-deep-processing"],"acf":[],"_links":{"self":[{"href":"https:\/\/www.tononplastics.com\/lv\/wp-json\/wp\/v2\/product\/15407","targetHints":{"allow":["GET"]}}],"collection":[{"href":"https:\/\/www.tononplastics.com\/lv\/wp-json\/wp\/v2\/product"}],"about":[{"href":"https:\/\/www.tononplastics.com\/lv\/wp-json\/wp\/v2\/types\/product"}],"version-history":[{"count":0,"href":"https:\/\/www.tononplastics.com\/lv\/wp-json\/wp\/v2\/product\/15407\/revisions"}],"wp:featuredmedia":[{"embeddable":true,"href":"https:\/\/www.tononplastics.com\/lv\/wp-json\/wp\/v2\/media\/15412"}],"wp:attachment":[{"href":"https:\/\/www.tononplastics.com\/lv\/wp-json\/wp\/v2\/media?parent=15407"}],"wp:term":[{"taxonomy":"product-catagories","embeddable":true,"href":"https:\/\/www.tononplastics.com\/lv\/wp-json\/wp\/v2\/product-catagories?post=15407"},{"taxonomy":"product-tag","embeddable":true,"href":"https:\/\/www.tononplastics.com\/lv\/wp-json\/wp\/v2\/product-tag?post=15407"}],"curies":[{"name":"wp","href":"https:\/\/api.w.org\/{rel}","templated":true}]}}