{"id":15417,"date":"2023-08-22T11:10:19","date_gmt":"2023-08-22T03:10:19","guid":{"rendered":"https:\/\/tononplastics.com\/?post_type=product&#038;p=15417"},"modified":"2024-03-25T10:58:10","modified_gmt":"2024-03-25T02:58:10","slug":"scratch-solution-resistant-polycarbonate-solid-frosted-polycarbonate-sheet-pc-sheets","status":"publish","type":"product","link":"https:\/\/www.tononplastics.com\/lv\/product\/scratch-solution-resistant-polycarbonate-solid-frosted-polycarbonate-sheet-pc-sheets\/","title":{"rendered":"Pret skr\u0101p\u0113jumiem iztur\u012bgs polikarbon\u0101ta ciets mat\u0113ts polikarbon\u0101ta loksnes pc loksnes"},"content":{"rendered":"<figure class=\"wp-block-gallery has-nested-images columns-default is-cropped wp-block-gallery-1 is-layout-flex wp-block-gallery-is-layout-flex\">\n<figure class=\"wp-block-image size-full\"><img fetchpriority=\"high\" decoding=\"async\" width=\"640\" height=\"640\" data-id=\"15422\" src=\"https:\/\/www.tononplastics.com\/wp-content\/uploads\/2023\/08\/Hdce328a67d81495a812f963bcc590d4e8.jpg\" alt=\"\" class=\"wp-image-15422\" title=\"\" srcset=\"https:\/\/www.tononplastics.com\/wp-content\/uploads\/2023\/08\/Hdce328a67d81495a812f963bcc590d4e8.jpg 640w, https:\/\/www.tononplastics.com\/wp-content\/uploads\/2023\/08\/Hdce328a67d81495a812f963bcc590d4e8-300x300.jpg 300w, https:\/\/www.tononplastics.com\/wp-content\/uploads\/2023\/08\/Hdce328a67d81495a812f963bcc590d4e8-150x150.jpg 150w\" sizes=\"(max-width: 640px) 100vw, 640px\" \/><\/figure>\n\n\n\n<figure class=\"wp-block-image size-full\"><img decoding=\"async\" data-id=\"15954\" src=\"https:\/\/www.tononplastics.com\/wp-content\/uploads\/2024\/03\/HTB15gMmkMKTBuNkSne1q6yJoXXaN.webp\" alt=\"\" class=\"wp-image-15954\" title=\"\"><\/figure>\n<\/figure>\n\n\n<p><strong>Pieteikumi:<br \/><\/strong>1. Lielisks jumta seguma materi\u0101ls, ko pla\u0161i izmanto mansarda logiem, jumta logiem, pagarin\u0101t\u0101m verand\u0101m un siltumn\u012bc\u0101m, komerci\u0101l\u0101m telp\u0101m viesn\u012bc\u0101s, kafejn\u012bc\u0101s, veikalos, butikos un skaistumkop\u0161anas salonos, izst\u0101\u017eu centr\u0101 un telefona kab\u012bn\u0113.<br \/>2. Ska\u0146as izol\u0101cijas sienas automa\u0123istr\u0101l\u0113m, \u0101trgaitas dzelzce\u013cam.<br \/>3. Rekl\u0101mas izk\u0101rtnes.<br \/>4. Dekorat\u012bvais apgaismojums bank\u0101s, slimn\u012bc\u0101s, lidost\u0101s, autoost\u0101s, dzelzce\u013ca stacij\u0101s un b\u0113rnud\u0101rzos.<br \/>5. Netoksisks, saglab\u0101jot saikni ar p\u0101rtiku.<br \/>6. Parast\u0101 stikla aizvieto\u0161ana daudz\u0101s viet\u0101s.<\/p>\n<p><strong>Funkcijas:<br \/><\/strong><span style=\"font-size: revert; color: initial;\">1. Lieliskas fizisk\u0101s, meh\u0101nisk\u0101s \u012bpa\u0161\u012bbas.<br \/><\/span><span style=\"font-size: revert; color: initial;\">2. Laba elektrisk\u0101, siltuma un ska\u0146as izol\u0101cija.<br \/>3. Laba triecieniztur\u012bba un augsta iztur\u012bba.<br \/>4. Laba gaismas caurlaid\u012bba.<br \/>5. Laba temperat\u016bras iztur\u012bba.<br \/>6. Ugunsgr\u0113ka aizkav\u0113\u0161ana.<br \/>7. Netoksisks.<br \/>8. UV aizsardz\u012bba.<br \/>9. L\u0101\u010da noveco\u0161an\u0101s.<\/span><\/p>\n<p><img decoding=\"async\" src=\"https:\/\/sc01.alicdn.com\/kf\/Hee35153016fb4f64a8abd2cf77d8280dQ\/200162319\/Hee35153016fb4f64a8abd2cf77d8280dQ.jpg\" alt=\"Pret skr\u0101p\u0113jumiem iztur\u012bgs polikarbon\u0101ta ciets mat\u0113ts polikarbon\u0101ta loksnes pc loksnes\" width=\"630\" height=\"404.88\" data-src=\"\/\/sc01.alicdn.com\/kf\/Hee35153016fb4f64a8abd2cf77d8280dQ\/200162319\/Hee35153016fb4f64a8abd2cf77d8280dQ.jpg\" data-alt=\"Scratch solution resistant polycarbonate solid frosted polycarbonate sheet pc sheets\" data-width=\"630\" data- title=\"\"><img decoding=\"async\" src=\"https:\/\/sc01.alicdn.com\/kf\/Hc6401cfcb4334b6db778c359d08238c0l\/200162319\/Hc6401cfcb4334b6db778c359d08238c0l.jpg\" alt=\"Pret skr\u0101p\u0113jumiem iztur\u012bgs polikarbon\u0101ta ciets mat\u0113ts polikarbon\u0101ta loksnes pc loksnes\" width=\"630\" height=\"1226.3999999999999\" data-src=\"\/\/sc01.alicdn.com\/kf\/Hc6401cfcb4334b6db778c359d08238c0l\/200162319\/Hc6401cfcb4334b6db778c359d08238c0l.jpg\" data-alt=\"Scratch solution resistant polycarbonate solid frosted polycarbonate sheet pc sheets\" data-width=\"630\" data- title=\"\"><img decoding=\"async\" src=\"https:\/\/sc02.alicdn.com\/kf\/H02a52324dc024cdcbaee8c550d0c5b3cR\/200162319\/H02a52324dc024cdcbaee8c550d0c5b3cR.png\" alt=\"Pret skr\u0101p\u0113jumiem iztur\u012bgs polikarbon\u0101ta ciets mat\u0113ts polikarbon\u0101ta loksnes pc loksnes\" width=\"630\" height=\"214.7347480106101\" data-src=\"\/\/sc02.alicdn.com\/kf\/H02a52324dc024cdcbaee8c550d0c5b3cR\/200162319\/H02a52324dc024cdcbaee8c550d0c5b3cR.png\" data-alt=\"Scratch solution resistant polycarbonate solid frosted polycarbonate sheet pc sheets\" data-width=\"630\" data- title=\"\"><\/p>\n<div id=\"ali-anchor-AliPostDhMb-bo0og\" data-section=\"AliPostDhMb-bo0og\" data-section-title=\"FAQ\">\n<div id=\"ali-title-AliPostDhMb-bo0og\"><strong>BIE\u017d\u0100K UZDOTIE JAUT\u0100JUMI<\/strong><\/div>\n<div>\n<table border=\"0\" cellspacing=\"0\" cellpadding=\"0\">\n<tbody>\n<tr>\n<td colspan=\"2\" height=\"20\">1.Q: Vai j\u016bs esat tirdzniec\u012bbas uz\u0146\u0113mums vai ra\u017eot\u0101js?<\/td>\n<\/tr>\n<tr>\n<td colspan=\"2\" height=\"20\">A: M\u0113s esam ra\u017eot\u0101js.<\/td>\n<\/tr>\n<tr>\n<td colspan=\"2\" height=\"20\">2.Q: Cik ilgs ir j\u016bsu pieg\u0101des laiks?<\/td>\n<\/tr>\n<tr>\n<td colspan=\"2\" height=\"20\">A: Atbilsto\u0161i produkta apstr\u0101des sare\u017e\u0123\u012bt\u012bbai un daudzumam jums tiks dots sapr\u0101t\u012bgs iera\u0161an\u0101s laiks.<\/td>\n<\/tr>\n<tr>\n<td colspan=\"2\" height=\"20\">3.Q: Vai j\u016bs sniedzat paraugus? vai tas ir bezmaksas vai papildus?<\/td>\n<\/tr>\n<tr>\n<td colspan=\"2\" height=\"20\">A: J\u0101, m\u0113s var\u0113tu pied\u0101v\u0101t paraugu bez maksas, bet nemaks\u0101 kravas izmaksas.<\/td>\n<\/tr>\n<tr>\n<td colspan=\"2\" height=\"20\">4.Q: K\u0101di ir p\u0113cp\u0101rdo\u0161anas pakalpojumi?<\/td>\n<\/tr>\n<tr>\n<td colspan=\"2\" height=\"20\">A: Ja rodas kvalit\u0101tes probl\u0113mas, iepakojumu var apmain\u012bt 90 dienu laik\u0101.<\/td>\n<\/tr>\n<\/tbody>\n<\/table>\n<\/div>\n<\/div>","protected":false},"featured_media":15998,"parent":0,"template":"","product-catagories":[170],"product-tag":[],"class_list":["post-15417","product","type-product","status-publish","has-post-thumbnail","hentry","product-catagories-polycarbonate-deep-processing"],"acf":[],"_links":{"self":[{"href":"https:\/\/www.tononplastics.com\/lv\/wp-json\/wp\/v2\/product\/15417","targetHints":{"allow":["GET"]}}],"collection":[{"href":"https:\/\/www.tononplastics.com\/lv\/wp-json\/wp\/v2\/product"}],"about":[{"href":"https:\/\/www.tononplastics.com\/lv\/wp-json\/wp\/v2\/types\/product"}],"version-history":[{"count":0,"href":"https:\/\/www.tononplastics.com\/lv\/wp-json\/wp\/v2\/product\/15417\/revisions"}],"wp:featuredmedia":[{"embeddable":true,"href":"https:\/\/www.tononplastics.com\/lv\/wp-json\/wp\/v2\/media\/15998"}],"wp:attachment":[{"href":"https:\/\/www.tononplastics.com\/lv\/wp-json\/wp\/v2\/media?parent=15417"}],"wp:term":[{"taxonomy":"product-catagories","embeddable":true,"href":"https:\/\/www.tononplastics.com\/lv\/wp-json\/wp\/v2\/product-catagories?post=15417"},{"taxonomy":"product-tag","embeddable":true,"href":"https:\/\/www.tononplastics.com\/lv\/wp-json\/wp\/v2\/product-tag?post=15417"}],"curies":[{"name":"wp","href":"https:\/\/api.w.org\/{rel}","templated":true}]}}