{"id":15420,"date":"2023-08-22T11:11:29","date_gmt":"2023-08-22T03:11:29","guid":{"rendered":"https:\/\/tononplastics.com\/?post_type=product&#038;p=15420"},"modified":"2024-03-25T15:40:17","modified_gmt":"2024-03-25T07:40:17","slug":"led-panel-lighting-diffuserled-light-diffusion-sheet-bulb-diffusing-polycarbonate","status":"publish","type":"product","link":"https:\/\/www.tononplastics.com\/lv\/product\/led-panel-lighting-diffuserled-light-diffusion-sheet-bulb-diffusing-polycarbonate\/","title":{"rendered":"rezult\u0101t\u0101 pane\u013ca apgaismojums difuzors, LED gaismas dif\u016bzijas loksnes spuldze izklied\u0113jot polikarbon\u0101ta"},"content":{"rendered":"<div id=\"ali-anchor-AliPostDhMb-payd1\" class=\"mceSectionContainer\" data-section=\"AliPostDhMb-payd1\" data-section-title=\"Product Description\">\n<div id=\"ali-title-AliPostDhMb-payd1\"><\/div>\n<div>\n<p>\u00a0<img fetchpriority=\"high\" decoding=\"async\" class=\"\" src=\"https:\/\/sc01.alicdn.com\/kf\/H600807c9a63446b58826fc05a3ec45f7R\/200162319\/H600807c9a63446b58826fc05a3ec45f7R.jpg\" alt=\"rezult\u0101t\u0101 pane\u013ca apgaismojums difuzors, LED gaismas dif\u016bzijas loksnes spuldze izklied\u0113jot polikarbon\u0101ta\" width=\"404\" height=\"404\" data-src=\"\/\/sc01.alicdn.com\/kf\/H600807c9a63446b58826fc05a3ec45f7R\/200162319\/H600807c9a63446b58826fc05a3ec45f7R.jpg\" data-alt=\"led panel lighting diffuser,led light diffusion sheet bulb diffusing polycarbonate\" data-width=\"630\" data-spm-anchor-id=\"a2700.details.0.i20.5a162df0k7iIjR\" data- title=\"\"><img decoding=\"async\" class=\"\" src=\"https:\/\/sc01.alicdn.com\/kf\/H6c56ad0c2a0e4d95bc8510ee16b89dd1q\/200162319\/H6c56ad0c2a0e4d95bc8510ee16b89dd1q.jpg\" alt=\"rezult\u0101t\u0101 pane\u013ca apgaismojums difuzors, LED gaismas dif\u016bzijas loksnes spuldze izklied\u0113jot polikarbon\u0101ta\" width=\"412\" height=\"412\" data-src=\"\/\/sc01.alicdn.com\/kf\/H6c56ad0c2a0e4d95bc8510ee16b89dd1q\/200162319\/H6c56ad0c2a0e4d95bc8510ee16b89dd1q.jpg\" data-alt=\"led panel lighting diffuser,led light diffusion sheet bulb diffusing polycarbonate\" data-width=\"630\" data- title=\"\"><\/p>\n<p><strong>Gaismas caurlaid\u012bba:<\/strong><br \/>\nGaismas caurlaid\u012bba atkar\u012bb\u0101 no kr\u0101sas un biezuma sasniedz 12%-82%.<\/p>\n<p><strong>Aizsardz\u012bba pret UV starojumu:<\/strong><br \/>\nPateicoties patent\u0113tajam anti-UV p\u0101rkl\u0101jumam, polikarbon\u0101ta gofr\u0113t\u0101 loksne p\u0113c pak\u013cau\u0161anas iedarb\u012bbai saglab\u0101 perfektu meh\u0101nisko un optisko veiktsp\u0113ju.<\/p>\n<p><strong>Laikapst\u0101k\u013cu sp\u0113jas:<\/strong><br \/>\nTam piem\u012bt \u012bpa\u0161i laba iztur\u012bba pret laikapst\u0101k\u013ciem, kas nodro\u0161ina lielisku veiktsp\u0113ju pla\u0161\u0101 temperat\u016bras diapazon\u0101 no -40 \u00b0C l\u012bdz 120 \u00b0C.<\/p>\n<p><strong>Ugunsdro\u0161\u012bba :<\/strong> UL Degam\u012bba 94 V-2<\/p>\n<p><strong>Viegla uzst\u0101d\u012b\u0161ana<\/strong><br \/>\nViegli uzst\u0101d\u0101ms, un to var saliekt aukstum\u0101<\/p>\n<p><strong>Triecieniztur\u012bba:<\/strong><br \/>\n250-300 rei\u017eu liel\u0101ka triecieniztur\u012bba nek\u0101 parastajam stiklam un 30 rei\u017eu liel\u0101ka nek\u0101 t\u0101da pa\u0161a biezuma akrila pane\u013ciem, kas ir 2-20 rei\u017eu liel\u0101ks nek\u0101 r\u016bd\u012btajam stiklam, kas kr\u012bt divus metrus zem 3 kg \u0101murs bez plais\u0101m, bez salauzt\u0101m da\u013c\u0101m.<\/p>\n<p><strong>Polikarbon\u0101ta gofr\u0113tas loksnes pielietojums:<br \/>\n<\/strong>Automa\u0123istr\u0101\u013cu un pils\u0113tu paaugstin\u0101to ce\u013cu trok\u0161\u0146a barjeras;<br \/>\nLauksaimniec\u012bbas siltumn\u012bca un audz\u0113tava;<br \/>\nM\u016bsdien\u012bgi ekorestor\u0101na griesti;<br \/>\nVisas vien\u012bbas vai \u0161\u016bnu cikla nojume, balkona saulessargs un jumta atp\u016btas kioski nojume;<br \/>\nBiroju \u0113ku, univers\u0101lveikalu, viesn\u012bcu, villu, skolu, slimn\u012bcu, sporta stadionu, izklaides centru un sabiedrisko objektu griestu apgaismojums et .<\/p>\n<\/div>\n<\/div>\n<p><img decoding=\"async\" class=\"\" src=\"https:\/\/sc02.alicdn.com\/kf\/Hdce328a67d81495a812f963bcc590d4e8\/200162319\/Hdce328a67d81495a812f963bcc590d4e8.jpg\" alt=\"rezult\u0101t\u0101 pane\u013ca apgaismojums difuzors, LED gaismas dif\u016bzijas loksnes spuldze izklied\u0113jot polikarbon\u0101ta\" width=\"322\" height=\"322\" data-src=\"\/\/sc02.alicdn.com\/kf\/Hdce328a67d81495a812f963bcc590d4e8\/200162319\/Hdce328a67d81495a812f963bcc590d4e8.jpg\" data-alt=\"led panel lighting diffuser,led light diffusion sheet bulb diffusing polycarbonate\" data-width=\"630\" data- title=\"\"><img loading=\"lazy\" decoding=\"async\" class=\"\" src=\"https:\/\/sc01.alicdn.com\/kf\/Ha35eb9523b0743dbbef517c1f6d500b5t\/200162319\/Ha35eb9523b0743dbbef517c1f6d500b5t.jpg\" alt=\"rezult\u0101t\u0101 pane\u013ca apgaismojums difuzors, LED gaismas dif\u016bzijas loksnes spuldze izklied\u0113jot polikarbon\u0101ta\" width=\"428\" height=\"428\" data-src=\"\/\/sc01.alicdn.com\/kf\/Ha35eb9523b0743dbbef517c1f6d500b5t\/200162319\/Ha35eb9523b0743dbbef517c1f6d500b5t.jpg\" data-alt=\"led panel lighting diffuser,led light diffusion sheet bulb diffusing polycarbonate\" data-width=\"630\" data- title=\"\"><\/p>\n<div id=\"ali-anchor-AliPostDhMb-101z7\" class=\"mceSectionContainer\" data-section=\"AliPostDhMb-101z7\" data-section-title=\"Company Information\">\n<div id=\"ali-title-AliPostDhMb-101z7\"><\/div>\n<\/div>\n<div id=\"ali-anchor-AliPostDhMb-vzyi1\" class=\"mceSectionContainer\" data-section=\"AliPostDhMb-vzyi1\" data-section-title=\"Packaging &amp; Shipping\">\n<div id=\"ali-title-AliPostDhMb-vzyi1\"><strong>Iepakojums un pieg\u0101de<\/strong><\/div>\n<div>\n<p>\u00a0<img decoding=\"async\" src=\"https:\/\/sc02.alicdn.com\/kf\/Hd05fdb0988024155a7956963ea5973acD\/200162319\/Hd05fdb0988024155a7956963ea5973acD.png\" alt=\"rezult\u0101t\u0101 pane\u013ca apgaismojums difuzors, LED gaismas dif\u016bzijas loksnes spuldze izklied\u0113jot polikarbon\u0101ta\" width=\"630\" height=\"474.58885941644564\" data-src=\"\/\/sc02.alicdn.com\/kf\/Hd05fdb0988024155a7956963ea5973acD\/200162319\/Hd05fdb0988024155a7956963ea5973acD.png\" data-alt=\"led panel lighting diffuser,led light diffusion sheet bulb diffusing polycarbonate\" data-width=\"630\" data- title=\"\"><img decoding=\"async\" src=\"https:\/\/sc02.alicdn.com\/kf\/H02a52324dc024cdcbaee8c550d0c5b3cR\/200162319\/H02a52324dc024cdcbaee8c550d0c5b3cR.png\" alt=\"rezult\u0101t\u0101 pane\u013ca apgaismojums difuzors, LED gaismas dif\u016bzijas loksnes spuldze izklied\u0113jot polikarbon\u0101ta\" width=\"630\" height=\"214.7347480106101\" data-src=\"\/\/sc02.alicdn.com\/kf\/H02a52324dc024cdcbaee8c550d0c5b3cR\/200162319\/H02a52324dc024cdcbaee8c550d0c5b3cR.png\" data-alt=\"led panel lighting diffuser,led light diffusion sheet bulb diffusing polycarbonate\" data-width=\"630\" data- title=\"\"><\/p>\n<\/div>\n<\/div>\n<div id=\"ali-anchor-AliPostDhMb-ik3zy\" class=\"mceSectionContainer\" data-section=\"AliPostDhMb-ik3zy\" data-section-title=\"FAQ\">\n<div id=\"ali-title-AliPostDhMb-ik3zy\"><\/div>\n<\/div>","protected":false},"featured_media":15421,"parent":0,"template":"","product-catagories":[170],"product-tag":[],"class_list":["post-15420","product","type-product","status-publish","has-post-thumbnail","hentry","product-catagories-polycarbonate-deep-processing"],"acf":[],"_links":{"self":[{"href":"https:\/\/www.tononplastics.com\/lv\/wp-json\/wp\/v2\/product\/15420","targetHints":{"allow":["GET"]}}],"collection":[{"href":"https:\/\/www.tononplastics.com\/lv\/wp-json\/wp\/v2\/product"}],"about":[{"href":"https:\/\/www.tononplastics.com\/lv\/wp-json\/wp\/v2\/types\/product"}],"version-history":[{"count":0,"href":"https:\/\/www.tononplastics.com\/lv\/wp-json\/wp\/v2\/product\/15420\/revisions"}],"wp:featuredmedia":[{"embeddable":true,"href":"https:\/\/www.tononplastics.com\/lv\/wp-json\/wp\/v2\/media\/15421"}],"wp:attachment":[{"href":"https:\/\/www.tononplastics.com\/lv\/wp-json\/wp\/v2\/media?parent=15420"}],"wp:term":[{"taxonomy":"product-catagories","embeddable":true,"href":"https:\/\/www.tononplastics.com\/lv\/wp-json\/wp\/v2\/product-catagories?post=15420"},{"taxonomy":"product-tag","embeddable":true,"href":"https:\/\/www.tononplastics.com\/lv\/wp-json\/wp\/v2\/product-tag?post=15420"}],"curies":[{"name":"wp","href":"https:\/\/api.w.org\/{rel}","templated":true}]}}