{"id":15424,"date":"2023-08-22T11:12:36","date_gmt":"2023-08-22T03:12:36","guid":{"rendered":"https:\/\/tononplastics.com\/?post_type=product&#038;p=15424"},"modified":"2024-03-25T13:17:34","modified_gmt":"2024-03-25T05:17:34","slug":"plastic-products-custom-size-white-milk-polycarbonate-sheet-led-light-diffusion-polycarbonate-sheet","status":"publish","type":"product","link":"https:\/\/www.tononplastics.com\/lv\/product\/plastic-products-custom-size-white-milk-polycarbonate-sheet-led-light-diffusion-polycarbonate-sheet\/","title":{"rendered":"Plastmasas izstr\u0101d\u0101jumi pas\u016bt\u012bjuma izm\u0113ra balta piena polikarbon\u0101ta loksnes LED gaismas dif\u016bzijas polikarbon\u0101ta loksnes"},"content":{"rendered":"<figure class=\"wp-block-gallery has-nested-images columns-default is-cropped wp-block-gallery-1 is-layout-flex wp-block-gallery-is-layout-flex\">\n<figure class=\"wp-block-image size-full\"><img fetchpriority=\"high\" decoding=\"async\" width=\"640\" height=\"640\" data-id=\"15422\" src=\"https:\/\/www.tononplastics.com\/wp-content\/uploads\/2023\/08\/Hdce328a67d81495a812f963bcc590d4e8.jpg\" alt=\"\" class=\"wp-image-15422\" title=\"\" srcset=\"https:\/\/www.tononplastics.com\/wp-content\/uploads\/2023\/08\/Hdce328a67d81495a812f963bcc590d4e8.jpg 640w, https:\/\/www.tononplastics.com\/wp-content\/uploads\/2023\/08\/Hdce328a67d81495a812f963bcc590d4e8-300x300.jpg 300w, https:\/\/www.tononplastics.com\/wp-content\/uploads\/2023\/08\/Hdce328a67d81495a812f963bcc590d4e8-150x150.jpg 150w\" sizes=\"(max-width: 640px) 100vw, 640px\" \/><\/figure>\n\n\n\n<figure class=\"wp-block-image size-full\"><img decoding=\"async\" width=\"1080\" height=\"1440\" data-id=\"15325\" src=\"https:\/\/www.tononplastics.com\/wp-content\/uploads\/2023\/08\/Hf18aec69ee4b444f8edf47e1d796fc1dB.jpg\" alt=\"\" class=\"wp-image-15325\" title=\"\" srcset=\"https:\/\/www.tononplastics.com\/wp-content\/uploads\/2023\/08\/Hf18aec69ee4b444f8edf47e1d796fc1dB.jpg 1080w, https:\/\/www.tononplastics.com\/wp-content\/uploads\/2023\/08\/Hf18aec69ee4b444f8edf47e1d796fc1dB-225x300.jpg 225w, https:\/\/www.tononplastics.com\/wp-content\/uploads\/2023\/08\/Hf18aec69ee4b444f8edf47e1d796fc1dB-768x1024.jpg 768w\" sizes=\"(max-width: 1080px) 100vw, 1080px\" \/><\/figure>\n<\/figure>\n\n\n<div id=\"ali-anchor-AliPostDhMb-pqocd\" class=\"mceSectionContainer\" data-section=\"AliPostDhMb-pqocd\" data-section-title=\"Product Description\">\n<p><strong style=\"font-size: revert; color: initial;\">balta piena gaisma<\/strong> <strong>dif\u016bzija<\/strong><strong style=\"font-size: revert; color: initial;\"> Produkta apraksts<\/strong><\/p>\n<\/div>\n<table class=\"aliDataTable\">\n<tbody>\n<tr align=\"left\">\n<td rowspan=\"4\" valign=\"top\">\n<p>\u00a0<\/p>\n<p>\u00a0<\/p>\n<p>Produktu lielums<\/p>\n<\/td>\n<td valign=\"top\">\n<p>Biezums: no 1,3 mm l\u012bdz 10 mm<\/p>\n<\/td>\n<\/tr>\n<tr align=\"left\">\n<td valign=\"top\">\n<p>GARUMS: bez ierobe\u017eojuma<\/p>\n<\/td>\n<\/tr>\n<tr align=\"left\">\n<td valign=\"top\">\n<p>PLATUMS: 1220 mm, 1560 mm, 1820 mm un 2100 mm<\/p>\n<\/td>\n<\/tr>\n<tr align=\"left\">\n<td valign=\"top\">\n<p>KR\u0100SU: balts piens<\/p>\n<p>Specifik\u0101cijas un kr\u0101sas var piel\u0101got.<\/p>\n<\/td>\n<\/tr>\n<tr align=\"left\">\n<td rowspan=\"7\" valign=\"top\">\n<p>\u00a0<\/p>\n<p>\u00a0<\/p>\n<p>\u00a0<\/p>\n<p>\u00a0<\/p>\n<p>\u00a0<\/p>\n<p>Produktu funkcijas<\/p>\n<\/td>\n<td valign=\"top\">\n<p>1. Gaismas caurlaid\u012bba: sasniedz 12%-82% atkar\u012bb\u0101 no kr\u0101sas un biezuma.<\/p>\n<\/td>\n<\/tr>\n<tr align=\"left\">\n<td valign=\"top\">\n<p>2.Ugunsdro\u0161\u012bba: B1 pak\u0101pi nosaka valsts GB8624-1997 tests, bez ugunsb\u012bstam\u012bbas krituma un ind\u012bgas g\u0101zes.<\/p>\n<\/td>\n<\/tr>\n<tr align=\"left\">\n<td valign=\"top\">\n<p>3. Triecieniztur\u012bba: datora loksnes triecieniztur\u012bba ir 250-300 rei\u017eu liel\u0101ka nek\u0101 parastajiem stikliem.<\/p>\n<\/td>\n<\/tr>\n<tr align=\"left\">\n<td valign=\"top\">\n<p>4.Easy uzst\u0101d\u012b\u0161ana<\/p>\n<\/td>\n<\/tr>\n<tr align=\"left\">\n<td valign=\"top\">\n<p>5. Ska\u0146as izol\u0101cija<\/p>\n<\/td>\n<\/tr>\n<tr align=\"left\">\n<td valign=\"top\">\n<p>6.Weather sp\u0113ja: temperat\u016bras diapazons no -40 \u2103 l\u012bdz 120 \u2103.<\/p>\n<\/td>\n<\/tr>\n<tr align=\"left\">\n<td valign=\"top\">\n<p>7. Aizsardz\u012bba pret UV stariem<\/p>\n<\/td>\n<\/tr>\n<\/tbody>\n<\/table>\n<p><strong>FUNKCIJA<\/strong>:<br \/>1) Triecieniztur\u012bba: PC dob\u0101s loksnes triecieniztur\u012bba ir 250 rei\u017eu liel\u0101ka nek\u0101 stikla.<br \/>2) Viegls svars: PC dob\u0101s loksnes svars ir tikai aptuveni puse no stikla.<br \/>3) P\u0101rredzam\u012bba: 3 mm biezas dobas PC loksnes gaismas caurlaid\u012bba ir 88%. 3 mm biezas PC dobas loksnes gaismas caurlaid\u012bba ir 88%.<br \/>4) aizsardz\u012bba pret UV starojumu: PC loksne ir ekstrud\u0113ta kop\u0101 ar augsta bl\u012bvuma ultravioleto staru, kas ar\u012b pasarg\u0101 PC loksni no kr\u0101sas mai\u0146as.<br \/>5) Iztur\u012bba pret laikapst\u0101k\u013ciem: PC dob\u0101s loksnes ir iztur\u012bgas pret sliktiem laika apst\u0101k\u013ciem un saglab\u0101 lielisku veiktsp\u0113ju temperat\u016bras diapazon\u0101 no -40oCl\u012bdz 12oC.<br \/>6) kondens\u0101cijas kav\u0113\u0161ana: Ja \u0101ra temperat\u016bra ir 0oC un iek\u0161telpu temperat\u016bra ir 23oC, PC loksne kondens\u0113jas l\u012bdz 80%. <br \/><span style=\"font-size: revert; color: initial;\">7) Siltumizol\u0101cija: Stikla K-v\u0113rt\u012bba ir 1,2 reizes augst\u0101ka nek\u0101 PC cietas loksnes. PC loksnes var ietaup\u012bt ener\u0123iju, vienlaikus nov\u0113r\u0161ot siltuma zudumus.<br \/><\/span><span style=\"font-size: revert; color: initial;\">8) ska\u0146as izol\u0101cija: 6 mm biezuma PC dob\u0101s loksnes var samazin\u0101t ska\u0146u 20 db.<br \/><\/span><span style=\"font-size: revert; color: initial;\">9) Ugunsiztur\u012bba: Valsts ugunsdro\u0161\u012bbas b\u016bvmateri\u0101lu kvalit\u0101tes uzraudz\u012bbas un test\u0113\u0161anas centra veiktaj\u0101 test\u0113\u0161an\u0101 materi\u0101ls ir nov\u0113rt\u0113ts k\u0101 1. klases materi\u0101ls saska\u0146\u0101 ar QB8624-1997 standartu.<br \/><\/span><span style=\"font-size: revert; color: initial;\">10) Viegla uzst\u0101d\u012b\u0161ana: PC loksni var saliekt karstu vai aukstu, un to var izmantot uz izliekt\u0101m l\u012bkn\u0113m un logiem. Minim\u0101lais PC loksnes izliekuma r\u0101diuss ir 175 reizes liel\u0101ks par t\u0101s biezumu.\u00a0<\/span><\/p>\n<p><strong>PC ciet\u0101s un reljef\u0101s loksnes pielietojuma diapazoni<\/strong><\/p>\n<p><img decoding=\"async\" src=\"https:\/\/sc01.alicdn.com\/kf\/HTB1VgAYJVXXXXa5aXXXq6xXFXXXW\/200162319\/HTB1VgAYJVXXXXa5aXXXq6xXFXXXW.jpg\" alt=\"plastmasas izstr\u0101d\u0101jumi pas\u016bt\u012bjuma izm\u0113ra balta piena polikarbon\u0101ta loksnes LED gaismas dif\u016bzijas polikarbon\u0101ta loksnes\" width=\"630\" height=\"204.12\" data-src=\"\/\/sc01.alicdn.com\/kf\/HTB1VgAYJVXXXXa5aXXXq6xXFXXXW\/200162319\/HTB1VgAYJVXXXXa5aXXXq6xXFXXXW.jpg\" data-alt=\"plastic products custom size white milk polycarbonate sheet LED light diffusion polycarbonate sheet\" data-width=\"630\" data- title=\"\"><\/p>\n<p>1. \u0112ka: k\u0101 biroja \u0113kas dienasgaismas griesti \u0100trgaitas ce\u013cu un pils\u0113tas virszemes ce\u013cu trok\u0161\u0146a barjeras.<br \/>2. Laup\u012b\u0161anu nov\u0113r\u0161ana: Rotaslietu veikalu dro\u0161\u012bbas apgaismojuma materi\u0101li: banku, d\u0101rglietu veikalu, d\u0101rgumu kab\u012b\u0146u, juvelierizstr\u0101d\u0101jumu veikalu dro\u0161\u012bbas apgaismojuma materi\u0101li.<br \/>3. Rekl\u0101ma: Rekl\u0101mas lukturu pane\u013ci, izk\u0101rtnes.<br \/><span style=\"font-size: revert; color: initial;\">4. Spr\u0101dziena nov\u0113r\u0161ana: Policijas vairogi, kases automa\u0161\u012bnu logi.<br \/><\/span><span style=\"font-size: revert; color: initial;\">5. Visp\u0101r\u012bgi priek\u0161likumi: tirdzniec\u012bbas autom\u0101tu pane\u013ci, motociklu \u0137iveres, aizsargmaskas utt.<\/span><\/p>\n<div id=\"ali-anchor-AliPostDhMb-6096r\" class=\"mceSectionContainer\" data-section=\"AliPostDhMb-6096r\" data-section-title=\"Company Information\">\n<p><strong>Sertifik\u0101cija:<\/strong><\/p>\n<p><img decoding=\"async\" src=\"https:\/\/sc01.alicdn.com\/kf\/HTB1MXLWJVXXXXXSXXXXq6xXFXXXB\/200162319\/HTB1MXLWJVXXXXXSXXXXq6xXFXXXB.jpg\" alt=\"plastmasas izstr\u0101d\u0101jumi pas\u016bt\u012bjuma izm\u0113ra balta piena polikarbon\u0101ta loksnes LED gaismas dif\u016bzijas polikarbon\u0101ta loksnes\" width=\"630\" height=\"250.32000000000002\" data-src=\"\/\/sc01.alicdn.com\/kf\/HTB1MXLWJVXXXXXSXXXXq6xXFXXXB\/200162319\/HTB1MXLWJVXXXXXSXXXXq6xXFXXXB.jpg\" data-alt=\"plastic products custom size white milk polycarbonate sheet LED light diffusion polycarbonate sheet\" data-width=\"630\" data- title=\"\"><\/p>\n<p><strong>Citi \u0161\u0101di produkti:<\/strong><\/p>\n<p><img decoding=\"async\" src=\"https:\/\/sc01.alicdn.com\/kf\/HTB1eDLCJVXXXXaMXFXXq6xXFXXXf\/200162319\/HTB1eDLCJVXXXXaMXFXXq6xXFXXXf.jpg\" alt=\"plastmasas izstr\u0101d\u0101jumi pas\u016bt\u012bjuma izm\u0113ra balta piena polikarbon\u0101ta loksnes LED gaismas dif\u016bzijas polikarbon\u0101ta loksnes\" width=\"630\" height=\"315\" data-src=\"\/\/sc01.alicdn.com\/kf\/HTB1eDLCJVXXXXaMXFXXq6xXFXXXf\/200162319\/HTB1eDLCJVXXXXaMXFXXq6xXFXXXf.jpg\" data-alt=\"plastic products custom size white milk polycarbonate sheet LED light diffusion polycarbonate sheet\" data-width=\"630\" data- title=\"\"><\/p>\n<p>1. J: Vai esat ra\u017eot\u0101js vai tirdzniec\u012bbas uz\u0146\u0113mums?<br \/>A: M\u0113s esam profesion\u0101la r\u016bpn\u012bca, mums ir vair\u0101k nek\u0101 10 gadu pieredze augstas kvalit\u0101tes polikarbon\u0101ta lok\u0161\u0146u ra\u017eo\u0161an\u0101. OEM ir pie\u0146emams.<\/p>\n<p>2. J: K\u0101ds ir pas\u016bt\u012bjuma process?<\/p>\n<p>a.Piepras\u012bjums - sniedziet mums visas skaidras pras\u012bbas.<br \/>b.Cenu pied\u0101v\u0101jums - ofici\u0101la pied\u0101v\u0101juma veidlapa ar vis\u0101m skaidr\u0101m specifik\u0101cij\u0101m.<br \/>c.Customization - M\u0113s pied\u0101v\u0101jam maksim\u0101lu piel\u0101go\u0161anu un personaliz\u0113tus risin\u0101jumus.<br \/>d.Sample - standarta paraugs m\u016bsu r\u016bpn\u012bc\u0101.<br \/>e.Maks\u0101juma noteikumi - T\/T 30% iepriek\u0161, l\u012bdzsvaroti pirms nos\u016bt\u012b\u0161anas.<br \/>f.Ra\u017eo\u0161ana-masveida ra\u017eo\u0161ana<br \/>g.Nos\u016bt\u012b\u0161ana - pa j\u016bru, pa gaisu vai ar kurjeru. Tiks sniegts detaliz\u0113ts iepakojuma att\u0113ls.<\/p>\n<p>3. J: K\u0101dus maks\u0101jumu noteikumus j\u016bs izmantojat?<br \/>A: T\/T, PayPal, skaidra nauda.<\/p>\n<p>4. J: K\u0101das ir j\u016bsu izejvielas polikarbon\u0101ta loksn\u0113m?<br \/>A: M\u0113s pie\u0146emam import\u0113tus materi\u0101lus, piem\u0113ram, Bayer, Sabic, Senyi, Samsung un citus slavenus z\u012bmolus.<\/p>\n<\/div>","protected":false},"featured_media":15421,"parent":0,"template":"","product-catagories":[170],"product-tag":[],"class_list":["post-15424","product","type-product","status-publish","has-post-thumbnail","hentry","product-catagories-polycarbonate-deep-processing"],"acf":[],"_links":{"self":[{"href":"https:\/\/www.tononplastics.com\/lv\/wp-json\/wp\/v2\/product\/15424","targetHints":{"allow":["GET"]}}],"collection":[{"href":"https:\/\/www.tononplastics.com\/lv\/wp-json\/wp\/v2\/product"}],"about":[{"href":"https:\/\/www.tononplastics.com\/lv\/wp-json\/wp\/v2\/types\/product"}],"version-history":[{"count":0,"href":"https:\/\/www.tononplastics.com\/lv\/wp-json\/wp\/v2\/product\/15424\/revisions"}],"wp:featuredmedia":[{"embeddable":true,"href":"https:\/\/www.tononplastics.com\/lv\/wp-json\/wp\/v2\/media\/15421"}],"wp:attachment":[{"href":"https:\/\/www.tononplastics.com\/lv\/wp-json\/wp\/v2\/media?parent=15424"}],"wp:term":[{"taxonomy":"product-catagories","embeddable":true,"href":"https:\/\/www.tononplastics.com\/lv\/wp-json\/wp\/v2\/product-catagories?post=15424"},{"taxonomy":"product-tag","embeddable":true,"href":"https:\/\/www.tononplastics.com\/lv\/wp-json\/wp\/v2\/product-tag?post=15424"}],"curies":[{"name":"wp","href":"https:\/\/api.w.org\/{rel}","templated":true}]}}