{"id":15430,"date":"2023-08-22T11:21:17","date_gmt":"2023-08-22T03:21:17","guid":{"rendered":"https:\/\/tononplastics.com\/?post_type=product&#038;p=15430"},"modified":"2024-04-16T14:08:52","modified_gmt":"2024-04-16T06:08:52","slug":"factory-direct-sale-100-new-materials-four-wall-pc-hollow-sheet","status":"publish","type":"product","link":"https:\/\/www.tononplastics.com\/lv\/product\/factory-direct-sale-100-new-materials-four-wall-pc-hollow-sheet\/","title":{"rendered":"R\u016bpn\u012bcas tie\u0161\u0101 p\u0101rdo\u0161ana 100% Jauni materi\u0101li \u010cetru sienu PC dobas loksnes"},"content":{"rendered":"<figure class=\"wp-block-gallery has-nested-images columns-default is-cropped wp-block-gallery-1 is-layout-flex wp-block-gallery-is-layout-flex\">\n<figure class=\"wp-block-image size-large\"><img decoding=\"async\" data-id=\"16139\" src=\"https:\/\/www.tononplastics.com\/wp-content\/uploads\/2024\/03\/H51343cdbb8f04c94a5295d3aa768236fu.webp\" alt=\"\" class=\"wp-image-16139\" title=\"\"><\/figure>\n\n\n\n<figure class=\"wp-block-image size-large\"><img fetchpriority=\"high\" decoding=\"async\" width=\"489\" height=\"296\" data-id=\"16195\" src=\"https:\/\/www.tononplastics.com\/wp-content\/uploads\/2023\/05\/d91baf45-3be1-4b5e-afdd-8735557e638e.png\" alt=\"\" class=\"wp-image-16195\" title=\"\" srcset=\"https:\/\/www.tononplastics.com\/wp-content\/uploads\/2023\/05\/d91baf45-3be1-4b5e-afdd-8735557e638e.png 489w, https:\/\/www.tononplastics.com\/wp-content\/uploads\/2023\/05\/d91baf45-3be1-4b5e-afdd-8735557e638e-300x182.png 300w, https:\/\/www.tononplastics.com\/wp-content\/uploads\/2023\/05\/d91baf45-3be1-4b5e-afdd-8735557e638e-18x12.png 18w\" sizes=\"(max-width: 489px) 100vw, 489px\" \/><\/figure>\n<\/figure>\n\n\n<div id=\"ali-anchor-AliPostDhMb-mrvpj\" data-section=\"AliPostDhMb-mrvpj\" data-section-title=\"Product details\">\n<p><strong>Tradicion\u0101l\u0101 produkta inform\u0101cija:<\/strong><\/p>\n<p>1). Divsienu polikarbon\u0101ta loksnes biezums: 3mm-12mm. Platums: 2100 mm.<\/p>\n<p>2). Tr\u012bs sienu polikarbon\u0101ta loksnes biezums: 10-18 mm. Platums: 2100 mm.<\/p>\n<p>3). \u010cetru sienu polikarbon\u0101ta loksnes biezums: 6-14 mm. Platums: 2100 mm.<\/p>\n<p>4). Honeycomb polikarbon\u0101ta loksnes biezums: 6-14 mm. Platums: 2100 mm.<\/p>\n<p>5). M\u0113s varam ar\u012b piel\u0101got platumu, piem\u0113ram, 1220 mm, un parastais biezums ir 4 mm-6 mm. Bet cena b\u016bs augst\u0101ka nek\u0101 2100 mm platum\u0101, jo tai ir maksas zaud\u0113jumi.<\/p>\n<p>6). Ciet\u0101 polikarbon\u0101ta loksnes standarta biezums:<\/p>\n<p>\u00a0 \u00a0 \u00a01,1-18 mm. Platums: 1220, 1560, 1820, 2100 mm. Parasti 1220x2440 mm.<\/p>\n<p>7).\u00a0Corrugated\u00a0polycarbonate\u00a0sheet thickness:\u00a00.8mm-1.8mm.\u00a0 Width\u00a0is 1000mm and 1220mm.<\/p>\n<p><em>A. Garums: nav ierobe\u017eojumu (ieteicams 5800, 6000, 11800, 12000 mm, lai atbilstu 20\u2032 konteineram un 40\u2032 konteineram).<\/em><\/p>\n<p><em>B. Color: clear\/transparent, lake blue, green, blue, opal,brown\/bronze, silvery gray, red, yellow, etc<\/em><\/p>\n<p>\u00a0<\/p>\n<p><img decoding=\"async\" src=\"https:\/\/sc02.alicdn.com\/kf\/HTB1k6UuKVXXXXccXFXXq6xXFXXX9\/200162319\/HTB1k6UuKVXXXXccXFXXq6xXFXXX9.jpg\" width=\"750\" height=\"750\" data-src=\"\/\/sc02.alicdn.com\/kf\/HTB1k6UuKVXXXXccXFXXq6xXFXXX9\/200162319\/HTB1k6UuKVXXXXccXFXXq6xXFXXX9.jpg\" data-width=\"760\" data-height=\"760\" alt=\"\" title=\"\"><\/p>\n<\/div>\n<div id=\"ali-anchor-AliPostDhMb-ib723\" data-section=\"AliPostDhMb-ib723\" data-section-title=\"Packing &amp;Delivery\">\n<div id=\"ali-title-AliPostDhMb-ib723\"><strong>Packing &amp;Delivery<\/strong><\/div>\n<div>\n<p><img decoding=\"async\" src=\"https:\/\/sc01.alicdn.com\/kf\/HTB1NDV9KXXXXXbsaXXXq6xXFXXX2\/200162319\/HTB1NDV9KXXXXXbsaXXXq6xXFXXX2.jpg\" width=\"750\" height=\"750\" data-src=\"\/\/sc01.alicdn.com\/kf\/HTB1NDV9KXXXXXbsaXXXq6xXFXXX2\/200162319\/HTB1NDV9KXXXXXbsaXXXq6xXFXXX2.jpg\" data-width=\"760\" data-height=\"760\" alt=\"\" title=\"\"><\/p>\n<p><img loading=\"lazy\" decoding=\"async\" src=\"https:\/\/sc02.alicdn.com\/kf\/HTB18hm4SpXXXXapXVXXq6xXFXXXV\/200162319\/HTB18hm4SpXXXXapXVXXq6xXFXXXV.jpg\" alt=\"R\u016bpn\u012bcas tie\u0161\u0101 p\u0101rdo\u0161ana 100% Jauni materi\u0101li \u010cetru sienu PC dobas loksnes\" width=\"750\" height=\"561\" data-src=\"\/\/sc02.alicdn.com\/kf\/HTB18hm4SpXXXXapXVXXq6xXFXXXV\/200162319\/HTB18hm4SpXXXXapXVXXq6xXFXXXV.jpg\" data-alt=\"Factory direct sale 100% New Materials Four-wall PC hollow sheet\" data-width=\"761\" data-height=\"569\" data- title=\"\"><\/p>\n<p>\u00a0<\/p>\n<\/div>\n<\/div>","protected":false},"featured_media":16806,"parent":0,"template":"","product-catagories":[178],"product-tag":[],"class_list":["post-15430","product","type-product","status-publish","has-post-thumbnail","hentry","product-catagories-polycarbonate-hollow-sheet"],"acf":[],"_links":{"self":[{"href":"https:\/\/www.tononplastics.com\/lv\/wp-json\/wp\/v2\/product\/15430","targetHints":{"allow":["GET"]}}],"collection":[{"href":"https:\/\/www.tononplastics.com\/lv\/wp-json\/wp\/v2\/product"}],"about":[{"href":"https:\/\/www.tononplastics.com\/lv\/wp-json\/wp\/v2\/types\/product"}],"version-history":[{"count":0,"href":"https:\/\/www.tononplastics.com\/lv\/wp-json\/wp\/v2\/product\/15430\/revisions"}],"wp:featuredmedia":[{"embeddable":true,"href":"https:\/\/www.tononplastics.com\/lv\/wp-json\/wp\/v2\/media\/16806"}],"wp:attachment":[{"href":"https:\/\/www.tononplastics.com\/lv\/wp-json\/wp\/v2\/media?parent=15430"}],"wp:term":[{"taxonomy":"product-catagories","embeddable":true,"href":"https:\/\/www.tononplastics.com\/lv\/wp-json\/wp\/v2\/product-catagories?post=15430"},{"taxonomy":"product-tag","embeddable":true,"href":"https:\/\/www.tononplastics.com\/lv\/wp-json\/wp\/v2\/product-tag?post=15430"}],"curies":[{"name":"wp","href":"https:\/\/api.w.org\/{rel}","templated":true}]}}