{"id":25,"date":"2018-01-11T12:47:41","date_gmt":"2018-01-11T04:47:41","guid":{"rendered":"https:\/\/tononplastics.com\/about-us\/"},"modified":"2023-08-13T14:08:08","modified_gmt":"2023-08-13T06:08:08","slug":"about-us","status":"publish","type":"page","link":"https:\/\/www.tononplastics.com\/pt\/about-us\/","title":{"rendered":"Sobre n\u00f3s"},"content":{"rendered":"<div data-elementor-type=\"wp-post\" data-elementor-id=\"25\" class=\"elementor elementor-25\" data-elementor-post-type=\"page\">\n\t\t\t\t\t\t<section class=\"elementor-section elementor-top-section elementor-element elementor-element-4e3094b4 elementor-section-content-middle elementor-section-height-min-height elementor-section-boxed elementor-section-height-default elementor-section-items-middle\" data-id=\"4e3094b4\" data-element_type=\"section\" data-settings=\"{&quot;background_background&quot;:&quot;classic&quot;}\">\n\t\t\t\t\t\t\t<div class=\"elementor-background-overlay\"><\/div>\n\t\t\t\t\t\t\t<div class=\"elementor-container elementor-column-gap-wider\">\n\t\t\t\t\t<div class=\"elementor-column elementor-col-100 elementor-top-column elementor-element elementor-element-5d88848e\" data-id=\"5d88848e\" data-element_type=\"column\">\n\t\t\t<div class=\"elementor-widget-wrap elementor-element-populated\">\n\t\t\t\t\t\t<div class=\"elementor-element elementor-element-16ae548e elementor-widget elementor-widget-heading\" data-id=\"16ae548e\" data-element_type=\"widget\" data-widget_type=\"heading.default\">\n\t\t\t\t<div class=\"elementor-widget-container\">\n\t\t\t\t\t<p class=\"elementor-heading-title elementor-size-default\">Sobre n\u00f3s<\/p>\t\t\t\t<\/div>\n\t\t\t\t<\/div>\n\t\t\t\t\t<\/div>\n\t\t<\/div>\n\t\t\t\t\t<\/div>\n\t\t<\/section>\n\t\t\t\t<section class=\"elementor-section elementor-top-section elementor-element elementor-element-1cdd8824 elementor-section-content-middle elementor-section-boxed elementor-section-height-default elementor-section-height-default\" data-id=\"1cdd8824\" data-element_type=\"section\">\n\t\t\t\t\t\t<div class=\"elementor-container elementor-column-gap-no\">\n\t\t\t\t\t<div class=\"elementor-column elementor-col-100 elementor-top-column elementor-element elementor-element-3cc764f8\" data-id=\"3cc764f8\" data-element_type=\"column\">\n\t\t\t<div class=\"elementor-widget-wrap elementor-element-populated\">\n\t\t\t\t\t\t<section class=\"elementor-section elementor-inner-section elementor-element elementor-element-6d7f76df elementor-section-content-middle elementor-reverse-mobile elementor-section-boxed elementor-section-height-default elementor-section-height-default\" data-id=\"6d7f76df\" data-element_type=\"section\">\n\t\t\t\t\t\t<div class=\"elementor-container elementor-column-gap-no\">\n\t\t\t\t\t<div class=\"elementor-column elementor-col-50 elementor-inner-column elementor-element elementor-element-595bd6e\" data-id=\"595bd6e\" data-element_type=\"column\">\n\t\t\t<div class=\"elementor-widget-wrap elementor-element-populated\">\n\t\t\t\t\t\t<div class=\"elementor-element elementor-element-513affa elementor-widget elementor-widget-heading\" data-id=\"513affa\" data-element_type=\"widget\" data-widget_type=\"heading.default\">\n\t\t\t\t<div class=\"elementor-widget-container\">\n\t\t\t\t\t<h2 class=\"elementor-heading-title elementor-size-default\">Sobre a empresa<\/h2>\t\t\t\t<\/div>\n\t\t\t\t<\/div>\n\t\t\t\t<div class=\"elementor-element elementor-element-0524a02 elementor-widget elementor-widget-text-editor\" data-id=\"0524a02\" data-element_type=\"widget\" data-widget_type=\"text-editor.default\">\n\t\t\t\t<div class=\"elementor-widget-container\">\n\t\t\t\t\t\t\t\t\t<p style=\"text-align: left;\">Foshan Tonon Building Materials Co., Ltd. \u00e9 uma empresa de alta tecnologia e nova tecnologia na cidade de Foshan, especializada na produ\u00e7\u00e3o de chapas de policarbonato (incluindo chapas s\u00f3lidas de policarbonato, chapas onduladas e chapas ocas de policarbonato). A folha de PC da Tonon \u00e9 feita de materiais Makrolon virgens 100%. A gest\u00e3o da qualidade \u00e9 constru\u00edda e implementada de acordo com GB\/T19001-2000ibt e ISO9001: 2000. A equipa de alto n\u00edvel, a tecnologia avan\u00e7ada e as instala\u00e7\u00f5es de fabrico de primeira classe garantem uma qualidade de primeira classe. .<\/p>\t\t\t\t\t\t\t\t<\/div>\n\t\t\t\t<\/div>\n\t\t\t\t\t<\/div>\n\t\t<\/div>\n\t\t\t\t<div class=\"elementor-column elementor-col-50 elementor-inner-column elementor-element elementor-element-19176f90\" data-id=\"19176f90\" data-element_type=\"column\">\n\t\t\t<div class=\"elementor-widget-wrap elementor-element-populated\">\n\t\t\t\t\t\t<div class=\"elementor-element elementor-element-72bdb1dd elementor-widget elementor-widget-image\" data-id=\"72bdb1dd\" data-element_type=\"widget\" data-widget_type=\"image.default\">\n\t\t\t\t<div class=\"elementor-widget-container\">\n\t\t\t\t\t\t\t\t\t\t\t\t\t\t\t<img fetchpriority=\"high\" decoding=\"async\" width=\"800\" height=\"600\" src=\"https:\/\/www.tononplastics.com\/wp-content\/uploads\/2023\/08\/img-26-1024x768.jpg\" class=\"attachment-large size-large wp-image-14971\" alt=\"\" srcset=\"https:\/\/www.tononplastics.com\/wp-content\/uploads\/2023\/08\/img-26-1024x768.jpg 1024w, https:\/\/www.tononplastics.com\/wp-content\/uploads\/2023\/08\/img-26-300x225.jpg 300w, https:\/\/www.tononplastics.com\/wp-content\/uploads\/2023\/08\/img-26-768x576.jpg 768w, https:\/\/www.tononplastics.com\/wp-content\/uploads\/2023\/08\/img-26.jpg 1440w\" sizes=\"(max-width: 800px) 100vw, 800px\" title=\"\">\t\t\t\t\t\t\t\t\t\t\t\t\t\t\t<\/div>\n\t\t\t\t<\/div>\n\t\t\t\t\t<\/div>\n\t\t<\/div>\n\t\t\t\t\t<\/div>\n\t\t<\/section>\n\t\t\t\t<section class=\"elementor-section elementor-inner-section elementor-element elementor-element-594e7bf9 elementor-section-content-middle elementor-section-boxed elementor-section-height-default elementor-section-height-default\" data-id=\"594e7bf9\" data-element_type=\"section\">\n\t\t\t\t\t\t<div class=\"elementor-container elementor-column-gap-no\">\n\t\t\t\t\t<div class=\"elementor-column elementor-col-50 elementor-inner-column elementor-element elementor-element-6e3fd76f\" data-id=\"6e3fd76f\" data-element_type=\"column\" data-settings=\"{&quot;background_background&quot;:&quot;classic&quot;}\">\n\t\t\t<div class=\"elementor-widget-wrap elementor-element-populated\">\n\t\t\t\t\t\t<div class=\"elementor-element elementor-element-0135e63 elementor-widget elementor-widget-image\" data-id=\"0135e63\" data-element_type=\"widget\" data-widget_type=\"image.default\">\n\t\t\t\t<div class=\"elementor-widget-container\">\n\t\t\t\t\t\t\t\t\t\t\t\t\t\t\t<img decoding=\"async\" width=\"800\" height=\"600\" src=\"https:\/\/www.tononplastics.com\/wp-content\/uploads\/2023\/08\/img-32-1024x768.jpg\" class=\"attachment-large size-large wp-image-14975\" alt=\"\" srcset=\"https:\/\/www.tononplastics.com\/wp-content\/uploads\/2023\/08\/img-32-1024x768.jpg 1024w, https:\/\/www.tononplastics.com\/wp-content\/uploads\/2023\/08\/img-32-300x225.jpg 300w, https:\/\/www.tononplastics.com\/wp-content\/uploads\/2023\/08\/img-32-768x576.jpg 768w, https:\/\/www.tononplastics.com\/wp-content\/uploads\/2023\/08\/img-32.jpg 1440w\" sizes=\"(max-width: 800px) 100vw, 800px\" title=\"\">\t\t\t\t\t\t\t\t\t\t\t\t\t\t\t<\/div>\n\t\t\t\t<\/div>\n\t\t\t\t\t<\/div>\n\t\t<\/div>\n\t\t\t\t<div class=\"elementor-column elementor-col-50 elementor-inner-column elementor-element elementor-element-66c4fcbe\" data-id=\"66c4fcbe\" data-element_type=\"column\">\n\t\t\t<div class=\"elementor-widget-wrap elementor-element-populated\">\n\t\t\t\t\t\t<div class=\"elementor-element elementor-element-c491a2d elementor-widget elementor-widget-heading\" data-id=\"c491a2d\" data-element_type=\"widget\" data-widget_type=\"heading.default\">\n\t\t\t\t<div class=\"elementor-widget-container\">\n\t\t\t\t\t<h2 class=\"elementor-heading-title elementor-size-default\">Sobre os produtos<\/h2>\t\t\t\t<\/div>\n\t\t\t\t<\/div>\n\t\t\t\t<div class=\"elementor-element elementor-element-7e3822e elementor-widget elementor-widget-text-editor\" data-id=\"7e3822e\" data-element_type=\"widget\" data-widget_type=\"text-editor.default\">\n\t\t\t\t<div class=\"elementor-widget-container\">\n\t\t\t\t\t\t\t\t\t<p>Al\u00e9m disso, a nossa qualidade passou o teste mais rigoroso, folhas de policarbonato, folhas de sol e a\u00e7os em relevo s\u00e3o os nossos principais produtos. H\u00e1 uma base s\u00f3lida, tecnologia de fabrica\u00e7\u00e3o madura e rigorosos sistemas de controle de qualidade em nossa empresa, o que garante a nossa alta estabilidade do produto e a confiabilidade se voc\u00ea est\u00e1 interessado em nossos produtos, por favor, n\u00e3o hesite em contactar-nos para mais informa\u00e7\u00f5es.<\/p>\t\t\t\t\t\t\t\t<\/div>\n\t\t\t\t<\/div>\n\t\t\t\t\t<\/div>\n\t\t<\/div>\n\t\t\t\t\t<\/div>\n\t\t<\/section>\n\t\t\t\t\t<\/div>\n\t\t<\/div>\n\t\t\t\t\t<\/div>\n\t\t<\/section>\n\t\t\t\t<section class=\"elementor-section elementor-top-section elementor-element elementor-element-93df25b elementor-section-content-middle elementor-section-boxed elementor-section-height-default elementor-section-height-default\" data-id=\"93df25b\" data-element_type=\"section\">\n\t\t\t\t\t\t\t<div class=\"elementor-background-overlay\"><\/div>\n\t\t\t\t\t\t\t<div class=\"elementor-container elementor-column-gap-no\">\n\t\t\t\t\t<div class=\"elementor-column elementor-col-100 elementor-top-column elementor-element elementor-element-472dfd59\" data-id=\"472dfd59\" data-element_type=\"column\">\n\t\t\t<div class=\"elementor-widget-wrap elementor-element-populated\">\n\t\t\t\t\t\t<div class=\"elementor-element elementor-element-c583ec6 elementor-widget elementor-widget-heading\" data-id=\"c583ec6\" data-element_type=\"widget\" data-widget_type=\"heading.default\">\n\t\t\t\t<div class=\"elementor-widget-container\">\n\t\t\t\t\t<h2 class=\"elementor-heading-title elementor-size-default\">A nossa f\u00e1brica<\/h2>\t\t\t\t<\/div>\n\t\t\t\t<\/div>\n\t\t\t\t<div class=\"elementor-element elementor-element-74f2a2aa elementor-align-center elementor-widget elementor-widget-button\" data-id=\"74f2a2aa\" data-element_type=\"widget\" data-widget_type=\"button.default\">\n\t\t\t\t<div class=\"elementor-widget-container\">\n\t\t\t\t\t\t\t\t\t<div class=\"elementor-button-wrapper\">\n\t\t\t\t\t<a class=\"elementor-button elementor-button-link elementor-size-sm elementor-animation-grow\" href=\"#\">\n\t\t\t\t\t\t<span class=\"elementor-button-content-wrapper\">\n\t\t\t\t\t\t\t\t\t<span class=\"elementor-button-text\">Contactar-nos<\/span>\n\t\t\t\t\t<\/span>\n\t\t\t\t\t<\/a>\n\t\t\t\t<\/div>\n\t\t\t\t\t\t\t\t<\/div>\n\t\t\t\t<\/div>\n\t\t\t\t<div class=\"elementor-element elementor-element-13b1c6b6 elementor-skin-carousel elementor-pagination-type-bullets elementor-pagination-position-outside elementor-widget elementor-widget-media-carousel\" data-id=\"13b1c6b6\" data-element_type=\"widget\" data-settings=\"{&quot;space_between&quot;:{&quot;unit&quot;:&quot;px&quot;,&quot;size&quot;:29,&quot;sizes&quot;:[]},&quot;slides_per_view&quot;:&quot;4&quot;,&quot;skin&quot;:&quot;carousel&quot;,&quot;effect&quot;:&quot;slide&quot;,&quot;pagination&quot;:&quot;bullets&quot;,&quot;speed&quot;:500,&quot;autoplay&quot;:&quot;yes&quot;,&quot;autoplay_speed&quot;:5000,&quot;loop&quot;:&quot;yes&quot;,&quot;pause_on_hover&quot;:&quot;yes&quot;,&quot;pause_on_interaction&quot;:&quot;yes&quot;,&quot;space_between_tablet&quot;:{&quot;unit&quot;:&quot;px&quot;,&quot;size&quot;:10,&quot;sizes&quot;:[]},&quot;space_between_mobile&quot;:{&quot;unit&quot;:&quot;px&quot;,&quot;size&quot;:10,&quot;sizes&quot;:[]}}\" data-widget_type=\"media-carousel.default\">\n\t\t\t\t<div class=\"elementor-widget-container\">\n\t\t\t\t\t\t\t\t\t<div class=\"elementor-swiper\">\n\t\t\t\t\t<div class=\"elementor-main-swiper swiper\" role=\"region\" aria-roledescription=\"carousel\" aria-label=\"Deslizamentos\">\n\t\t\t\t<div class=\"swiper-wrapper\">\n\t\t\t\t\t\t\t\t\t\t\t<div class=\"swiper-slide\" role=\"group\" aria-roledescription=\"slide\">\n\t\t\t\t\t\t\t\t\t<div class=\"elementor-carousel-image\" role=\"img\" aria-label=\"img-38\" style=\"background-image: url(&#039;https:\/\/www.tononplastics.com\/wp-content\/uploads\/2023\/08\/img-38.jpg&#039;)\">\n\n\t\t\t\n\t\t\t\t\t<\/div>\n\t\t\t\t\t<div class=\"elementor-carousel-image-overlay e-overlay-animation-fade\">\n\t\t\t\t<svg class=\"e-font-icon-svg e-fas-search-plus\" viewbox=\"0 0 512 512\" xmlns=\"http:\/\/www.w3.org\/2000\/svg\"><path d=\"M304 192v32c0 6.6-5.4 12-12 12h-56v56c0 6.6-5.4 12-12 12h-32c-6.6 0-12-5.4-12-12v-56h-56c-6.6 0-12-5.4-12-12v-32c0-6.6 5.4-12 12-12h56v-56c0-6.6 5.4-12 12-12h32c6.6 0 12 5.4 12 12v56h56c6.6 0 12 5.4 12 12zm201 284.7L476.7 505c-9.4 9.4-24.6 9.4-33.9 0L343 405.3c-4.5-4.5-7-10.6-7-17V372c-35.3 27.6-79.7 44-128 44C93.1 416 0 322.9 0 208S93.1 0 208 0s208 93.1 208 208c0 48.3-16.4 92.7-44 128h16.3c6.4 0 12.5 2.5 17 7l99.7 99.7c9.3 9.4 9.3 24.6 0 34zM344 208c0-75.2-60.8-136-136-136S72 132.8 72 208s60.8 136 136 136 136-60.8 136-136z\"><\/path><\/svg>\t\t\t<\/div>\n\t\t\t\t\t\t\t\t\t<\/div>\n\t\t\t\t\t\t\t\t\t\t\t<div class=\"swiper-slide\" role=\"group\" aria-roledescription=\"slide\">\n\t\t\t\t\t\t\t\t\t<div class=\"elementor-carousel-image\" role=\"img\" aria-label=\"img-27\" style=\"background-image: url(&#039;https:\/\/www.tononplastics.com\/wp-content\/uploads\/2023\/08\/img-27.jpg&#039;)\">\n\n\t\t\t\n\t\t\t\t\t<\/div>\n\t\t\t\t\t<div class=\"elementor-carousel-image-overlay e-overlay-animation-fade\">\n\t\t\t\t<svg class=\"e-font-icon-svg e-fas-search-plus\" viewbox=\"0 0 512 512\" xmlns=\"http:\/\/www.w3.org\/2000\/svg\"><path d=\"M304 192v32c0 6.6-5.4 12-12 12h-56v56c0 6.6-5.4 12-12 12h-32c-6.6 0-12-5.4-12-12v-56h-56c-6.6 0-12-5.4-12-12v-32c0-6.6 5.4-12 12-12h56v-56c0-6.6 5.4-12 12-12h32c6.6 0 12 5.4 12 12v56h56c6.6 0 12 5.4 12 12zm201 284.7L476.7 505c-9.4 9.4-24.6 9.4-33.9 0L343 405.3c-4.5-4.5-7-10.6-7-17V372c-35.3 27.6-79.7 44-128 44C93.1 416 0 322.9 0 208S93.1 0 208 0s208 93.1 208 208c0 48.3-16.4 92.7-44 128h16.3c6.4 0 12.5 2.5 17 7l99.7 99.7c9.3 9.4 9.3 24.6 0 34zM344 208c0-75.2-60.8-136-136-136S72 132.8 72 208s60.8 136 136 136 136-60.8 136-136z\"><\/path><\/svg>\t\t\t<\/div>\n\t\t\t\t\t\t\t\t\t<\/div>\n\t\t\t\t\t\t\t\t\t\t\t<div class=\"swiper-slide\" role=\"group\" aria-roledescription=\"slide\">\n\t\t\t\t\t\t\t\t\t<div class=\"elementor-carousel-image\" role=\"img\" aria-label=\"img-35\" style=\"background-image: url(&#039;https:\/\/www.tononplastics.com\/wp-content\/uploads\/2023\/08\/img-35.jpg&#039;)\">\n\n\t\t\t\n\t\t\t\t\t<\/div>\n\t\t\t\t\t<div class=\"elementor-carousel-image-overlay e-overlay-animation-fade\">\n\t\t\t\t<svg class=\"e-font-icon-svg e-fas-search-plus\" viewbox=\"0 0 512 512\" xmlns=\"http:\/\/www.w3.org\/2000\/svg\"><path d=\"M304 192v32c0 6.6-5.4 12-12 12h-56v56c0 6.6-5.4 12-12 12h-32c-6.6 0-12-5.4-12-12v-56h-56c-6.6 0-12-5.4-12-12v-32c0-6.6 5.4-12 12-12h56v-56c0-6.6 5.4-12 12-12h32c6.6 0 12 5.4 12 12v56h56c6.6 0 12 5.4 12 12zm201 284.7L476.7 505c-9.4 9.4-24.6 9.4-33.9 0L343 405.3c-4.5-4.5-7-10.6-7-17V372c-35.3 27.6-79.7 44-128 44C93.1 416 0 322.9 0 208S93.1 0 208 0s208 93.1 208 208c0 48.3-16.4 92.7-44 128h16.3c6.4 0 12.5 2.5 17 7l99.7 99.7c9.3 9.4 9.3 24.6 0 34zM344 208c0-75.2-60.8-136-136-136S72 132.8 72 208s60.8 136 136 136 136-60.8 136-136z\"><\/path><\/svg>\t\t\t<\/div>\n\t\t\t\t\t\t\t\t\t<\/div>\n\t\t\t\t\t\t\t\t\t\t\t<div class=\"swiper-slide\" role=\"group\" aria-roledescription=\"slide\">\n\t\t\t\t\t\t\t\t\t<div class=\"elementor-carousel-image\" role=\"img\" aria-label=\"img-18\" style=\"background-image: url(&#039;https:\/\/www.tononplastics.com\/wp-content\/uploads\/2023\/08\/img-18.jpg&#039;)\">\n\n\t\t\t\n\t\t\t\t\t<\/div>\n\t\t\t\t\t<div class=\"elementor-carousel-image-overlay e-overlay-animation-fade\">\n\t\t\t\t<svg class=\"e-font-icon-svg e-fas-search-plus\" viewbox=\"0 0 512 512\" xmlns=\"http:\/\/www.w3.org\/2000\/svg\"><path d=\"M304 192v32c0 6.6-5.4 12-12 12h-56v56c0 6.6-5.4 12-12 12h-32c-6.6 0-12-5.4-12-12v-56h-56c-6.6 0-12-5.4-12-12v-32c0-6.6 5.4-12 12-12h56v-56c0-6.6 5.4-12 12-12h32c6.6 0 12 5.4 12 12v56h56c6.6 0 12 5.4 12 12zm201 284.7L476.7 505c-9.4 9.4-24.6 9.4-33.9 0L343 405.3c-4.5-4.5-7-10.6-7-17V372c-35.3 27.6-79.7 44-128 44C93.1 416 0 322.9 0 208S93.1 0 208 0s208 93.1 208 208c0 48.3-16.4 92.7-44 128h16.3c6.4 0 12.5 2.5 17 7l99.7 99.7c9.3 9.4 9.3 24.6 0 34zM344 208c0-75.2-60.8-136-136-136S72 132.8 72 208s60.8 136 136 136 136-60.8 136-136z\"><\/path><\/svg>\t\t\t<\/div>\n\t\t\t\t\t\t\t\t\t<\/div>\n\t\t\t\t\t\t\t\t\t\t\t<div class=\"swiper-slide\" role=\"group\" aria-roledescription=\"slide\">\n\t\t\t\t\t\t\t\t\t<div class=\"elementor-carousel-image\" role=\"img\" aria-label=\"FOSHAN-XIN-LANYU-NEW-MATERIALS-CO-LTD-(4)\" style=\"background-image: url(&#039;https:\/\/www.tononplastics.com\/wp-content\/uploads\/2023\/08\/FOSHAN-XIN-LANYU-NEW-MATERIALS-CO-LTD-4.webp&#039;)\">\n\n\t\t\t\n\t\t\t\t\t<\/div>\n\t\t\t\t\t<div class=\"elementor-carousel-image-overlay e-overlay-animation-fade\">\n\t\t\t\t<svg class=\"e-font-icon-svg e-fas-search-plus\" viewbox=\"0 0 512 512\" xmlns=\"http:\/\/www.w3.org\/2000\/svg\"><path d=\"M304 192v32c0 6.6-5.4 12-12 12h-56v56c0 6.6-5.4 12-12 12h-32c-6.6 0-12-5.4-12-12v-56h-56c-6.6 0-12-5.4-12-12v-32c0-6.6 5.4-12 12-12h56v-56c0-6.6 5.4-12 12-12h32c6.6 0 12 5.4 12 12v56h56c6.6 0 12 5.4 12 12zm201 284.7L476.7 505c-9.4 9.4-24.6 9.4-33.9 0L343 405.3c-4.5-4.5-7-10.6-7-17V372c-35.3 27.6-79.7 44-128 44C93.1 416 0 322.9 0 208S93.1 0 208 0s208 93.1 208 208c0 48.3-16.4 92.7-44 128h16.3c6.4 0 12.5 2.5 17 7l99.7 99.7c9.3 9.4 9.3 24.6 0 34zM344 208c0-75.2-60.8-136-136-136S72 132.8 72 208s60.8 136 136 136 136-60.8 136-136z\"><\/path><\/svg>\t\t\t<\/div>\n\t\t\t\t\t\t\t\t\t<\/div>\n\t\t\t\t\t\t\t\t\t<\/div>\n\t\t\t\t\t\t\t\t\t\t\t\t\t\t\t\t\t\t\t\t<div class=\"swiper-pagination\"><\/div>\n\t\t\t\t\t\t\t\t\t\t\t\t<\/div>\n\t\t\t\t<\/div>\n\t\t\t\t\t\t\t\t<\/div>\n\t\t\t\t<\/div>\n\t\t\t\t<div class=\"elementor-element elementor-element-53fd620 elementor-skin-carousel elementor-pagination-type-bullets elementor-pagination-position-outside elementor-widget elementor-widget-media-carousel\" data-id=\"53fd620\" data-element_type=\"widget\" data-settings=\"{&quot;space_between&quot;:{&quot;unit&quot;:&quot;px&quot;,&quot;size&quot;:29,&quot;sizes&quot;:[]},&quot;slides_per_view&quot;:&quot;4&quot;,&quot;skin&quot;:&quot;carousel&quot;,&quot;effect&quot;:&quot;slide&quot;,&quot;pagination&quot;:&quot;bullets&quot;,&quot;speed&quot;:500,&quot;autoplay&quot;:&quot;yes&quot;,&quot;autoplay_speed&quot;:5000,&quot;loop&quot;:&quot;yes&quot;,&quot;pause_on_hover&quot;:&quot;yes&quot;,&quot;pause_on_interaction&quot;:&quot;yes&quot;,&quot;space_between_tablet&quot;:{&quot;unit&quot;:&quot;px&quot;,&quot;size&quot;:10,&quot;sizes&quot;:[]},&quot;space_between_mobile&quot;:{&quot;unit&quot;:&quot;px&quot;,&quot;size&quot;:10,&quot;sizes&quot;:[]}}\" data-widget_type=\"media-carousel.default\">\n\t\t\t\t<div class=\"elementor-widget-container\">\n\t\t\t\t\t\t\t\t\t<div class=\"elementor-swiper\">\n\t\t\t\t\t<div class=\"elementor-main-swiper swiper\" role=\"region\" aria-roledescription=\"carousel\" aria-label=\"Deslizamentos\">\n\t\t\t\t<div class=\"swiper-wrapper\">\n\t\t\t\t\t\t\t\t\t\t\t<div class=\"swiper-slide\" role=\"group\" aria-roledescription=\"slide\">\n\t\t\t\t\t\t\t\t\t<div class=\"elementor-carousel-image\" role=\"img\" aria-label=\"img-31\" style=\"background-image: url(&#039;https:\/\/www.tononplastics.com\/wp-content\/uploads\/2023\/08\/img-31.jpg&#039;)\">\n\n\t\t\t\n\t\t\t\t\t<\/div>\n\t\t\t\t\t<div class=\"elementor-carousel-image-overlay e-overlay-animation-fade\">\n\t\t\t\t<svg class=\"e-font-icon-svg e-fas-search-plus\" viewbox=\"0 0 512 512\" xmlns=\"http:\/\/www.w3.org\/2000\/svg\"><path d=\"M304 192v32c0 6.6-5.4 12-12 12h-56v56c0 6.6-5.4 12-12 12h-32c-6.6 0-12-5.4-12-12v-56h-56c-6.6 0-12-5.4-12-12v-32c0-6.6 5.4-12 12-12h56v-56c0-6.6 5.4-12 12-12h32c6.6 0 12 5.4 12 12v56h56c6.6 0 12 5.4 12 12zm201 284.7L476.7 505c-9.4 9.4-24.6 9.4-33.9 0L343 405.3c-4.5-4.5-7-10.6-7-17V372c-35.3 27.6-79.7 44-128 44C93.1 416 0 322.9 0 208S93.1 0 208 0s208 93.1 208 208c0 48.3-16.4 92.7-44 128h16.3c6.4 0 12.5 2.5 17 7l99.7 99.7c9.3 9.4 9.3 24.6 0 34zM344 208c0-75.2-60.8-136-136-136S72 132.8 72 208s60.8 136 136 136 136-60.8 136-136z\"><\/path><\/svg>\t\t\t<\/div>\n\t\t\t\t\t\t\t\t\t<\/div>\n\t\t\t\t\t\t\t\t\t\t\t<div class=\"swiper-slide\" role=\"group\" aria-roledescription=\"slide\">\n\t\t\t\t\t\t\t\t\t<div class=\"elementor-carousel-image\" role=\"img\" aria-label=\"img-24\" style=\"background-image: url(&#039;https:\/\/www.tononplastics.com\/wp-content\/uploads\/2023\/08\/img-24-1.jpg&#039;)\">\n\n\t\t\t\n\t\t\t\t\t<\/div>\n\t\t\t\t\t<div class=\"elementor-carousel-image-overlay e-overlay-animation-fade\">\n\t\t\t\t<svg class=\"e-font-icon-svg e-fas-search-plus\" viewbox=\"0 0 512 512\" xmlns=\"http:\/\/www.w3.org\/2000\/svg\"><path d=\"M304 192v32c0 6.6-5.4 12-12 12h-56v56c0 6.6-5.4 12-12 12h-32c-6.6 0-12-5.4-12-12v-56h-56c-6.6 0-12-5.4-12-12v-32c0-6.6 5.4-12 12-12h56v-56c0-6.6 5.4-12 12-12h32c6.6 0 12 5.4 12 12v56h56c6.6 0 12 5.4 12 12zm201 284.7L476.7 505c-9.4 9.4-24.6 9.4-33.9 0L343 405.3c-4.5-4.5-7-10.6-7-17V372c-35.3 27.6-79.7 44-128 44C93.1 416 0 322.9 0 208S93.1 0 208 0s208 93.1 208 208c0 48.3-16.4 92.7-44 128h16.3c6.4 0 12.5 2.5 17 7l99.7 99.7c9.3 9.4 9.3 24.6 0 34zM344 208c0-75.2-60.8-136-136-136S72 132.8 72 208s60.8 136 136 136 136-60.8 136-136z\"><\/path><\/svg>\t\t\t<\/div>\n\t\t\t\t\t\t\t\t\t<\/div>\n\t\t\t\t\t\t\t\t\t\t\t<div class=\"swiper-slide\" role=\"group\" aria-roledescription=\"slide\">\n\t\t\t\t\t\t\t\t\t<div class=\"elementor-carousel-image\" role=\"img\" aria-label=\"20-foot-container-polycarbonate-hollow-sheet\" style=\"background-image: url(&#039;https:\/\/www.tononplastics.com\/wp-content\/uploads\/2023\/08\/20-foot-container-polycarbonate-hollow-sheet.webp&#039;)\">\n\n\t\t\t\n\t\t\t\t\t<\/div>\n\t\t\t\t\t<div class=\"elementor-carousel-image-overlay e-overlay-animation-fade\">\n\t\t\t\t<svg class=\"e-font-icon-svg e-fas-search-plus\" viewbox=\"0 0 512 512\" xmlns=\"http:\/\/www.w3.org\/2000\/svg\"><path d=\"M304 192v32c0 6.6-5.4 12-12 12h-56v56c0 6.6-5.4 12-12 12h-32c-6.6 0-12-5.4-12-12v-56h-56c-6.6 0-12-5.4-12-12v-32c0-6.6 5.4-12 12-12h56v-56c0-6.6 5.4-12 12-12h32c6.6 0 12 5.4 12 12v56h56c6.6 0 12 5.4 12 12zm201 284.7L476.7 505c-9.4 9.4-24.6 9.4-33.9 0L343 405.3c-4.5-4.5-7-10.6-7-17V372c-35.3 27.6-79.7 44-128 44C93.1 416 0 322.9 0 208S93.1 0 208 0s208 93.1 208 208c0 48.3-16.4 92.7-44 128h16.3c6.4 0 12.5 2.5 17 7l99.7 99.7c9.3 9.4 9.3 24.6 0 34zM344 208c0-75.2-60.8-136-136-136S72 132.8 72 208s60.8 136 136 136 136-60.8 136-136z\"><\/path><\/svg>\t\t\t<\/div>\n\t\t\t\t\t\t\t\t\t<\/div>\n\t\t\t\t\t\t\t\t\t\t\t<div class=\"swiper-slide\" role=\"group\" aria-roledescription=\"slide\">\n\t\t\t\t\t\t\t\t\t<div class=\"elementor-carousel-image\" role=\"img\" aria-label=\"img-28\" style=\"background-image: url(&#039;https:\/\/www.tononplastics.com\/wp-content\/uploads\/2023\/08\/img-28.jpg&#039;)\">\n\n\t\t\t\n\t\t\t\t\t<\/div>\n\t\t\t\t\t<div class=\"elementor-carousel-image-overlay e-overlay-animation-fade\">\n\t\t\t\t<svg class=\"e-font-icon-svg e-fas-search-plus\" viewbox=\"0 0 512 512\" xmlns=\"http:\/\/www.w3.org\/2000\/svg\"><path d=\"M304 192v32c0 6.6-5.4 12-12 12h-56v56c0 6.6-5.4 12-12 12h-32c-6.6 0-12-5.4-12-12v-56h-56c-6.6 0-12-5.4-12-12v-32c0-6.6 5.4-12 12-12h56v-56c0-6.6 5.4-12 12-12h32c6.6 0 12 5.4 12 12v56h56c6.6 0 12 5.4 12 12zm201 284.7L476.7 505c-9.4 9.4-24.6 9.4-33.9 0L343 405.3c-4.5-4.5-7-10.6-7-17V372c-35.3 27.6-79.7 44-128 44C93.1 416 0 322.9 0 208S93.1 0 208 0s208 93.1 208 208c0 48.3-16.4 92.7-44 128h16.3c6.4 0 12.5 2.5 17 7l99.7 99.7c9.3 9.4 9.3 24.6 0 34zM344 208c0-75.2-60.8-136-136-136S72 132.8 72 208s60.8 136 136 136 136-60.8 136-136z\"><\/path><\/svg>\t\t\t<\/div>\n\t\t\t\t\t\t\t\t\t<\/div>\n\t\t\t\t\t\t\t\t\t\t\t<div class=\"swiper-slide\" role=\"group\" aria-roledescription=\"slide\">\n\t\t\t\t\t\t\t\t\t<div class=\"elementor-carousel-image\" role=\"img\" aria-label=\"FOSHAN-XIN-LANYU-NEW-MATERIALS-CO-LTD-(1)\" style=\"background-image: url(&#039;https:\/\/www.tononplastics.com\/wp-content\/uploads\/2023\/08\/FOSHAN-XIN-LANYU-NEW-MATERIALS-CO-LTD-1.webp&#039;)\">\n\n\t\t\t\n\t\t\t\t\t<\/div>\n\t\t\t\t\t<div class=\"elementor-carousel-image-overlay e-overlay-animation-fade\">\n\t\t\t\t<svg class=\"e-font-icon-svg e-fas-search-plus\" viewbox=\"0 0 512 512\" xmlns=\"http:\/\/www.w3.org\/2000\/svg\"><path d=\"M304 192v32c0 6.6-5.4 12-12 12h-56v56c0 6.6-5.4 12-12 12h-32c-6.6 0-12-5.4-12-12v-56h-56c-6.6 0-12-5.4-12-12v-32c0-6.6 5.4-12 12-12h56v-56c0-6.6 5.4-12 12-12h32c6.6 0 12 5.4 12 12v56h56c6.6 0 12 5.4 12 12zm201 284.7L476.7 505c-9.4 9.4-24.6 9.4-33.9 0L343 405.3c-4.5-4.5-7-10.6-7-17V372c-35.3 27.6-79.7 44-128 44C93.1 416 0 322.9 0 208S93.1 0 208 0s208 93.1 208 208c0 48.3-16.4 92.7-44 128h16.3c6.4 0 12.5 2.5 17 7l99.7 99.7c9.3 9.4 9.3 24.6 0 34zM344 208c0-75.2-60.8-136-136-136S72 132.8 72 208s60.8 136 136 136 136-60.8 136-136z\"><\/path><\/svg>\t\t\t<\/div>\n\t\t\t\t\t\t\t\t\t<\/div>\n\t\t\t\t\t\t\t\t\t<\/div>\n\t\t\t\t\t\t\t\t\t\t\t\t\t\t\t\t\t\t\t\t<div class=\"swiper-pagination\"><\/div>\n\t\t\t\t\t\t\t\t\t\t\t\t<\/div>\n\t\t\t\t<\/div>\n\t\t\t\t\t\t\t\t<\/div>\n\t\t\t\t<\/div>\n\t\t\t\t\t<\/div>\n\t\t<\/div>\n\t\t\t\t\t<\/div>\n\t\t<\/section>\n\t\t\t\t<\/div>","protected":false},"excerpt":{"rendered":"<p>About us About the company Foshan Tonon Building Materials Co., Ltd. is a high-tech and new tech enterprise in Foshan City specializing in production of polycarbonate sheet (including of polycarbonate solid sheets,corrugated sheet and polycarbonate hollow sheet). Tonon\u2019s PC sheet made of 100% virgin Makrolon materials.The quality management is built and implemented in accordance with [&hellip;]<\/p>","protected":false},"author":1,"featured_media":0,"parent":0,"menu_order":3,"comment_status":"closed","ping_status":"closed","template":"","meta":{"_acf_changed":false,"footnotes":""},"class_list":["post-25","page","type-page","status-publish","hentry"],"acf":[],"_links":{"self":[{"href":"https:\/\/www.tononplastics.com\/pt\/wp-json\/wp\/v2\/pages\/25","targetHints":{"allow":["GET"]}}],"collection":[{"href":"https:\/\/www.tononplastics.com\/pt\/wp-json\/wp\/v2\/pages"}],"about":[{"href":"https:\/\/www.tononplastics.com\/pt\/wp-json\/wp\/v2\/types\/page"}],"author":[{"embeddable":true,"href":"https:\/\/www.tononplastics.com\/pt\/wp-json\/wp\/v2\/users\/1"}],"replies":[{"embeddable":true,"href":"https:\/\/www.tononplastics.com\/pt\/wp-json\/wp\/v2\/comments?post=25"}],"version-history":[{"count":0,"href":"https:\/\/www.tononplastics.com\/pt\/wp-json\/wp\/v2\/pages\/25\/revisions"}],"wp:attachment":[{"href":"https:\/\/www.tononplastics.com\/pt\/wp-json\/wp\/v2\/media?parent=25"}],"curies":[{"name":"wp","href":"https:\/\/api.w.org\/{rel}","templated":true}]}}