{"id":14021,"date":"2023-05-04T21:03:27","date_gmt":"2023-05-04T13:03:27","guid":{"rendered":"https:\/\/tononplastics.com\/?post_type=product&#038;p=14021"},"modified":"2024-03-25T11:16:58","modified_gmt":"2024-03-25T03:16:58","slug":"roofing-polycarbonate-hollow-sheet","status":"publish","type":"product","link":"https:\/\/www.tononplastics.com\/pt\/product\/roofing-polycarbonate-hollow-sheet\/","title":{"rendered":"Folha oca de policarbonato para telhados"},"content":{"rendered":"<p>\u00a0<\/p>\n<table style=\"height: 507px; width: 967px; background-color: #ede8e8;\" border=\"1\" cellspacing=\"1\" cellpadding=\"1\">\n<tbody>\n<tr>\n<td style=\"width: 32.1355%; border-style: solid; background-color: #d6d6d6;\" width=\"355\">Nome do produto<\/td>\n<td style=\"width: 67.0431%; background-color: #d6d6d6;\" width=\"355\">Folha de policarbonato oca<\/td>\n<\/tr>\n<tr>\n<td style=\"width: 32.1355%; border-style: solid; background-color: #d6d6d6;\" width=\"355\">Local de origem<\/td>\n<td style=\"width: 67.0431%; background-color: #d6d6d6;\" width=\"355\">Cidade de Foshan, Guangdong, China<\/td>\n<\/tr>\n<tr>\n<td style=\"width: 32.1355%; border-style: solid; background-color: #d6d6d6;\" width=\"355\">Material<\/td>\n<td style=\"width: 67.0431%; background-color: #d6d6d6;\" width=\"355\">100% Policarbonato virgem Material<\/td>\n<\/tr>\n<tr>\n<td style=\"width: 32.1355%; border-style: solid; background-color: #d6d6d6;\" width=\"355\">Cores<\/td>\n<td style=\"width: 67.0431%; background-color: #d6d6d6;\" width=\"355\">Transparente, Bronze, Azul, Verde, Opala, Cinzento ou personalizado<\/td>\n<\/tr>\n<tr>\n<td style=\"width: 32.1355%; border-style: solid; background-color: #d6d6d6;\" width=\"355\">Espessura<\/td>\n<td style=\"width: 67.0431%; background-color: #d6d6d6;\" width=\"355\">3-20mm<\/td>\n<\/tr>\n<tr>\n<td style=\"width: 32.1355%; border-style: solid; background-color: #d6d6d6;\" width=\"355\">Largura<\/td>\n<td style=\"width: 67.0431%; background-color: #d6d6d6;\" width=\"355\">2100m, 1220m ou personalizado<\/td>\n<\/tr>\n<tr>\n<td style=\"width: 32.1355%; border-style: solid; background-color: #d6d6d6;\" width=\"355\">Comprimento<\/td>\n<td style=\"width: 67.0431%; background-color: #d6d6d6;\" width=\"355\">5800mm\/11800mm.Outros tamanhos est\u00e3o dispon\u00edveis.<\/td>\n<\/tr>\n<tr>\n<td style=\"width: 32.1355%; border-style: solid; background-color: #d6d6d6;\" width=\"355\">Certificado<\/td>\n<td style=\"width: 67.0431%; background-color: #d6d6d6;\" width=\"355\">CE, ISO<\/td>\n<\/tr>\n<tr>\n<td style=\"width: 32.1355%; border-style: solid; background-color: #d6d6d6;\" width=\"355\">Superf\u00edcie<\/td>\n<td style=\"width: 67.0431%; background-color: #d6d6d6;\" width=\"355\">Com prote\u00e7\u00e3o UV de 50 microns, resist\u00eancia ao calor<\/td>\n<\/tr>\n<tr>\n<td style=\"width: 32.1355%; border-style: solid; background-color: #d6d6d6;\" width=\"355\">Norma retardadora<\/td>\n<td style=\"width: 67.0431%; background-color: #d6d6d6;\" width=\"355\">Grau A<\/td>\n<\/tr>\n<tr>\n<td style=\"width: 32.1355%; border-style: solid; background-color: #d6d6d6;\" width=\"355\">Embalagem<\/td>\n<td style=\"width: 67.0431%; background-color: #d6d6d6;\" width=\"355\">Ambos os lados com pel\u00edcula PE, log\u00f3tipo na pel\u00edcula PE. Tamb\u00e9m est\u00e1 dispon\u00edvel uma embalagem personalizada.<\/td>\n<\/tr>\n<tr>\n<td style=\"width: 32.1355%; border-style: solid; background-color: #d6d6d6;\" width=\"355\">Entrega<\/td>\n<td style=\"width: 67.0431%; background-color: #d6d6d6;\" width=\"355\">Dentro de 7-10 dias ap\u00f3s a rece\u00e7\u00e3o do dep\u00f3sito<\/td>\n<\/tr>\n<\/tbody>\n<\/table>\n<p><strong style=\"font-size: revert; color: initial;\"><b>Especifica\u00e7\u00e3o da chapa oca de policarbonato Tonon<\/b><\/strong><\/p>\n<table style=\"width: 971px; height: 266px;\" border=\"1\" cellspacing=\"1\" cellpadding=\"1\">\n<tbody>\n<tr>\n<td style=\"width: 12.2853%;\" width=\"90\">Espessura<\/td>\n<td style=\"width: 9.24703%;\" width=\"67\">Peso<\/td>\n<td style=\"width: 8.05812%;\" width=\"58\">Largura<\/td>\n<td style=\"width: 9.11493%;\" width=\"66\">Comprimento<\/td>\n<td style=\"width: 57.992%;\" colspan=\"6\" width=\"426\">Transmiss\u00e3o de luz%(\u00b13%)<\/td>\n<\/tr>\n<tr>\n<td style=\"width: 12.2853%;\" width=\"90\">mm<\/td>\n<td style=\"width: 9.24703%;\" width=\"67\">Kg\/m2<\/td>\n<td style=\"width: 8.05812%;\" width=\"58\">mm<\/td>\n<td style=\"width: 9.11493%;\" width=\"66\">mm<\/td>\n<td style=\"width: 8.05812%;\" width=\"58\">Limpo<\/td>\n<td style=\"width: 13.4742%;\" width=\"99\">Opalescente<\/td>\n<td style=\"width: 7.00132%;\" width=\"50\">Azul<\/td>\n<td style=\"width: 12.2853%;\" width=\"91\">Lago Azul<\/td>\n<td style=\"width: 9.11493%;\" width=\"66\">Bronze<\/td>\n<td style=\"width: 8.05812%;\" width=\"58\">Verde<\/td>\n<\/tr>\n<tr>\n<td style=\"width: 12.2853%;\" width=\"90\">4<\/td>\n<td style=\"width: 9.24703%;\" width=\"67\">1<\/td>\n<td style=\"width: 8.05812%;\" width=\"58\">2100<\/td>\n<td style=\"width: 9.11493%;\" width=\"66\">6000<\/td>\n<td style=\"width: 8.05812%;\" width=\"58\">80<\/td>\n<td style=\"width: 13.4742%;\" width=\"99\">57<\/td>\n<td style=\"width: 7.00132%;\" width=\"50\">45<\/td>\n<td style=\"width: 12.2853%;\" width=\"91\">55<\/td>\n<td style=\"width: 9.11493%;\" width=\"66\">55<\/td>\n<td style=\"width: 8.05812%;\" width=\"58\">45<\/td>\n<\/tr>\n<tr>\n<td style=\"width: 12.2853%;\" width=\"90\">6<\/td>\n<td style=\"width: 9.24703%;\" width=\"67\">1.3<\/td>\n<td style=\"width: 8.05812%;\" width=\"58\">2100<\/td>\n<td style=\"width: 9.11493%;\" width=\"66\">6000<\/td>\n<td style=\"width: 8.05812%;\" width=\"58\">79<\/td>\n<td style=\"width: 13.4742%;\" width=\"99\">56<\/td>\n<td style=\"width: 7.00132%;\" width=\"50\">36<\/td>\n<td style=\"width: 12.2853%;\" width=\"91\">50<\/td>\n<td style=\"width: 9.11493%;\" width=\"66\">53<\/td>\n<td style=\"width: 8.05812%;\" width=\"58\">42<\/td>\n<\/tr>\n<tr>\n<td style=\"width: 12.2853%;\" width=\"90\">8<\/td>\n<td style=\"width: 9.24703%;\" width=\"67\">1.5<\/td>\n<td style=\"width: 8.05812%;\" width=\"58\">2100<\/td>\n<td style=\"width: 9.11493%;\" width=\"66\">6000<\/td>\n<td style=\"width: 8.05812%;\" width=\"58\">78<\/td>\n<td style=\"width: 13.4742%;\" width=\"99\">52<\/td>\n<td style=\"width: 7.00132%;\" width=\"50\">30<\/td>\n<td style=\"width: 12.2853%;\" width=\"91\">47<\/td>\n<td style=\"width: 9.11493%;\" width=\"66\">51<\/td>\n<td style=\"width: 8.05812%;\" width=\"58\">40<\/td>\n<\/tr>\n<tr>\n<td style=\"width: 12.2853%;\" width=\"90\">10<\/td>\n<td style=\"width: 9.24703%;\" width=\"67\">1.7<\/td>\n<td style=\"width: 8.05812%;\" width=\"58\">2100<\/td>\n<td style=\"width: 9.11493%;\" width=\"66\">6000<\/td>\n<td style=\"width: 8.05812%;\" width=\"58\">77<\/td>\n<td style=\"width: 13.4742%;\" width=\"99\">44<\/td>\n<td style=\"width: 7.00132%;\" width=\"50\">25<\/td>\n<td style=\"width: 12.2853%;\" width=\"91\">42<\/td>\n<td style=\"width: 9.11493%;\" width=\"66\">48<\/td>\n<td style=\"width: 8.05812%;\" width=\"58\">35<\/td>\n<\/tr>\n<\/tbody>\n<\/table>\n<p><strong style=\"font-size: revert; color: initial;\"><b>Dados t\u00e9cnicos da chapa oca de policarbonato Tonon<\/b><\/strong><\/p>\n<table style=\"height: 526px;\" border=\"1\" width=\"699\">\n<tbody>\n<tr>\n<td width=\"81\">N\u00e3o.<\/td>\n<td width=\"273\">Carater\u00edsticas<\/td>\n<td width=\"177\">Unidade<\/td>\n<td width=\"177\">Data<\/td>\n<\/tr>\n<tr>\n<td width=\"81\">1<\/td>\n<td width=\"273\">Resist\u00eancia ao impacto<\/td>\n<td width=\"177\">J\/M<\/td>\n<td width=\"177\">850<\/td>\n<\/tr>\n<tr>\n<td width=\"81\">2<\/td>\n<td width=\"273\">Transmiss\u00e3o de luz<\/td>\n<td width=\"177\">%<\/td>\n<td width=\"177\">88<\/td>\n<\/tr>\n<tr>\n<td width=\"81\">3<\/td>\n<td width=\"273\">Gravidade espec\u00edfica<\/td>\n<td width=\"177\">g\/cm<sup>3<\/sup><\/td>\n<td width=\"177\">1.2<\/td>\n<\/tr>\n<tr>\n<td width=\"81\">4<\/td>\n<td width=\"273\">Coeficiente de expans\u00e3o t\u00e9rmica<\/td>\n<td width=\"177\">Mm\/m.\u2103<\/td>\n<td width=\"177\">0.065<\/td>\n<\/tr>\n<tr>\n<td width=\"81\">5<\/td>\n<td width=\"273\">Gama de temperaturas<\/td>\n<td width=\"177\">\u2103<\/td>\n<td width=\"177\">-40\uff5e+120<\/td>\n<\/tr>\n<tr>\n<td width=\"81\">6<\/td>\n<td width=\"273\">Condutividade t\u00e9rmica<\/td>\n<td width=\"177\">W\/m<sup>2<\/sup>.\u2103<\/td>\n<td width=\"177\">2.3\uff5e3.9<\/td>\n<\/tr>\n<tr>\n<td width=\"81\">7<\/td>\n<td width=\"273\">Resist\u00eancia \u00e0 tra\u00e7\u00e3o<\/td>\n<td width=\"177\">N\/mm<sup>2<\/sup><\/td>\n<td width=\"177\">\u226560<\/td>\n<\/tr>\n<tr>\n<td width=\"81\">8<\/td>\n<td width=\"273\">Resist\u00eancia \u00e0 flex\u00e3o<\/td>\n<td width=\"177\">N\/mm<sup>2<\/sup><\/td>\n<td width=\"177\">100<\/td>\n<\/tr>\n<tr>\n<td width=\"81\">9<\/td>\n<td width=\"273\">M\u00f3dulo de elasticidade<\/td>\n<td width=\"177\">Mpa<\/td>\n<td width=\"177\">2400<\/td>\n<\/tr>\n<tr>\n<td width=\"81\">10<\/td>\n<td width=\"273\">Tens\u00e3o de rutura<\/td>\n<td width=\"177\">Mpa<\/td>\n<td width=\"177\">\u226565<\/td>\n<\/tr>\n<tr>\n<td width=\"81\">11<\/td>\n<td width=\"273\">Alongamento na rutura<\/td>\n<td width=\"177\">%<\/td>\n<td width=\"177\">&gt;100<\/td>\n<\/tr>\n<tr>\n<td width=\"81\">12<\/td>\n<td width=\"273\">Calor espec\u00edfico<\/td>\n<td width=\"177\">Kj\/Kg.K<\/td>\n<td width=\"177\">1.17<\/td>\n<\/tr>\n<tr>\n<td width=\"81\">13<\/td>\n<td width=\"273\">Temperatura de deflex\u00e3o t\u00e9rmica<\/td>\n<td width=\"177\">\u2103<\/td>\n<td width=\"177\">140<\/td>\n<\/tr>\n<tr>\n<td width=\"81\">14<\/td>\n<td width=\"273\">Efeito da insonoriza\u00e7\u00e3o<\/td>\n<td width=\"177\">Folha oca de 10 mm<\/td>\n<td width=\"177\">Atenua\u00e7\u00e3o 20dB<\/td>\n<\/tr>\n<\/tbody>\n<\/table>\n<p><strong style=\"font-size: revert; color: initial;\"><b>Aplica\u00e7\u00e3o da chapa de policarbonato de parede dupla<\/b><\/strong><\/p>\n<p>1.Teto para ilumina\u00e7\u00e3o natural de edif\u00edcios civis e p\u00fablicos, decora\u00e7\u00e3o de interiores e instala\u00e7\u00f5es p\u00fablicas. .<\/p>\n<p>2.Est\u00e1dio e instala\u00e7\u00f5es recreativas .<\/p>\n<p>3. estufas comerciais e coberturas para aquicultura e aves de capoeira .<\/p>\n<p>4. caixa de luz, letreiro e pain\u00e9is publicit\u00e1rios nos pontos de venda. .<\/p>\n<p>5. telhados de salas de espera em esta\u00e7\u00f5es ferrovi\u00e1rias, esta\u00e7\u00f5es de metro, esta\u00e7\u00f5es de autocarros e aeroportos. .<\/p>\n<p>\u00a0<\/p>\n\n\n<figure class=\"wp-block-gallery has-nested-images columns-default is-cropped wp-block-gallery-1 is-layout-flex wp-block-gallery-is-layout-flex\">\n<figure class=\"wp-block-image size-full\"><img fetchpriority=\"high\" decoding=\"async\" width=\"720\" height=\"674\" data-id=\"15126\" src=\"https:\/\/www.tononplastics.com\/wp-content\/uploads\/2023\/08\/10014.jpg\" alt=\"\" class=\"wp-image-15126\" title=\"\" srcset=\"https:\/\/www.tononplastics.com\/wp-content\/uploads\/2023\/08\/10014.jpg 720w, https:\/\/www.tononplastics.com\/wp-content\/uploads\/2023\/08\/10014-300x281.jpg 300w\" sizes=\"(max-width: 720px) 100vw, 720px\" \/><\/figure>\n\n\n\n<figure class=\"wp-block-image size-large\"><img decoding=\"async\" width=\"1000\" height=\"1000\" data-id=\"15120\" src=\"https:\/\/www.tononplastics.com\/wp-content\/uploads\/2023\/08\/10008-2.jpg\" alt=\"\" class=\"wp-image-15120\" title=\"\" srcset=\"https:\/\/www.tononplastics.com\/wp-content\/uploads\/2023\/08\/10008-2.jpg 1000w, https:\/\/www.tononplastics.com\/wp-content\/uploads\/2023\/08\/10008-2-300x300.jpg 300w, https:\/\/www.tononplastics.com\/wp-content\/uploads\/2023\/08\/10008-2-150x150.jpg 150w, https:\/\/www.tononplastics.com\/wp-content\/uploads\/2023\/08\/10008-2-768x768.jpg 768w\" sizes=\"(max-width: 1000px) 100vw, 1000px\" \/><\/figure>\n<\/figure>","protected":false},"featured_media":13745,"parent":0,"template":"","product-catagories":[178,179],"product-tag":[],"class_list":["post-14021","product","type-product","status-publish","has-post-thumbnail","hentry","product-catagories-polycarbonate-hollow-sheet","product-catagories-twin-wall-polycarbonate-sheet"],"acf":[],"_links":{"self":[{"href":"https:\/\/www.tononplastics.com\/pt\/wp-json\/wp\/v2\/product\/14021","targetHints":{"allow":["GET"]}}],"collection":[{"href":"https:\/\/www.tononplastics.com\/pt\/wp-json\/wp\/v2\/product"}],"about":[{"href":"https:\/\/www.tononplastics.com\/pt\/wp-json\/wp\/v2\/types\/product"}],"version-history":[{"count":0,"href":"https:\/\/www.tononplastics.com\/pt\/wp-json\/wp\/v2\/product\/14021\/revisions"}],"wp:featuredmedia":[{"embeddable":true,"href":"https:\/\/www.tononplastics.com\/pt\/wp-json\/wp\/v2\/media\/13745"}],"wp:attachment":[{"href":"https:\/\/www.tononplastics.com\/pt\/wp-json\/wp\/v2\/media?parent=14021"}],"wp:term":[{"taxonomy":"product-catagories","embeddable":true,"href":"https:\/\/www.tononplastics.com\/pt\/wp-json\/wp\/v2\/product-catagories?post=14021"},{"taxonomy":"product-tag","embeddable":true,"href":"https:\/\/www.tononplastics.com\/pt\/wp-json\/wp\/v2\/product-tag?post=14021"}],"curies":[{"name":"wp","href":"https:\/\/api.w.org\/{rel}","templated":true}]}}