{"id":14027,"date":"2023-05-04T21:07:46","date_gmt":"2023-05-04T13:07:46","guid":{"rendered":"https:\/\/tononplastics.com\/?post_type=product&#038;p=14027"},"modified":"2024-04-16T14:12:47","modified_gmt":"2024-04-16T06:12:47","slug":"2-layer-polycarbonate-hollow-sheet","status":"publish","type":"product","link":"https:\/\/www.tononplastics.com\/pt\/product\/2-layer-polycarbonate-hollow-sheet\/","title":{"rendered":"Folha oca de policarbonato de 2 camadas"},"content":{"rendered":"<figure class=\"wp-block-gallery has-nested-images columns-default is-cropped wp-block-gallery-1 is-layout-flex wp-block-gallery-is-layout-flex\">\n<figure class=\"wp-block-image size-large\"><img fetchpriority=\"high\" decoding=\"async\" width=\"640\" height=\"640\" data-id=\"15287\" src=\"https:\/\/www.tononplastics.com\/wp-content\/uploads\/2023\/08\/H905833aa270b428cb135157888c4d1ebN.jpg\" alt=\"\" class=\"wp-image-15287\" title=\"\" srcset=\"https:\/\/www.tononplastics.com\/wp-content\/uploads\/2023\/08\/H905833aa270b428cb135157888c4d1ebN.jpg 640w, https:\/\/www.tononplastics.com\/wp-content\/uploads\/2023\/08\/H905833aa270b428cb135157888c4d1ebN-300x300.jpg 300w, https:\/\/www.tononplastics.com\/wp-content\/uploads\/2023\/08\/H905833aa270b428cb135157888c4d1ebN-150x150.jpg 150w\" sizes=\"(max-width: 640px) 100vw, 640px\" \/><\/figure>\n\n\n\n<figure class=\"wp-block-image size-large\"><img decoding=\"async\" data-id=\"15285\" src=\"https:\/\/www.tononplastics.com\/wp-content\/uploads\/2023\/08\/H64fb2f7828404745a8e81dabfa6bb5c54.png\" alt=\"\" class=\"wp-image-15285\" title=\"\"><\/figure>\n<\/figure>\n\n\n<p><strong><b>Detalhe do produto:<\/b><\/strong><\/p>\n<p><!-- \/wp:post-content --><\/p>\n<p><!-- wp:paragraph \/--><\/p>\n<p><!-- wp:image {\"id\":6628} \/--><\/p>\n<p><!-- wp:table --><\/p>\n<figure class=\"wp-block-table\">\n<table>\n<tbody>\n<tr>\n<td>Nome do produto<\/td>\n<td>Folha de policarbonato oca<\/td>\n<\/tr>\n<tr>\n<td>Local de origem<\/td>\n<td>Cidade de Foshan, Guangdong, China<\/td>\n<\/tr>\n<tr>\n<td>Material<\/td>\n<td>100% Policarbonato virgem Material<\/td>\n<\/tr>\n<tr>\n<td>Cores<\/td>\n<td>Transparente, Bronze, Azul, Verde, Opala, Cinzento ou personalizado<\/td>\n<\/tr>\n<tr>\n<td>Espessura<\/td>\n<td>4-20mm<\/td>\n<\/tr>\n<tr>\n<td>Largura<\/td>\n<td>2,1 m, 1,22 m ou personalizado<\/td>\n<\/tr>\n<tr>\n<td>Superf\u00edcie<\/td>\n<td>Com prote\u00e7\u00e3o UV de 50 microns, resist\u00eancia ao calor<\/td>\n<\/tr>\n<tr>\n<td>Norma retardadora<\/td>\n<td>Grau A<\/td>\n<\/tr>\n<tr>\n<td>Embalagem<\/td>\n<td>Ambos os lados com pel\u00edcula PE, log\u00f3tipo na pel\u00edcula PE. Tamb\u00e9m est\u00e1 dispon\u00edvel uma embalagem personalizada.<\/td>\n<\/tr>\n<tr>\n<td>Entrega<\/td>\n<td>Dentro de 7-10 dias ap\u00f3s a rece\u00e7\u00e3o do dep\u00f3sito<\/td>\n<\/tr>\n<\/tbody>\n<\/table>\n<\/figure>\n<p><!-- \/wp:table --><\/p>\n<p><!-- wp:image {\"id\":6592} --><\/p>\n<p><!-- \/wp:image --><\/p>\n<p><!-- wp:image {\"id\":6593} --><\/p>\n<p><!-- \/wp:image --><\/p>\n<p><!-- wp:table --><\/p>\n<figure class=\"wp-block-table\">\n<table>\n<tbody>\n<tr>\n<td colspan=\"10\"><strong><b>Especifica\u00e7\u00e3o da chapa oca de policarbonato Tonon<\/b><\/strong><\/td>\n<\/tr>\n<tr>\n<td>Espessura<\/td>\n<td>Peso<\/td>\n<td>Largura<\/td>\n<td>Comprimento<\/td>\n<td colspan=\"6\">Transmiss\u00e3o de luz%(\u00b13%)<\/td>\n<\/tr>\n<tr>\n<td>mm<\/td>\n<td>Kg\/m2<\/td>\n<td>mm<\/td>\n<td>mm<\/td>\n<td>Limpo<\/td>\n<td>Opalescente<\/td>\n<td>Azul<\/td>\n<td>Lago Azul<\/td>\n<td>Bronze<\/td>\n<td>Verde<\/td>\n<\/tr>\n<tr>\n<td>4<\/td>\n<td>1<\/td>\n<td>2100<\/td>\n<td>6000<\/td>\n<td>80<\/td>\n<td>57<\/td>\n<td>45<\/td>\n<td>55<\/td>\n<td>55<\/td>\n<td>45<\/td>\n<\/tr>\n<tr>\n<td>6<\/td>\n<td>1.3<\/td>\n<td>2100<\/td>\n<td>6000<\/td>\n<td>79<\/td>\n<td>56<\/td>\n<td>36<\/td>\n<td>50<\/td>\n<td>53<\/td>\n<td>42<\/td>\n<\/tr>\n<tr>\n<td>8<\/td>\n<td>1.5<\/td>\n<td>2100<\/td>\n<td>6000<\/td>\n<td>78<\/td>\n<td>52<\/td>\n<td>30<\/td>\n<td>47<\/td>\n<td>51<\/td>\n<td>40<\/td>\n<\/tr>\n<tr>\n<td>10<\/td>\n<td>1.7<\/td>\n<td>2100<\/td>\n<td>6000<\/td>\n<td>77<\/td>\n<td>44<\/td>\n<td>25<\/td>\n<td>42<\/td>\n<td>48<\/td>\n<td>35<\/td>\n<\/tr>\n<\/tbody>\n<\/table>\n<\/figure>\n<p><!-- \/wp:table --><\/p>\n<p><!-- wp:image {\"id\":6594} --><\/p>\n<p><!-- \/wp:image --><\/p>\n<p><!-- wp:image {\"id\":6595} --><\/p>\n<p><!-- \/wp:image --><\/p>\n<p><!-- wp:table --><\/p>\n<figure class=\"wp-block-table\">\n<table>\n<tbody>\n<tr>\n<td colspan=\"4\"><strong><b>Dados t\u00e9cnicos da chapa oca de policarbonato Tonon<\/b><\/strong><\/td>\n<\/tr>\n<tr>\n<td>N\u00e3o.<\/td>\n<td>Carater\u00edsticas<\/td>\n<td>Unidade<\/td>\n<td>Data<\/td>\n<\/tr>\n<tr>\n<td>1<\/td>\n<td>Resist\u00eancia ao impacto<\/td>\n<td>J\/M<\/td>\n<td>850<\/td>\n<\/tr>\n<tr>\n<td>2<\/td>\n<td>Transmiss\u00e3o de luz<\/td>\n<td>%<\/td>\n<td>88<\/td>\n<\/tr>\n<tr>\n<td>3<\/td>\n<td>Gravidade espec\u00edfica<\/td>\n<td>g\/cm<sup>3<\/sup><\/td>\n<td>1.2<\/td>\n<\/tr>\n<tr>\n<td>4<\/td>\n<td>Coeficiente de expans\u00e3o t\u00e9rmica<\/td>\n<td>Mm\/m.\u2103<\/td>\n<td>0.065<\/td>\n<\/tr>\n<tr>\n<td>5<\/td>\n<td>Gama de temperaturas<\/td>\n<td>\u2103<\/td>\n<td>-40\uff5e+120<\/td>\n<\/tr>\n<tr>\n<td>6<\/td>\n<td>Condutividade t\u00e9rmica<\/td>\n<td>W\/m<sup>2<\/sup>.\u2103<\/td>\n<td>2.3\uff5e3.9<\/td>\n<\/tr>\n<tr>\n<td>7<\/td>\n<td>Resist\u00eancia \u00e0 tra\u00e7\u00e3o<\/td>\n<td>N\/mm<sup>2<\/sup><\/td>\n<td>\u226560<\/td>\n<\/tr>\n<tr>\n<td>8<\/td>\n<td>Resist\u00eancia \u00e0 flex\u00e3o<\/td>\n<td>N\/mm<sup>2<\/sup><\/td>\n<td>100<\/td>\n<\/tr>\n<tr>\n<td>9<\/td>\n<td>M\u00f3dulo de elasticidade<\/td>\n<td>Mpa<\/td>\n<td>2400<\/td>\n<\/tr>\n<tr>\n<td>10<\/td>\n<td>Tens\u00e3o de rutura<\/td>\n<td>Mpa<\/td>\n<td>\u226565<\/td>\n<\/tr>\n<tr>\n<td>11<\/td>\n<td>Alongamento na rutura<\/td>\n<td>%<\/td>\n<td>&gt;100<\/td>\n<\/tr>\n<tr>\n<td>12<\/td>\n<td>Calor espec\u00edfico<\/td>\n<td>Kj\/Kg.K<\/td>\n<td>1.17<\/td>\n<\/tr>\n<tr>\n<td>13<\/td>\n<td>Temperatura de deflex\u00e3o t\u00e9rmica<\/td>\n<td>\u2103<\/td>\n<td>140<\/td>\n<\/tr>\n<tr>\n<td>14<\/td>\n<td>Efeito da insonoriza\u00e7\u00e3o<\/td>\n<td>Folha oca de 10 mm<\/td>\n<td>Atenua\u00e7\u00e3o 20dB<\/td>\n<\/tr>\n<\/tbody>\n<\/table>\n<\/figure>\n<p><!-- \/wp:table --><\/p>\n<p><!-- wp:image {\"id\":6596} --><\/p>\n<p><!-- \/wp:image --><\/p>\n<p><!-- wp:paragraph --><\/p>\n<p><strong><b>Aplica\u00e7\u00e3o da chapa de policarbonato de parede dupla<\/b><\/strong><\/p>\n<p><!-- \/wp:paragraph --><\/p>\n<p><!-- wp:paragraph --><\/p>\n<p>1.Teto para ilumina\u00e7\u00e3o natural de edif\u00edcios civis e p\u00fablicos, decora\u00e7\u00e3o de interiores e instala\u00e7\u00f5es p\u00fablicas. .<\/p>\n<p><!-- \/wp:paragraph --><\/p>\n<p><!-- wp:paragraph --><\/p>\n<p>2.Est\u00e1dio e instala\u00e7\u00f5es recreativas .<\/p>\n<p><!-- \/wp:paragraph --><\/p>\n<p><!-- wp:paragraph --><\/p>\n<p>3. estufas comerciais e coberturas para aquicultura e aves de capoeira .<\/p>\n<p><!-- \/wp:paragraph --><\/p>\n<p><!-- wp:paragraph --><\/p>\n<p>4. caixa de luz, letreiro e pain\u00e9is publicit\u00e1rios nos pontos de venda. .<\/p>\n<p><!-- \/wp:paragraph --><\/p>\n<p><!-- wp:paragraph --><\/p>\n<p>5. telhados de salas de espera em esta\u00e7\u00f5es ferrovi\u00e1rias, esta\u00e7\u00f5es de metro, esta\u00e7\u00f5es de autocarros e aeroportos. .<\/p>","protected":false},"featured_media":16775,"parent":0,"template":"","product-catagories":[178,179],"product-tag":[],"class_list":["post-14027","product","type-product","status-publish","has-post-thumbnail","hentry","product-catagories-polycarbonate-hollow-sheet","product-catagories-twin-wall-polycarbonate-sheet"],"acf":[],"_links":{"self":[{"href":"https:\/\/www.tononplastics.com\/pt\/wp-json\/wp\/v2\/product\/14027","targetHints":{"allow":["GET"]}}],"collection":[{"href":"https:\/\/www.tononplastics.com\/pt\/wp-json\/wp\/v2\/product"}],"about":[{"href":"https:\/\/www.tononplastics.com\/pt\/wp-json\/wp\/v2\/types\/product"}],"version-history":[{"count":0,"href":"https:\/\/www.tononplastics.com\/pt\/wp-json\/wp\/v2\/product\/14027\/revisions"}],"wp:featuredmedia":[{"embeddable":true,"href":"https:\/\/www.tononplastics.com\/pt\/wp-json\/wp\/v2\/media\/16775"}],"wp:attachment":[{"href":"https:\/\/www.tononplastics.com\/pt\/wp-json\/wp\/v2\/media?parent=14027"}],"wp:term":[{"taxonomy":"product-catagories","embeddable":true,"href":"https:\/\/www.tononplastics.com\/pt\/wp-json\/wp\/v2\/product-catagories?post=14027"},{"taxonomy":"product-tag","embeddable":true,"href":"https:\/\/www.tononplastics.com\/pt\/wp-json\/wp\/v2\/product-tag?post=14027"}],"curies":[{"name":"wp","href":"https:\/\/api.w.org\/{rel}","templated":true}]}}