{"id":14546,"date":"2023-08-08T09:08:02","date_gmt":"2023-08-08T01:08:02","guid":{"rendered":"https:\/\/tononplastics.com\/?post_type=product&#038;p=14546"},"modified":"2024-03-25T13:01:39","modified_gmt":"2024-03-25T05:01:39","slug":"polycarbonate-corrugated-sheet","status":"publish","type":"product","link":"https:\/\/www.tononplastics.com\/pt\/product\/polycarbonate-corrugated-sheet\/","title":{"rendered":"Folha ondulada de policarbonato"},"content":{"rendered":"<p><strong>Detalhes<\/strong><\/p>\n\n\n\n<p>A Tecplast produz todos os tipos de chapa ondulada de policarbonato. Tamb\u00e9m produzimos de acordo com o seu molde de forma ondulada!<\/p>\n\n\n\n<p><strong>Imagem dos produtos<\/strong><\/p>\n\n\n\n<figure class=\"wp-block-image is-resized\"><img decoding=\"async\" src=\"https:\/\/www.techplast.com.cn\/d\/file\/polycarbonate-corrugated-solid-sheet\/2023-11-09\/16995219633519.png\" alt=\"\" style=\"width:840px;height:auto\" title=\"1.png\"><\/figure>\n\n\n\n<p><strong>Carater\u00edsticas<\/strong><\/p>\n\n\n\n<p>1. super clareza e muito mais forte do que outros materiais pl\u00e1sticos,<\/p>\n\n\n\n<p>2. superf\u00edcie perfeitamente lisa, produzida com resinas virgens 100% e tecnologia sofisticada.<\/p>\n\n\n\n<p>3. leve e praticamente inquebr\u00e1vel, transmiss\u00e3o de luz: at\u00e9 88%<\/p>\n\n\n\n<p>4. f\u00e1cil de instalar com manuten\u00e7\u00e3o m\u00ednima<\/p>\n\n\n\n<p>5. absorve quase 100% de radia\u00e7\u00e3o UV nociva<\/p>\n\n\n\n<p>6. elevada resist\u00eancia ao impacto, 80 vezes superior \u00e0 do vidro, 15 vezes superior \u00e0 da folha de acr\u00edlico<\/p>\n\n\n\n<p>7. coextrus\u00e3o UV para uma longa vida \u00fatil, 10 anos de garantia<\/p>\n\n\n\n<p><strong>Detalhes do tamanho<\/strong><\/p>\n\n\n\n<p>Espessura: 0,8-2,5 mm<\/p>\n\n\n\n<p>Largura: 600-1800mm<\/p>\n\n\n\n<p>Dura\u00e7\u00e3o: n\u00e3o limitada<\/p>\n\n\n\n<p><strong>Dados t\u00e9cnicos<\/strong><\/p>\n\n\n\n<figure class=\"wp-block-table\"><table><tbody><tr><td><strong>For\u00e7a de impacto<\/strong><\/td><td><strong>Transpar\u00eancia<\/strong><\/td><td><strong>Gravidade espec\u00edfica<\/strong><\/td><td><strong>Coeficiente de expans\u00e3o t\u00e9rmica<\/strong><\/td><td><strong>Temperatura de servi\u00e7o<\/strong><\/td><td><strong>Condutividade t\u00e9rmica<\/strong><\/td><\/tr><tr><td>50j\/m<\/td><td>88%-92%<\/td><td>1200kg\/m\u00b3<\/td><td>0,065mm\/m\u00b0C<\/td><td>-40\u00b0C~+120\u00b0C<\/td><td>0,21w\/m\u00b2\u00b0C<\/td><\/tr><tr><td><strong>Resist\u00eancia \u00e0 tra\u00e7\u00e3o<\/strong><\/td><td><strong>For\u00e7a de flex\u00e3o<\/strong><\/td><td><strong>M\u00f3dulo de elasticidade<\/strong><\/td><td><strong>Efeito do isolamento ac\u00fastico<\/strong><\/td><td><strong>Tens\u00e3o de tra\u00e7\u00e3o na rutura<\/strong><\/td><td><strong>Alongamento na rutura<\/strong><\/td><\/tr><tr><td>\u226560N\/mm<\/td><td>100N\/mm\u00b2<\/td><td>2400Mpa<\/td><td>Redu\u00e7\u00e3o de 35 decib\u00e9is para chapa s\u00f3lida de 6 mm<\/td><td>\u2265130Mpa<\/td><td><\/td><\/tr><\/tbody><\/table><\/figure>\n\n\n\n<p><h3><span style=\"font-size: revert; color: initial;\"> <\/span><\/h3><table style=\"border-collapse: collapse; width: 100%;\"> <tbody> <tr style=\"background-color: #0e6fe6;\"> <td style=\"width: 18.1592%;\"> <p><span style=\"color: #ffffff;\"><b>Fotopermeabilidade<\/b><\/span><\/p> <\/td> <td style=\"width: 81.8408%;\"> <p><span style=\"color: #ffffff;\">Dependendo da cor, a transmit\u00e2ncia pode atingir 0-89%<\/span><\/p> <\/td> <\/tr> <tr> <td style=\"width: 18.1592%;\"> <p><b>Peso leve<\/b><\/p> <\/td> <td style=\"width: 81.8408%;\"> <p>o peso \u00e9 a mesma espessura do vidro 1\/15<\/p> <\/td> <\/tr> <tr> <td style=\"width: 18.1592%;\"> <p><b>Resist\u00eancia ao impacto <\/b><\/p> <\/td> <td style=\"width: 81.8408%;\"> <p>boa resist\u00eancia, n\u00e3o \u00e9 f\u00e1cil de danificar durante o transporte, a instala\u00e7\u00e3o e a utiliza\u00e7\u00e3o; a resist\u00eancia ao impacto<\/p> <p>\u00e9 250 vezes superior ao do vidro e 30 vezes superior ao do plexiglas<\/p> <\/td> <\/tr> <tr> <td style=\"width: 18.1592%;\"> <p><b>Resist\u00eancia ao envelhecimento:<\/b><\/p> <\/td> <td style=\"width: 81.8408%;\"> <p>a superf\u00edcie do produto cont\u00e9m uma camada de co-extrus\u00e3o ultravioleta, boa resist\u00eancia \u00e0s intemp\u00e9ries no exterior,<\/p> <p>a utiliza\u00e7\u00e3o a longo prazo continua a manter boas propriedades \u00f3pticas e mec\u00e2nicas<\/p> <\/td> <\/tr> <tr> <td style=\"width: 18.1592%;\"> <p><b>Resist\u00eancia ao vento <\/b><\/p> <p><b>press\u00e3o<\/b><\/p> <\/td> <td style=\"width: 81.8408%;\"> <p>resist\u00eancia ao desempenho da press\u00e3o do vento GB\/T 7106-2008 primeiro n\u00edvel<\/p> <\/td> <\/tr> <tr> <td style=\"width: 18.1592%;\"> <p><b>Adaptar-se a grandes <\/b><\/p> <p><b>temperatura <\/b><\/p> <p><b>diferen\u00e7a<\/b><\/p> <\/td> <td style=\"width: 81.8408%;\"> <p>temperatura de utiliza\u00e7\u00e3o prolongada: menos 40\u00b0C a alta temperatura 120\u00b0C<\/p> <\/td> <\/tr> <tr> <td style=\"width: 18.1592%;\"> <p><b>Isolamento ac\u00fastico<\/b><\/p> <\/td> <td style=\"width: 81.8408%;\"> <p>estrutura oca de policarbonato boas carater\u00edsticas de isolamento ac\u00fastico, pode efetivamente reduzir<\/p> <p>ru\u00eddo<\/p> <\/td> <\/tr> <tr> <td style=\"width: 18.1592%;\"> <p><b>Inflam\u00e1vel <\/b><\/p> <\/td> <td style=\"width: 81.8408%;\"> <p>de acordo com a norma nacional GB8624-2012, \u00e9 inflam\u00e1vel de grau B1<\/p> <\/td> <\/tr> <tr> <td style=\"width: 18.1592%;\"> <p><b>Instala\u00e7\u00e3o f\u00e1cil <\/b><\/p> <\/td> <td style=\"width: 81.8408%;\"> <p>Dobragem a frio com um raio de curvatura m\u00ednimo de 175 vezes a espessura da chapa<\/p> <\/td> <\/tr> <tr> <td style=\"width: 18.1592%;\"> <p><b>Poupan\u00e7a de energia <\/b><\/p> <\/td> <td style=\"width: 81.8408%;\"> <p>baixo coeficiente de transfer\u00eancia de calor (valor K), bom isolamento t\u00e9rmico, a poupan\u00e7a de energia \u00e9 1,5-1,7 vezes superior \u00e0<\/p> <p>mesma espessura de vidro<\/p> <\/td> <\/tr> <\/tbody> <\/table><\/p>","protected":false},"featured_media":14351,"parent":0,"template":"","product-catagories":[174],"product-tag":[],"class_list":["post-14546","product","type-product","status-publish","has-post-thumbnail","hentry","product-catagories-polycarbonate-corrugated-sheet"],"acf":[],"_links":{"self":[{"href":"https:\/\/www.tononplastics.com\/pt\/wp-json\/wp\/v2\/product\/14546","targetHints":{"allow":["GET"]}}],"collection":[{"href":"https:\/\/www.tononplastics.com\/pt\/wp-json\/wp\/v2\/product"}],"about":[{"href":"https:\/\/www.tononplastics.com\/pt\/wp-json\/wp\/v2\/types\/product"}],"version-history":[{"count":0,"href":"https:\/\/www.tononplastics.com\/pt\/wp-json\/wp\/v2\/product\/14546\/revisions"}],"wp:featuredmedia":[{"embeddable":true,"href":"https:\/\/www.tononplastics.com\/pt\/wp-json\/wp\/v2\/media\/14351"}],"wp:attachment":[{"href":"https:\/\/www.tononplastics.com\/pt\/wp-json\/wp\/v2\/media?parent=14546"}],"wp:term":[{"taxonomy":"product-catagories","embeddable":true,"href":"https:\/\/www.tononplastics.com\/pt\/wp-json\/wp\/v2\/product-catagories?post=14546"},{"taxonomy":"product-tag","embeddable":true,"href":"https:\/\/www.tononplastics.com\/pt\/wp-json\/wp\/v2\/product-tag?post=14546"}],"curies":[{"name":"wp","href":"https:\/\/api.w.org\/{rel}","templated":true}]}}