{"id":14571,"date":"2023-08-08T10:50:24","date_gmt":"2023-08-08T02:50:24","guid":{"rendered":"https:\/\/tononplastics.com\/?post_type=product&#038;p=14571"},"modified":"2024-03-25T11:25:13","modified_gmt":"2024-03-25T03:25:13","slug":"polycarbonte-awning","status":"publish","type":"product","link":"https:\/\/www.tononplastics.com\/pt\/product\/polycarbonte-awning\/","title":{"rendered":"Toldo de policarbonato"},"content":{"rendered":"<p><strong>Detalhes<\/strong>:<br>O toldo de policarbonato usa principalmente folha de policarbonato Bayer (incluindo folha oca de PC e folha s\u00f3lida de PC) como seu material. O peso leve e a forte resist\u00eancia \u00e0s intemp\u00e9ries s\u00e3o duas carater\u00edsticas importantes. Tem sido muito utilizado como toldo de esta\u00e7\u00e3o de autocarros e toldo de garagem subterr\u00e2nea. E \u00e9 f\u00e1cil de instalar.<\/p>\n\n\n\n<p><strong>Vantagem do toldo de policarbonato<\/strong><br>1. superf\u00edcie \u00fanica transparente, com prote\u00e7\u00e3o UV<br>2. \u00e0 prova de intemp\u00e9ries<br>3. folha de pl\u00e1stico de policarbonato dur\u00e1vel e suportes de pl\u00e1stico estruturais fortes<br>4. concebido para suportar at\u00e9 um furac\u00e3o de categoria 1<br>5.A superf\u00edcie reduz o ru\u00eddo da chuva e do granizo<br>6. amigo do ambiente<br>7.V\u00e1rios toldos podem ser ligados para criar um dossel mais longo<br>8. todas as ferragens est\u00e3o inclu\u00eddas para uma montagem e instala\u00e7\u00e3o r\u00e1pida e f\u00e1cil<\/p>\n\n\n\n<figure class=\"wp-block-gallery has-nested-images columns-default is-cropped wp-block-gallery-1 is-layout-flex wp-block-gallery-is-layout-flex\">\n<figure class=\"wp-block-image size-large\"><img fetchpriority=\"high\" decoding=\"async\" width=\"662\" height=\"379\" data-id=\"14365\" src=\"https:\/\/www.tononplastics.com\/wp-content\/uploads\/2023\/08\/img-121.jpg\" alt=\"\" class=\"wp-image-14365\" title=\"\" srcset=\"https:\/\/www.tononplastics.com\/wp-content\/uploads\/2023\/08\/img-121.jpg 662w, https:\/\/www.tononplastics.com\/wp-content\/uploads\/2023\/08\/img-121-300x172.jpg 300w\" sizes=\"(max-width: 662px) 100vw, 662px\" \/><\/figure>\n\n\n\n<figure class=\"wp-block-image size-large\"><img decoding=\"async\" width=\"1024\" height=\"683\" data-id=\"14364\" src=\"https:\/\/www.tononplastics.com\/wp-content\/uploads\/2023\/08\/img-120-1024x683.jpg\" alt=\"\" class=\"wp-image-14364\" title=\"\" srcset=\"https:\/\/www.tononplastics.com\/wp-content\/uploads\/2023\/08\/img-120-1024x683.jpg 1024w, https:\/\/www.tononplastics.com\/wp-content\/uploads\/2023\/08\/img-120-300x200.jpg 300w, https:\/\/www.tononplastics.com\/wp-content\/uploads\/2023\/08\/img-120-768x512.jpg 768w, https:\/\/www.tononplastics.com\/wp-content\/uploads\/2023\/08\/img-120-1536x1024.jpg 1536w, https:\/\/www.tononplastics.com\/wp-content\/uploads\/2023\/08\/img-120-2048x1365.jpg 2048w\" sizes=\"(max-width: 1024px) 100vw, 1024px\" \/><\/figure>\n<\/figure>\n\n\n<p><b>ESPECIFICA\u00c7\u00d5ES DO TOLDO<\/b><\/p>\n<table style=\"border-collapse: collapse; width: 100%;\">\n<tbody>\n<tr>\n<td style=\"width: 16.335%;\">\n<p>Largura (mm)<\/p>\n<\/td>\n<td style=\"width: 83.665%;\">\n<p>600,800,1000,1200,1500,2000<\/p>\n<\/td>\n<\/tr>\n<tr>\n<td style=\"width: 16.335%;\">\n<p>Profundidade (mm)<\/p>\n<\/td>\n<td style=\"width: 83.665%;\">\n<p>600,800,1000,1200,1500<\/p>\n<\/td>\n<\/tr>\n<tr>\n<td style=\"width: 16.335%;\">\n<p>Material da placa<\/p>\n<\/td>\n<td style=\"width: 83.665%;\">\n<p>Folha s\u00f3lida de PC de 3 mm<\/p>\n<p>Folha s\u00f3lida de PC de 6 mm<\/p>\n<\/td>\n<\/tr>\n<tr>\n<td style=\"width: 16.335%;\">\n<p>Suporte<\/p>\n<\/td>\n<td style=\"width: 83.665%;\">\n<p>Pl\u00e1sticos de engenharia PP ou alum\u00ednio<\/p>\n<\/td>\n<\/tr>\n<tr>\n<td style=\"width: 16.335%;\">\n<p>Observa\u00e7\u00f5es<\/p>\n<\/td>\n<td style=\"width: 83.665%;\">\n<p>Os tamanhos podem ser personalizados de acordo com as necessidades do cliente<\/p>\n<\/td>\n<\/tr>\n<\/tbody>\n<\/table>\n<p>\u00a0<\/p>\n\n\n<figure class=\"wp-block-gallery has-nested-images columns-default is-cropped wp-block-gallery-2 is-layout-flex wp-block-gallery-is-layout-flex\">\n<figure class=\"wp-block-image size-large\"><img decoding=\"async\" width=\"682\" height=\"358\" data-id=\"15372\" src=\"https:\/\/www.tononplastics.com\/wp-content\/uploads\/2023\/08\/H2d98bb868b2d4385b8957b7b46c19741H.png\" alt=\"\" class=\"wp-image-15372\" title=\"\" srcset=\"https:\/\/www.tononplastics.com\/wp-content\/uploads\/2023\/08\/H2d98bb868b2d4385b8957b7b46c19741H.png 682w, https:\/\/www.tononplastics.com\/wp-content\/uploads\/2023\/08\/H2d98bb868b2d4385b8957b7b46c19741H-300x157.png 300w\" sizes=\"(max-width: 682px) 100vw, 682px\" \/><\/figure>\n<\/figure>","protected":false},"featured_media":14364,"parent":0,"template":"","product-catagories":[171],"product-tag":[],"class_list":["post-14571","product","type-product","status-publish","has-post-thumbnail","hentry","product-catagories-awning"],"acf":[],"_links":{"self":[{"href":"https:\/\/www.tononplastics.com\/pt\/wp-json\/wp\/v2\/product\/14571","targetHints":{"allow":["GET"]}}],"collection":[{"href":"https:\/\/www.tononplastics.com\/pt\/wp-json\/wp\/v2\/product"}],"about":[{"href":"https:\/\/www.tononplastics.com\/pt\/wp-json\/wp\/v2\/types\/product"}],"version-history":[{"count":0,"href":"https:\/\/www.tononplastics.com\/pt\/wp-json\/wp\/v2\/product\/14571\/revisions"}],"wp:featuredmedia":[{"embeddable":true,"href":"https:\/\/www.tononplastics.com\/pt\/wp-json\/wp\/v2\/media\/14364"}],"wp:attachment":[{"href":"https:\/\/www.tononplastics.com\/pt\/wp-json\/wp\/v2\/media?parent=14571"}],"wp:term":[{"taxonomy":"product-catagories","embeddable":true,"href":"https:\/\/www.tononplastics.com\/pt\/wp-json\/wp\/v2\/product-catagories?post=14571"},{"taxonomy":"product-tag","embeddable":true,"href":"https:\/\/www.tononplastics.com\/pt\/wp-json\/wp\/v2\/product-tag?post=14571"}],"curies":[{"name":"wp","href":"https:\/\/api.w.org\/{rel}","templated":true}]}}