{"id":15068,"date":"2023-08-22T12:40:43","date_gmt":"2023-08-22T04:40:43","guid":{"rendered":"https:\/\/tononplastics.com\/?post_type=product&#038;p=15068"},"modified":"2024-03-25T14:20:26","modified_gmt":"2024-03-25T06:20:26","slug":"online-pc-solid-corrugated-sheet-price-list-polycarbonate-corrugated-plastic-roofing-sheets","status":"publish","type":"product","link":"https:\/\/www.tononplastics.com\/pt\/product\/online-pc-solid-corrugated-sheet-price-list-polycarbonate-corrugated-plastic-roofing-sheets\/","title":{"rendered":"Lista de pre\u00e7os online de chapa ondulada s\u00f3lida para PC. Chapas onduladas de pl\u00e1stico para telhados em policarbonato"},"content":{"rendered":"<style>\/*! elementor - v3.15.0 - 09-08-2023 *\/<br \/>\n.elementor-widget-image{text-align:center}.elementor-widget-image a{display:inline-block}.elementor-widget-image a img[src$=\".svg\"]{width:48px}.elementor-widget-image img{vertical-align:middle;display:inline-block}<\/style>\n<p><img fetchpriority=\"high\" decoding=\"async\" src=\"https:\/\/tononplastics.com\/wp-content\/uploads\/2023\/08\/img-51-1024x702.jpg\" sizes=\"(max-width: 800px) 100vw, 800px\" srcset=\"https:\/\/tononplastics.com\/wp-content\/uploads\/2023\/08\/img-51-1024x702.jpg 1024w, https:\/\/tononplastics.com\/wp-content\/uploads\/2023\/08\/img-51-300x206.jpg 300w, https:\/\/tononplastics.com\/wp-content\/uploads\/2023\/08\/img-51-768x527.jpg 768w, https:\/\/tononplastics.com\/wp-content\/uploads\/2023\/08\/img-51.jpg 1092w\" alt=\"\" width=\"800\" height=\"548\" title=\"\"><br \/>\n<img decoding=\"async\" src=\"https:\/\/tononplastics.com\/wp-content\/uploads\/2023\/05\/corrugated-polycarboante-sheet.jpg\" sizes=\"(max-width: 800px) 100vw, 800px\" srcset=\"https:\/\/tononplastics.com\/wp-content\/uploads\/2023\/05\/corrugated-polycarboante-sheet.jpg 800w, https:\/\/tononplastics.com\/wp-content\/uploads\/2023\/05\/corrugated-polycarboante-sheet-300x209.jpg 300w, https:\/\/tononplastics.com\/wp-content\/uploads\/2023\/05\/corrugated-polycarboante-sheet-768x534.jpg 768w\" alt=\"\" width=\"800\" height=\"556\" title=\"\"><\/p>\n<p><strong>Detalhes do produto convencional:<\/strong><\/p>\n<p>1). Espessura da folha de policarbonato de parede dupla: 3mm-12mm. Largura: 2100mm.<\/p>\n<p>2). Espessura da chapa de policarbonato de paredes triplas: 10mm-18mm. Largura: 2100mm.<\/p>\n<p>3). Espessura da folha de policarbonato de quatro paredes: 6mm-14mm. Largura: 2100mm.<\/p>\n<p>4). Espessura da folha de policarbonato alveolar: 6mm-14mm. Largura: 2100mm.<\/p>\n<p>5). Tamb\u00e9m podemos personalizar a largura como 1220mm, e a espessura normal \u00e9 de 4mm-6mm. Mas o pre\u00e7o ser\u00e1 superior a 2100mm de largura, porque tem a perda de taxas.<\/p>\n<p>6). Espessura standard da chapa de policarbonato maci\u00e7o:<\/p>\n<p>1,1mm-18mm. Largura: 1220, 1560, 1820, 2100mm. Normalmente 1220x2440mm.<\/p>\n<p>7). Espessura da folha de policarbonato ondulado: 0.8mm-1.8mm.  A largura \u00e9 de 1000mm e 1200mm.<\/p>\n<p><em>A. Comprimento:Sem limite (recomendar 5800, 6000, 11800, 12000mm para se adequar ao contentor de 20\u2032 e ao contentor de 40\u2032).<\/em><\/p>\n<p><em>B. Cor: claro\/transparente, azul lago, verde, azul, opala, castanho\/bronze, cinzento prateado, vermelho, amarelo, etc.<\/em><\/p>\n<p><img decoding=\"async\" src=\"https:\/\/tononplastics.com\/wp-content\/uploads\/2023\/08\/10006-1.jpg\" sizes=\"(max-width: 800px) 100vw, 800px\" srcset=\"https:\/\/tononplastics.com\/wp-content\/uploads\/2023\/08\/10006-1.jpg 800w, https:\/\/tononplastics.com\/wp-content\/uploads\/2023\/08\/10006-1-300x300.jpg 300w, https:\/\/tononplastics.com\/wp-content\/uploads\/2023\/08\/10006-1-150x150.jpg 150w, https:\/\/tononplastics.com\/wp-content\/uploads\/2023\/08\/10006-1-768x768.jpg 768w\" alt=\"\" width=\"800\" height=\"800\" title=\"\"><\/p>","protected":false},"featured_media":15072,"parent":0,"template":"","product-catagories":[168],"product-tag":[],"class_list":["post-15068","product","type-product","status-publish","has-post-thumbnail","hentry","product-catagories-acrylic-sheet"],"acf":[],"_links":{"self":[{"href":"https:\/\/www.tononplastics.com\/pt\/wp-json\/wp\/v2\/product\/15068","targetHints":{"allow":["GET"]}}],"collection":[{"href":"https:\/\/www.tononplastics.com\/pt\/wp-json\/wp\/v2\/product"}],"about":[{"href":"https:\/\/www.tononplastics.com\/pt\/wp-json\/wp\/v2\/types\/product"}],"version-history":[{"count":0,"href":"https:\/\/www.tononplastics.com\/pt\/wp-json\/wp\/v2\/product\/15068\/revisions"}],"wp:featuredmedia":[{"embeddable":true,"href":"https:\/\/www.tononplastics.com\/pt\/wp-json\/wp\/v2\/media\/15072"}],"wp:attachment":[{"href":"https:\/\/www.tononplastics.com\/pt\/wp-json\/wp\/v2\/media?parent=15068"}],"wp:term":[{"taxonomy":"product-catagories","embeddable":true,"href":"https:\/\/www.tononplastics.com\/pt\/wp-json\/wp\/v2\/product-catagories?post=15068"},{"taxonomy":"product-tag","embeddable":true,"href":"https:\/\/www.tononplastics.com\/pt\/wp-json\/wp\/v2\/product-tag?post=15068"}],"curies":[{"name":"wp","href":"https:\/\/api.w.org\/{rel}","templated":true}]}}