{"id":15092,"date":"2023-08-22T15:54:49","date_gmt":"2023-08-22T07:54:49","guid":{"rendered":"https:\/\/tononplastics.com\/?post_type=product&#038;p=15092"},"modified":"2024-03-25T12:43:29","modified_gmt":"2024-03-25T04:43:29","slug":"polycarbonate-price-m2-thickness-1mm-to-20mm-polycarbonate-sheet-skylight","status":"publish","type":"product","link":"https:\/\/www.tononplastics.com\/pt\/product\/polycarbonate-price-m2-thickness-1mm-to-20mm-polycarbonate-sheet-skylight\/","title":{"rendered":"Policarbonato pre\u00e7o m2 espessura 1mm a 20mm policarbonato folha claraboia"},"content":{"rendered":"<figure class=\"wp-block-gallery has-nested-images columns-default is-cropped wp-block-gallery-1 is-layout-flex wp-block-gallery-is-layout-flex\">\n<figure class=\"wp-block-image size-large\"><img decoding=\"async\" data-id=\"16102\" src=\"https:\/\/www.tononplastics.com\/wp-content\/uploads\/2023\/08\/H5252f7bf19904b9295f135ab89a014f02-1024x683.webp\" alt=\"\" class=\"wp-image-16102\" title=\"\"><\/figure>\n\n\n\n<figure class=\"wp-block-image size-large\"><img decoding=\"async\" data-id=\"16103\" src=\"https:\/\/www.tononplastics.com\/wp-content\/uploads\/2023\/08\/H912578573bb64e5aa470cb700f63aee7a.webp\" alt=\"\" class=\"wp-image-16103\" title=\"\"><\/figure>\n<\/figure>\n\n\n<p align=\"left\"><strong data-spm-anchor-id=\"a2700.details.0.i49.3dd740b027tc6R\">Aplica\u00e7\u00e3o da chapa de policarbonato<\/strong><\/p>\n<p>1) Folha de luz de telhado e para-sol para edif\u00edcio de escrit\u00f3rios, loja de departamento, hotel, est\u00e1dio, escola, centro de divers\u00f5es, hospital, ect.<\/p>\n<p>2) Claraboia, ilumina\u00e7\u00e3o de corredores, varandas, passagens e entradas de metro, passadi\u00e7os.<\/p>\n<p>3) Bricolage (DIY), toldo, cobertura.<\/p>\n<p>4) Caixas de l\u00e2mpadas publicit\u00e1rias, pain\u00e9is de sinaliza\u00e7\u00e3o.<\/p>\n<p>5) Escudo anti-motim, material resistente a balas, caixas multibanco.<\/p>\n<p>6) Conservat\u00f3rios, estufas agr\u00edcolas, jardins zool\u00f3gicos, jardins bot\u00e2nicos.<\/p>\n<p>7) Coberturas e vidros industriais<\/p>\n<p>8) Pl\u00e1stico de cobertura\/cobertura de piscinas com excelente capacidade de integra\u00e7\u00e3o.\u00a0<\/p>\n<p>9) Garantia de dez anos.<\/p>\n<p align=\"left\"><strong>Condi\u00e7\u00f5es comerciais:<\/strong><\/p>\n<p align=\"left\">1. prazo do pre\u00e7o: EXW\/FOB\/C&amp;F\/CIF\u00a0<\/p>\n<p align=\"left\">2. pagamento por T\/T ou L\/C. Dep\u00f3sito de 30% e 70% antes da expedi\u00e7\u00e3o\u00a0<\/p>\n<p align=\"left\">3. tempo de entrega: 7-10 dias \u00fateis, sujeito \u00e0 quantidade da ordem<\/p>\n<p align=\"left\">4. MOQ:3tons<\/p>\n<p><strong>Informa\u00e7\u00f5es sobre a empresa<\/strong><\/p>\n<p>\u00a0<img decoding=\"async\" src=\"https:\/\/sc02.alicdn.com\/kf\/H3cbcbd416388413795ef9aae9767675d6\/200162319\/H3cbcbd416388413795ef9aae9767675d6.png\" alt=\"Policarbonato pre\u00e7o m2 espessura 1mm a 20mm policarbonato folha claraboia\" width=\"630\" data-src=\"\/\/sc02.alicdn.com\/kf\/H3cbcbd416388413795ef9aae9767675d6\/200162319\/H3cbcbd416388413795ef9aae9767675d6.png\" data-alt=\"Polycarbonate price m2 thickness 1mm to 20mm polycarbonate sheet skylight\" data-width=\"630\" data- title=\"\"><\/p>\n<p><img fetchpriority=\"high\" decoding=\"async\" src=\"https:\/\/tononplastics.com\/wp-content\/uploads\/2023\/08\/10007-1.jpg\" sizes=\"(max-width: 800px) 100vw, 800px\" srcset=\"https:\/\/tononplastics.com\/wp-content\/uploads\/2023\/08\/10007-1.jpg 800w, https:\/\/tononplastics.com\/wp-content\/uploads\/2023\/08\/10007-1-300x300.jpg 300w, https:\/\/tononplastics.com\/wp-content\/uploads\/2023\/08\/10007-1-150x150.jpg 150w, https:\/\/tononplastics.com\/wp-content\/uploads\/2023\/08\/10007-1-768x768.jpg 768w\" alt=\"\" width=\"800\" height=\"800\" title=\"\"><\/p>","protected":false},"featured_media":14843,"parent":0,"template":"","product-catagories":[168],"product-tag":[],"class_list":["post-15092","product","type-product","status-publish","has-post-thumbnail","hentry","product-catagories-acrylic-sheet"],"acf":[],"_links":{"self":[{"href":"https:\/\/www.tononplastics.com\/pt\/wp-json\/wp\/v2\/product\/15092","targetHints":{"allow":["GET"]}}],"collection":[{"href":"https:\/\/www.tononplastics.com\/pt\/wp-json\/wp\/v2\/product"}],"about":[{"href":"https:\/\/www.tononplastics.com\/pt\/wp-json\/wp\/v2\/types\/product"}],"version-history":[{"count":0,"href":"https:\/\/www.tononplastics.com\/pt\/wp-json\/wp\/v2\/product\/15092\/revisions"}],"wp:featuredmedia":[{"embeddable":true,"href":"https:\/\/www.tononplastics.com\/pt\/wp-json\/wp\/v2\/media\/14843"}],"wp:attachment":[{"href":"https:\/\/www.tononplastics.com\/pt\/wp-json\/wp\/v2\/media?parent=15092"}],"wp:term":[{"taxonomy":"product-catagories","embeddable":true,"href":"https:\/\/www.tononplastics.com\/pt\/wp-json\/wp\/v2\/product-catagories?post=15092"},{"taxonomy":"product-tag","embeddable":true,"href":"https:\/\/www.tononplastics.com\/pt\/wp-json\/wp\/v2\/product-tag?post=15092"}],"curies":[{"name":"wp","href":"https:\/\/api.w.org\/{rel}","templated":true}]}}