{"id":15112,"date":"2023-08-22T16:55:23","date_gmt":"2023-08-22T08:55:23","guid":{"rendered":"https:\/\/tononplastics.com\/?post_type=product&#038;p=15112"},"modified":"2024-03-25T15:09:25","modified_gmt":"2024-03-25T07:09:25","slug":"germany-imported-raw-materials-pc-corrugated-sheet-sales-promotion-polycarbonate-corrugated-sheet","status":"publish","type":"product","link":"https:\/\/www.tononplastics.com\/pt\/product\/germany-imported-raw-materials-pc-corrugated-sheet-sales-promotion-polycarbonate-corrugated-sheet\/","title":{"rendered":"Alemanha importou mat\u00e9rias-primas Folha ondulada para PC Promo\u00e7\u00e3o de vendas Folha ondulada de policarbonato"},"content":{"rendered":"<p><img fetchpriority=\"high\" decoding=\"async\" src=\"https:\/\/sc01.alicdn.com\/kf\/UTB87SFrgBahduJk43Jaq6zM8FXay\/200162319\/UTB87SFrgBahduJk43Jaq6zM8FXay.jpg\" alt=\"Alemanha importou mat\u00e9rias-primas Folha ondulada para PC Promo\u00e7\u00e3o de vendas Folha ondulada de policarbonato\" width=\"732\" height=\"976\" data-src=\"\/\/sc01.alicdn.com\/kf\/UTB87SFrgBahduJk43Jaq6zM8FXay\/200162319\/UTB87SFrgBahduJk43Jaq6zM8FXay.jpg\" data-alt=\"Germany imported raw materials PC Corrugated Sheet Sales Promotion Polycarbonate Corrugated Sheet\" data-width=\"732\" data-height=\"976\" data- title=\"\"><\/p>\n<p><strong>Folha ondulada de policarbonato transparente :\u00a0\u00a0<\/strong><\/p>\n<p><img decoding=\"async\" src=\"https:\/\/sc01.alicdn.com\/kf\/HTB1orUjqYsTMeJjSsziq6AdwXXat\/200162319\/HTB1orUjqYsTMeJjSsziq6AdwXXat.jpg\" alt=\"Alemanha importou mat\u00e9rias-primas Folha ondulada para PC Promo\u00e7\u00e3o de vendas Folha ondulada de policarbonato\" width=\"732\" height=\"412\" data-src=\"\/\/sc01.alicdn.com\/kf\/HTB1orUjqYsTMeJjSsziq6AdwXXat\/200162319\/HTB1orUjqYsTMeJjSsziq6AdwXXat.jpg\" data-alt=\"Germany imported raw materials PC Corrugated Sheet Sales Promotion Polycarbonate Corrugated Sheet\" data-width=\"732\" data-height=\"412\" data- title=\"\"><\/p>\n<p><strong>930#Verde:<\/strong><\/p>\n<p><img decoding=\"async\" src=\"https:\/\/sc01.alicdn.com\/kf\/HTB1taZhmfNNTKJjSspkq6yeWFXaW\/200162319\/HTB1taZhmfNNTKJjSspkq6yeWFXaW.jpg\" alt=\"Alemanha importou mat\u00e9rias-primas Folha ondulada para PC Promo\u00e7\u00e3o de vendas Folha ondulada de policarbonato\" width=\"730\" height=\"730\" data-src=\"\/\/sc01.alicdn.com\/kf\/HTB1taZhmfNNTKJjSspkq6yeWFXaW\/200162319\/HTB1taZhmfNNTKJjSspkq6yeWFXaW.jpg\" data-alt=\"Germany imported raw materials PC Corrugated Sheet Sales Promotion Polycarbonate Corrugated Sheet\" data-width=\"730\" data-height=\"730\" data- title=\"\"><\/p>\n<p><strong>1050#Opal:<\/strong><\/p>\n<p><img loading=\"lazy\" decoding=\"async\" src=\"https:\/\/sc01.alicdn.com\/kf\/HTB1_pI2kgoQMeJjy0Fnq6z8gFXaN\/200162319\/HTB1_pI2kgoQMeJjy0Fnq6z8gFXaN.jpg\" alt=\"Alemanha importou mat\u00e9rias-primas Folha ondulada para PC Promo\u00e7\u00e3o de vendas Folha ondulada de policarbonato\" width=\"739\" height=\"621\" data-src=\"\/\/sc01.alicdn.com\/kf\/HTB1_pI2kgoQMeJjy0Fnq6z8gFXaN\/200162319\/HTB1_pI2kgoQMeJjy0Fnq6z8gFXaN.jpg\" data-alt=\"Germany imported raw materials PC Corrugated Sheet Sales Promotion Polycarbonate Corrugated Sheet\" data-width=\"739\" data-height=\"621\" data- title=\"\"><\/p>\n<p><strong>Fornecimentos suficientes:<\/strong><\/p>\n<p><img loading=\"lazy\" decoding=\"async\" src=\"https:\/\/sc02.alicdn.com\/kf\/HTB1G1ZZSpXXXXbLXXXXq6xXFXXX7\/200162319\/HTB1G1ZZSpXXXXbLXXXXq6xXFXXX7.jpg\" alt=\"Alemanha importou mat\u00e9rias-primas Folha ondulada para PC Promo\u00e7\u00e3o de vendas Folha ondulada de policarbonato\" width=\"737\" height=\"983\" data-src=\"\/\/sc02.alicdn.com\/kf\/HTB1G1ZZSpXXXXbLXXXXq6xXFXXX7\/200162319\/HTB1G1ZZSpXXXXbLXXXXq6xXFXXX7.jpg\" data-alt=\"Germany imported raw materials PC Corrugated Sheet Sales Promotion Polycarbonate Corrugated Sheet\" data-width=\"737\" data-height=\"983\" data- title=\"\"><\/p>\n<p><img loading=\"lazy\" decoding=\"async\" src=\"https:\/\/sc01.alicdn.com\/kf\/HTB11LPNSpXXXXa2XXXXq6xXFXXXF\/200162319\/HTB11LPNSpXXXXa2XXXXq6xXFXXXF.jpg\" alt=\"Alemanha importou mat\u00e9rias-primas Folha ondulada para PC Promo\u00e7\u00e3o de vendas Folha ondulada de policarbonato\" width=\"741\" height=\"741\" data-src=\"\/\/sc01.alicdn.com\/kf\/HTB11LPNSpXXXXa2XXXXq6xXFXXXF\/200162319\/HTB11LPNSpXXXXa2XXXXq6xXFXXXF.jpg\" data-alt=\"Germany imported raw materials PC Corrugated Sheet Sales Promotion Polycarbonate Corrugated Sheet\" data-width=\"741\" data-height=\"741\" data- title=\"\"><\/p>\n<p><strong>\u00a0\u00a0M\u00e1quina nova :<\/strong><\/p>\n<p><img loading=\"lazy\" decoding=\"async\" src=\"https:\/\/sc01.alicdn.com\/kf\/HTB12lZaa4TI8KJjSspiq6zM4FXab\/200162319\/HTB12lZaa4TI8KJjSspiq6zM4FXab.jpg\" alt=\"Alemanha importou mat\u00e9rias-primas Folha ondulada para PC Promo\u00e7\u00e3o de vendas Folha ondulada de policarbonato\" width=\"710\" height=\"532\" data-src=\"\/\/sc01.alicdn.com\/kf\/HTB12lZaa4TI8KJjSspiq6zM4FXab\/200162319\/HTB12lZaa4TI8KJjSspiq6zM4FXab.jpg\" data-alt=\"Germany imported raw materials PC Corrugated Sheet Sales Promotion Polycarbonate Corrugated Sheet\" data-width=\"710\" data-height=\"532\" data- title=\"\"><\/p>\n<p><strong>\u00a0\u00a0Material: Bayer<\/strong><\/p>\n<p><img loading=\"lazy\" decoding=\"async\" src=\"https:\/\/sc02.alicdn.com\/kf\/UTB8qazkXMnJXKJkSaelq6xUzXXax\/200162319\/UTB8qazkXMnJXKJkSaelq6xUzXXax.jpg\" alt=\"Alemanha importou mat\u00e9rias-primas Folha ondulada para PC Promo\u00e7\u00e3o de vendas Folha ondulada de policarbonato\" width=\"731\" height=\"731\" data-src=\"\/\/sc02.alicdn.com\/kf\/UTB8qazkXMnJXKJkSaelq6xUzXXax\/200162319\/UTB8qazkXMnJXKJkSaelq6xUzXXax.jpg\" data-alt=\"Germany imported raw materials PC Corrugated Sheet Sales Promotion Polycarbonate Corrugated Sheet\" data-width=\"731\" data-height=\"731\" data- title=\"\"><\/p>\n<p>Outros:<\/p>\n<p>Folha s\u00f3lida de policarbonato fosco<\/p>\n<p>Difus\u00e3o da luz Chapa de policarbonato<\/p>\n<p>Folha s\u00f3lida de policarbonato<\/p>\n<p>Folha ondulada de policarbonato<\/p>\n<p><img loading=\"lazy\" decoding=\"async\" src=\"https:\/\/sc02.alicdn.com\/kf\/UTB8lZvkXFPJXKJkSahVq6xyzFXap\/200162319\/UTB8lZvkXFPJXKJkSahVq6xyzFXap.jpg\" alt=\"Alemanha importou mat\u00e9rias-primas Folha ondulada para PC Promo\u00e7\u00e3o de vendas Folha ondulada de policarbonato\" width=\"725\" height=\"725\" data-src=\"\/\/sc02.alicdn.com\/kf\/UTB8lZvkXFPJXKJkSahVq6xyzFXap\/200162319\/UTB8lZvkXFPJXKJkSahVq6xyzFXap.jpg\" data-alt=\"Germany imported raw materials PC Corrugated Sheet Sales Promotion Polycarbonate Corrugated Sheet\" data-width=\"725\" data-height=\"725\" data- title=\"\"><\/p>\n<p><strong>\u00a0 \u00a0Placa de policarbonato alveolar e claraboia de policarbonato :<\/strong><\/p>\n<p><img loading=\"lazy\" decoding=\"async\" src=\"https:\/\/sc02.alicdn.com\/kf\/UTB8xrRugBahduJk43Jaq6zM8FXaI\/200162319\/UTB8xrRugBahduJk43Jaq6zM8FXaI.jpg\" alt=\"Alemanha importou mat\u00e9rias-primas Folha ondulada para PC Promo\u00e7\u00e3o de vendas Folha ondulada de policarbonato\" width=\"716\" height=\"1015\" data-src=\"\/\/sc02.alicdn.com\/kf\/UTB8xrRugBahduJk43Jaq6zM8FXaI\/200162319\/UTB8xrRugBahduJk43Jaq6zM8FXaI.jpg\" data-alt=\"Germany imported raw materials PC Corrugated Sheet Sales Promotion Polycarbonate Corrugated Sheet\" data-width=\"716\" data-height=\"1015\" data- title=\"\"><\/p>\n<p><strong>Toldo de policarbonato :<\/strong><\/p>\n<p><img loading=\"lazy\" decoding=\"async\" src=\"https:\/\/sc01.alicdn.com\/kf\/HTB1bNcba8fH8KJjy1Xbq6zLdXXah\/200162319\/HTB1bNcba8fH8KJjy1Xbq6zLdXXah.jpg\" alt=\"Alemanha importou mat\u00e9rias-primas Folha ondulada para PC Promo\u00e7\u00e3o de vendas Folha ondulada de policarbonato\" width=\"709\" height=\"709\" data-src=\"\/\/sc01.alicdn.com\/kf\/HTB1bNcba8fH8KJjy1Xbq6zLdXXah\/200162319\/HTB1bNcba8fH8KJjy1Xbq6zLdXXah.jpg\" data-alt=\"Germany imported raw materials PC Corrugated Sheet Sales Promotion Polycarbonate Corrugated Sheet\" data-width=\"709\" data-height=\"709\" data- title=\"\"><\/p>\n<p>Carater\u00edsticas da chapa ondulada de policarbonato:<\/p>\n<p><strong>Transmiss\u00e3o de luz:<\/strong><br \/>\nA transmiss\u00e3o da luz atinge 12%-95% consoante a cor e a espessura.<\/p>\n<p><strong>Prote\u00e7\u00e3o UV:<\/strong><br \/>\nGra\u00e7as ao revestimento anti-UV patenteado, a chapa ondulada de policarbonato mant\u00e9m um desempenho mec\u00e2nico e \u00f3tico perfeito ap\u00f3s a exposi\u00e7\u00e3o.<\/p>\n<p><strong>Capacidade meteorol\u00f3gica:<\/strong><br \/>\nTem uma capacidade super climat\u00e9rica, que mant\u00e9m um excelente desempenho numa vasta gama de temperaturas de -40\u00b0C-120\u00b0C.<\/p>\n<p>Retard\u00e2ncia ao fogo : UL Flammability 94 V-2<\/p>\n<p>Instala\u00e7\u00e3o f\u00e1cil<br \/>\nF\u00e1cil de instalar e pode ser dobrado a frio<\/p>\n<p><strong>Resist\u00eancia ao impacto :<\/strong><br \/>\n250-300 vezes a resist\u00eancia ao impacto do vidro normal e 30 vezes a dos pain\u00e9is acr\u00edlicos da mesma espessura, o que corresponde a 2-20 vezes o vidro temperado que cai dois metros abaixo do martelo de 3 kg sem fissuras, sem quebras<\/p>\n<p><strong>Aplica\u00e7\u00e3o da chapa ondulada de policarbonato:<\/strong><\/p>\n<p>Barreiras ac\u00fasticas em auto-estradas e vias urbanas elevadas;<br \/>\nEstufa agr\u00edcola e galp\u00e3o de cria\u00e7\u00e3o;<br \/>\nTeto de restaurante ecol\u00f3gico moderno;<br \/>\nTodas as unidades ou c\u00e9lulas do ciclo de vida, a varanda do sol e os quiosques de descanso do telhado;<br \/>\nEdif\u00edcios de escrit\u00f3rios, grandes armaz\u00e9ns, hot\u00e9is, moradias, escolas, hospitais, est\u00e1dios desportivos, centros de entretenimento e ilumina\u00e7\u00e3o de teto de instala\u00e7\u00f5es p\u00fablicas e .<\/p>","protected":false},"featured_media":15126,"parent":0,"template":"","product-catagories":[168,174],"product-tag":[],"class_list":["post-15112","product","type-product","status-publish","has-post-thumbnail","hentry","product-catagories-acrylic-sheet","product-catagories-polycarbonate-corrugated-sheet"],"acf":[],"_links":{"self":[{"href":"https:\/\/www.tononplastics.com\/pt\/wp-json\/wp\/v2\/product\/15112","targetHints":{"allow":["GET"]}}],"collection":[{"href":"https:\/\/www.tononplastics.com\/pt\/wp-json\/wp\/v2\/product"}],"about":[{"href":"https:\/\/www.tononplastics.com\/pt\/wp-json\/wp\/v2\/types\/product"}],"version-history":[{"count":0,"href":"https:\/\/www.tononplastics.com\/pt\/wp-json\/wp\/v2\/product\/15112\/revisions"}],"wp:featuredmedia":[{"embeddable":true,"href":"https:\/\/www.tononplastics.com\/pt\/wp-json\/wp\/v2\/media\/15126"}],"wp:attachment":[{"href":"https:\/\/www.tononplastics.com\/pt\/wp-json\/wp\/v2\/media?parent=15112"}],"wp:term":[{"taxonomy":"product-catagories","embeddable":true,"href":"https:\/\/www.tononplastics.com\/pt\/wp-json\/wp\/v2\/product-catagories?post=15112"},{"taxonomy":"product-tag","embeddable":true,"href":"https:\/\/www.tononplastics.com\/pt\/wp-json\/wp\/v2\/product-tag?post=15112"}],"curies":[{"name":"wp","href":"https:\/\/api.w.org\/{rel}","templated":true}]}}