{"id":15129,"date":"2023-08-23T10:10:19","date_gmt":"2023-08-23T02:10:19","guid":{"rendered":"https:\/\/tononplastics.com\/?post_type=product&#038;p=15129"},"modified":"2024-03-25T14:32:11","modified_gmt":"2024-03-25T06:32:11","slug":"factory-direct-sale-bayer-plastic-products-pink-polycarbonate-pc-solid-sheet","status":"publish","type":"product","link":"https:\/\/www.tononplastics.com\/pt\/product\/factory-direct-sale-bayer-plastic-products-pink-polycarbonate-pc-solid-sheet\/","title":{"rendered":"Venda direta da f\u00e1brica Produtos pl\u00e1sticos da Bayer Policarbonato rosa PC Folha s\u00f3lida"},"content":{"rendered":"<table>\n<tbody>\n<tr>\n<td colspan=\"2\" height=\"66\" data-spm-anchor-id=\"a2700.details.0.i32.16db78f2yffrsm\">Especifica\u00e7\u00f5es da chapa maci\u00e7a de policarbonato<\/td>\n<\/tr>\n<tr>\n<td height=\"66\">Largura:<\/td>\n<td height=\"66\">2,1 m 1,82 m, 1,56 m ou 1,22 m<\/td>\n<\/tr>\n<tr>\n<td height=\"66\">Comprimento:<\/td>\n<td height=\"66\">N\u00e3o limitado<\/td>\n<\/tr>\n<tr>\n<td height=\"66\">Espessura:<\/td>\n<td height=\"66\">0,6 mm a 18,0 mm<\/td>\n<\/tr>\n<tr>\n<td height=\"66\">Cor padr\u00e3o:<\/td>\n<td height=\"66\">Transparente, Azul, Verde, Opala, Castanho<\/td>\n<\/tr>\n<\/tbody>\n<\/table>\n<p><strong>Aplica\u00e7\u00e3o da chapa maci\u00e7a de PC :<\/strong><\/p>\n<p>Galeria Pavilh\u00e3o de jardins, parque de divers\u00f5es, decora\u00e7\u00e3o ex\u00f3tica e locais de descanso;<br \/>\nEdif\u00edcios comerciais, paredes de cortina interiores e exteriores dos edif\u00edcios urbanos modernos;<br \/>\nContentores transparentes para avia\u00e7\u00e3o, para-brisas dianteiros de motociclos, avi\u00f5es, comboios, navios, autom\u00f3veis, barcos a motor, submarinos e escudos militares e policiais em vidro;<br \/>\nCabinas telef\u00f3nicas, pain\u00e9is publicit\u00e1rios, caixas de luz publicit\u00e1rias mostram a disposi\u00e7\u00e3o da exposi\u00e7\u00e3o;<br \/>\nEquipamento, instrumenta\u00e7\u00e3o, quadro el\u00e9trico de baixa tens\u00e3o e industrial militar;<br \/>\nParedes, tectos, ecr\u00e3s e outros materiais decorativos de alta qualidade para interiores;<br \/>\nBarreiras ac\u00fasticas em auto-estradas e vias urbanas elevadas;<br \/>\nEstufa agr\u00edcola e galp\u00e3o de cria\u00e7\u00e3o;<br \/>\nTeto de restaurante ecol\u00f3gico moderno;<br \/>\nTodas as unidades ou c\u00e9lulas do ciclo de vida, a varanda do sol e os quiosques de descanso do telhado;<br \/>\nEdif\u00edcios de escrit\u00f3rios, grandes armaz\u00e9ns, hot\u00e9is, moradias, escolas, hospitais, est\u00e1dios desportivos, centros de entretenimento e ilumina\u00e7\u00e3o de teto de instala\u00e7\u00f5es p\u00fablicas.<\/p>\n<p><strong>Os nossos servi\u00e7os:<\/strong><br \/>\n1. responder ao seu inqu\u00e9rito em 8 horas \u00fateis.<br \/>\n2. funcion\u00e1rios experientes respondem a todas as suas perguntas em ingl\u00eas fluente .<br \/>\n3. desigh personalizado est\u00e1 dispon\u00edvel, OEM \u00e9 bem-vinda.<br \/>\n4. desconto especial e prote\u00e7\u00e3o da \u00e1rea de vendas fornecidos ao nosso distribuidor.<\/p>\n<p><strong>Condi\u00e7\u00f5es comerciais:<\/strong><br \/>\n1. prazo do pre\u00e7o: EXW\/FOB\/C&amp;F\/CIF<br \/>\n2. pagamento por T\/T ou L\/C. Dep\u00f3sito de 30% e 70% antes da expedi\u00e7\u00e3o<br \/>\n3. tempo de entrega: 7-10 dias \u00fateis, sujeito \u00e0 quantidade da ordem<br \/>\n4. MOQ:3tons<\/p>\n<p><strong>Limpo:<\/strong><\/p>\n<p><img fetchpriority=\"high\" decoding=\"async\" src=\"https:\/\/sc02.alicdn.com\/kf\/UTB8n0ouXHnJXKJkSahGq6xhzFXaT\/200162319\/UTB8n0ouXHnJXKJkSahGq6xhzFXaT.jpg\" alt=\"Venda direta da f\u00e1brica Produtos pl\u00e1sticos da Bayer Policarbonato rosa PC Folha s\u00f3lida\" width=\"678\" height=\"452\" data-src=\"\/\/sc02.alicdn.com\/kf\/UTB8n0ouXHnJXKJkSahGq6xhzFXaT\/200162319\/UTB8n0ouXHnJXKJkSahGq6xhzFXaT.jpg\" data-alt=\"Factory direct sale Bayer Plastic Products Pink Polycarbonate PC Solid Sheet\" data-width=\"678\" data-height=\"452\" data- title=\"\"><\/p>\n<p><img decoding=\"async\" src=\"https:\/\/sc01.alicdn.com\/kf\/UTB8szPkXHPJXKJkSafSq6yqUXXae\/200162319\/UTB8szPkXHPJXKJkSafSq6yqUXXae.jpg\" alt=\"Venda direta da f\u00e1brica Produtos pl\u00e1sticos da Bayer Policarbonato rosa PC Folha s\u00f3lida\" width=\"677\" height=\"677\" data-src=\"\/\/sc01.alicdn.com\/kf\/UTB8szPkXHPJXKJkSafSq6yqUXXae\/200162319\/UTB8szPkXHPJXKJkSafSq6yqUXXae.jpg\" data-alt=\"Factory direct sale Bayer Plastic Products Pink Polycarbonate PC Solid Sheet\" data-width=\"677\" data-height=\"677\" data- title=\"\"><\/p>\n<p><strong>\u00a0\u00a0Outros produtos:<\/strong><\/p>\n<p><strong>Folha oca de PC :<\/strong><\/p>\n<p><img decoding=\"async\" src=\"https:\/\/sc02.alicdn.com\/kf\/UTB8pTAvXFPJXKJkSahVq6xyzFXa1\/200162319\/UTB8pTAvXFPJXKJkSahVq6xyzFXa1.jpg\" alt=\"Venda direta da f\u00e1brica Produtos pl\u00e1sticos da Bayer Policarbonato rosa PC Folha s\u00f3lida\" width=\"674\" height=\"449\" data-src=\"\/\/sc02.alicdn.com\/kf\/UTB8pTAvXFPJXKJkSahVq6xyzFXa1\/200162319\/UTB8pTAvXFPJXKJkSahVq6xyzFXa1.jpg\" data-alt=\"Factory direct sale Bayer Plastic Products Pink Polycarbonate PC Solid Sheet\" data-width=\"674\" data-height=\"449\" data- title=\"\"><\/p>\n<p>Da esquerda para a direita , de cima para baixo<br \/>\n1. chapa s\u00f3lida de policarbonato fosco<br \/>\n2. difus\u00e3o da luz Folha s\u00f3lida de policarbonato<br \/>\n3. chapa s\u00f3lida de policarbonato<br \/>\n4. chapa ondulada de policarbonato<\/p>\n<p><img loading=\"lazy\" decoding=\"async\" src=\"https:\/\/sc02.alicdn.com\/kf\/UTB8lZvkXFPJXKJkSahVq6xyzFXap\/200162319\/UTB8lZvkXFPJXKJkSahVq6xyzFXap.jpg\" alt=\"Venda direta da f\u00e1brica Produtos pl\u00e1sticos da Bayer Policarbonato rosa PC Folha s\u00f3lida\" width=\"685\" height=\"685\" data-src=\"\/\/sc02.alicdn.com\/kf\/UTB8lZvkXFPJXKJkSahVq6xyzFXap\/200162319\/UTB8lZvkXFPJXKJkSahVq6xyzFXap.jpg\" data-alt=\"Factory direct sale Bayer Plastic Products Pink Polycarbonate PC Solid Sheet\" data-width=\"685\" data-height=\"685\" data- title=\"\"><\/p>\n<p><strong>\u00a0 Claraboia de policarbonato e chapa de policarbonato em relevo<\/strong><\/p>\n<p><img loading=\"lazy\" decoding=\"async\" src=\"https:\/\/sc01.alicdn.com\/kf\/UTB8AnLkXTzIXKJkSafVq6yWgXXaZ\/200162319\/UTB8AnLkXTzIXKJkSafVq6yWgXXaZ.jpg\" width=\"676\" height=\"946\" data-src=\"\/\/sc01.alicdn.com\/kf\/UTB8AnLkXTzIXKJkSafVq6yWgXXaZ\/200162319\/UTB8AnLkXTzIXKJkSafVq6yWgXXaZ.jpg\" data-width=\"676\" data-height=\"946\" data- alt=\"\" title=\"\"><\/p>\n<p><strong>Toldo de policarbonato \u00a0<\/strong><\/p>\n<p><img loading=\"lazy\" decoding=\"async\" src=\"https:\/\/sc01.alicdn.com\/kf\/HTB1L6BlSFXXXXc2aXXX760XFXXXZ\/200162319\/HTB1L6BlSFXXXXc2aXXX760XFXXXZ.png\" alt=\"Venda direta da f\u00e1brica Produtos pl\u00e1sticos da Bayer Policarbonato rosa PC Folha s\u00f3lida\" width=\"675\" height=\"538\" data-src=\"\/\/sc01.alicdn.com\/kf\/HTB1L6BlSFXXXXc2aXXX760XFXXXZ\/200162319\/HTB1L6BlSFXXXXc2aXXX760XFXXXZ.png\" data-alt=\"Factory direct sale Bayer Plastic Products Pink Polycarbonate PC Solid Sheet\" data-width=\"675\" data-height=\"538\" data- title=\"\"><\/p>\n<p><img loading=\"lazy\" decoding=\"async\" src=\"https:\/\/sc01.alicdn.com\/kf\/HTB1.plJSFXXXXcoXVXX760XFXXXk\/200162319\/HTB1.plJSFXXXXcoXVXX760XFXXXk.png\" alt=\"Venda direta da f\u00e1brica Produtos pl\u00e1sticos da Bayer Policarbonato rosa PC Folha s\u00f3lida\" width=\"677\" height=\"500\" data-src=\"\/\/sc01.alicdn.com\/kf\/HTB1.plJSFXXXXcoXVXX760XFXXXk\/200162319\/HTB1.plJSFXXXXcoXVXX760XFXXXk.png\" data-alt=\"Factory direct sale Bayer Plastic Products Pink Polycarbonate PC Solid Sheet\" data-width=\"677\" data-height=\"500\" data- title=\"\"><\/p>\n<p><strong>Difus\u00e3o da luz Chapa de policarbonato<\/strong><\/p>\n<p><img loading=\"lazy\" decoding=\"async\" src=\"https:\/\/sc02.alicdn.com\/kf\/HTB1KoqBSFXXXXarXXXXq6xXFXXXN\/200162319\/HTB1KoqBSFXXXXarXXXXq6xXFXXXN.jpg\" alt=\"Venda direta da f\u00e1brica Produtos pl\u00e1sticos da Bayer Policarbonato rosa PC Folha s\u00f3lida\" width=\"674\" height=\"449\" data-src=\"\/\/sc02.alicdn.com\/kf\/HTB1KoqBSFXXXXarXXXXq6xXFXXXN\/200162319\/HTB1KoqBSFXXXXarXXXXq6xXFXXXN.jpg\" data-alt=\"Factory direct sale Bayer Plastic Products Pink Polycarbonate PC Solid Sheet\" data-width=\"674\" data-height=\"449\" data- title=\"\"><\/p>\n<p><img loading=\"lazy\" decoding=\"async\" src=\"https:\/\/sc01.alicdn.com\/kf\/HTB1NDV9KXXXXXbsaXXXq6xXFXXX2\/200162319\/HTB1NDV9KXXXXXbsaXXXq6xXFXXX2.jpg\" alt=\"Venda direta da f\u00e1brica Produtos pl\u00e1sticos da Bayer Policarbonato rosa PC Folha s\u00f3lida\" width=\"679\" height=\"679\" data-src=\"\/\/sc01.alicdn.com\/kf\/HTB1NDV9KXXXXXbsaXXXq6xXFXXX2\/200162319\/HTB1NDV9KXXXXXbsaXXXq6xXFXXX2.jpg\" data-alt=\"Factory direct sale Bayer Plastic Products Pink Polycarbonate PC Solid Sheet\" data-width=\"679\" data-height=\"679\" data- title=\"\"><\/p>\n<p><strong>\u00a0 Fornecimento suficiente<\/strong><\/p>\n<p><img loading=\"lazy\" decoding=\"async\" src=\"https:\/\/sc01.alicdn.com\/kf\/HTB11LPNSpXXXXa2XXXXq6xXFXXXF\/200162319\/HTB11LPNSpXXXXa2XXXXq6xXFXXXF.jpg\" width=\"688\" height=\"688\" data-src=\"\/\/sc01.alicdn.com\/kf\/HTB11LPNSpXXXXa2XXXXq6xXFXXXF\/200162319\/HTB11LPNSpXXXXa2XXXXq6xXFXXXF.jpg\" data-width=\"688\" data-height=\"688\" data- alt=\"\" title=\"\"><\/p>\n<p><img loading=\"lazy\" decoding=\"async\" src=\"https:\/\/sc02.alicdn.com\/kf\/HTB1wi_pSpXXXXbjXVXXq6xXFXXX9\/200162319\/HTB1wi_pSpXXXXbjXVXXq6xXFXXX9.jpg\" alt=\"Venda direta da f\u00e1brica Produtos pl\u00e1sticos da Bayer Policarbonato rosa PC Folha s\u00f3lida\" width=\"681\" height=\"909\" data-src=\"\/\/sc02.alicdn.com\/kf\/HTB1wi_pSpXXXXbjXVXXq6xXFXXX9\/200162319\/HTB1wi_pSpXXXXbjXVXXq6xXFXXX9.jpg\" data-alt=\"Factory direct sale Bayer Plastic Products Pink Polycarbonate PC Solid Sheet\" data-width=\"681\" data-height=\"909\" data- title=\"\"><\/p>\n<p><strong>\u00a0 100% Virgin Bayer Materiais:<\/strong><\/p>\n<p><img loading=\"lazy\" decoding=\"async\" src=\"https:\/\/sc02.alicdn.com\/kf\/UTB8qazkXMnJXKJkSaelq6xUzXXax\/200162319\/UTB8qazkXMnJXKJkSaelq6xUzXXax.jpg\" alt=\"Venda direta da f\u00e1brica Produtos pl\u00e1sticos da Bayer Policarbonato rosa PC Folha s\u00f3lida\" width=\"697\" height=\"697\" data-src=\"\/\/sc02.alicdn.com\/kf\/UTB8qazkXMnJXKJkSaelq6xUzXXax\/200162319\/UTB8qazkXMnJXKJkSaelq6xUzXXax.jpg\" data-alt=\"Factory direct sale Bayer Plastic Products Pink Polycarbonate PC Solid Sheet\" data-width=\"697\" data-height=\"697\" data- title=\"\"><\/p>\n<p><img loading=\"lazy\" decoding=\"async\" src=\"https:\/\/sc02.alicdn.com\/kf\/HTB1k6UuKVXXXXccXFXXq6xXFXXX9\/200162319\/HTB1k6UuKVXXXXccXFXXq6xXFXXX9.jpg\" alt=\"Venda direta da f\u00e1brica Produtos pl\u00e1sticos da Bayer Policarbonato rosa PC Folha s\u00f3lida\" width=\"693\" height=\"693\" data-src=\"\/\/sc02.alicdn.com\/kf\/HTB1k6UuKVXXXXccXFXXq6xXFXXX9\/200162319\/HTB1k6UuKVXXXXccXFXXq6xXFXXX9.jpg\" data-alt=\"Factory direct sale Bayer Plastic Products Pink Polycarbonate PC Solid Sheet\" data-width=\"693\" data-height=\"693\" data- title=\"\"><\/p>","protected":false},"featured_media":15130,"parent":0,"template":"","product-catagories":[168],"product-tag":[],"class_list":["post-15129","product","type-product","status-publish","has-post-thumbnail","hentry","product-catagories-acrylic-sheet"],"acf":[],"_links":{"self":[{"href":"https:\/\/www.tononplastics.com\/pt\/wp-json\/wp\/v2\/product\/15129","targetHints":{"allow":["GET"]}}],"collection":[{"href":"https:\/\/www.tononplastics.com\/pt\/wp-json\/wp\/v2\/product"}],"about":[{"href":"https:\/\/www.tononplastics.com\/pt\/wp-json\/wp\/v2\/types\/product"}],"version-history":[{"count":0,"href":"https:\/\/www.tononplastics.com\/pt\/wp-json\/wp\/v2\/product\/15129\/revisions"}],"wp:featuredmedia":[{"embeddable":true,"href":"https:\/\/www.tononplastics.com\/pt\/wp-json\/wp\/v2\/media\/15130"}],"wp:attachment":[{"href":"https:\/\/www.tononplastics.com\/pt\/wp-json\/wp\/v2\/media?parent=15129"}],"wp:term":[{"taxonomy":"product-catagories","embeddable":true,"href":"https:\/\/www.tononplastics.com\/pt\/wp-json\/wp\/v2\/product-catagories?post=15129"},{"taxonomy":"product-tag","embeddable":true,"href":"https:\/\/www.tononplastics.com\/pt\/wp-json\/wp\/v2\/product-tag?post=15129"}],"curies":[{"name":"wp","href":"https:\/\/api.w.org\/{rel}","templated":true}]}}