{"id":15180,"date":"2023-08-23T12:26:52","date_gmt":"2023-08-23T04:26:52","guid":{"rendered":"https:\/\/tononplastics.com\/?post_type=product&#038;p=15180"},"modified":"2024-03-25T14:22:19","modified_gmt":"2024-03-25T06:22:19","slug":"factory-0-8mm-1mm-1-2mm-polycarbonate-sheet-plastic-corrugated-plastic-skylight","status":"publish","type":"product","link":"https:\/\/www.tononplastics.com\/pt\/product\/factory-0-8mm-1mm-1-2mm-polycarbonate-sheet-plastic-corrugated-plastic-skylight\/","title":{"rendered":"F\u00e1brica 0.8mm 1mm 1.2mm folha de policarbonato pl\u00e1stico ondulado claraboia de pl\u00e1stico"},"content":{"rendered":"<div id=\"ali-anchor-AliPostDhMb-0i7ei\" class=\"mceSectionContainer\" data-section=\"AliPostDhMb-0i7ei\" data-section-title=\"Product Description\">\n<p><img decoding=\"async\" src=\"https:\/\/sc04.alicdn.com\/kf\/H7d771617473c465cabe0fb3942f8bddfF\/200162319\/H7d771617473c465cabe0fb3942f8bddfF.png\" alt=\"F\u00e1brica 0.8mm 1mm 1.2mm folha de policarbonato pl\u00e1stico ondulado claraboia de pl\u00e1stico\" width=\"630\" height=\"691.0231923601638\" data-src=\"\/\/sc04.alicdn.com\/kf\/H7d771617473c465cabe0fb3942f8bddfF\/200162319\/H7d771617473c465cabe0fb3942f8bddfF.png\" data-alt=\"Factory 0.8mm 1mm 1.2mm polycarbonate sheet plastic corrugated plastic skylight\" data-width=\"630\" data- title=\"\"><\/p>\n<p><strong>Especifica\u00e7\u00e3o<\/strong><\/p>\n<p>Item:  F\u00e1brica 0.8mm 1mm 1.2mm policarbonato pl\u00e1stico ondulado folha de pl\u00e1stico pre\u00e7o filipinas<\/p>\n<p>Espessura: 0,8 mm-2,5 mm<\/p>\n<p>Comprimento: Por encomenda<\/p>\n<p>Cor: Transparente, Opala, Azul, Verde, Bronze<\/p>\n<p>Largura: 820 mm, 930 mm<\/p>\n<table border=\"1\">\n<tbody>\n<tr>\n<td colspan=\"10\">F\u00e1brica 0.8mm 1mm 1.2mm policarbonato pl\u00e1stico ondulado folha de pl\u00e1stico pre\u00e7o Filipinas Carater\u00edsticas:<\/td>\n<\/tr>\n<tr>\n<td colspan=\"10\">1. transmiss\u00e3o de luz at\u00e9 78%<\/td>\n<\/tr>\n<tr>\n<td colspan=\"10\">2. resistente ao impacto 80 vezes mais do que o vidro, 15 vezes mais do que a folha de acr\u00edlico<\/td>\n<\/tr>\n<tr>\n<td colspan=\"10\">3. servi\u00e7o de temperatura: -40\u2103-+120\u2103<\/td>\n<\/tr>\n<tr>\n<td colspan=\"10\">4. peso leve apenas 1\/12 do peso do vidro com a mesma espessura<\/td>\n<\/tr>\n<tr>\n<td colspan=\"10\">5. prote\u00e7\u00e3o UV<\/td>\n<\/tr>\n<tr>\n<td colspan=\"10\">6. classe de resist\u00eancia ao fogo B1<\/td>\n<\/tr>\n<tr>\n<td colspan=\"10\">7. isolamento ac\u00fastico e curativo<\/td>\n<\/tr>\n<\/tbody>\n<\/table>\n<p><img fetchpriority=\"high\" decoding=\"async\" src=\"https:\/\/sc04.alicdn.com\/kf\/H714a5c6dbda442bcbd7bce1a68b14647J\/200162319\/H714a5c6dbda442bcbd7bce1a68b14647J.jpg\" alt=\"F\u00e1brica 0.8mm 1mm 1.2mm folha de policarbonato pl\u00e1stico ondulado claraboia de pl\u00e1stico\" width=\"630\" height=\"840\" data-src=\"\/\/sc04.alicdn.com\/kf\/H714a5c6dbda442bcbd7bce1a68b14647J\/200162319\/H714a5c6dbda442bcbd7bce1a68b14647J.jpg\" data-alt=\"Factory 0.8mm 1mm 1.2mm polycarbonate sheet plastic corrugated plastic skylight\" data-width=\"630\" data- title=\"\"><\/p>\n<\/div>\n<div id=\"ali-anchor-AliPostDhMb-yah4u\" class=\"mceSectionContainer\" data-section=\"AliPostDhMb-yah4u\" data-section-title=\"Packaging &amp; Shipping\">\n<div>\n<\/div>\n<\/div>","protected":false},"featured_media":15086,"parent":0,"template":"","product-catagories":[168],"product-tag":[],"class_list":["post-15180","product","type-product","status-publish","has-post-thumbnail","hentry","product-catagories-acrylic-sheet"],"acf":[],"_links":{"self":[{"href":"https:\/\/www.tononplastics.com\/pt\/wp-json\/wp\/v2\/product\/15180","targetHints":{"allow":["GET"]}}],"collection":[{"href":"https:\/\/www.tononplastics.com\/pt\/wp-json\/wp\/v2\/product"}],"about":[{"href":"https:\/\/www.tononplastics.com\/pt\/wp-json\/wp\/v2\/types\/product"}],"version-history":[{"count":0,"href":"https:\/\/www.tononplastics.com\/pt\/wp-json\/wp\/v2\/product\/15180\/revisions"}],"wp:featuredmedia":[{"embeddable":true,"href":"https:\/\/www.tononplastics.com\/pt\/wp-json\/wp\/v2\/media\/15086"}],"wp:attachment":[{"href":"https:\/\/www.tononplastics.com\/pt\/wp-json\/wp\/v2\/media?parent=15180"}],"wp:term":[{"taxonomy":"product-catagories","embeddable":true,"href":"https:\/\/www.tononplastics.com\/pt\/wp-json\/wp\/v2\/product-catagories?post=15180"},{"taxonomy":"product-tag","embeddable":true,"href":"https:\/\/www.tononplastics.com\/pt\/wp-json\/wp\/v2\/product-tag?post=15180"}],"curies":[{"name":"wp","href":"https:\/\/api.w.org\/{rel}","templated":true}]}}