{"id":15183,"date":"2023-08-23T12:29:03","date_gmt":"2023-08-23T04:29:03","guid":{"rendered":"https:\/\/tononplastics.com\/?post_type=product&#038;p=15183"},"modified":"2024-04-16T12:27:23","modified_gmt":"2024-04-16T04:27:23","slug":"corrugated-polycarbonate-sheet-uv-roofing-panels-for-greenhouse","status":"publish","type":"product","link":"https:\/\/www.tononplastics.com\/pt\/product\/corrugated-polycarbonate-sheet-uv-roofing-panels-for-greenhouse\/","title":{"rendered":"Pain\u00e9is de cobertura uv em chapa de policarbonato ondulado para estufa"},"content":{"rendered":"<table>\n<tbody>\n<tr>\n<td colspan=\"2\" height=\"66\" data-spm-anchor-id=\"a2700.details.0.i31.1dd26c0axSwcyk\">Especifica\u00e7\u00f5es da chapa ondulada de policarbonato<\/td>\n<\/tr>\n<tr>\n<td height=\"66\">Largura:<\/td>\n<td height=\"66\">760,820,840,860,900,930,950,980.1050<\/td>\n<\/tr>\n<tr>\n<td height=\"66\">Comprimento:<\/td>\n<td height=\"66\">N\u00e3o limitado<\/td>\n<\/tr>\n<tr>\n<td height=\"66\">Espessura:<\/td>\n<td height=\"66\">0,7 mm a 2,5 mm<\/td>\n<\/tr>\n<tr>\n<td height=\"66\">Cor padr\u00e3o:<\/td>\n<td height=\"66\">Transparente, Azul, Verde, Opala, Castanho<\/td>\n<\/tr>\n<\/tbody>\n<\/table>\n<p><strong style=\"font-size: revert; color: initial;\">\u00a0 Fornecimentos suficientes:<\/strong><\/p>\n<p><img fetchpriority=\"high\" decoding=\"async\" src=\"https:\/\/sc02.alicdn.com\/kf\/HTB1G1ZZSpXXXXbLXXXXq6xXFXXX7\/200162319\/HTB1G1ZZSpXXXXbLXXXXq6xXFXXX7.jpg\" alt=\"Pain\u00e9is de cobertura uv em chapa de policarbonato ondulado para estufa\" width=\"737\" height=\"983\" data-src=\"\/\/sc02.alicdn.com\/kf\/HTB1G1ZZSpXXXXbLXXXXq6xXFXXX7\/200162319\/HTB1G1ZZSpXXXXbLXXXXq6xXFXXX7.jpg\" data-alt=\"Corrugated polycarbonate sheet uv roofing panels for greenhouse\" data-width=\"737\" data-height=\"983\" data- title=\"\"><\/p>\n<p><img decoding=\"async\" src=\"https:\/\/sc01.alicdn.com\/kf\/HTB11LPNSpXXXXa2XXXXq6xXFXXXF\/200162319\/HTB11LPNSpXXXXa2XXXXq6xXFXXXF.jpg\" alt=\"Pain\u00e9is de cobertura uv em chapa de policarbonato ondulado para estufa\" width=\"741\" height=\"741\" data-src=\"\/\/sc01.alicdn.com\/kf\/HTB11LPNSpXXXXa2XXXXq6xXFXXXF\/200162319\/HTB11LPNSpXXXXa2XXXXq6xXFXXXF.jpg\" data-alt=\"Corrugated polycarbonate sheet uv roofing panels for greenhouse\" data-width=\"741\" data-height=\"741\" data- title=\"\"><\/p>\n<p><strong>\u00a0\u00a0M\u00e1quina nova :<\/strong><\/p>\n<p><img decoding=\"async\" src=\"https:\/\/sc01.alicdn.com\/kf\/HTB12lZaa4TI8KJjSspiq6zM4FXab\/200162319\/HTB12lZaa4TI8KJjSspiq6zM4FXab.jpg\" alt=\"Pain\u00e9is de cobertura uv em chapa de policarbonato ondulado para estufa\" width=\"710\" height=\"532\" data-src=\"\/\/sc01.alicdn.com\/kf\/HTB12lZaa4TI8KJjSspiq6zM4FXab\/200162319\/HTB12lZaa4TI8KJjSspiq6zM4FXab.jpg\" data-alt=\"Corrugated polycarbonate sheet uv roofing panels for greenhouse\" data-width=\"710\" data-height=\"532\" data- title=\"\"><\/p>\n<p><strong>\u00a0\u00a0Material: Bayer<\/strong><\/p>\n<p><img loading=\"lazy\" decoding=\"async\" src=\"https:\/\/sc02.alicdn.com\/kf\/UTB8qazkXMnJXKJkSaelq6xUzXXax\/200162319\/UTB8qazkXMnJXKJkSaelq6xUzXXax.jpg\" alt=\"Pain\u00e9is de cobertura uv em chapa de policarbonato ondulado para estufa\" width=\"731\" height=\"731\" data-src=\"\/\/sc02.alicdn.com\/kf\/UTB8qazkXMnJXKJkSaelq6xUzXXax\/200162319\/UTB8qazkXMnJXKJkSaelq6xUzXXax.jpg\" data-alt=\"Corrugated polycarbonate sheet uv roofing panels for greenhouse\" data-width=\"731\" data-height=\"731\" data- title=\"\"><\/p>\n<p>Carater\u00edsticas da chapa ondulada de policarbonato:<\/p>\n<p>Transmiss\u00e3o de luz:<br \/>\nA transmiss\u00e3o da luz atinge 12%-95% consoante a cor e a espessura.<\/p>\n<p>Prote\u00e7\u00e3o UV:<br \/>\nGra\u00e7as ao revestimento anti-UV patenteado, a chapa ondulada de policarbonato mant\u00e9m um desempenho mec\u00e2nico e \u00f3tico perfeito ap\u00f3s a exposi\u00e7\u00e3o.<\/p>\n<p>Capacidade meteorol\u00f3gica:<br \/>\nTem uma capacidade super climat\u00e9rica, que mant\u00e9m um excelente desempenho numa vasta gama de temperaturas de -40\u00b0C-120\u00b0C.<\/p>\n<p>Retard\u00e2ncia ao fogo : UL Flammability 94 V-2<\/p>\n<p>Instala\u00e7\u00e3o f\u00e1cil<br \/>\nF\u00e1cil de instalar e pode ser dobrado a frio<\/p>\n<p>Resist\u00eancia ao impacto :<br \/>\n250-300 vezes a resist\u00eancia ao impacto do vidro normal e 30 vezes a dos pain\u00e9is acr\u00edlicos da mesma espessura, o que corresponde a 2-20 vezes o vidro temperado que cai dois metros abaixo do martelo de 3 kg sem fissuras, sem quebras<\/p>\n<p>Aplica\u00e7\u00e3o da chapa ondulada de policarbonato:<\/p>\n<p>Barreiras ac\u00fasticas em auto-estradas e vias urbanas elevadas;<br \/>\nEstufa agr\u00edcola e galp\u00e3o de cria\u00e7\u00e3o;<br \/>\nTeto de restaurante ecol\u00f3gico moderno;<br \/>\nTodas as unidades ou c\u00e9lulas do ciclo de vida, a varanda do sol e os quiosques de descanso do telhado;<br \/>\nEdif\u00edcios de escrit\u00f3rios, grandes armaz\u00e9ns, hot\u00e9is, moradias, escolas, hospitais, est\u00e1dios desportivos, centros de entretenimento e ilumina\u00e7\u00e3o de teto de instala\u00e7\u00f5es p\u00fablicas e .<\/p>","protected":false},"featured_media":16735,"parent":0,"template":"","product-catagories":[168],"product-tag":[],"class_list":["post-15183","product","type-product","status-publish","has-post-thumbnail","hentry","product-catagories-acrylic-sheet"],"acf":[],"_links":{"self":[{"href":"https:\/\/www.tononplastics.com\/pt\/wp-json\/wp\/v2\/product\/15183","targetHints":{"allow":["GET"]}}],"collection":[{"href":"https:\/\/www.tononplastics.com\/pt\/wp-json\/wp\/v2\/product"}],"about":[{"href":"https:\/\/www.tononplastics.com\/pt\/wp-json\/wp\/v2\/types\/product"}],"version-history":[{"count":0,"href":"https:\/\/www.tononplastics.com\/pt\/wp-json\/wp\/v2\/product\/15183\/revisions"}],"wp:featuredmedia":[{"embeddable":true,"href":"https:\/\/www.tononplastics.com\/pt\/wp-json\/wp\/v2\/media\/16735"}],"wp:attachment":[{"href":"https:\/\/www.tononplastics.com\/pt\/wp-json\/wp\/v2\/media?parent=15183"}],"wp:term":[{"taxonomy":"product-catagories","embeddable":true,"href":"https:\/\/www.tononplastics.com\/pt\/wp-json\/wp\/v2\/product-catagories?post=15183"},{"taxonomy":"product-tag","embeddable":true,"href":"https:\/\/www.tononplastics.com\/pt\/wp-json\/wp\/v2\/product-tag?post=15183"}],"curies":[{"name":"wp","href":"https:\/\/api.w.org\/{rel}","templated":true}]}}