{"id":15185,"date":"2023-08-23T12:30:36","date_gmt":"2023-08-23T04:30:36","guid":{"rendered":"https:\/\/tononplastics.com\/?post_type=product&#038;p=15185"},"modified":"2024-03-25T16:54:43","modified_gmt":"2024-03-25T08:54:43","slug":"awning-corrugated-polycarbonate-transparent-sheets-pc-roofing-panels","status":"publish","type":"product","link":"https:\/\/www.tononplastics.com\/pt\/product\/awning-corrugated-polycarbonate-transparent-sheets-pc-roofing-panels\/","title":{"rendered":"Toldo de policarbonato ondulado folhas transparentes pc pain\u00e9is de cobertura"},"content":{"rendered":"<table>\n<tbody>\n<tr>\n<td colspan=\"2\" height=\"66\" data-spm-anchor-id=\"a2700.details.0.i32.6c0432c7qU9JTw\">Especifica\u00e7\u00f5es da chapa ondulada de policarbonato<\/td>\n<\/tr>\n<tr>\n<td height=\"66\">Largura:<\/td>\n<td height=\"66\">760,820,840,860,900,930,950,980.1050<\/td>\n<\/tr>\n<tr>\n<td height=\"66\">Comprimento:<\/td>\n<td height=\"66\">N\u00e3o limitado<\/td>\n<\/tr>\n<tr>\n<td height=\"66\">Espessura:<\/td>\n<td height=\"66\">0,7 mm a 2,5 mm<\/td>\n<\/tr>\n<tr>\n<td height=\"66\">Cor padr\u00e3o:<\/td>\n<td height=\"66\">Transparente, Azul, Verde, Opala, Castanho<\/td>\n<\/tr>\n<\/tbody>\n<\/table>\n<p><strong>A chapa ondulada de policarbonato 840#Lake Blue est\u00e1 a produzir :\u00a0\u00a0\u00a0<\/strong><\/p>\n<p><img fetchpriority=\"high\" decoding=\"async\" src=\"https:\/\/sc01.alicdn.com\/kf\/UTB87SFrgBahduJk43Jaq6zM8FXay\/200162319\/UTB87SFrgBahduJk43Jaq6zM8FXay.jpg\" alt=\"Toldo de policarbonato ondulado folhas transparentes pc pain\u00e9is de cobertura\" width=\"732\" height=\"976\" data-src=\"\/\/sc01.alicdn.com\/kf\/UTB87SFrgBahduJk43Jaq6zM8FXay\/200162319\/UTB87SFrgBahduJk43Jaq6zM8FXay.jpg\" data-alt=\"Awning corrugated polycarbonate transparent sheets pc roofing panels\" data-width=\"732\" data-height=\"976\" data- title=\"\"><\/p>\n<p><strong>Folha ondulada de policarbonato transparente :\u00a0\u00a0<\/strong><\/p>\n<p><img decoding=\"async\" src=\"https:\/\/sc01.alicdn.com\/kf\/HTB1orUjqYsTMeJjSsziq6AdwXXat\/200162319\/HTB1orUjqYsTMeJjSsziq6AdwXXat.jpg\" alt=\"Toldo de policarbonato ondulado folhas transparentes pc pain\u00e9is de cobertura\" width=\"732\" height=\"412\" data-src=\"\/\/sc01.alicdn.com\/kf\/HTB1orUjqYsTMeJjSsziq6AdwXXat\/200162319\/HTB1orUjqYsTMeJjSsziq6AdwXXat.jpg\" data-alt=\"Awning corrugated polycarbonate transparent sheets pc roofing panels\" data-width=\"732\" data-height=\"412\" data- title=\"\"><\/p>\n<p><strong>930#Verde:<\/strong><\/p>\n<p><img decoding=\"async\" src=\"https:\/\/sc01.alicdn.com\/kf\/HTB1taZhmfNNTKJjSspkq6yeWFXaW\/200162319\/HTB1taZhmfNNTKJjSspkq6yeWFXaW.jpg\" alt=\"Toldo de policarbonato ondulado folhas transparentes pc pain\u00e9is de cobertura\" width=\"730\" height=\"730\" data-src=\"\/\/sc01.alicdn.com\/kf\/HTB1taZhmfNNTKJjSspkq6yeWFXaW\/200162319\/HTB1taZhmfNNTKJjSspkq6yeWFXaW.jpg\" data-alt=\"Awning corrugated polycarbonate transparent sheets pc roofing panels\" data-width=\"730\" data-height=\"730\" data- title=\"\"><\/p>\n<p><strong>1050#Opal:<\/strong><\/p>\n<p><img loading=\"lazy\" decoding=\"async\" src=\"https:\/\/sc01.alicdn.com\/kf\/HTB1_pI2kgoQMeJjy0Fnq6z8gFXaN\/200162319\/HTB1_pI2kgoQMeJjy0Fnq6z8gFXaN.jpg\" alt=\"Toldo de policarbonato ondulado folhas transparentes pc pain\u00e9is de cobertura\" width=\"739\" height=\"621\" data-src=\"\/\/sc01.alicdn.com\/kf\/HTB1_pI2kgoQMeJjy0Fnq6z8gFXaN\/200162319\/HTB1_pI2kgoQMeJjy0Fnq6z8gFXaN.jpg\" data-alt=\"Awning corrugated polycarbonate transparent sheets pc roofing panels\" data-width=\"739\" data-height=\"621\" data- title=\"\"><\/p>\n<p><strong>Fornecimentos suficientes:<\/strong><\/p>\n<p><img loading=\"lazy\" decoding=\"async\" src=\"https:\/\/sc02.alicdn.com\/kf\/HTB1G1ZZSpXXXXbLXXXXq6xXFXXX7\/200162319\/HTB1G1ZZSpXXXXbLXXXXq6xXFXXX7.jpg\" alt=\"Toldo de policarbonato ondulado folhas transparentes pc pain\u00e9is de cobertura\" width=\"737\" height=\"983\" data-src=\"\/\/sc02.alicdn.com\/kf\/HTB1G1ZZSpXXXXbLXXXXq6xXFXXX7\/200162319\/HTB1G1ZZSpXXXXbLXXXXq6xXFXXX7.jpg\" data-alt=\"Awning corrugated polycarbonate transparent sheets pc roofing panels\" data-width=\"737\" data-height=\"983\" data- title=\"\"><\/p>\n<p><img loading=\"lazy\" decoding=\"async\" src=\"https:\/\/sc01.alicdn.com\/kf\/HTB11LPNSpXXXXa2XXXXq6xXFXXXF\/200162319\/HTB11LPNSpXXXXa2XXXXq6xXFXXXF.jpg\" alt=\"Toldo de policarbonato ondulado folhas transparentes pc pain\u00e9is de cobertura\" width=\"741\" height=\"741\" data-src=\"\/\/sc01.alicdn.com\/kf\/HTB11LPNSpXXXXa2XXXXq6xXFXXXF\/200162319\/HTB11LPNSpXXXXa2XXXXq6xXFXXXF.jpg\" data-alt=\"Awning corrugated polycarbonate transparent sheets pc roofing panels\" data-width=\"741\" data-height=\"741\" data- title=\"\"><\/p>\n<p><strong>\u00a0 \u00a0Placa de policarbonato alveolar e claraboia de policarbonato :<\/strong><\/p>\n<p><img loading=\"lazy\" decoding=\"async\" src=\"https:\/\/sc02.alicdn.com\/kf\/UTB8xrRugBahduJk43Jaq6zM8FXaI\/200162319\/UTB8xrRugBahduJk43Jaq6zM8FXaI.jpg\" alt=\"Toldo de policarbonato ondulado folhas transparentes pc pain\u00e9is de cobertura\" width=\"716\" height=\"1015\" data-src=\"\/\/sc02.alicdn.com\/kf\/UTB8xrRugBahduJk43Jaq6zM8FXaI\/200162319\/UTB8xrRugBahduJk43Jaq6zM8FXaI.jpg\" data-alt=\"Awning corrugated polycarbonate transparent sheets pc roofing panels\" data-width=\"716\" data-height=\"1015\" data- title=\"\"><\/p>\n<p>Toldo de policarbonato :<\/p>\n<p><img loading=\"lazy\" decoding=\"async\" src=\"https:\/\/sc01.alicdn.com\/kf\/HTB1bNcba8fH8KJjy1Xbq6zLdXXah\/200162319\/HTB1bNcba8fH8KJjy1Xbq6zLdXXah.jpg\" alt=\"Toldo de policarbonato ondulado folhas transparentes pc pain\u00e9is de cobertura\" width=\"709\" height=\"709\" data-src=\"\/\/sc01.alicdn.com\/kf\/HTB1bNcba8fH8KJjy1Xbq6zLdXXah\/200162319\/HTB1bNcba8fH8KJjy1Xbq6zLdXXah.jpg\" data-alt=\"Awning corrugated polycarbonate transparent sheets pc roofing panels\" data-width=\"709\" data-height=\"709\" data- title=\"\"><\/p>\n<p><strong>Carater\u00edsticas da chapa ondulada de policarbonato:<\/strong><\/p>\n<p><strong>Transmiss\u00e3o de luz:<\/strong><br \/>\nA transmiss\u00e3o da luz atinge 12%-95% consoante a cor e a espessura.<\/p>\n<p><strong>Prote\u00e7\u00e3o UV:<\/strong><br \/>\nGra\u00e7as ao revestimento anti-UV patenteado, a chapa ondulada de policarbonato mant\u00e9m um desempenho mec\u00e2nico e \u00f3tico perfeito ap\u00f3s a exposi\u00e7\u00e3o.<\/p>\n<p><strong>Capacidade meteorol\u00f3gica:<\/strong><br \/>\nTem uma capacidade super climat\u00e9rica, que mant\u00e9m um excelente desempenho numa vasta gama de temperaturas de -40\u00b0C-120\u00b0C.<\/p>\n<p><strong>Retard\u00e2ncia ao fogo :<\/strong>\u00a0UL Inflamabilidade 94 V-2<\/p>\n<p><strong>Instala\u00e7\u00e3o f\u00e1cil<\/strong><br \/>\nF\u00e1cil de instalar e pode ser dobrado a frio<\/p>\n<p><strong>Resist\u00eancia ao impacto :<\/strong><br \/>\n250-300 vezes a resist\u00eancia ao impacto do vidro normal e 30 vezes a dos pain\u00e9is acr\u00edlicos da mesma espessura, o que corresponde a 2-20 vezes o vidro temperado que cai dois metros abaixo do martelo de 3 kg sem fissuras, sem quebras<\/p>\n<p><strong>Aplica\u00e7\u00e3o da chapa ondulada de policarbonato:<\/strong><\/p>\n<p>Barreiras ac\u00fasticas em auto-estradas e vias urbanas elevadas;<br \/>\nEstufa agr\u00edcola e galp\u00e3o de cria\u00e7\u00e3o;<br \/>\nTeto de restaurante ecol\u00f3gico moderno;<br \/>\nTodas as unidades ou c\u00e9lulas do ciclo de vida, a varanda do sol e os quiosques de descanso do telhado;<br \/>\nEdif\u00edcios de escrit\u00f3rios, grandes armaz\u00e9ns, hot\u00e9is, moradias, escolas, hospitais, est\u00e1dios desportivos, centros de entretenimento e ilumina\u00e7\u00e3o de teto de instala\u00e7\u00f5es p\u00fablicas e .<\/p>","protected":false},"featured_media":0,"parent":0,"template":"","product-catagories":[171],"product-tag":[],"class_list":["post-15185","product","type-product","status-publish","hentry","product-catagories-awning"],"acf":[],"_links":{"self":[{"href":"https:\/\/www.tononplastics.com\/pt\/wp-json\/wp\/v2\/product\/15185","targetHints":{"allow":["GET"]}}],"collection":[{"href":"https:\/\/www.tononplastics.com\/pt\/wp-json\/wp\/v2\/product"}],"about":[{"href":"https:\/\/www.tononplastics.com\/pt\/wp-json\/wp\/v2\/types\/product"}],"version-history":[{"count":0,"href":"https:\/\/www.tononplastics.com\/pt\/wp-json\/wp\/v2\/product\/15185\/revisions"}],"wp:attachment":[{"href":"https:\/\/www.tononplastics.com\/pt\/wp-json\/wp\/v2\/media?parent=15185"}],"wp:term":[{"taxonomy":"product-catagories","embeddable":true,"href":"https:\/\/www.tononplastics.com\/pt\/wp-json\/wp\/v2\/product-catagories?post=15185"},{"taxonomy":"product-tag","embeddable":true,"href":"https:\/\/www.tononplastics.com\/pt\/wp-json\/wp\/v2\/product-tag?post=15185"}],"curies":[{"name":"wp","href":"https:\/\/api.w.org\/{rel}","templated":true}]}}