{"id":15253,"date":"2023-08-23T21:43:40","date_gmt":"2023-08-23T13:43:40","guid":{"rendered":"https:\/\/tononplastics.com\/?post_type=product&#038;p=15253"},"modified":"2024-04-16T13:58:03","modified_gmt":"2024-04-16T05:58:03","slug":"multiwall-plastic-sheet-for-roofing-decoration-plastic-roofing","status":"publish","type":"product","link":"https:\/\/www.tononplastics.com\/pt\/product\/multiwall-plastic-sheet-for-roofing-decoration-plastic-roofing\/","title":{"rendered":"Placa de pl\u00e1stico multifacetada para telhados\/decora\u00e7\u00e3o de telhados de pl\u00e1stico"},"content":{"rendered":"<p><span data-spm-anchor-id=\"a2700.details.0.i31.60807358kqUSNH\">folha de pc oca<\/span><\/p>\n<p data-spm-anchor-id=\"a2700.details.0.i30.60807358kqUSNH\"><img decoding=\"async\" src=\"https:\/\/sc02.alicdn.com\/kf\/HTB1M5QmkMKTBuNkSne1q6yJoXXav\/200162319\/HTB1M5QmkMKTBuNkSne1q6yJoXXav.jpg\" alt=\"folha de pl\u00e1stico multifacetada para telhados\/decora\u00e7\u00e3o de telhados de pl\u00e1stico\" width=\"630\" height=\"471.515625\" data-src=\"\/\/sc02.alicdn.com\/kf\/HTB1M5QmkMKTBuNkSne1q6yJoXXav\/200162319\/HTB1M5QmkMKTBuNkSne1q6yJoXXav.jpg\" data-alt=\"multiwall plastic sheet for roofing\/decoration plastic roofing\" data-width=\"630\" data- title=\"\"><\/p>\n<p><strong>1. Carater\u00edsticas:<\/strong><br \/>\n1) Elevada transmiss\u00e3o de luz: at\u00e9 88% da mesma espessura do vidro geral.<br \/>\n2) Excelente resist\u00eancia ao impacto: 80 vezes superior \u00e0 do vidro.<br \/>\n3) Resistente \u00e0s intemp\u00e9ries e aos raios UV - as propriedades mant\u00eam-se durante anos. A gama de resist\u00eancia \u00e0 temperatura \u00e9 de -40\u00b0C ~ +120\u00b0C, com uma pel\u00edcula coextrudida ultravioleta na superf\u00edcie da folha. Pode evitar a fadiga da resina ou o amarelecimento causado pelos raios ultravioleta.<br \/>\n4) Peso leve: apenas 1\/12 do peso do vidro da mesma espessura. Pode ser facilmente dobrado a frio, bem como moldado termicamente.<br \/>\n5) Resist\u00eancia \u00e0 chama: A classifica\u00e7\u00e3o de elevado desempenho ao fogo \u00e9 da classe B1.<br \/>\n6) Isolamento ac\u00fastico e t\u00e9rmico: Excelente isolamento ac\u00fastico para barreira de autoestrada e super isolamento t\u00e9rmico para poupar energia.<br \/>\n7) Um pl\u00e1stico de engenharia com uma excelente capacidade de integra\u00e7\u00e3o. Possui excelentes capacidades f\u00edsicas, mec\u00e2nicas, el\u00e9ctricas e t\u00e9rmicas.<\/p>\n<p><img decoding=\"async\" src=\"https:\/\/sc01.alicdn.com\/kf\/HTB1qQtntbuWBuNjSszgq6z8jVXae\/200162319\/HTB1qQtntbuWBuNjSszgq6z8jVXae.jpg\" alt=\"folha de pl\u00e1stico multifacetada para telhados\/decora\u00e7\u00e3o de telhados de pl\u00e1stico\" width=\"630\" height=\"472.5\" data-src=\"\/\/sc01.alicdn.com\/kf\/HTB1qQtntbuWBuNjSszgq6z8jVXae\/200162319\/HTB1qQtntbuWBuNjSszgq6z8jVXae.jpg\" data-alt=\"multiwall plastic sheet for roofing\/decoration plastic roofing\" data-width=\"630\" data- title=\"\"><\/p>\n<p><strong>2. Especifica\u00e7\u00f5es:<\/strong><\/p>\n<p>1) Espessura: 4mm, 6mm, 8mm, 10mm, 12mm, 14mm, 16mm.<br \/>\n2) Largura: 1, 220mm, 2, 100mm<br \/>\n3) Dura\u00e7\u00e3o: Sem limite<br \/>\n4) Peso (Kg\/M2): 0.8, 1.2, 1.4, 1.6, 1.9, 2.2, 2.4, 2.6<br \/>\n5) Cores: transparente, azul lago, verde, azul, opala, castanho, cinzento prateado, vermelho (outras cores podem ser encomendadas de acordo com o seu pedido)<\/p>\n<p><img decoding=\"async\" src=\"https:\/\/sc02.alicdn.com\/kf\/HTB1YhFCtb5YBuNjSspoq6zeNFXaC\/200162319\/HTB1YhFCtb5YBuNjSspoq6zeNFXaC.jpg\" alt=\"folha de pl\u00e1stico multifacetada para telhados\/decora\u00e7\u00e3o de telhados de pl\u00e1stico\" width=\"630\" height=\"384.4852941176471\" data-src=\"\/\/sc02.alicdn.com\/kf\/HTB1YhFCtb5YBuNjSspoq6zeNFXaC\/200162319\/HTB1YhFCtb5YBuNjSspoq6zeNFXaC.jpg\" data-alt=\"multiwall plastic sheet for roofing\/decoration plastic roofing\" data-width=\"630\" data- title=\"\"><br \/>\n<strong>3. Aplica\u00e7\u00f5es:<\/strong><br \/>\n1) Folha de luz para telhados e guarda-sol para edif\u00edcios de escrit\u00f3rios, grandes armaz\u00e9ns, hot\u00e9is, est\u00e1dios, escolas, centros de divers\u00e3o, hospitais, etc.<br \/>\n2) Claraboia, ilumina\u00e7\u00e3o de corredores, varandas, passagens e entradas de metro, passadi\u00e7os.<br \/>\n3) Bricolage (DIY), toldo, cobertura.<br \/>\n4) Caixas de l\u00e2mpadas publicit\u00e1rias, pain\u00e9is de sinaliza\u00e7\u00e3o.<br \/>\n5) Escudo anti-motim, material resistente a balas, caixas multibanco.<br \/>\n6) Conservat\u00f3rios, estufas agr\u00edcolas, jardins zool\u00f3gicos, jardins bot\u00e2nicos.<br \/>\n7) Coberturas e vidros industriais<br \/>\n8) Cobertura\/cobertura\/telha de piscinas<\/p>\n<p><strong>4. LIMPEZA E MANUTEN\u00c7\u00c3O<\/strong><br \/>\nDe acordo com o procedimento correto, s\u00e3o utilizados produtos de limpeza e utens\u00edlios adequados para limpar os len\u00e7\u00f3is regularmente. Isto pode manter os len\u00e7\u00f3is elegantes e prolongar a sua vida \u00fatil:<\/p>\n<p>1. Enxaguar o len\u00e7ol com \u00e1gua morna (inferior a 60\u00b0C)<\/p>\n<p>2. Escolha um pano limpo e macio ou uma esponja com sab\u00e3o l\u00edquido neutro ou detergente para limpar ligeiramente a sujidade da superf\u00edcie<\/p>\n<p>3. Enxaguar a folha mais uma vez<\/p>\n<p>4. O pano macio com \u00e1lcool anidro pode ser utilizado para a limpeza, se houver \u00f3leo, tinta molhada, manchas de cola e outros elementos na folha.<\/p>\n<p>5. Enxaguar com \u00e1gua fria e secar com um pano macio para evitar manchas de \u00e1gua ap\u00f3s a limpeza.<\/p>\n<p>Recomenda\u00e7\u00e3o de utiliza\u00e7\u00e3o de solvente para limpeza<\/p>\n<p>\u00c1lcool absoluto, \u00e9ter de petr\u00f3leo, hexano<\/p>\n<p><strong>\u00a05. AVISO<\/strong><\/p>\n<p>A palha de a\u00e7o, as escovas e outros materiais brutos n\u00e3o podem entrar em contacto com a folha de PC. N\u00e3o utilizar canivetes, l\u00e2minas de barbear e outras ferramentas afiadas para riscar a folha oca de PC<\/p>\n<p>M\u00e9todo de instala\u00e7\u00e3o do policarbonato<\/p>\n<p>a) O di\u00e2metro do orif\u00edcio de perfura\u00e7\u00e3o na chapa de PC deve ser superior ao di\u00e2metro do parafuso, cerca de 50%, em caso de expans\u00e3o com o calor e contra\u00e7\u00e3o com o frio.<\/p>\n<p>b) A dist\u00e2ncia do furo na placa de circuito impresso deve ser adequada,<br \/>\nquanto maior for a dist\u00e2ncia, maior ser\u00e1 a expans\u00e3o t\u00e9rmica. Se o espa\u00e7o do furo for<br \/>\ndemasiado curto, limitar\u00e1 o movimento da folha de PC.<\/p>\n<p>c) A dist\u00e2ncia adequada do orif\u00edcio de perfura\u00e7\u00e3o na folha para computador \u00e9 de 50 cm. A dist\u00e2ncia adequada entre o furo e a borda da folha de circuito impresso \u00e9 de cerca de 3-5 cm.<\/p>\n<p>d) O di\u00e2metro da parte superior do rebite deve ser o dobro do di\u00e2metro da haste. Fa\u00e7a uma junta para o caso de a press\u00e3o danificar a chapa de PC.<\/p>\n<p>e) O parafuso n\u00e3o deve ser apertado em caso de quebra da folha de circuito impresso.<\/p>\n<p>f) N\u00e3o deve ser utilizada uma junta de pvc ou fita adesiva de piche, porque o aditivo qu\u00edmico ser\u00e1 corrosivo para a chapa de PC<\/p>\n<p>g) A parte de dobragem n\u00e3o deve utilizar parafusos para fixar a folha quando a folha faz<br \/>\nprocesso de dobragem a frio. Todos os orif\u00edcios devem utilizar um vedante estrutural de silicone neutro para<br \/>\ncheio para o caso de o detergente penetrar no bordo do len\u00e7ol.<\/p>","protected":false},"featured_media":16790,"parent":0,"template":"","product-catagories":[178],"product-tag":[],"class_list":["post-15253","product","type-product","status-publish","has-post-thumbnail","hentry","product-catagories-polycarbonate-hollow-sheet"],"acf":[],"_links":{"self":[{"href":"https:\/\/www.tononplastics.com\/pt\/wp-json\/wp\/v2\/product\/15253","targetHints":{"allow":["GET"]}}],"collection":[{"href":"https:\/\/www.tononplastics.com\/pt\/wp-json\/wp\/v2\/product"}],"about":[{"href":"https:\/\/www.tononplastics.com\/pt\/wp-json\/wp\/v2\/types\/product"}],"version-history":[{"count":0,"href":"https:\/\/www.tononplastics.com\/pt\/wp-json\/wp\/v2\/product\/15253\/revisions"}],"wp:featuredmedia":[{"embeddable":true,"href":"https:\/\/www.tononplastics.com\/pt\/wp-json\/wp\/v2\/media\/16790"}],"wp:attachment":[{"href":"https:\/\/www.tononplastics.com\/pt\/wp-json\/wp\/v2\/media?parent=15253"}],"wp:term":[{"taxonomy":"product-catagories","embeddable":true,"href":"https:\/\/www.tononplastics.com\/pt\/wp-json\/wp\/v2\/product-catagories?post=15253"},{"taxonomy":"product-tag","embeddable":true,"href":"https:\/\/www.tononplastics.com\/pt\/wp-json\/wp\/v2\/product-tag?post=15253"}],"curies":[{"name":"wp","href":"https:\/\/api.w.org\/{rel}","templated":true}]}}