{"id":15256,"date":"2023-08-23T21:46:30","date_gmt":"2023-08-23T13:46:30","guid":{"rendered":"https:\/\/tononplastics.com\/?post_type=product&#038;p=15256"},"modified":"2024-04-16T14:01:47","modified_gmt":"2024-04-16T06:01:47","slug":"macrolux-multiwall-polycarbonate-sheetmakrolon","status":"publish","type":"product","link":"https:\/\/www.tononplastics.com\/pt\/product\/macrolux-multiwall-polycarbonate-sheetmakrolon\/","title":{"rendered":"Folha de policarbonato multifoliado Macrolux (Makrolon)"},"content":{"rendered":"<p><span data-spm-anchor-id=\"a2700.details.0.i30.3649499cioTWq9\">Utilizar para construir estufas, coberturas de p\u00e1tios, prote\u00e7\u00e3o contra furac\u00f5es, coberturas comerciais e muito mais.<\/span><\/p>\n<p><strong>Especifica\u00e7\u00f5esFolha compacta de PC com prote\u00e7\u00e3o UV<\/strong><br \/>\n1)Material Bayer 100%<br \/>\n2) Revestir camada UV de 50 m\u00edcrones, taxa de filtragem de raios UV:99%<\/p>\n<p data-spm-anchor-id=\"a2700.details.0.i28.3649499cioTWq9\">3)Leve<br \/>\n4)Est\u00e1vel aos raios UV<br \/>\n5)Forte<br \/>\n6)Isolamento<br \/>\n7)F\u00e1cil de trabalhar<\/p>\n<p><img fetchpriority=\"high\" decoding=\"async\" class=\"\" src=\"https:\/\/sc01.alicdn.com\/kf\/Hab9bd697ff3d43f4a68edc4263f778919\/200162319\/Hab9bd697ff3d43f4a68edc4263f778919.jpg\" alt=\"Folha de policarbonato multifoliado Macrolux (Makrolon)\" width=\"382\" height=\"382\" data-src=\"\/\/sc01.alicdn.com\/kf\/Hab9bd697ff3d43f4a68edc4263f778919\/200162319\/Hab9bd697ff3d43f4a68edc4263f778919.jpg\" data-alt=\"Macrolux multiwall polycarbonate sheet(Makrolon)\" data-width=\"630\" data- title=\"\"><img decoding=\"async\" class=\"\" src=\"https:\/\/sc02.alicdn.com\/kf\/H83eedc7040fe4889b253c55a4f03ec4e4\/200162319\/H83eedc7040fe4889b253c55a4f03ec4e4.jpg\" alt=\"Folha de policarbonato multifoliado Macrolux (Makrolon)\" width=\"384\" height=\"384\" data-src=\"\/\/sc02.alicdn.com\/kf\/H83eedc7040fe4889b253c55a4f03ec4e4\/200162319\/H83eedc7040fe4889b253c55a4f03ec4e4.jpg\" data-alt=\"Macrolux multiwall polycarbonate sheet(Makrolon)\" data-width=\"630\" data- title=\"\"><\/p>\n<p><strong>Folha s\u00f3lida de policarbonato<\/strong><\/p>\n<p>Feita de resina de policarbonato Bayer Makrolon, a nossa folha s\u00f3lida de policarbonato \u00e9 co-extrudida com a camada protetora de UV em um ou dois lados, o que faz com que a folha tenha excelente resist\u00eancia ao envelhecimento e excelente resist\u00eancia ao impacto, de modo a ser amplamente utilizada na ind\u00fastria de arquitetura.<\/p>\n<p>Espessura 1.0mm, 1.2mm, 1.5mm, 2mm, 3mm, 4mm, 4.5mm, 6mm, 8mm, 10mm, 12mm, 15mm<br \/>\nLargura padr\u00e3o 1220mm, 1560mm, 1820mm, 2100mm (Pode ser personalizado de acordo com os requisitos do cliente de qualquer largura inferior a 2100mm)<br \/>\nCor: transparente, azul, verde, castanho, opala<\/p>\n<p>Textura: lisa, em relevo, diamantada, abrasiva<\/p>\n<p><img decoding=\"async\" src=\"https:\/\/sc01.alicdn.com\/kf\/H32420328557d486eb5370e0cf573cf134\/200162319\/H32420328557d486eb5370e0cf573cf134.jpg\" alt=\"Folha de policarbonato multifoliado Macrolux (Makrolon)\" width=\"630\" height=\"840\" data-src=\"\/\/sc01.alicdn.com\/kf\/H32420328557d486eb5370e0cf573cf134\/200162319\/H32420328557d486eb5370e0cf573cf134.jpg\" data-alt=\"Macrolux multiwall polycarbonate sheet(Makrolon)\" data-width=\"630\" data- title=\"\"><img decoding=\"async\" src=\"https:\/\/sc01.alicdn.com\/kf\/Hde2b9ec7d1d24a39a08ed8018029c625e\/200162319\/Hde2b9ec7d1d24a39a08ed8018029c625e.jpg\" alt=\"Folha de policarbonato multifoliado Macrolux (Makrolon)\" width=\"630\" height=\"884.52\" data-src=\"\/\/sc01.alicdn.com\/kf\/Hde2b9ec7d1d24a39a08ed8018029c625e\/200162319\/Hde2b9ec7d1d24a39a08ed8018029c625e.jpg\" data-alt=\"Macrolux multiwall polycarbonate sheet(Makrolon)\" data-width=\"630\" data- title=\"\"><\/p>\n<div id=\"ali-anchor-AliPostDhMb-tjluo\" data-section=\"AliPostDhMb-tjluo\" data-section-title=\"Packaging &amp; Shipping\">\n<div id=\"ali-title-AliPostDhMb-tjluo\"><strong>Embalagem e expedi\u00e7\u00e3o<\/strong><\/div>\n<div>\n<p>\u00a0<img decoding=\"async\" src=\"https:\/\/sc02.alicdn.com\/kf\/Hd05fdb0988024155a7956963ea5973acD\/200162319\/Hd05fdb0988024155a7956963ea5973acD.png\" alt=\"Folha de policarbonato multifoliado Macrolux (Makrolon)\" width=\"630\" height=\"474.58885941644564\" data-src=\"\/\/sc02.alicdn.com\/kf\/Hd05fdb0988024155a7956963ea5973acD\/200162319\/Hd05fdb0988024155a7956963ea5973acD.png\" data-alt=\"Macrolux multiwall polycarbonate sheet(Makrolon)\" data-width=\"630\" data- title=\"\"><img decoding=\"async\" src=\"https:\/\/sc02.alicdn.com\/kf\/H02a52324dc024cdcbaee8c550d0c5b3cR\/200162319\/H02a52324dc024cdcbaee8c550d0c5b3cR.png\" alt=\"Folha de policarbonato multifoliado Macrolux (Makrolon)\" width=\"630\" height=\"214.7347480106101\" data-src=\"\/\/sc02.alicdn.com\/kf\/H02a52324dc024cdcbaee8c550d0c5b3cR\/200162319\/H02a52324dc024cdcbaee8c550d0c5b3cR.png\" data-alt=\"Macrolux multiwall polycarbonate sheet(Makrolon)\" data-width=\"630\" data- title=\"\"><\/p>\n<\/div>\n<\/div>","protected":false},"featured_media":16796,"parent":0,"template":"","product-catagories":[178],"product-tag":[],"class_list":["post-15256","product","type-product","status-publish","has-post-thumbnail","hentry","product-catagories-polycarbonate-hollow-sheet"],"acf":[],"_links":{"self":[{"href":"https:\/\/www.tononplastics.com\/pt\/wp-json\/wp\/v2\/product\/15256","targetHints":{"allow":["GET"]}}],"collection":[{"href":"https:\/\/www.tononplastics.com\/pt\/wp-json\/wp\/v2\/product"}],"about":[{"href":"https:\/\/www.tononplastics.com\/pt\/wp-json\/wp\/v2\/types\/product"}],"version-history":[{"count":0,"href":"https:\/\/www.tononplastics.com\/pt\/wp-json\/wp\/v2\/product\/15256\/revisions"}],"wp:featuredmedia":[{"embeddable":true,"href":"https:\/\/www.tononplastics.com\/pt\/wp-json\/wp\/v2\/media\/16796"}],"wp:attachment":[{"href":"https:\/\/www.tononplastics.com\/pt\/wp-json\/wp\/v2\/media?parent=15256"}],"wp:term":[{"taxonomy":"product-catagories","embeddable":true,"href":"https:\/\/www.tononplastics.com\/pt\/wp-json\/wp\/v2\/product-catagories?post=15256"},{"taxonomy":"product-tag","embeddable":true,"href":"https:\/\/www.tononplastics.com\/pt\/wp-json\/wp\/v2\/product-tag?post=15256"}],"curies":[{"name":"wp","href":"https:\/\/api.w.org\/{rel}","templated":true}]}}