{"id":15290,"date":"2023-08-23T22:09:44","date_gmt":"2023-08-23T14:09:44","guid":{"rendered":"https:\/\/tononplastics.com\/?post_type=product&#038;p=15290"},"modified":"2024-04-16T13:32:01","modified_gmt":"2024-04-16T05:32:01","slug":"5mm-clear-twin-wall-hollow-polycarbonate-sheets-for-sale-uv-coating-fob-reference-priceget-latest-price","status":"publish","type":"product","link":"https:\/\/www.tononplastics.com\/pt\/product\/5mm-clear-twin-wall-hollow-polycarbonate-sheets-for-sale-uv-coating-fob-reference-priceget-latest-price\/","title":{"rendered":"5mm transparente parede dupla oca folhas de policarbonato para venda uv revestimento FOB Pre\u00e7o de refer\u00eancia: Obter o pre\u00e7o mais recente"},"content":{"rendered":"<p><span data-spm-anchor-id=\"a2700.details.0.i26.44863307BuqEsN\">Folha oca de policarbonato para telhados de pl\u00e1stico transparente para artesanato de parede dupla de policarbonato<\/span><\/p>\n<table border=\"1\">\n<tbody>\n<tr>\n<td>\u00a0Nome do produto<\/td>\n<td>\u00a0Folha de policarbonato oca<\/td>\n<\/tr>\n<tr>\n<td>\u00a0Local de origem<\/td>\n<td>\u00a0Cidade de Foshan, Guangdong, China<\/td>\n<\/tr>\n<tr>\n<td>\u00a0Material<\/td>\n<td>\u00a0100% Policarbonato virgem Material<\/td>\n<\/tr>\n<tr>\n<td>\u00a0Cores<\/td>\n<td>\u00a0Transparente, Bronze, Azul, Verde, Opala, Cinzento ou personalizado<\/td>\n<\/tr>\n<tr>\n<td>\u00a0Espessura<\/td>\n<td>\u00a03-20mm<\/td>\n<\/tr>\n<tr>\n<td>\u00a0Largura<\/td>\n<td>\u00a02,1 m, 1,22 m ou personalizado<\/td>\n<\/tr>\n<tr>\n<td>\u00a0Superf\u00edcie<\/td>\n<td>\u00a0Com prote\u00e7\u00e3o UV de 50 microns, resist\u00eancia ao calor<\/td>\n<\/tr>\n<tr>\n<td>Norma retardadora<\/td>\n<td>\u00a0Grau B1 (Norma GB)<\/td>\n<\/tr>\n<tr>\n<td>Embalagem<\/td>\n<td>\u00a0Ambos os lados com pel\u00edcula PE, log\u00f3tipo na pel\u00edcula PE. Tamb\u00e9m est\u00e1 dispon\u00edvel uma embalagem personalizada.<\/td>\n<\/tr>\n<tr>\n<td>Entrega<\/td>\n<td>\u00a0Dentro de 7-10 dias ap\u00f3s a rece\u00e7\u00e3o do dep\u00f3sito<\/td>\n<\/tr>\n<\/tbody>\n<\/table>\n<p><img fetchpriority=\"high\" decoding=\"async\" class=\"\" src=\"https:\/\/sc04.alicdn.com\/kf\/H1cbb870bbc214fd782f8e4ea067b0f87t\/200162319\/H1cbb870bbc214fd782f8e4ea067b0f87t.png\" alt=\"5mm folhas de policarbonato oco de parede dupla transparente para venda revestimento uv\" width=\"363\" height=\"315\" data-src=\"\/\/sc04.alicdn.com\/kf\/H1cbb870bbc214fd782f8e4ea067b0f87t\/200162319\/H1cbb870bbc214fd782f8e4ea067b0f87t.png\" data-alt=\"5mm clear twin wall hollow polycarbonate sheets for sale uv coating\" data-width=\"620\" data-height=\"538\" data- title=\"\"><img decoding=\"async\" class=\"\" src=\"https:\/\/sc04.alicdn.com\/kf\/Hf568a00564ff4febb2489ff33e1ef8e1R\/200162319\/Hf568a00564ff4febb2489ff33e1ef8e1R.png\" alt=\"5mm folhas de policarbonato oco de parede dupla transparente para venda revestimento uv\" width=\"416\" height=\"313\" data-src=\"\/\/sc04.alicdn.com\/kf\/Hf568a00564ff4febb2489ff33e1ef8e1R\/200162319\/Hf568a00564ff4febb2489ff33e1ef8e1R.png\" data-alt=\"5mm clear twin wall hollow polycarbonate sheets for sale uv coating\" data-width=\"619\" data-height=\"466\" data- title=\"\"><img decoding=\"async\" class=\"\" src=\"https:\/\/sc04.alicdn.com\/kf\/He7b09910ae1740deb030d8061ec8b92cR\/200162319\/He7b09910ae1740deb030d8061ec8b92cR.png\" alt=\"5mm folhas de policarbonato oco de parede dupla transparente para venda revestimento uv\" width=\"399\" height=\"322\" data-src=\"\/\/sc04.alicdn.com\/kf\/He7b09910ae1740deb030d8061ec8b92cR\/200162319\/He7b09910ae1740deb030d8061ec8b92cR.png\" data-alt=\"5mm clear twin wall hollow polycarbonate sheets for sale uv coating\" data-width=\"617\" data-height=\"497\" data- title=\"\"><img loading=\"lazy\" decoding=\"async\" class=\"\" src=\"https:\/\/sc04.alicdn.com\/kf\/H24c6424deccc4e299e7a21e4fdb2c22bl\/200162319\/H24c6424deccc4e299e7a21e4fdb2c22bl.png\" alt=\"5mm folhas de policarbonato oco de parede dupla transparente para venda revestimento uv\" width=\"352\" height=\"321\" data-src=\"\/\/sc04.alicdn.com\/kf\/H24c6424deccc4e299e7a21e4fdb2c22bl\/200162319\/H24c6424deccc4e299e7a21e4fdb2c22bl.png\" data-alt=\"5mm clear twin wall hollow polycarbonate sheets for sale uv coating\" data- title=\"\"><\/p>\n<div id=\"ali-anchor-AliPostDhMb-ig9ka\" class=\"mceSectionContainer\" data-section=\"AliPostDhMb-ig9ka\" data-section-title=\"Product Description\">\n<div id=\"ali-title-AliPostDhMb-ig9ka\"><strong>Descri\u00e7\u00e3o do produto<\/strong><\/div>\n<div>\n<p>(1) boa qualidade de resist\u00eancia \u00e0 luz: a taxa euf\u00f3tica da placa de circuito impresso transparente pode atingir 88%<\/p>\n<p>(2) Resistente ao impacto: a resist\u00eancia ao impacto do vidro comum \u00e9 de 250-300 vezes, a mesma espessura da folha de acr\u00edlico \u00e9 de 30 vezes, com um martelo de 3 kg, a queda de dois metros seguinte tamb\u00e9m n\u00e3o apresenta fissuras.<\/p>\n<\/div>\n<\/div>\n<p>(3) preven\u00e7\u00e3o ultravioleta: a superf\u00edcie do produto tem uma camada de co-extrus\u00e3o uv, pode bloquear a passagem dos raios ultravioleta e \u00e9 adequada para proteger arte preciosa e exposi\u00e7\u00f5es, evitando danos uv.<\/p>\n<p><img decoding=\"async\" src=\"https:\/\/sc04.alicdn.com\/kf\/Hee35153016fb4f64a8abd2cf77d8280dQ\/200162319\/Hee35153016fb4f64a8abd2cf77d8280dQ.jpg\" alt=\"5mm folhas de policarbonato oco de parede dupla transparente para venda revestimento uv\" width=\"630\" height=\"404.88\" data-src=\"\/\/sc04.alicdn.com\/kf\/Hee35153016fb4f64a8abd2cf77d8280dQ\/200162319\/Hee35153016fb4f64a8abd2cf77d8280dQ.jpg\" data-alt=\"5mm clear twin wall hollow polycarbonate sheets for sale uv coating\" data-width=\"630\" data- title=\"\"><img decoding=\"async\" src=\"https:\/\/sc04.alicdn.com\/kf\/H3e961f45ef114d249ad9c4b4127c550c9\/200162319\/H3e961f45ef114d249ad9c4b4127c550c9.png\" alt=\"5mm folhas de policarbonato oco de parede dupla transparente para venda revestimento uv\" width=\"630\" height=\"357.3333333333333\" data-src=\"\/\/sc04.alicdn.com\/kf\/H3e961f45ef114d249ad9c4b4127c550c9\/200162319\/H3e961f45ef114d249ad9c4b4127c550c9.png\" data-alt=\"5mm clear twin wall hollow polycarbonate sheets for sale uv coating\" data-width=\"630\" data- title=\"\"><img loading=\"lazy\" decoding=\"async\" src=\"https:\/\/sc04.alicdn.com\/kf\/H714a5c6dbda442bcbd7bce1a68b14647J\/200162319\/H714a5c6dbda442bcbd7bce1a68b14647J.jpg\" alt=\"5mm folhas de policarbonato oco de parede dupla transparente para venda revestimento uv\" width=\"630\" height=\"840\" data-src=\"\/\/sc04.alicdn.com\/kf\/H714a5c6dbda442bcbd7bce1a68b14647J\/200162319\/H714a5c6dbda442bcbd7bce1a68b14647J.jpg\" data-alt=\"5mm clear twin wall hollow polycarbonate sheets for sale uv coating\" data-width=\"630\" data- title=\"\"><\/p>\n<p><strong>Especifica\u00e7\u00f5es t\u00e9cnicas:<\/strong><\/p>\n<p>1, resist\u00eancia ao impacto: 850 J\/m<\/p>\n<p>2, taxa euf\u00f3tica: 90%<\/p>\n<p>3, resist\u00eancia \u00e0 tra\u00e7\u00e3o: &gt; 60 N\/was<\/p>\n<p>4, resist\u00eancia \u00e0 flex\u00e3o: 100 N\/was<\/p>\n<p><img loading=\"lazy\" decoding=\"async\" src=\"https:\/\/sc01.alicdn.com\/kf\/H74247c1d61554ba2a775e9ce59244207e\/200162319\/H74247c1d61554ba2a775e9ce59244207e.jpg\" alt=\"5mm folhas de policarbonato oco de parede dupla transparente para venda revestimento uv\" width=\"630\" height=\"450\" data-src=\"\/\/sc01.alicdn.com\/kf\/H74247c1d61554ba2a775e9ce59244207e\/200162319\/H74247c1d61554ba2a775e9ce59244207e.jpg\" data-alt=\"5mm clear twin wall hollow polycarbonate sheets for sale uv coating\" data-width=\"630\" data-height=\"450\" data- title=\"\"><img loading=\"lazy\" decoding=\"async\" src=\"https:\/\/sc02.alicdn.com\/kf\/H02a52324dc024cdcbaee8c550d0c5b3cR\/200162319\/H02a52324dc024cdcbaee8c550d0c5b3cR.png\" alt=\"5mm folhas de policarbonato oco de parede dupla transparente para venda revestimento uv\" width=\"630\" height=\"450\" data-src=\"\/\/sc02.alicdn.com\/kf\/H02a52324dc024cdcbaee8c550d0c5b3cR\/200162319\/H02a52324dc024cdcbaee8c550d0c5b3cR.png\" data-alt=\"5mm clear twin wall hollow polycarbonate sheets for sale uv coating\" data-width=\"630\" data-height=\"450\" data- title=\"\"><img loading=\"lazy\" decoding=\"async\" src=\"https:\/\/sc02.alicdn.com\/kf\/Hd05fdb0988024155a7956963ea5973acD\/200162319\/Hd05fdb0988024155a7956963ea5973acD.png\" alt=\"5mm folhas de policarbonato oco de parede dupla transparente para venda revestimento uv\" width=\"630\" height=\"450\" data-src=\"\/\/sc02.alicdn.com\/kf\/Hd05fdb0988024155a7956963ea5973acD\/200162319\/Hd05fdb0988024155a7956963ea5973acD.png\" data-alt=\"5mm clear twin wall hollow polycarbonate sheets for sale uv coating\" data-width=\"630\" data-height=\"450\" data- title=\"\"><\/p>","protected":false},"featured_media":16762,"parent":0,"template":"","product-catagories":[178],"product-tag":[],"class_list":["post-15290","product","type-product","status-publish","has-post-thumbnail","hentry","product-catagories-polycarbonate-hollow-sheet"],"acf":[],"_links":{"self":[{"href":"https:\/\/www.tononplastics.com\/pt\/wp-json\/wp\/v2\/product\/15290","targetHints":{"allow":["GET"]}}],"collection":[{"href":"https:\/\/www.tononplastics.com\/pt\/wp-json\/wp\/v2\/product"}],"about":[{"href":"https:\/\/www.tononplastics.com\/pt\/wp-json\/wp\/v2\/types\/product"}],"version-history":[{"count":0,"href":"https:\/\/www.tononplastics.com\/pt\/wp-json\/wp\/v2\/product\/15290\/revisions"}],"wp:featuredmedia":[{"embeddable":true,"href":"https:\/\/www.tononplastics.com\/pt\/wp-json\/wp\/v2\/media\/16762"}],"wp:attachment":[{"href":"https:\/\/www.tononplastics.com\/pt\/wp-json\/wp\/v2\/media?parent=15290"}],"wp:term":[{"taxonomy":"product-catagories","embeddable":true,"href":"https:\/\/www.tononplastics.com\/pt\/wp-json\/wp\/v2\/product-catagories?post=15290"},{"taxonomy":"product-tag","embeddable":true,"href":"https:\/\/www.tononplastics.com\/pt\/wp-json\/wp\/v2\/product-tag?post=15290"}],"curies":[{"name":"wp","href":"https:\/\/api.w.org\/{rel}","templated":true}]}}