{"id":15293,"date":"2023-08-23T22:38:44","date_gmt":"2023-08-23T14:38:44","guid":{"rendered":"https:\/\/tononplastics.com\/?post_type=product&#038;p=15293"},"modified":"2024-03-25T12:20:07","modified_gmt":"2024-03-25T04:20:07","slug":"polycarbonate-sheetsolidhollowembossed-sheet-polycarbonate-solid-sheethollow-sheet","status":"publish","type":"product","link":"https:\/\/www.tononplastics.com\/pt\/product\/polycarbonate-sheetsolidhollowembossed-sheet-polycarbonate-solid-sheethollow-sheet\/","title":{"rendered":"Folha de policarbonato&amp;s\u00f3lido, oco, folha em relevo Folha de policarbonato s\u00f3lido&amp;s\u00f3lido oco"},"content":{"rendered":"<p><strong>Descri\u00e7\u00e3o do produto:<\/strong><\/p>\n<p><img fetchpriority=\"high\" decoding=\"async\" src=\"https:\/\/sc02.alicdn.com\/kf\/H5c16f39266364408a0b436a4a956b53c4\/200162319\/H5c16f39266364408a0b436a4a956b53c4.jpg\" alt=\"chapa de policarbonato&amp;s\u00f3lida,oca,em relevo chapa de policarbonato s\u00f3lida&amp;oca\" width=\"600\" height=\"338\" data-src=\"\/\/sc02.alicdn.com\/kf\/H5c16f39266364408a0b436a4a956b53c4\/200162319\/H5c16f39266364408a0b436a4a956b53c4.jpg\" data-alt=\"polycarbonate sheet&amp;solid,hollow,embossed sheet polycarbonate solid sheet&amp;hollow sheet\" data- title=\"\"><\/p>\n<p><strong>Transmiss\u00e3o de luz<\/strong><br \/>\nA transmiss\u00e3o da luz atinge 12%-82% consoante a cor e a espessura.<\/p>\n<p><strong>Prote\u00e7\u00e3o UV<\/strong><br \/>\nGra\u00e7as ao revestimento anti-UV patenteado, a claraboia de policarbonato mant\u00e9m um desempenho mec\u00e2nico e \u00f3tico perfeito ap\u00f3s a exposi\u00e7\u00e3o.<\/p>\n<p><strong>Capacidade meteorol\u00f3gica<\/strong><br \/>\nTem uma capacidade super climat\u00e9rica, que mant\u00e9m um excelente desempenho numa vasta gama de temperaturas de -40\u00b0C-120\u00b0C.<br \/>\n<strong>Retard\u00e2ncia ao fogo :<\/strong>UL Inflamabilidade 94 V-2<\/p>\n<p><strong>Instala\u00e7\u00e3o f\u00e1cil<\/strong><br \/>\nF\u00e1cil de instalar e pode ser dobrado a frio<\/p>\n<p><strong>Resist\u00eancia ao impacto<\/strong><br \/>\n250-300 vezes a resist\u00eancia ao impacto do vidro normal e 30 vezes a dos pain\u00e9is acr\u00edlicos da mesma espessura, o que equivale a 2-20 vezes o vidro temperado que cai dois metros abaixo do martelo de 3 kg sem fissuras, sem quebras.<\/p>\n<p><strong>Material: Bayer<\/strong><\/p>\n<p><strong><img decoding=\"async\" src=\"https:\/\/sc01.alicdn.com\/kf\/Hc911a44222a84dcfab182be0eea74f8ak\/200162319\/Hc911a44222a84dcfab182be0eea74f8ak.png\" alt=\"chapa de policarbonato&amp;s\u00f3lida,oca,em relevo chapa de policarbonato s\u00f3lida&amp;oca\" width=\"621\" height=\"481\" data-src=\"\/\/sc01.alicdn.com\/kf\/Hc911a44222a84dcfab182be0eea74f8ak\/200162319\/Hc911a44222a84dcfab182be0eea74f8ak.png\" data-alt=\"polycarbonate sheet&amp;solid,hollow,embossed sheet polycarbonate solid sheet&amp;hollow sheet\" data-width=\"621\" data-height=\"481\" data- title=\"\"><\/strong><\/p>\n<p><img decoding=\"async\" src=\"https:\/\/sc01.alicdn.com\/kf\/H22e7e36f49ec46efbf271e3bab23931eM\/200162319\/H22e7e36f49ec46efbf271e3bab23931eM.png\" alt=\"chapa de policarbonato&amp;s\u00f3lida,oca,em relevo chapa de policarbonato s\u00f3lida&amp;oca\" width=\"621\" height=\"380\" data-src=\"\/\/sc01.alicdn.com\/kf\/H22e7e36f49ec46efbf271e3bab23931eM\/200162319\/H22e7e36f49ec46efbf271e3bab23931eM.png\" data-alt=\"polycarbonate sheet&amp;solid,hollow,embossed sheet polycarbonate solid sheet&amp;hollow sheet\" data- title=\"\"><\/p>\n<p><img loading=\"lazy\" decoding=\"async\" src=\"https:\/\/sc01.alicdn.com\/kf\/Ha83aa9b0806f4be8a6c90e9f8bb408d92\/200162319\/Ha83aa9b0806f4be8a6c90e9f8bb408d92.png\" alt=\"chapa de policarbonato&amp;s\u00f3lida,oca,em relevo chapa de policarbonato s\u00f3lida&amp;oca\" width=\"630\" height=\"630\" data-src=\"\/\/sc01.alicdn.com\/kf\/Ha83aa9b0806f4be8a6c90e9f8bb408d92\/200162319\/Ha83aa9b0806f4be8a6c90e9f8bb408d92.png\" data-alt=\"polycarbonate sheet&amp;solid,hollow,embossed sheet polycarbonate solid sheet&amp;hollow sheet\" data-width=\"630\" data- title=\"\"><img decoding=\"async\" src=\"https:\/\/sc01.alicdn.com\/kf\/H32573bcb715d41cf947325c6557a5675j\/200162319\/H32573bcb715d41cf947325c6557a5675j.png\" alt=\"chapa de policarbonato&amp;s\u00f3lida,oca,em relevo chapa de policarbonato s\u00f3lida&amp;oca\" width=\"630\" height=\"623.0110935023772\" data-src=\"\/\/sc01.alicdn.com\/kf\/H32573bcb715d41cf947325c6557a5675j\/200162319\/H32573bcb715d41cf947325c6557a5675j.png\" data-alt=\"polycarbonate sheet&amp;solid,hollow,embossed sheet polycarbonate solid sheet&amp;hollow sheet\" data-width=\"630\" data- title=\"\"><\/p>","protected":false},"featured_media":0,"parent":0,"template":"","product-catagories":[177],"product-tag":[],"class_list":["post-15293","product","type-product","status-publish","hentry","product-catagories-polycarbonate-solid-sheet"],"acf":[],"_links":{"self":[{"href":"https:\/\/www.tononplastics.com\/pt\/wp-json\/wp\/v2\/product\/15293","targetHints":{"allow":["GET"]}}],"collection":[{"href":"https:\/\/www.tononplastics.com\/pt\/wp-json\/wp\/v2\/product"}],"about":[{"href":"https:\/\/www.tononplastics.com\/pt\/wp-json\/wp\/v2\/types\/product"}],"version-history":[{"count":0,"href":"https:\/\/www.tononplastics.com\/pt\/wp-json\/wp\/v2\/product\/15293\/revisions"}],"wp:attachment":[{"href":"https:\/\/www.tononplastics.com\/pt\/wp-json\/wp\/v2\/media?parent=15293"}],"wp:term":[{"taxonomy":"product-catagories","embeddable":true,"href":"https:\/\/www.tononplastics.com\/pt\/wp-json\/wp\/v2\/product-catagories?post=15293"},{"taxonomy":"product-tag","embeddable":true,"href":"https:\/\/www.tononplastics.com\/pt\/wp-json\/wp\/v2\/product-tag?post=15293"}],"curies":[{"name":"wp","href":"https:\/\/api.w.org\/{rel}","templated":true}]}}