{"id":15299,"date":"2023-08-23T22:42:25","date_gmt":"2023-08-23T14:42:25","guid":{"rendered":"https:\/\/tononplastics.com\/?post_type=product&#038;p=15299"},"modified":"2024-03-25T12:11:10","modified_gmt":"2024-03-25T04:11:10","slug":"polycarbonate-solid-sheet-polycarbonate-sheet-solid","status":"publish","type":"product","link":"https:\/\/www.tononplastics.com\/pt\/product\/polycarbonate-solid-sheet-polycarbonate-sheet-solid\/","title":{"rendered":"Folha de policarbonato maci\u00e7o folha de policarbonato maci\u00e7o"},"content":{"rendered":"<p><strong>Descri\u00e7\u00e3o do produto<\/strong>:<br>A folha de PC \u00e9 feita de \u00e9ster de \u00e1cido carb\u00f3nico, tem um bom desempenho para suportar a flu\u00eancia, e ainda tem uma resist\u00eancia muito elevada e agride a intensidade sob a baixa temperatura. A rigidez mant\u00e9m a for\u00e7a dentro da faixa de temperatura maior. \u00c9 amplamente utilizado na constru\u00e7\u00e3o, publicidade, decora\u00e7\u00e3o, tr\u00e1fego, etc.<\/p>\n\n\n\n<p><strong>&nbsp;Carater\u00edsticas:<br><\/strong>1) Transmiss\u00e3o de luz: at\u00e9 88%<br>2) Resist\u00eancia ao impacto: 80 vezes superior \u00e0 do vidro, 15 vezes superior \u00e0 da folha de acr\u00edlico<br>3) Gama de resist\u00eancia \u00e0 temperatura: -40 ~ 120oC<br>4) Peso leve: apenas 1\/12 do peso do vidro da mesma espessura<br>5) Resist\u00eancia aos raios ultravioleta: com camada de prote\u00e7\u00e3o UV<br>6) Resist\u00eancia \u00e0 chama: classe de classifica\u00e7\u00e3o B1<br>7) \u00c0 prova de som e calor<\/p>\n\n\n\n<figure class=\"wp-block-gallery has-nested-images columns-default is-cropped wp-block-gallery-1 is-layout-flex wp-block-gallery-is-layout-flex\">\n<figure class=\"wp-block-image size-large\"><img decoding=\"async\" data-id=\"16096\" src=\"https:\/\/www.tononplastics.com\/wp-content\/uploads\/2023\/08\/ee820f11c6411bdff0f9803624957ea7.jpg\" alt=\"\" class=\"wp-image-16096\" title=\"\"><\/figure>\n\n\n\n<figure class=\"wp-block-image size-large\"><img fetchpriority=\"high\" decoding=\"async\" width=\"600\" height=\"600\" data-id=\"16095\" src=\"https:\/\/www.tononplastics.com\/wp-content\/uploads\/2023\/08\/eb443cb19045576e6c0bafaf2231dfae.jpg\" alt=\"\" class=\"wp-image-16095\" title=\"\" srcset=\"https:\/\/www.tononplastics.com\/wp-content\/uploads\/2023\/08\/eb443cb19045576e6c0bafaf2231dfae.jpg 600w, https:\/\/www.tononplastics.com\/wp-content\/uploads\/2023\/08\/eb443cb19045576e6c0bafaf2231dfae-300x300.jpg 300w, https:\/\/www.tononplastics.com\/wp-content\/uploads\/2023\/08\/eb443cb19045576e6c0bafaf2231dfae-150x150.jpg 150w, https:\/\/www.tononplastics.com\/wp-content\/uploads\/2023\/08\/eb443cb19045576e6c0bafaf2231dfae-12x12.jpg 12w\" sizes=\"(max-width: 600px) 100vw, 600px\" \/><\/figure>\n<\/figure>\n\n\n\n<p><strong>Aplica\u00e7\u00f5es:<\/strong><\/p>\n\n\n\n<p>1. Excelentes materiais de cobertura, amplamente utilizados para janelas de mansarda, clarab\u00f3ias, alpendres e estufas alargados, espa\u00e7os comerciais em hot\u00e9is, caf\u00e9s, boutiques e sal\u00f5es de beleza, centros de exposi\u00e7\u00f5es e cabinas telef\u00f3nicas.<br>2. Parede de isolamento ac\u00fastico para auto-estradas, caminhos-de-ferro de alta velocidade.<br>3. Placas de sinaliza\u00e7\u00e3o para publicidade.<br>4. Ilumina\u00e7\u00e3o decorativa em bancos, hospitais, aeroportos, esta\u00e7\u00f5es de autocarros, esta\u00e7\u00f5es ferrovi\u00e1rias e jardins de inf\u00e2ncia.<br>5. N\u00e3o t\u00f3xico, mantendo o contacto com os alimentos.<br>6. Substitui\u00e7\u00e3o do vidro comum em muitos s\u00edtios.<\/p>\n\n\n\n<figure class=\"wp-block-image\"><img decoding=\"async\" src=\"https:\/\/sc01.alicdn.com\/kf\/Hb3bdebb96a2849458ce6dfcbaa19c5d15\/200162319\/Hb3bdebb96a2849458ce6dfcbaa19c5d15.png\" alt=\"chapa de policarbonato maci\u00e7o chapa de policarbonato maci\u00e7o\" title=\"\"><\/figure>\n\n\n\n<figure class=\"wp-block-image\"><img decoding=\"async\" src=\"https:\/\/sc01.alicdn.com\/kf\/H74247c1d61554ba2a775e9ce59244207e\/200162319\/H74247c1d61554ba2a775e9ce59244207e.jpg\" alt=\"chapa de policarbonato maci\u00e7o chapa de policarbonato maci\u00e7o\" title=\"\"><\/figure>\n\n\n\n<figure class=\"wp-block-image\"><img decoding=\"async\" src=\"https:\/\/sc01.alicdn.com\/kf\/Hee35153016fb4f64a8abd2cf77d8280dQ\/200162319\/Hee35153016fb4f64a8abd2cf77d8280dQ.jpg\" alt=\"chapa de policarbonato maci\u00e7o chapa de policarbonato maci\u00e7o\" title=\"\"><\/figure>","protected":false},"featured_media":0,"parent":0,"template":"","product-catagories":[177],"product-tag":[],"class_list":["post-15299","product","type-product","status-publish","hentry","product-catagories-polycarbonate-solid-sheet"],"acf":[],"_links":{"self":[{"href":"https:\/\/www.tononplastics.com\/pt\/wp-json\/wp\/v2\/product\/15299","targetHints":{"allow":["GET"]}}],"collection":[{"href":"https:\/\/www.tononplastics.com\/pt\/wp-json\/wp\/v2\/product"}],"about":[{"href":"https:\/\/www.tononplastics.com\/pt\/wp-json\/wp\/v2\/types\/product"}],"version-history":[{"count":0,"href":"https:\/\/www.tononplastics.com\/pt\/wp-json\/wp\/v2\/product\/15299\/revisions"}],"wp:attachment":[{"href":"https:\/\/www.tononplastics.com\/pt\/wp-json\/wp\/v2\/media?parent=15299"}],"wp:term":[{"taxonomy":"product-catagories","embeddable":true,"href":"https:\/\/www.tononplastics.com\/pt\/wp-json\/wp\/v2\/product-catagories?post=15299"},{"taxonomy":"product-tag","embeddable":true,"href":"https:\/\/www.tononplastics.com\/pt\/wp-json\/wp\/v2\/product-tag?post=15299"}],"curies":[{"name":"wp","href":"https:\/\/api.w.org\/{rel}","templated":true}]}}