{"id":15302,"date":"2023-08-23T22:45:21","date_gmt":"2023-08-23T14:45:21","guid":{"rendered":"https:\/\/tononplastics.com\/?post_type=product&#038;p=15302"},"modified":"2024-03-25T13:57:42","modified_gmt":"2024-03-25T05:57:42","slug":"pc-polycarbonate-sheet-swimming-pool-cover-plastic-twinwall-tubular-skylight","status":"publish","type":"product","link":"https:\/\/www.tononplastics.com\/pt\/product\/pc-polycarbonate-sheet-swimming-pool-cover-plastic-twinwall-tubular-skylight\/","title":{"rendered":"PC Folha de policarbonato cobertura de piscina claraboia tubular de pl\u00e1stico twinwall"},"content":{"rendered":"<p align=\"left\"><strong>Carater\u00edsticas:<\/strong><\/p>\n<p align=\"left\">1. Excelente desempenho f\u00edsico e mec\u00e2nico.<\/p>\n<p align=\"left\">2. Bom isolamento el\u00e9trico, t\u00e9rmico e ac\u00fastico.<\/p>\n<p align=\"left\">3. Boa resist\u00eancia ao impacto e elevada tenacidade.<\/p>\n<p align=\"left\">4. Bom desempenho na transmiss\u00e3o de luz.<\/p>\n<p align=\"left\">5. Boa resist\u00eancia \u00e0 temperatura.<\/p>\n<p align=\"left\">6. Retardamento de inc\u00eandios.<\/p>\n<p align=\"left\">7. N\u00e3o t\u00f3xico.<\/p>\n<p align=\"left\">8. Prote\u00e7\u00e3o UV.<\/p>\n<p align=\"left\">9. Envelhecimento dos ursos.<\/p>\n<p align=\"left\"><img decoding=\"async\" src=\"https:\/\/sc01.alicdn.com\/kf\/Hd9e19d925ce84a0fa4b3eef7a61b9267P\/200162319\/Hd9e19d925ce84a0fa4b3eef7a61b9267P.jpg\" alt=\"PC Folha de policarbonato cobertura de piscina claraboia tubular de pl\u00e1stico twinwall\" width=\"630\" height=\"419.895\" data-src=\"\/\/sc01.alicdn.com\/kf\/Hd9e19d925ce84a0fa4b3eef7a61b9267P\/200162319\/Hd9e19d925ce84a0fa4b3eef7a61b9267P.jpg\" data-alt=\"PC Polycarbonate sheet swimming pool cover plastic twinwall tubular skylight\" data-width=\"630\" data- title=\"\"><img decoding=\"async\" src=\"https:\/\/sc02.alicdn.com\/kf\/Hadca19b5f4ea4f39acb6e8d3fafd8dfah\/200162319\/Hadca19b5f4ea4f39acb6e8d3fafd8dfah.jpg\" alt=\"PC Folha de policarbonato cobertura de piscina claraboia tubular de pl\u00e1stico twinwall\" width=\"630\" height=\"945.2363090772693\" data-src=\"\/\/sc02.alicdn.com\/kf\/Hadca19b5f4ea4f39acb6e8d3fafd8dfah\/200162319\/Hadca19b5f4ea4f39acb6e8d3fafd8dfah.jpg\" data-alt=\"PC Polycarbonate sheet swimming pool cover plastic twinwall tubular skylight\" data-width=\"630\" data- title=\"\"><\/p>\n<p align=\"left\"><strong>Aplica\u00e7\u00f5es:<\/strong><\/p>\n<p align=\"left\">1. Excelentes materiais de cobertura, amplamente utilizados para janelas de mansarda, clarab\u00f3ias, alpendres e estufas alargados, espa\u00e7os comerciais em hot\u00e9is, caf\u00e9s, boutiques e sal\u00f5es de beleza, centros de exposi\u00e7\u00f5es e cabinas telef\u00f3nicas.<\/p>\n<p align=\"left\">2. Parede de isolamento ac\u00fastico para auto-estradas, caminhos-de-ferro de alta velocidade.<\/p>\n<p align=\"left\">3. Placas de sinaliza\u00e7\u00e3o para publicidade.<\/p>\n<p align=\"left\">4. Ilumina\u00e7\u00e3o decorativa em bancos, hospitais, aeroportos, esta\u00e7\u00f5es de autocarros, esta\u00e7\u00f5es ferrovi\u00e1rias e jardins de inf\u00e2ncia.<\/p>\n<p align=\"left\">5. N\u00e3o t\u00f3xico, mantendo o contacto com os alimentos.<\/p>\n<p align=\"left\">6. Substitui\u00e7\u00e3o do vidro comum em muitos s\u00edtios.<\/p>\n<p align=\"left\">Especifica\u00e7\u00f5es:<\/p>\n<p align=\"left\">Espessura:2.0mm 3.0mm 4.0mm 4.5mm 5.0mm 6.0mm 8.0mm 10.0mm<\/p>\n<p align=\"left\">Comprimento:20m-50m<\/p>\n<p align=\"left\">Profundidade:1220mm 1560mm 1820mm 2100mm<\/p>\n<p align=\"left\">Cor:Transparente Azul Verde Castanho Opalescente Transparente em relevo<\/p>\n<p align=\"left\">Se os clientes precisarem de outras especifica\u00e7\u00f5es, podemos fornecer o que eles solicitaram.<\/p>\n<p align=\"left\"><img decoding=\"async\" src=\"https:\/\/sc02.alicdn.com\/kf\/H404b7790b8704a329fe41e1da3d8fa7cf\/200162319\/H404b7790b8704a329fe41e1da3d8fa7cf.jpg\" alt=\"PC Folha de policarbonato cobertura de piscina claraboia tubular de pl\u00e1stico twinwall\" width=\"630\" height=\"419.895\" data-src=\"\/\/sc02.alicdn.com\/kf\/H404b7790b8704a329fe41e1da3d8fa7cf\/200162319\/H404b7790b8704a329fe41e1da3d8fa7cf.jpg\" data-alt=\"PC Polycarbonate sheet swimming pool cover plastic twinwall tubular skylight\" data-width=\"630\" data- title=\"\"><\/p>\n<div id=\"ali-anchor-AliPostDhMb-q2pzl\" data-section=\"AliPostDhMb-q2pzl\" data-section-title=\"Company Information\">\n<div>\n<p><img decoding=\"async\" src=\"https:\/\/sc02.alicdn.com\/kf\/H02a52324dc024cdcbaee8c550d0c5b3cR\/200162319\/H02a52324dc024cdcbaee8c550d0c5b3cR.png\" alt=\"PC Folha de policarbonato cobertura de piscina claraboia tubular de pl\u00e1stico twinwall\" width=\"630\" height=\"214.7347480106101\" data-src=\"\/\/sc02.alicdn.com\/kf\/H02a52324dc024cdcbaee8c550d0c5b3cR\/200162319\/H02a52324dc024cdcbaee8c550d0c5b3cR.png\" data-alt=\"PC Polycarbonate sheet swimming pool cover plastic twinwall tubular skylight\" data-width=\"630\" data- title=\"\"><\/p>\n<\/div>\n<\/div>","protected":false},"featured_media":15119,"parent":0,"template":"","product-catagories":[177],"product-tag":[],"class_list":["post-15302","product","type-product","status-publish","has-post-thumbnail","hentry","product-catagories-polycarbonate-solid-sheet"],"acf":[],"_links":{"self":[{"href":"https:\/\/www.tononplastics.com\/pt\/wp-json\/wp\/v2\/product\/15302","targetHints":{"allow":["GET"]}}],"collection":[{"href":"https:\/\/www.tononplastics.com\/pt\/wp-json\/wp\/v2\/product"}],"about":[{"href":"https:\/\/www.tononplastics.com\/pt\/wp-json\/wp\/v2\/types\/product"}],"version-history":[{"count":0,"href":"https:\/\/www.tononplastics.com\/pt\/wp-json\/wp\/v2\/product\/15302\/revisions"}],"wp:featuredmedia":[{"embeddable":true,"href":"https:\/\/www.tononplastics.com\/pt\/wp-json\/wp\/v2\/media\/15119"}],"wp:attachment":[{"href":"https:\/\/www.tononplastics.com\/pt\/wp-json\/wp\/v2\/media?parent=15302"}],"wp:term":[{"taxonomy":"product-catagories","embeddable":true,"href":"https:\/\/www.tononplastics.com\/pt\/wp-json\/wp\/v2\/product-catagories?post=15302"},{"taxonomy":"product-tag","embeddable":true,"href":"https:\/\/www.tononplastics.com\/pt\/wp-json\/wp\/v2\/product-tag?post=15302"}],"curies":[{"name":"wp","href":"https:\/\/api.w.org\/{rel}","templated":true}]}}