{"id":15304,"date":"2023-08-23T22:48:30","date_gmt":"2023-08-23T14:48:30","guid":{"rendered":"https:\/\/tononplastics.com\/?post_type=product&#038;p=15304"},"modified":"2024-03-25T11:03:49","modified_gmt":"2024-03-25T03:03:49","slug":"samsung-pc-sc-1100r-solid-polycarbonate-sheet-polycarbonate-solid-board-watertight-roofing-sheet-for-building","status":"publish","type":"product","link":"https:\/\/www.tononplastics.com\/pt\/product\/samsung-pc-sc-1100r-solid-polycarbonate-sheet-polycarbonate-solid-board-watertight-roofing-sheet-for-building\/","title":{"rendered":"SAMSUNG PC SC-1100R chapa de policarbonato s\u00f3lido. Placa de policarbonato s\u00f3lido."},"content":{"rendered":"<figure class=\"wp-block-gallery has-nested-images columns-default is-cropped wp-block-gallery-1 is-layout-flex wp-block-gallery-is-layout-flex\">\n<figure class=\"wp-block-image size-large\"><img fetchpriority=\"high\" decoding=\"async\" width=\"640\" height=\"640\" data-id=\"15287\" src=\"https:\/\/www.tononplastics.com\/wp-content\/uploads\/2023\/08\/H905833aa270b428cb135157888c4d1ebN.jpg\" alt=\"\" class=\"wp-image-15287\" title=\"\" srcset=\"https:\/\/www.tononplastics.com\/wp-content\/uploads\/2023\/08\/H905833aa270b428cb135157888c4d1ebN.jpg 640w, https:\/\/www.tononplastics.com\/wp-content\/uploads\/2023\/08\/H905833aa270b428cb135157888c4d1ebN-300x300.jpg 300w, https:\/\/www.tononplastics.com\/wp-content\/uploads\/2023\/08\/H905833aa270b428cb135157888c4d1ebN-150x150.jpg 150w\" sizes=\"(max-width: 640px) 100vw, 640px\" \/><\/figure>\n\n\n\n<figure class=\"wp-block-image size-large\"><img decoding=\"async\" data-id=\"15134\" src=\"https:\/\/www.tononplastics.com\/wp-content\/uploads\/2023\/08\/10003-3.jpg\" alt=\"\" class=\"wp-image-15134\" title=\"\"><\/figure>\n<\/figure>\n\n\n\n<p><strong>Detalhes do produto convencional:<\/strong><\/p>\n\n\n\n<p>1). Espessura da folha de policarbonato de parede dupla: 3mm-12mm. Largura: 2100mm.<\/p>\n\n\n\n<p>2). Espessura da chapa de policarbonato de paredes triplas: 10mm-18mm. Largura: 2100mm.<\/p>\n\n\n\n<p>3). Espessura da folha de policarbonato de quatro paredes: 6mm-14mm. Largura: 2100mm.<\/p>\n\n\n\n<p>4). Espessura da folha de policarbonato alveolar: 6mm-14mm. Largura: 2100mm.<\/p>\n\n\n\n<p>5). Tamb\u00e9m podemos personalizar a largura como 1220mm, e a espessura normal \u00e9 de 4mm-6mm. Mas o pre\u00e7o ser\u00e1 superior a 2100mm de largura, porque tem a perda de taxas.<\/p>\n\n\n\n<p>6). Espessura standard da chapa de policarbonato maci\u00e7o:<\/p>\n\n\n\n<p>&nbsp; &nbsp; &nbsp;1,1mm-18mm. Largura: 1220, 1560, 1820, 2100mm. Normalmente 1220x2440mm.<\/p>\n\n\n\n<p>7). Corrugated polycarbonate sheet thickness: 0.8mm-1.8mm.\u00a0 Width is 1000mm and 1220mm.<\/p>\n\n\n\n<p><em><strong>A. Comprimento:Sem limite (recomendar 5800, 6000, 11800, 12000mm para se adequar ao contentor de 20\u2032 e ao contentor de 40\u2032).<\/strong><\/em><\/p>\n\n\n\n<p><em><strong>B. Cor: claro\/transparente, azul lago, verde, azul, opala, castanho\/bronze, cinzento prateado, vermelho, amarelo, etc.<\/strong><\/em><\/p>\n\n\n\n<figure class=\"wp-block-gallery has-nested-images columns-default is-cropped wp-block-gallery-2 is-layout-flex wp-block-gallery-is-layout-flex\">\n<figure class=\"wp-block-image size-large\"><img decoding=\"async\" data-id=\"15259\" src=\"https:\/\/www.tononplastics.com\/wp-content\/uploads\/2023\/08\/\u56fe\u72471.png\" alt=\"\" class=\"wp-image-15259\" title=\"\"><\/figure>\n\n\n\n<figure class=\"wp-block-image size-large\"><img decoding=\"async\" data-id=\"15258\" src=\"https:\/\/www.tononplastics.com\/wp-content\/uploads\/2023\/08\/\u56fe\u72471-1-1.png\" alt=\"\" class=\"wp-image-15258\" title=\"\"><\/figure>\n<\/figure>","protected":false},"featured_media":0,"parent":0,"template":"","product-catagories":[177],"product-tag":[],"class_list":["post-15304","product","type-product","status-publish","hentry","product-catagories-polycarbonate-solid-sheet"],"acf":[],"_links":{"self":[{"href":"https:\/\/www.tononplastics.com\/pt\/wp-json\/wp\/v2\/product\/15304","targetHints":{"allow":["GET"]}}],"collection":[{"href":"https:\/\/www.tononplastics.com\/pt\/wp-json\/wp\/v2\/product"}],"about":[{"href":"https:\/\/www.tononplastics.com\/pt\/wp-json\/wp\/v2\/types\/product"}],"version-history":[{"count":0,"href":"https:\/\/www.tononplastics.com\/pt\/wp-json\/wp\/v2\/product\/15304\/revisions"}],"wp:attachment":[{"href":"https:\/\/www.tononplastics.com\/pt\/wp-json\/wp\/v2\/media?parent=15304"}],"wp:term":[{"taxonomy":"product-catagories","embeddable":true,"href":"https:\/\/www.tononplastics.com\/pt\/wp-json\/wp\/v2\/product-catagories?post=15304"},{"taxonomy":"product-tag","embeddable":true,"href":"https:\/\/www.tononplastics.com\/pt\/wp-json\/wp\/v2\/product-tag?post=15304"}],"curies":[{"name":"wp","href":"https:\/\/api.w.org\/{rel}","templated":true}]}}