{"id":15307,"date":"2023-08-23T22:49:32","date_gmt":"2023-08-23T14:49:32","guid":{"rendered":"https:\/\/tononplastics.com\/?post_type=product&#038;p=15307"},"modified":"2024-03-25T15:45:35","modified_gmt":"2024-03-25T07:45:35","slug":"macrolux-compact-polycarbonate-sheetpc-compact-sheet","status":"publish","type":"product","link":"https:\/\/www.tononplastics.com\/pt\/product\/macrolux-compact-polycarbonate-sheetpc-compact-sheet\/","title":{"rendered":"Folha de policarbonato compacta Macrolux e folha compacta pc"},"content":{"rendered":"<p align=\"left\"><strong><span data-spm-anchor-id=\"a2700.details.0.i30.3f1d3ae9AIp91n\">Descri\u00e7\u00e3o:<\/span><\/strong><\/p>\n<p align=\"left\">China Nature PC Solid Sheet utiliza a resina de policarbonato Bayer Makrolon\u00ae como mat\u00e9ria-prima. Com uma camada de prote\u00e7\u00e3o UV de um lado, a chapa s\u00f3lida de PC da China Nature possui excelente resist\u00eancia ao impacto e \u00e9 amplamente utilizada no campo da constru\u00e7\u00e3o.<br \/>\nA chapa maci\u00e7a de PC geral \u00e9 conveniente para o processamento ou instala\u00e7\u00e3o, com uma elevada liberdade de design. Pode ser moldada a frio para obter uma forma de arco perfeita, para clarab\u00f3ias, pontes pedonais, ab\u00f3badas de ber\u00e7o, etc. Tamb\u00e9m pode ser moldada a quente numa variedade de geometrias complexas.<\/p>\n<p align=\"left\">\u00a0<img fetchpriority=\"high\" decoding=\"async\" class=\"\" src=\"https:\/\/sc02.alicdn.com\/kf\/H5c16f39266364408a0b436a4a956b53c4\/200162319\/H5c16f39266364408a0b436a4a956b53c4.jpg\" alt=\"Folha de policarbonato compacta Macrolux e folha compacta pc\" width=\"407\" height=\"229\" data-src=\"\/\/sc02.alicdn.com\/kf\/H5c16f39266364408a0b436a4a956b53c4\/200162319\/H5c16f39266364408a0b436a4a956b53c4.jpg\" data-alt=\"Macrolux compact polycarbonate sheet&amp;pc compact sheet\" data-width=\"630\" data- title=\"\"><img decoding=\"async\" class=\"\" src=\"https:\/\/sc01.alicdn.com\/kf\/H65cf6a5ee4c54ae2afbe6a33266cbbebV\/200162319\/H65cf6a5ee4c54ae2afbe6a33266cbbebV.jpg\" alt=\"Folha de policarbonato compacta Macrolux e folha compacta pc\" width=\"344\" height=\"229\" data-src=\"\/\/sc01.alicdn.com\/kf\/H65cf6a5ee4c54ae2afbe6a33266cbbebV\/200162319\/H65cf6a5ee4c54ae2afbe6a33266cbbebV.jpg\" data-alt=\"Macrolux compact polycarbonate sheet&amp;pc compact sheet\" data-width=\"630\" data- title=\"\"><\/p>\n<p align=\"left\"><strong>Especifica\u00e7\u00e3o:<\/strong><\/p>\n<table class=\"aliDataTable\" border=\"1\" cellspacing=\"0\" cellpadding=\"0\">\n<tbody>\n<tr align=\"left\">\n<td valign=\"top\">Espessura<\/td>\n<td valign=\"top\">\u00a01,2 mm, 1,5 mm, 2 mm, 3 mm, 4 mm, 4,5 mm, 6 mm, 8 mm, 10 mm<\/td>\n<\/tr>\n<tr align=\"left\">\n<td valign=\"top\">Largura normal<\/td>\n<td valign=\"top\">1220mm, 1560mm, 1820mm, 2100mm<\/td>\n<\/tr>\n<tr align=\"left\">\n<td valign=\"top\">Outra largura<\/td>\n<td valign=\"top\">Dispon\u00edvel segundo os requisitos do cliente, inferior a 2100 mm<\/td>\n<\/tr>\n<tr align=\"left\">\n<td valign=\"top\">Tamanho mais comum<\/td>\n<td valign=\"top\">1220mmx2440mm, 2100mmx5800mm, 2100mmx11800mm<\/td>\n<\/tr>\n<tr align=\"left\">\n<td valign=\"top\">Comprimento em bobina<\/td>\n<td valign=\"top\">30m-50m por rolo com uma espessura de 4,5mm<\/td>\n<\/tr>\n<tr align=\"left\">\n<td valign=\"top\">Cor<\/td>\n<td valign=\"top\">Transparente, Azul, Verde, Castanho, Opala<\/td>\n<\/tr>\n<\/tbody>\n<\/table>\n<p align=\"left\"><strong>Par\u00e2metros t\u00e9cnicos:<\/strong><\/p>\n<p align=\"left\"><strong>1. Transmiss\u00e3o de luz: 88%<\/strong><\/p>\n<p align=\"left\"><strong>2. Auto-igni\u00e7\u00e3o: 580 \u00b0 C<\/strong><\/p>\n<p align=\"left\"><strong>3. A resist\u00eancia ao fogo atinge o grau B de acordo com GB8624-1997, sem gotas de fogo ou g\u00e1s t\u00f3xico<\/strong><\/p>\n<p align=\"left\"><strong>4. Temperatura aplic\u00e1vel: de -40\u00b0F a +248\u00b0F<\/strong><\/p>\n<p align=\"left\"><strong>5. Espectro de penetra\u00e7\u00e3o da luz, como indicado no quadro seguinte:<\/strong><\/p>\n<p align=\"left\">\u00a0<img decoding=\"async\" class=\"\" src=\"https:\/\/sc01.alicdn.com\/kf\/Hfc9f0493ac81469fac5153cb936855a4q\/200162319\/Hfc9f0493ac81469fac5153cb936855a4q.jpg\" alt=\"Folha de policarbonato compacta Macrolux e folha compacta pc\" width=\"380\" height=\"253\" data-src=\"\/\/sc01.alicdn.com\/kf\/Hfc9f0493ac81469fac5153cb936855a4q\/200162319\/Hfc9f0493ac81469fac5153cb936855a4q.jpg\" data-alt=\"Macrolux compact polycarbonate sheet&amp;pc compact sheet\" data-width=\"630\" data- title=\"\"><img loading=\"lazy\" decoding=\"async\" class=\"\" src=\"https:\/\/sc02.alicdn.com\/kf\/Hee5865885c604e7b942b364a9fc74f32U\/200162319\/Hee5865885c604e7b942b364a9fc74f32U.jpg\" alt=\"Folha de policarbonato compacta Macrolux e folha compacta pc\" width=\"449\" height=\"299\" data-src=\"\/\/sc02.alicdn.com\/kf\/Hee5865885c604e7b942b364a9fc74f32U\/200162319\/Hee5865885c604e7b942b364a9fc74f32U.jpg\" data-alt=\"Macrolux compact polycarbonate sheet&amp;pc compact sheet\" data-width=\"630\" data- title=\"\"><\/p>\n<p align=\"left\"><strong>Carater\u00edsticas do produto:<\/strong><\/p>\n<p align=\"left\"><strong>1. Excelente resist\u00eancia ao impacto: esta capacidade \u00e9 igual a 250-300 vezes a do vidro comum, 20-30 vezes a do vidro alcalino e 2 vezes a do vidro temperado; quebra dif\u00edcil.<\/strong><\/p>\n<p align=\"left\"><strong>2. Bom desempenho anti-UV (raios ultravioleta): uma camada de co-extrus\u00e3o bloqueadora de UV na superf\u00edcie, que pode filtrar os raios ultravioleta.<\/strong><\/p>\n<p align=\"left\"><strong>3. Fotoss\u00edntese de for\u00e7a: o raio ultravioleta filtrado \u00e9 transformado em luz vis\u00edvel (que \u00e9 a parte principal da luz solar). A luz vis\u00edvel \u00e9 adicionada, o que acelera o crescimento das plantas.<\/strong><\/p>\n<p align=\"left\"><strong>4.  Utiliza\u00e7\u00e3o conveniente: o peso leve e o comprimento personalizado poupam o transporte de carga e a instala\u00e7\u00e3o, poupando o custo para eles. Boa flexibilidade: assume as formas de todos os tipos, como semi-circular, arqueada e assim por diante, por moldagem a frio ou a quente.<\/strong><\/p>\n<p align=\"left\"><strong>5. Garantia de qualidade de longa dura\u00e7\u00e3o:<br \/>\nKCC General PC Solid Sheet oferece 10 anos de garantia de qualidade.<\/strong><\/p>\n<p align=\"left\"><strong>Aplica\u00e7\u00e3o:<\/strong><\/p>\n<table class=\"aliDataTable\" border=\"1\" cellspacing=\"0\" cellpadding=\"0\">\n<tbody>\n<tr align=\"left\">\n<td valign=\"top\">Campo agr\u00edcola<\/td>\n<td valign=\"top\">Estufa, casa da f\u00e1brica de jardinagem<\/td>\n<\/tr>\n<tr align=\"left\">\n<td valign=\"top\">\u00c1rea de constru\u00e7\u00e3o<\/td>\n<td valign=\"top\">Clearstory in Residence, Ilumina\u00e7\u00e3o interior, Corredores<\/td>\n<\/tr>\n<tr align=\"left\">\n<td valign=\"top\">Servi\u00e7os p\u00fablicos<\/td>\n<td valign=\"top\">Telheiro, Piscina, Paredes de isolamento ac\u00fastico em vias r\u00e1pidas, Telheiros de estacionamento, Est\u00e1dio, Passadi\u00e7os<\/td>\n<\/tr>\n<tr align=\"left\">\n<td valign=\"top\">Setor industrial<\/td>\n<td valign=\"top\">Teto de ilumina\u00e7\u00e3o para oficinas industriais, armaz\u00e9ns<\/td>\n<\/tr>\n<\/tbody>\n<\/table>\n<p><img decoding=\"async\" src=\"https:\/\/sc01.alicdn.com\/kf\/H74247c1d61554ba2a775e9ce59244207e\/200162319\/H74247c1d61554ba2a775e9ce59244207e.jpg\" alt=\"Folha de policarbonato compacta Macrolux e folha compacta pc\" width=\"630\" height=\"509.04\" data-src=\"\/\/sc01.alicdn.com\/kf\/H74247c1d61554ba2a775e9ce59244207e\/200162319\/H74247c1d61554ba2a775e9ce59244207e.jpg\" data-alt=\"Macrolux compact polycarbonate sheet&amp;pc compact sheet\" data-width=\"630\" data- title=\"\"><img decoding=\"async\" src=\"https:\/\/sc01.alicdn.com\/kf\/Hee35153016fb4f64a8abd2cf77d8280dQ\/200162319\/Hee35153016fb4f64a8abd2cf77d8280dQ.jpg\" alt=\"Folha de policarbonato compacta Macrolux e folha compacta pc\" width=\"630\" height=\"404.88\" data-src=\"\/\/sc01.alicdn.com\/kf\/Hee35153016fb4f64a8abd2cf77d8280dQ\/200162319\/Hee35153016fb4f64a8abd2cf77d8280dQ.jpg\" data-alt=\"Macrolux compact polycarbonate sheet&amp;pc compact sheet\" data-width=\"630\" data- title=\"\"><\/p>\n<div id=\"ali-anchor-AliPostDhMb-jc6po\" data-section=\"AliPostDhMb-jc6po\" data-section-title=\"Packaging &amp; Shipping\">\n<div id=\"ali-title-AliPostDhMb-jc6po\">Embalagem e expedi\u00e7\u00e3o<\/div>\n<div>\n<p>\u00a0<img decoding=\"async\" src=\"https:\/\/sc01.alicdn.com\/kf\/Hb3bdebb96a2849458ce6dfcbaa19c5d15\/200162319\/Hb3bdebb96a2849458ce6dfcbaa19c5d15.png\" alt=\"Folha de policarbonato compacta Macrolux e folha compacta pc\" width=\"630\" height=\"312.9083665338646\" data-src=\"\/\/sc01.alicdn.com\/kf\/Hb3bdebb96a2849458ce6dfcbaa19c5d15\/200162319\/Hb3bdebb96a2849458ce6dfcbaa19c5d15.png\" data-alt=\"Macrolux compact polycarbonate sheet&amp;pc compact sheet\" data-width=\"630\" data- title=\"\"><img decoding=\"async\" src=\"https:\/\/sc02.alicdn.com\/kf\/Hd05fdb0988024155a7956963ea5973acD\/200162319\/Hd05fdb0988024155a7956963ea5973acD.png\" alt=\"Folha de policarbonato compacta Macrolux e folha compacta pc\" width=\"630\" height=\"474.58885941644564\" data-src=\"\/\/sc02.alicdn.com\/kf\/Hd05fdb0988024155a7956963ea5973acD\/200162319\/Hd05fdb0988024155a7956963ea5973acD.png\" data-alt=\"Macrolux compact polycarbonate sheet&amp;pc compact sheet\" data-width=\"630\" data- title=\"\"><img decoding=\"async\" src=\"https:\/\/sc02.alicdn.com\/kf\/H02a52324dc024cdcbaee8c550d0c5b3cR\/200162319\/H02a52324dc024cdcbaee8c550d0c5b3cR.png\" alt=\"Folha de policarbonato compacta Macrolux e folha compacta pc\" width=\"630\" height=\"214.7347480106101\" data-src=\"\/\/sc02.alicdn.com\/kf\/H02a52324dc024cdcbaee8c550d0c5b3cR\/200162319\/H02a52324dc024cdcbaee8c550d0c5b3cR.png\" data-alt=\"Macrolux compact polycarbonate sheet&amp;pc compact sheet\" data-width=\"630\" data- title=\"\"><\/p>\n<\/div>\n<\/div>","protected":false},"featured_media":0,"parent":0,"template":"","product-catagories":[177],"product-tag":[],"class_list":["post-15307","product","type-product","status-publish","hentry","product-catagories-polycarbonate-solid-sheet"],"acf":[],"_links":{"self":[{"href":"https:\/\/www.tononplastics.com\/pt\/wp-json\/wp\/v2\/product\/15307","targetHints":{"allow":["GET"]}}],"collection":[{"href":"https:\/\/www.tononplastics.com\/pt\/wp-json\/wp\/v2\/product"}],"about":[{"href":"https:\/\/www.tononplastics.com\/pt\/wp-json\/wp\/v2\/types\/product"}],"version-history":[{"count":0,"href":"https:\/\/www.tononplastics.com\/pt\/wp-json\/wp\/v2\/product\/15307\/revisions"}],"wp:attachment":[{"href":"https:\/\/www.tononplastics.com\/pt\/wp-json\/wp\/v2\/media?parent=15307"}],"wp:term":[{"taxonomy":"product-catagories","embeddable":true,"href":"https:\/\/www.tononplastics.com\/pt\/wp-json\/wp\/v2\/product-catagories?post=15307"},{"taxonomy":"product-tag","embeddable":true,"href":"https:\/\/www.tononplastics.com\/pt\/wp-json\/wp\/v2\/product-tag?post=15307"}],"curies":[{"name":"wp","href":"https:\/\/api.w.org\/{rel}","templated":true}]}}