{"id":15310,"date":"2023-08-23T22:50:59","date_gmt":"2023-08-23T14:50:59","guid":{"rendered":"https:\/\/tononplastics.com\/?post_type=product&#038;p=15310"},"modified":"2024-03-25T16:34:01","modified_gmt":"2024-03-25T08:34:01","slug":"4mm-polycarbonate-gazebo-plastic-sheet-rolls-polycarbonate-plastic-sheet","status":"publish","type":"product","link":"https:\/\/www.tononplastics.com\/pt\/product\/4mm-polycarbonate-gazebo-plastic-sheet-rolls-polycarbonate-plastic-sheet\/","title":{"rendered":"Placa de pl\u00e1stico para gazebo em policarbonato de 4 mm \/ rolos de placa de pl\u00e1stico em policarbonato"},"content":{"rendered":"<div id=\"ali-anchor-AliPostDhMb-6qy3o\" data-section=\"AliPostDhMb-6qy3o\" data-section-title=\"Product Description\">\n<div id=\"ali-title-AliPostDhMb-6qy3o\"><strong>Descri\u00e7\u00e3o do produto<\/strong><\/div>\n<div>\n<p>\u00a0<img fetchpriority=\"high\" decoding=\"async\" class=\"\" src=\"https:\/\/sc01.alicdn.com\/kf\/Hd9e19d925ce84a0fa4b3eef7a61b9267P\/200162319\/Hd9e19d925ce84a0fa4b3eef7a61b9267P.jpg\" alt=\"Placa de pl\u00e1stico para gazebo em policarbonato de 4 mm \/ rolos de placa de pl\u00e1stico em policarbonato\" width=\"413\" height=\"275\" data-src=\"\/\/sc01.alicdn.com\/kf\/Hd9e19d925ce84a0fa4b3eef7a61b9267P\/200162319\/Hd9e19d925ce84a0fa4b3eef7a61b9267P.jpg\" data-alt=\"4mm polycarbonate gazebo plastic sheet\/ rolls polycarbonate plastic sheet\" data-width=\"630\" data-height=\"468\" data- title=\"\"><img decoding=\"async\" class=\"\" src=\"https:\/\/sc01.alicdn.com\/kf\/H5252f7bf19904b9295f135ab89a014f02\/200162319\/H5252f7bf19904b9295f135ab89a014f02.jpg\" alt=\"Placa de pl\u00e1stico para gazebo em policarbonato de 4 mm \/ rolos de placa de pl\u00e1stico em policarbonato\" width=\"402\" height=\"268\" data-src=\"\/\/sc01.alicdn.com\/kf\/H5252f7bf19904b9295f135ab89a014f02\/200162319\/H5252f7bf19904b9295f135ab89a014f02.jpg\" data-alt=\"4mm polycarbonate gazebo plastic sheet\/ rolls polycarbonate plastic sheet\" data-width=\"630\" data-height=\"468\" data- title=\"\"><\/p>\n<\/div>\n<\/div>\n<p><strong>Introdu\u00e7\u00e3o:<\/strong><\/p>\n<p>A folha de PC \u00e9 feita de um \u00e9ster de \u00e1cido carb\u00f3nico, tem um bom desempenho<br \/>\n<span style=\"font-size: revert; color: initial;\">para poder aguentar a rasteira, e ainda tem uma resist\u00eancia e uma agressividade muito elevadas<br \/>\n<\/span><span style=\"font-size: revert; color: initial;\">a intensidade sob baixa temperatura. A rigidez mant\u00e9m a for\u00e7a dentro da<br \/>\n<\/span><span style=\"font-size: revert; color: initial;\">de maior temperatura. \u00c9 amplamente utilizado na constru\u00e7\u00e3o, na publicidade,<br \/>\n<\/span><span style=\"font-size: revert; color: initial;\">decora\u00e7\u00e3o, tr\u00e1fego, etc.<\/span><\/p>\n<p><strong>Carater\u00edsticas:<\/strong><\/p>\n<p>1. Excelente desempenho f\u00edsico e mec\u00e2nico.<\/p>\n<p>2. Bom isolamento el\u00e9trico, t\u00e9rmico e ac\u00fastico.<\/p>\n<p>3. Boa resist\u00eancia ao impacto e alta tenacidade.<\/p>\n<p>4. Bom desempenho na transmiss\u00e3o de luz.<\/p>\n<p>5. Boa resist\u00eancia \u00e0 temperatura.<\/p>\n<p>6. Retardamento de inc\u00eandios.<\/p>\n<p>7. N\u00e3o t\u00f3xico.<\/p>\n<p>8. Prote\u00e7\u00e3o UV.<\/p>\n<p>9. Envelhecimento dos ursos.<\/p>\n<p><img decoding=\"async\" src=\"https:\/\/sc01.alicdn.com\/kf\/Hee35153016fb4f64a8abd2cf77d8280dQ\/200162319\/Hee35153016fb4f64a8abd2cf77d8280dQ.jpg\" alt=\"Placa de pl\u00e1stico para gazebo em policarbonato de 4 mm \/ rolos de placa de pl\u00e1stico em policarbonato\" width=\"700\" height=\"520\" data-src=\"\/\/sc01.alicdn.com\/kf\/Hee35153016fb4f64a8abd2cf77d8280dQ\/200162319\/Hee35153016fb4f64a8abd2cf77d8280dQ.jpg\" data-alt=\"4mm polycarbonate gazebo plastic sheet\/ rolls polycarbonate plastic sheet\" data-width=\"700\" data-height=\"520\" data- title=\"\"><\/p>\n<div id=\"ali-anchor-AliPostDhMb-0kuep\" data-section=\"AliPostDhMb-0kuep\" data-section-title=\"FAQ\">\n<div id=\"ali-title-AliPostDhMb-0kuep\"><strong>FAQ<\/strong><\/div>\n<div>\n<p>1.Q:\u00c9 uma empresa comercial ou fabricante?<\/p>\n<p>A: N\u00f3s somos fabricante.<\/p>\n<p>2.Q: Qual \u00e9 o vosso prazo de entrega?<\/p>\n<p>R: De acordo com a dificuldade e a quantidade de processamento do produto, ser-lhe-\u00e1 dada uma hora de chegada razo\u00e1vel.<\/p>\n<p>3.Q:Fornecem amostras? \u00e9 gr\u00e1tis ou extra?<\/p>\n<p>R: Sim, podemos oferecer a amostra gratuitamente, mas n\u00e3o pagamos o custo do frete.<\/p>\n<p>4.Q:Quais s\u00e3o os servi\u00e7os p\u00f3s-venda?<\/p>\n<p>R: Em caso de problemas de qualidade, a embalagem pode ser trocada no prazo de 90 dias.<\/p>\n<p><img loading=\"lazy\" decoding=\"async\" src=\"https:\/\/sc01.alicdn.com\/kf\/Hb3bdebb96a2849458ce6dfcbaa19c5d15\/200162319\/Hb3bdebb96a2849458ce6dfcbaa19c5d15.png\" alt=\"Placa de pl\u00e1stico para gazebo em policarbonato de 4 mm \/ rolos de placa de pl\u00e1stico em policarbonato\" width=\"700\" height=\"550\" data-src=\"\/\/sc01.alicdn.com\/kf\/Hb3bdebb96a2849458ce6dfcbaa19c5d15\/200162319\/Hb3bdebb96a2849458ce6dfcbaa19c5d15.png\" data-alt=\"4mm polycarbonate gazebo plastic sheet\/ rolls polycarbonate plastic sheet\" data-width=\"700\" data-height=\"550\" data- title=\"\"><\/p>\n<\/div>\n<\/div>","protected":false},"featured_media":15139,"parent":0,"template":"","product-catagories":[177],"product-tag":[],"class_list":["post-15310","product","type-product","status-publish","has-post-thumbnail","hentry","product-catagories-polycarbonate-solid-sheet"],"acf":[],"_links":{"self":[{"href":"https:\/\/www.tononplastics.com\/pt\/wp-json\/wp\/v2\/product\/15310","targetHints":{"allow":["GET"]}}],"collection":[{"href":"https:\/\/www.tononplastics.com\/pt\/wp-json\/wp\/v2\/product"}],"about":[{"href":"https:\/\/www.tononplastics.com\/pt\/wp-json\/wp\/v2\/types\/product"}],"version-history":[{"count":0,"href":"https:\/\/www.tononplastics.com\/pt\/wp-json\/wp\/v2\/product\/15310\/revisions"}],"wp:featuredmedia":[{"embeddable":true,"href":"https:\/\/www.tononplastics.com\/pt\/wp-json\/wp\/v2\/media\/15139"}],"wp:attachment":[{"href":"https:\/\/www.tononplastics.com\/pt\/wp-json\/wp\/v2\/media?parent=15310"}],"wp:term":[{"taxonomy":"product-catagories","embeddable":true,"href":"https:\/\/www.tononplastics.com\/pt\/wp-json\/wp\/v2\/product-catagories?post=15310"},{"taxonomy":"product-tag","embeddable":true,"href":"https:\/\/www.tononplastics.com\/pt\/wp-json\/wp\/v2\/product-tag?post=15310"}],"curies":[{"name":"wp","href":"https:\/\/api.w.org\/{rel}","templated":true}]}}