{"id":15312,"date":"2023-08-23T22:55:40","date_gmt":"2023-08-23T14:55:40","guid":{"rendered":"https:\/\/tononplastics.com\/?post_type=product&#038;p=15312"},"modified":"2024-03-25T12:03:46","modified_gmt":"2024-03-25T04:03:46","slug":"polycarbonate-solid-sheet-scratch-solution-sun-sheets-pc-embossed-sheets","status":"publish","type":"product","link":"https:\/\/www.tononplastics.com\/pt\/product\/polycarbonate-solid-sheet-scratch-solution-sun-sheets-pc-embossed-sheets\/","title":{"rendered":"Solu\u00e7\u00e3o anti-riscos para chapas s\u00f3lidas de policarbonato Chapas solares e chapas com relevo para PC"},"content":{"rendered":"<figure class=\"wp-block-gallery has-nested-images columns-default is-cropped wp-block-gallery-1 is-layout-flex wp-block-gallery-is-layout-flex\">\n<figure class=\"wp-block-image size-large\"><img decoding=\"async\" data-id=\"15101\" src=\"https:\/\/www.tononplastics.com\/wp-content\/uploads\/2023\/08\/H8575ccec63db4612b95ede9a30b7cc782.jpg\" alt=\"\" class=\"wp-image-15101\" title=\"\"><\/figure>\n\n\n\n<figure class=\"wp-block-image size-large\"><img fetchpriority=\"high\" decoding=\"async\" width=\"822\" height=\"822\" data-id=\"15100\" src=\"https:\/\/www.tononplastics.com\/wp-content\/uploads\/2023\/08\/H0c09c837f0a54be1a8b5c6b0ad19f2766.jpg\" alt=\"\" class=\"wp-image-15100\" title=\"\" srcset=\"https:\/\/www.tononplastics.com\/wp-content\/uploads\/2023\/08\/H0c09c837f0a54be1a8b5c6b0ad19f2766.jpg 822w, https:\/\/www.tononplastics.com\/wp-content\/uploads\/2023\/08\/H0c09c837f0a54be1a8b5c6b0ad19f2766-300x300.jpg 300w, https:\/\/www.tononplastics.com\/wp-content\/uploads\/2023\/08\/H0c09c837f0a54be1a8b5c6b0ad19f2766-150x150.jpg 150w, https:\/\/www.tononplastics.com\/wp-content\/uploads\/2023\/08\/H0c09c837f0a54be1a8b5c6b0ad19f2766-768x768.jpg 768w\" sizes=\"(max-width: 822px) 100vw, 822px\" \/><\/figure>\n<\/figure>\n\n\n<div id=\"ali-anchor-AliPostDhMb-sfzs7\" class=\"mceSectionContainer\" data-section=\"AliPostDhMb-sfzs7\" data-section-title=\"Product Description\">\n<div id=\"ali-title-AliPostDhMb-sfzs7\"><strong>Detalhes do produto:<\/strong><\/div>\n<div><strong><br \/><\/strong><span style=\"font-size: revert; color: initial;\">1) Resist\u00eancia ao impacto: A resist\u00eancia ao impacto da folha oca de PC \u00e9 250 vezes superior \u00e0 do vidro.<\/span><\/div>\n<div><span style=\"font-size: revert; color: initial;\"><br \/>2)Peso leve: O peso da folha oca de PC \u00e9 apenas cerca de metade do peso do vidro.<\/span><\/div>\n<div>\u00a0<\/div>\n<div><span style=\"font-size: revert; color: initial;\">3)Transpar\u00eancia: A transmiss\u00e3o de luz de uma folha oca de PC com 3 mm de espessura \u00e9 88%.<\/span><\/div>\n<div><span style=\"font-size: revert; color: initial;\"><br \/>4)Prote\u00e7\u00e3o UV: Uma folha de PC \u00e9 co-extrudida com um raio ultravioleta de alta densidade que tamb\u00e9m evita que a folha de PC descolore.<\/span><\/div>\n<div><span style=\"font-size: revert; color: initial;\"><br \/>5)Resist\u00eancia \u00e0s intemp\u00e9ries: A folha oca de PC tem resist\u00eancia \u00e0s intemp\u00e9ries <\/span><\/div>\n<div><span style=\"font-size: revert; color: initial;\">clima e manter um excelente desempenho na faixa de temperatura de -40 \u2103 a 12 \u2103<\/span><\/div>\n<div><span style=\"font-size: revert; color: initial;\"><br \/><\/span><span style=\"font-size: revert; color: initial;\">6) Inibindo a condensa\u00e7\u00e3o: Quando a temperatura externa \u00e9 0 e a temperatura interna \u00e9 23 \u2103, a folha do PC ser\u00e1 condensada at\u00e9 80%.<\/span><\/div>\n<div><span style=\"font-size: revert; color: initial;\"> <br \/><\/span><span style=\"font-size: revert; color: initial;\">7)Isolamento t\u00e9rmico: O valor K do vidro \u00e9 1,2 vezes superior ao da folha s\u00f3lida de PC. As folhas de PC podem poupar energia, evitando a perda de calor.<\/span><\/div>\n<div><span style=\"font-size: revert; color: initial;\"><br \/><\/span><span style=\"font-size: revert; color: initial;\">8)Isolamento ac\u00fastico: A folha oca de PC com 6mm de espessura pode reduzir o som em 20db.<br \/><\/span><span style=\"font-size: revert; color: initial;\"><br \/>9)Resist\u00eancia \u00e0 chama: Atrav\u00e9s de testes efectuados pelo Centro Nacional de Supervis\u00e3o da Qualidade e Testes de Materiais de Constru\u00e7\u00e3o Contra Inc\u00eandio, o material \u00e9 classificado como Classe 1 de acordo com a norma QB8624-1997.<br \/><br \/><\/span><span style=\"font-size: revert; color: initial;\">10)F\u00e1cil instala\u00e7\u00e3o: Uma folha de PC pode ser dobrada a quente ou a frio e pode ser utilizada em telhados e janelas curvos. O raio de curvatura m\u00ednimo de uma chapa de PC \u00e9 175 vezes superior \u00e0 sua espessura.\u00a0<\/span><\/div>\n<\/div>\n<div id=\"ali-anchor-AliPostDhMb-2qskj\" class=\"mceSectionContainer\" data-section=\"AliPostDhMb-2qskj\" data-section-title=\"Company Information\">\n<p>\u00a0A FOSHAN HUAXIA NATURE BUILDING MATERIALS CO., LTD., fundada em 2004, \u00e9 um fabricante profissional que se dedica \u00e0 investiga\u00e7\u00e3o, desenvolvimento, produ\u00e7\u00e3o, venda e servi\u00e7o de chapa s\u00f3lida de policarbonato, chapa oca de policarbonato, suporte de toldo e telhas onduladas de policarbonato. Estamos localizados em Foshan, a base de produ\u00e7\u00e3o de materiais decorativos bem conhecida na China. Existem bases s\u00f3lidas, tecnologia de fabrico madura e sistemas de controlo de qualidade rigorosos na nossa empresa, o que garante a nossa elevada estabilidade de produto e a fiabilidade.<\/p>\n<\/div>\n<div id=\"ali-anchor-AliPostDhMb-bktqy\" class=\"mceSectionContainer\" data-section=\"AliPostDhMb-bktqy\" data-section-title=\"Packaging &amp; Shipping\">\n<div id=\"ali-title-AliPostDhMb-bktqy\"><strong>Embalagem e expedi\u00e7\u00e3o<\/strong><\/div>\n<div>\n<p>\u00a0<img decoding=\"async\" src=\"https:\/\/sc01.alicdn.com\/kf\/H74247c1d61554ba2a775e9ce59244207e\/200162319\/H74247c1d61554ba2a775e9ce59244207e.jpg\" alt=\"chapa s\u00f3lida de policarbonato solu\u00e7\u00e3o anti-riscos Chapas solares e chapas com relevo para PC\" width=\"630\" height=\"509.04\" data-src=\"\/\/sc01.alicdn.com\/kf\/H74247c1d61554ba2a775e9ce59244207e\/200162319\/H74247c1d61554ba2a775e9ce59244207e.jpg\" data-alt=\"polycarbonate solid sheet scratch solution Sun Sheets &amp; PC Embossed Sheets\" data-width=\"630\" data- title=\"\"><img decoding=\"async\" src=\"https:\/\/sc02.alicdn.com\/kf\/H02a52324dc024cdcbaee8c550d0c5b3cR\/200162319\/H02a52324dc024cdcbaee8c550d0c5b3cR.png\" alt=\"chapa s\u00f3lida de policarbonato solu\u00e7\u00e3o anti-riscos Chapas solares e chapas com relevo para PC\" width=\"630\" height=\"214.7347480106101\" data-src=\"\/\/sc02.alicdn.com\/kf\/H02a52324dc024cdcbaee8c550d0c5b3cR\/200162319\/H02a52324dc024cdcbaee8c550d0c5b3cR.png\" data-alt=\"polycarbonate solid sheet scratch solution Sun Sheets &amp; PC Embossed Sheets\" data-width=\"630\" data- title=\"\"><\/p>\n<p>\u00a0<img decoding=\"async\" src=\"https:\/\/sc02.alicdn.com\/kf\/H041aadba055e4601bc7a678fb8698a30S\/200162319\/H041aadba055e4601bc7a678fb8698a30S.jpg\" alt=\"chapa s\u00f3lida de policarbonato solu\u00e7\u00e3o anti-riscos Chapas solares e chapas com relevo para PC\" width=\"630\" height=\"472.5\" data-src=\"\/\/sc02.alicdn.com\/kf\/H041aadba055e4601bc7a678fb8698a30S\/200162319\/H041aadba055e4601bc7a678fb8698a30S.jpg\" data-alt=\"polycarbonate solid sheet scratch solution Sun Sheets &amp; PC Embossed Sheets\" data-width=\"630\" data- title=\"\"><img decoding=\"async\" src=\"https:\/\/sc01.alicdn.com\/kf\/H13a68bf757104e7f87240c10e9cd3dffH\/200162319\/H13a68bf757104e7f87240c10e9cd3dffH.jpg\" alt=\"chapa s\u00f3lida de policarbonato solu\u00e7\u00e3o anti-riscos Chapas solares e chapas com relevo para PC\" width=\"630\" height=\"472.5\" data-src=\"\/\/sc01.alicdn.com\/kf\/H13a68bf757104e7f87240c10e9cd3dffH\/200162319\/H13a68bf757104e7f87240c10e9cd3dffH.jpg\" data-alt=\"polycarbonate solid sheet scratch solution Sun Sheets &amp; PC Embossed Sheets\" data-width=\"630\" data- title=\"\"><\/p>\n<\/div>\n<\/div>","protected":false},"featured_media":0,"parent":0,"template":"","product-catagories":[177],"product-tag":[],"class_list":["post-15312","product","type-product","status-publish","hentry","product-catagories-polycarbonate-solid-sheet"],"acf":[],"_links":{"self":[{"href":"https:\/\/www.tononplastics.com\/pt\/wp-json\/wp\/v2\/product\/15312","targetHints":{"allow":["GET"]}}],"collection":[{"href":"https:\/\/www.tononplastics.com\/pt\/wp-json\/wp\/v2\/product"}],"about":[{"href":"https:\/\/www.tononplastics.com\/pt\/wp-json\/wp\/v2\/types\/product"}],"version-history":[{"count":0,"href":"https:\/\/www.tononplastics.com\/pt\/wp-json\/wp\/v2\/product\/15312\/revisions"}],"wp:attachment":[{"href":"https:\/\/www.tononplastics.com\/pt\/wp-json\/wp\/v2\/media?parent=15312"}],"wp:term":[{"taxonomy":"product-catagories","embeddable":true,"href":"https:\/\/www.tononplastics.com\/pt\/wp-json\/wp\/v2\/product-catagories?post=15312"},{"taxonomy":"product-tag","embeddable":true,"href":"https:\/\/www.tononplastics.com\/pt\/wp-json\/wp\/v2\/product-tag?post=15312"}],"curies":[{"name":"wp","href":"https:\/\/api.w.org\/{rel}","templated":true}]}}