{"id":15316,"date":"2023-08-23T22:57:51","date_gmt":"2023-08-23T14:57:51","guid":{"rendered":"https:\/\/tononplastics.com\/?post_type=product&#038;p=15316"},"modified":"2024-03-25T12:34:43","modified_gmt":"2024-03-25T04:34:43","slug":"polycarbonate-sheet-used-for-bus-stop-bus-station-roof-sheet","status":"publish","type":"product","link":"https:\/\/www.tononplastics.com\/pt\/product\/polycarbonate-sheet-used-for-bus-stop-bus-station-roof-sheet\/","title":{"rendered":"Folha de policarbonato utilizada para a folha de telhado da paragem de autocarro"},"content":{"rendered":"<figure class=\"wp-block-gallery has-nested-images columns-default is-cropped wp-block-gallery-1 is-layout-flex wp-block-gallery-is-layout-flex\">\n<figure class=\"wp-block-image size-large\"><img decoding=\"async\" data-id=\"16138\" src=\"https:\/\/www.tononplastics.com\/wp-content\/uploads\/2024\/03\/H8c2216795864433d9334feab5642fc17J.webp\" alt=\"\" class=\"wp-image-16138\" title=\"\"><\/figure>\n\n\n\n<figure class=\"wp-block-image size-large\"><img decoding=\"async\" data-id=\"16139\" src=\"https:\/\/www.tononplastics.com\/wp-content\/uploads\/2024\/03\/H51343cdbb8f04c94a5295d3aa768236fu.webp\" alt=\"\" class=\"wp-image-16139\" title=\"\"><\/figure>\n<\/figure>\n\n\n<p><strong>Carater\u00edsticas:<\/strong><\/p>\n<p>1)Resist\u00eancia ao impacto: A resist\u00eancia ao impacto da folha de pl\u00e1stico \u00e9 250 vezes superior \u00e0 do vidro.<\/p>\n<p>2)Peso leve: O peso da folha de pl\u00e1stico \u00e9 apenas cerca de metade do peso do vidro.<\/p>\n<p>3)Transpar\u00eancia: A transmiss\u00e3o de luz de uma folha de pl\u00e1stico de 3 mm de espessura \u00e9 88%.<\/p>\n<p>4)Prote\u00e7\u00e3o UV: Uma folha de PC \u00e9 co-extrudida com um raio ultravioleta de alta densidade que tamb\u00e9m evita que a folha de PC descolore.<\/p>\n<p>5)Resist\u00eancia \u00e0s intemp\u00e9ries: a folha de pl\u00e1stico tem resist\u00eancia \u00e0s intemp\u00e9ries e mant\u00e9m um excelente desempenho na gama de temperaturas de -40oC a 120oC<\/p>\n<p>6)Inibi\u00e7\u00e3o da condensa\u00e7\u00e3o: Quando a temperatura exterior \u00e9 de 0oC e a temperatura interior \u00e9 de 23oC, a folha de PC condensar-se-\u00e1 at\u00e9 80%.<\/p>\n<p>7)Isolamento t\u00e9rmico: O valor K do vidro \u00e9 1,2 vezes superior ao da folha s\u00f3lida de PC. As folhas de PC podem poupar energia, evitando a perda de calor.<\/p>\n<p>8) Isolamento ac\u00fastico: A folha s\u00f3lida de PC com 6mm de espessura pode reduzir o som em 20db.<\/p>\n<p>9)Resist\u00eancia \u00e0 chama: Atrav\u00e9s de testes efectuados pelo Centro Nacional de Supervis\u00e3o da Qualidade e Testes de Materiais de Constru\u00e7\u00e3o Contra Inc\u00eandio, o material \u00e9 classificado como Classe 1 de acordo com a norma QB8624-1997.<\/p>\n<p>10)F\u00e1cil instala\u00e7\u00e3o: Uma folha de PC pode ser dobrada a quente ou a frio e pode ser utilizada em telhados e janelas curvos. O raio de curvatura m\u00ednimo de uma chapa de PC \u00e9 175 vezes superior \u00e0 sua espessura.<br \/><img fetchpriority=\"high\" decoding=\"async\" src=\"https:\/\/sc01.alicdn.com\/kf\/H32420328557d486eb5370e0cf573cf134\/200162319\/H32420328557d486eb5370e0cf573cf134.jpg\" alt=\"chapa de policarbonato utilizada para paragem de autocarro chapa de telhado de esta\u00e7\u00e3o de autocarros\" width=\"630\" height=\"840\" data-src=\"\/\/sc01.alicdn.com\/kf\/H32420328557d486eb5370e0cf573cf134\/200162319\/H32420328557d486eb5370e0cf573cf134.jpg\" data-alt=\"polycarbonate sheet used for bus stop bus station roof sheet\" data-width=\"630\" data- title=\"\"><\/p>\n<p><strong>Especifica\u00e7\u00e3o:<\/strong><\/p>\n<p>1)Espessura: 1,5mm-16mm<\/p>\n<p>2)Largura m\u00e1xima: 2100mm<\/p>\n<p>3)Comprimento: Sem limite<\/p>\n<p>4)Densidade espec\u00edfica: 1200kg\/m3<\/p>\n<p>5)Cor: transparente, azul, verde, opala, castanho, etc.<\/p>\n<p><img decoding=\"async\" src=\"https:\/\/sc01.alicdn.com\/kf\/Hde2b9ec7d1d24a39a08ed8018029c625e\/200162319\/Hde2b9ec7d1d24a39a08ed8018029c625e.jpg\" alt=\"chapa de policarbonato utilizada para paragem de autocarro chapa de telhado de esta\u00e7\u00e3o de autocarros\" width=\"630\" height=\"884.52\" data-src=\"\/\/sc01.alicdn.com\/kf\/Hde2b9ec7d1d24a39a08ed8018029c625e\/200162319\/Hde2b9ec7d1d24a39a08ed8018029c625e.jpg\" data-alt=\"polycarbonate sheet used for bus stop bus station roof sheet\" data-width=\"630\" data- title=\"\"><\/p>\n<p><strong>Caso de projeto:<\/strong><\/p>\n<p><strong><img decoding=\"async\" src=\"https:\/\/sc02.alicdn.com\/kf\/Hdd4004b411004005a6f45b41e9b6359cw\/200162319\/Hdd4004b411004005a6f45b41e9b6359cw.png\" alt=\"chapa de policarbonato utilizada para paragem de autocarro chapa de telhado de esta\u00e7\u00e3o de autocarros\" width=\"630\" height=\"585.7438016528926\" data-src=\"\/\/sc02.alicdn.com\/kf\/Hdd4004b411004005a6f45b41e9b6359cw\/200162319\/Hdd4004b411004005a6f45b41e9b6359cw.png\" data-alt=\"polycarbonate sheet used for bus stop bus station roof sheet\" data-width=\"630\" data- title=\"\"><\/strong><\/p>","protected":false},"featured_media":15287,"parent":0,"template":"","product-catagories":[177],"product-tag":[],"class_list":["post-15316","product","type-product","status-publish","has-post-thumbnail","hentry","product-catagories-polycarbonate-solid-sheet"],"acf":[],"_links":{"self":[{"href":"https:\/\/www.tononplastics.com\/pt\/wp-json\/wp\/v2\/product\/15316","targetHints":{"allow":["GET"]}}],"collection":[{"href":"https:\/\/www.tononplastics.com\/pt\/wp-json\/wp\/v2\/product"}],"about":[{"href":"https:\/\/www.tononplastics.com\/pt\/wp-json\/wp\/v2\/types\/product"}],"version-history":[{"count":0,"href":"https:\/\/www.tononplastics.com\/pt\/wp-json\/wp\/v2\/product\/15316\/revisions"}],"wp:featuredmedia":[{"embeddable":true,"href":"https:\/\/www.tononplastics.com\/pt\/wp-json\/wp\/v2\/media\/15287"}],"wp:attachment":[{"href":"https:\/\/www.tononplastics.com\/pt\/wp-json\/wp\/v2\/media?parent=15316"}],"wp:term":[{"taxonomy":"product-catagories","embeddable":true,"href":"https:\/\/www.tononplastics.com\/pt\/wp-json\/wp\/v2\/product-catagories?post=15316"},{"taxonomy":"product-tag","embeddable":true,"href":"https:\/\/www.tononplastics.com\/pt\/wp-json\/wp\/v2\/product-tag?post=15316"}],"curies":[{"name":"wp","href":"https:\/\/api.w.org\/{rel}","templated":true}]}}