{"id":15321,"date":"2023-08-23T23:01:25","date_gmt":"2023-08-23T15:01:25","guid":{"rendered":"https:\/\/tononplastics.com\/?post_type=product&#038;p=15321"},"modified":"2024-03-25T13:22:19","modified_gmt":"2024-03-25T05:22:19","slug":"plastic-pc-light-diffusion-sheet","status":"publish","type":"product","link":"https:\/\/www.tononplastics.com\/pt\/product\/plastic-pc-light-diffusion-sheet\/","title":{"rendered":"Folha difusora de luz em pl\u00e1stico PC"},"content":{"rendered":"<p>A folha pl\u00e1stica de difus\u00e3o de luz PC \u00e9 um produto de policarbonato transl\u00facido concebido especificamente para lentes de ilumina\u00e7\u00e3o e caixas de luz. Apresenta uma combina\u00e7\u00e3o \u00fanica de elevada difus\u00e3o de luz e elevada transmiss\u00e3o de luz atrav\u00e9s de uma tecnologia de difus\u00e3o avan\u00e7ada. As suas carater\u00edsticas de difus\u00e3o uniforme ajudam a diminuir os \u2018pontos quentes\u2019 vis\u00edveis do LED na folha. Em compara\u00e7\u00e3o com outros produtos difusores de luz, como o vidro e o acr\u00edlico, a chapa difusora Quanfu PC tem uma resist\u00eancia superior ao impacto. A sua resist\u00eancia a altas temperaturas permite desenhos mais apertados do que \u00e9 poss\u00edvel com o acr\u00edlico. O comportamento seguro ao fogo da chapa difusa de PC Quanfu torna-a ideal para utiliza\u00e7\u00e3o em \u00e1reas onde os regulamentos de constru\u00e7\u00e3o o exigem, como aeroportos e esta\u00e7\u00f5es de metro.<\/p>\n\n\n\n<h2 class=\"wp-block-heading\">Carater\u00edsticas<\/h2>\n\n\n\n<p>Elevada transmiss\u00e3o de luz \/ efeito de astigmatismo \/ elevada resist\u00eancia ao impacto \/ boa resist\u00eancia \u00e0s intemp\u00e9ries \/ retardador de chama \/ leve e f\u00e1cil de instalar \/ pode ser fabricado<\/p>\n\n\n\n<h2 class=\"wp-block-heading\">Dom\u00ednio de aplica\u00e7\u00e3o<\/h2>\n\n\n\n<p>L\u00e2mpada de ilumina\u00e7\u00e3o caixa de luz publicit\u00e1ria, painel de abajur com log\u00f3tipo luminoso, l\u00e2mpada de modelagem corpo luminoso LED<\/p>\n\n\n\n<figure class=\"wp-block-image\"><img decoding=\"async\" src=\"https:\/\/www.qfzhpc.com\/repository\/image\/b9257523-08e8-4c15-bbb6-46a7283094f3.jpg\" alt=\"r\" title=\"\"><\/figure>\n\n\n\n<figure class=\"wp-block-image\"><img decoding=\"async\" src=\"https:\/\/www.qfzhpc.com\/repository\/image\/42e6d982-1a48-4b02-bfe7-d7b70a3a29f9.jpg\" alt=\"qf\" title=\"\"><\/figure>\n\n\n<p><strong>Transmiss\u00e3o de luz<\/strong><br \/>A transmiss\u00e3o da luz atinge 12%-82% consoante a cor e a espessura.<\/p>\n<p><strong>Prote\u00e7\u00e3o UV<\/strong><br \/>Gra\u00e7as ao revestimento anti-UV patenteado, a claraboia de policarbonato mant\u00e9m um desempenho mec\u00e2nico e \u00f3tico perfeito ap\u00f3s a exposi\u00e7\u00e3o.<\/p>\n<p><strong>Capacidade meteorol\u00f3gica<\/strong><br \/>Tem uma capacidade super climat\u00e9rica, que mant\u00e9m um excelente desempenho numa vasta gama de temperaturas de -40\u00b0C-120\u00b0C.<br \/>Retardamento do fogo :UL Flammability 94 V-2<\/p>\n<p><strong>Instala\u00e7\u00e3o f\u00e1cil<\/strong><br \/>F\u00e1cil de instalar e pode ser dobrado a frio<\/p>\n<p><strong>Resist\u00eancia ao impacto<\/strong><br \/>250-300 vezes a resist\u00eancia ao impacto do vidro normal e 30 vezes a dos pain\u00e9is acr\u00edlicos da mesma espessura, o que equivale a 2-20 vezes o vidro temperado que cai dois metros abaixo do martelo de 3 kg sem fissuras, sem quebras.<\/p>\n<p>\u00a0<\/p>\n<div id=\"ali-anchor-AliPostDhMb-lve6r\" class=\"mceSectionContainer\" data-section=\"AliPostDhMb-lve6r\" data-section-title=\"Company Information\">\n<div>\n<p><img decoding=\"async\" src=\"https:\/\/sc04.alicdn.com\/kf\/He65fe62b4fff4bceb9db2d8d443b0938x\/200162319\/He65fe62b4fff4bceb9db2d8d443b0938x.jpg\" alt=\"folha de difus\u00e3o de luz de pl\u00e1stico para pc\" width=\"630\" height=\"472.5\" data-src=\"\/\/sc04.alicdn.com\/kf\/He65fe62b4fff4bceb9db2d8d443b0938x\/200162319\/He65fe62b4fff4bceb9db2d8d443b0938x.jpg\" data-alt=\"plastic pc light diffusion sheet\" data-width=\"630\" data- title=\"\"><img decoding=\"async\" src=\"https:\/\/sc04.alicdn.com\/kf\/Hec1893bdf96e4e68954f01c51046919cR\/200162319\/Hec1893bdf96e4e68954f01c51046919cR.jpg\" alt=\"folha de difus\u00e3o de luz de pl\u00e1stico para pc\" width=\"630\" height=\"346.5\" data-src=\"\/\/sc04.alicdn.com\/kf\/Hec1893bdf96e4e68954f01c51046919cR\/200162319\/Hec1893bdf96e4e68954f01c51046919cR.jpg\" data-alt=\"plastic pc light diffusion sheet\" data-width=\"630\" data- title=\"\"><\/p>\n<\/div>\n<\/div>","protected":false},"featured_media":15323,"parent":0,"template":"","product-catagories":[177],"product-tag":[],"class_list":["post-15321","product","type-product","status-publish","has-post-thumbnail","hentry","product-catagories-polycarbonate-solid-sheet"],"acf":[],"_links":{"self":[{"href":"https:\/\/www.tononplastics.com\/pt\/wp-json\/wp\/v2\/product\/15321","targetHints":{"allow":["GET"]}}],"collection":[{"href":"https:\/\/www.tononplastics.com\/pt\/wp-json\/wp\/v2\/product"}],"about":[{"href":"https:\/\/www.tononplastics.com\/pt\/wp-json\/wp\/v2\/types\/product"}],"version-history":[{"count":0,"href":"https:\/\/www.tononplastics.com\/pt\/wp-json\/wp\/v2\/product\/15321\/revisions"}],"wp:featuredmedia":[{"embeddable":true,"href":"https:\/\/www.tononplastics.com\/pt\/wp-json\/wp\/v2\/media\/15323"}],"wp:attachment":[{"href":"https:\/\/www.tononplastics.com\/pt\/wp-json\/wp\/v2\/media?parent=15321"}],"wp:term":[{"taxonomy":"product-catagories","embeddable":true,"href":"https:\/\/www.tononplastics.com\/pt\/wp-json\/wp\/v2\/product-catagories?post=15321"},{"taxonomy":"product-tag","embeddable":true,"href":"https:\/\/www.tononplastics.com\/pt\/wp-json\/wp\/v2\/product-tag?post=15321"}],"curies":[{"name":"wp","href":"https:\/\/api.w.org\/{rel}","templated":true}]}}