{"id":15338,"date":"2023-08-23T23:09:18","date_gmt":"2023-08-23T15:09:18","guid":{"rendered":"https:\/\/tononplastics.com\/?post_type=product&#038;p=15338"},"modified":"2024-03-25T17:02:39","modified_gmt":"2024-03-25T09:02:39","slug":"colored-plastic-shower-cubicle-polycarbonate-solid-sheet","status":"publish","type":"product","link":"https:\/\/www.tononplastics.com\/pt\/product\/colored-plastic-shower-cubicle-polycarbonate-solid-sheet\/","title":{"rendered":"Cabina de duche em pl\u00e1stico colorido\/ chapa maci\u00e7a de policarbonato"},"content":{"rendered":"<p><strong>Especifica\u00e7\u00e3o:<\/strong><\/p>\n<p>1)Espessura: 1,5mm-16mm<\/p>\n<p>2)Largura m\u00e1xima: 2100mm<\/p>\n<p>3)Comprimento: Sem limite<\/p>\n<p>4)Densidade espec\u00edfica: 1200kg\/m3<\/p>\n<p>5)Cor: transparente, azul, verde, opala, castanho, etc.<\/p>\n<p><strong>Carater\u00edsticas t\u00e9cnicas:<\/strong><\/p>\n<p>1)Resist\u00eancia ao impacto: 850J\/m<\/p>\n<p>2)Transmiss\u00e3o de luz: 88%<\/p>\n<p>3)Peso espec\u00edfico: 1200kg\/m3<\/p>\n<p>4)Coeficiente de expans\u00e3o t\u00e9rmica: 0,065<\/p>\n<p>5)Temperatura: -40oC - 120oC<\/p>\n<p>6)Condutividade t\u00e9rmica: 2,3-3,9W\/m2<\/p>\n<p>7)Resist\u00eancia \u00e0 tra\u00e7\u00e3o: Mais de602<\/p>\n<p>8)Resist\u00eancia \u00e0 flex\u00e3o: 1002<\/p>\n<p>9)M\u00f3dulo de elasticidade: 2400Mpa<\/p>\n<p>10)Rua de tra\u00e7\u00e3o na rutura: Mais de 65Mpa<\/p>\n<p>11)Alongamento na rutura: Mais de 100%<\/p>\n<p>12)Calor espec\u00edfico: 1,16j\/kg. K<\/p>\n<p>13)Temperatura de deflex\u00e3o t\u00e9rmica: 140oC<\/p>\n<p>14) Insonoriza\u00e7\u00e3o (6 mm de espessura): 20db<\/p>\n<p><img fetchpriority=\"high\" decoding=\"async\" class=\"\" src=\"https:\/\/sc02.alicdn.com\/kf\/HTB1Zn3GkS8YBeNkSnb4q6yevFXad\/200162319\/HTB1Zn3GkS8YBeNkSnb4q6yevFXad.jpg\" alt=\"cabina de duche em pl\u00e1stico colorido\/ chapa maci\u00e7a de policarbonato\" width=\"687\" height=\"842\" data-src=\"\/\/sc02.alicdn.com\/kf\/HTB1Zn3GkS8YBeNkSnb4q6yevFXad\/200162319\/HTB1Zn3GkS8YBeNkSnb4q6yevFXad.jpg\" data-alt=\"colored plastic shower cubicle\/ polycarbonate solid sheet\" data- title=\"\"><\/p>\n<p><img decoding=\"async\" src=\"https:\/\/sc01.alicdn.com\/kf\/HTB1fjxltXuWBuNjSszbq6AS7FXap\/200162319\/HTB1fjxltXuWBuNjSszbq6AS7FXap.jpg\" alt=\"cabina de duche em pl\u00e1stico colorido\/ chapa maci\u00e7a de policarbonato\" data-src=\"\/\/sc01.alicdn.com\/kf\/HTB1fjxltXuWBuNjSszbq6AS7FXap\/200162319\/HTB1fjxltXuWBuNjSszbq6AS7FXap.jpg\" data-alt=\"colored plastic shower cubicle\/ polycarbonate solid sheet\" data- title=\"\"><\/p>","protected":false},"featured_media":15325,"parent":0,"template":"","product-catagories":[177],"product-tag":[],"class_list":["post-15338","product","type-product","status-publish","has-post-thumbnail","hentry","product-catagories-polycarbonate-solid-sheet"],"acf":[],"_links":{"self":[{"href":"https:\/\/www.tononplastics.com\/pt\/wp-json\/wp\/v2\/product\/15338","targetHints":{"allow":["GET"]}}],"collection":[{"href":"https:\/\/www.tononplastics.com\/pt\/wp-json\/wp\/v2\/product"}],"about":[{"href":"https:\/\/www.tononplastics.com\/pt\/wp-json\/wp\/v2\/types\/product"}],"version-history":[{"count":0,"href":"https:\/\/www.tononplastics.com\/pt\/wp-json\/wp\/v2\/product\/15338\/revisions"}],"wp:featuredmedia":[{"embeddable":true,"href":"https:\/\/www.tononplastics.com\/pt\/wp-json\/wp\/v2\/media\/15325"}],"wp:attachment":[{"href":"https:\/\/www.tononplastics.com\/pt\/wp-json\/wp\/v2\/media?parent=15338"}],"wp:term":[{"taxonomy":"product-catagories","embeddable":true,"href":"https:\/\/www.tononplastics.com\/pt\/wp-json\/wp\/v2\/product-catagories?post=15338"},{"taxonomy":"product-tag","embeddable":true,"href":"https:\/\/www.tononplastics.com\/pt\/wp-json\/wp\/v2\/product-tag?post=15338"}],"curies":[{"name":"wp","href":"https:\/\/api.w.org\/{rel}","templated":true}]}}