{"id":15347,"date":"2023-08-23T23:18:30","date_gmt":"2023-08-23T15:18:30","guid":{"rendered":"https:\/\/tononplastics.com\/?post_type=product&#038;p=15347"},"modified":"2024-04-16T12:43:52","modified_gmt":"2024-04-16T04:43:52","slug":"ten-years-guarantee-uv-protected-color-pc-hollow-sheet","status":"publish","type":"product","link":"https:\/\/www.tononplastics.com\/pt\/product\/ten-years-guarantee-uv-protected-color-pc-hollow-sheet\/","title":{"rendered":"Dez anos de garantia Folha oca de PC a cores com prote\u00e7\u00e3o UV"},"content":{"rendered":"<figure class=\"wp-block-gallery has-nested-images columns-default is-cropped wp-block-gallery-1 is-layout-flex wp-block-gallery-is-layout-flex\">\n<figure class=\"wp-block-image size-full\"><img decoding=\"async\" data-id=\"15257\" src=\"https:\/\/www.tononplastics.com\/wp-content\/uploads\/2023\/08\/\u56fe\u72471-1.png\" alt=\"\" class=\"wp-image-15257\" title=\"\"><\/figure>\n\n\n\n<figure class=\"wp-block-image size-full\"><img decoding=\"async\" data-id=\"15258\" src=\"https:\/\/www.tononplastics.com\/wp-content\/uploads\/2023\/08\/\u56fe\u72471-1-1.png\" alt=\"\" class=\"wp-image-15258\" title=\"\"><\/figure>\n<\/figure>\n\n\n<div id=\"ali-anchor-AliPostDhMb-dt96l\" data-section=\"AliPostDhMb-dt96l\" data-section-title=\"Product Description\">\n<p><span data-spm-anchor-id=\"a2700.details.0.i30.5c4e7fa2ThoF7K\">1) Transmiss\u00e3o de luz: at\u00e9 88%<br \/><\/span><span style=\"font-size: revert; color: initial;\">2) Resist\u00eancia ao impacto: 80 vezes superior \u00e0 do vidro, 15 vezes superior \u00e0 da folha de acr\u00edlico<br \/><\/span><span style=\"color: initial; font-size: revert;\">3) Gama de resist\u00eancia \u00e0 temperatura: -40 ~ 120oC<br \/><\/span><span style=\"color: initial; font-size: revert;\">4) Peso leve: apenas 1\/12 do peso do vidro da mesma espessura<br \/><\/span><span style=\"font-size: revert; color: initial;\">5) Resist\u00eancia aos raios ultravioleta: com camada de prote\u00e7\u00e3o UV<br \/><\/span><span style=\"font-size: revert; color: initial;\">6) Resist\u00eancia \u00e0 chama: classe de classifica\u00e7\u00e3o B1<br \/><\/span><span style=\"font-size: revert; color: initial;\">7) \u00c0 prova de som e calor<\/span><\/p>\n<\/div>\n<p align=\"left\"><strong>Especifica\u00e7\u00e3o<br \/><\/strong>1) Largura:1220mm- 2100mm (nossa especifica\u00e7\u00e3o regular)<br \/>2) Comprimento: 20m--50m (nossa especifica\u00e7\u00e3o regular)<br \/>3) dispon\u00edvel em 4mm, 5mm, 6mm, 7,5mm, 8mm, 10mm, 12mm, 14mm, 16mm, 18mm.<br \/>4) Cor: transparente, azul lago, verde, azul, opala, bronze, cinzento, vermelho, bronze (castanho), azul-verde, verde-claro, transparente, preto, transparente com relevo, leve com relevo, azul com relevo<br \/>5) Cores e dimens\u00f5es personalizadas dispon\u00edveis mediante pedido<br \/>6)Embalagem :Ambos os lados cobertos com pel\u00edcula PE\u00a0\u00a0<\/p>\n<p align=\"left\">\u00a0<img fetchpriority=\"high\" decoding=\"async\" src=\"https:\/\/sc01.alicdn.com\/kf\/H32420328557d486eb5370e0cf573cf134\/200162319\/H32420328557d486eb5370e0cf573cf134.jpg\" alt=\"dez anos de garantia Folha oca de pc a cores com prote\u00e7\u00e3o UV\" width=\"630\" height=\"840\" data-src=\"\/\/sc01.alicdn.com\/kf\/H32420328557d486eb5370e0cf573cf134\/200162319\/H32420328557d486eb5370e0cf573cf134.jpg\" data-alt=\"ten years guarantee UV protected color pc hollow sheet\" data-width=\"630\" data- title=\"\"><img decoding=\"async\" class=\"alignright\" src=\"https:\/\/sc01.alicdn.com\/kf\/H276597fb63bf4e8ebb711e73f1e18dd4h\/200162319\/H276597fb63bf4e8ebb711e73f1e18dd4h.jpg\" alt=\"dez anos de garantia Folha oca de pc a cores com prote\u00e7\u00e3o UV\" width=\"630\" height=\"427.0323325635104\" data-src=\"\/\/sc01.alicdn.com\/kf\/H276597fb63bf4e8ebb711e73f1e18dd4h\/200162319\/H276597fb63bf4e8ebb711e73f1e18dd4h.jpg\" data-alt=\"ten years guarantee UV protected color pc hollow sheet\" data-width=\"630\" data- title=\"\"><\/p>\n<p align=\"left\">\u00a0<\/p>\n<p align=\"left\"><strong>Aplica\u00e7\u00f5es:<br \/><\/strong>1) Cabinas telef\u00f3nicas<br \/>2) Sinais de tr\u00e2nsito e an\u00fancios<br \/>3) Pain\u00e9is publicit\u00e1rios em candeeiros<br \/>4) Ilumina\u00e7\u00e3o e paredes divis\u00f3rias para bancos, hospitais e esta\u00e7\u00f5es<br \/>5) Estufas para produtos hort\u00edcolas, jardins zool\u00f3gicos, produtos aqu\u00e1ticos<br \/>6) Isolamento ac\u00fastico e t\u00e9rmico das vias r\u00e1pidas<\/p>\n<p align=\"left\">7) Ind\u00fastrias de instrumentos e de guerra - para-brisas, escudos militares\u00a0<\/p>\n<p align=\"left\">\u00a0<\/p>\n<p align=\"left\">\u00a0<\/p>\n<p align=\"left\">\u00a0<\/p>\n<p align=\"left\"><strong>Caso de projeto:<\/strong><\/p>\n<p align=\"left\"><img decoding=\"async\" src=\"https:\/\/sc01.alicdn.com\/kf\/HTB1W4NetXOWBuNjy0Fiq6xFxVXa0\/200162319\/HTB1W4NetXOWBuNjy0Fiq6xFxVXa0.jpg\" alt=\"dez anos de garantia Folha oca de pc a cores com prote\u00e7\u00e3o UV\" width=\"630\" height=\"429.975\" data-src=\"\/\/sc01.alicdn.com\/kf\/HTB1W4NetXOWBuNjy0Fiq6xFxVXa0\/200162319\/HTB1W4NetXOWBuNjy0Fiq6xFxVXa0.jpg\" data-alt=\"ten years guarantee UV protected color pc hollow sheet\" data-width=\"630\" data- title=\"\"><\/p>\n<div id=\"ali-anchor-AliPostDhMb-0cbwi\" data-section=\"AliPostDhMb-0cbwi\" data-section-title=\"Packaging &amp; Shipping\">\n<div id=\"ali-title-AliPostDhMb-0cbwi\"><strong>Embalagem e expedi\u00e7\u00e3o<\/strong><\/div>\n<div>\n<p>\u00a0<img decoding=\"async\" src=\"https:\/\/sc01.alicdn.com\/kf\/Hb3bdebb96a2849458ce6dfcbaa19c5d15\/200162319\/Hb3bdebb96a2849458ce6dfcbaa19c5d15.png\" alt=\"dez anos de garantia Folha oca de pc a cores com prote\u00e7\u00e3o UV\" width=\"630\" height=\"312.9083665338646\" data-src=\"\/\/sc01.alicdn.com\/kf\/Hb3bdebb96a2849458ce6dfcbaa19c5d15\/200162319\/Hb3bdebb96a2849458ce6dfcbaa19c5d15.png\" data-alt=\"ten years guarantee UV protected color pc hollow sheet\" data-width=\"630\" data- title=\"\"><img decoding=\"async\" src=\"https:\/\/sc02.alicdn.com\/kf\/Hd05fdb0988024155a7956963ea5973acD\/200162319\/Hd05fdb0988024155a7956963ea5973acD.png\" alt=\"dez anos de garantia Folha oca de pc a cores com prote\u00e7\u00e3o UV\" width=\"630\" height=\"474.58885941644564\" data-src=\"\/\/sc02.alicdn.com\/kf\/Hd05fdb0988024155a7956963ea5973acD\/200162319\/Hd05fdb0988024155a7956963ea5973acD.png\" data-alt=\"ten years guarantee UV protected color pc hollow sheet\" data-width=\"630\" data- title=\"\"><img decoding=\"async\" src=\"https:\/\/sc02.alicdn.com\/kf\/H02a52324dc024cdcbaee8c550d0c5b3cR\/200162319\/H02a52324dc024cdcbaee8c550d0c5b3cR.png\" alt=\"dez anos de garantia Folha oca de pc a cores com prote\u00e7\u00e3o UV\" width=\"630\" height=\"214.7347480106101\" data-src=\"\/\/sc02.alicdn.com\/kf\/H02a52324dc024cdcbaee8c550d0c5b3cR\/200162319\/H02a52324dc024cdcbaee8c550d0c5b3cR.png\" data-alt=\"ten years guarantee UV protected color pc hollow sheet\" data-width=\"630\" data- title=\"\"><\/p>\n<\/div>\n<\/div>","protected":false},"featured_media":16738,"parent":0,"template":"","product-catagories":[178],"product-tag":[],"class_list":["post-15347","product","type-product","status-publish","has-post-thumbnail","hentry","product-catagories-polycarbonate-hollow-sheet"],"acf":[],"_links":{"self":[{"href":"https:\/\/www.tononplastics.com\/pt\/wp-json\/wp\/v2\/product\/15347","targetHints":{"allow":["GET"]}}],"collection":[{"href":"https:\/\/www.tononplastics.com\/pt\/wp-json\/wp\/v2\/product"}],"about":[{"href":"https:\/\/www.tononplastics.com\/pt\/wp-json\/wp\/v2\/types\/product"}],"version-history":[{"count":0,"href":"https:\/\/www.tononplastics.com\/pt\/wp-json\/wp\/v2\/product\/15347\/revisions"}],"wp:featuredmedia":[{"embeddable":true,"href":"https:\/\/www.tononplastics.com\/pt\/wp-json\/wp\/v2\/media\/16738"}],"wp:attachment":[{"href":"https:\/\/www.tononplastics.com\/pt\/wp-json\/wp\/v2\/media?parent=15347"}],"wp:term":[{"taxonomy":"product-catagories","embeddable":true,"href":"https:\/\/www.tononplastics.com\/pt\/wp-json\/wp\/v2\/product-catagories?post=15347"},{"taxonomy":"product-tag","embeddable":true,"href":"https:\/\/www.tononplastics.com\/pt\/wp-json\/wp\/v2\/product-tag?post=15347"}],"curies":[{"name":"wp","href":"https:\/\/api.w.org\/{rel}","templated":true}]}}