{"id":15361,"date":"2023-08-23T23:39:42","date_gmt":"2023-08-23T15:39:42","guid":{"rendered":"https:\/\/tononplastics.com\/?post_type=product&#038;p=15361"},"modified":"2024-03-25T16:56:23","modified_gmt":"2024-03-25T08:56:23","slug":"awning-of-window-and-balcony-awning","status":"publish","type":"product","link":"https:\/\/www.tononplastics.com\/pt\/product\/awning-of-window-and-balcony-awning\/","title":{"rendered":"Toldo de janela e toldo de varanda"},"content":{"rendered":"<div id=\"ali-anchor-AliPostDhMb-1vs97\" data-section=\"AliPostDhMb-1vs97\" data-section-title=\"Product Description\">\n<div data-spm-anchor-id=\"a2700.details.0.i26.5fee6c5blzsvs3\">\n<p><img fetchpriority=\"high\" decoding=\"async\" class=\"\" src=\"https:\/\/sc02.alicdn.com\/kf\/Had0756212dc14f48b5c605d06ad52305b\/200162319\/Had0756212dc14f48b5c605d06ad52305b.jpg\" alt=\"toldo de janela e toldo de varanda\" width=\"390\" height=\"390\" data-src=\"\/\/sc02.alicdn.com\/kf\/Had0756212dc14f48b5c605d06ad52305b\/200162319\/Had0756212dc14f48b5c605d06ad52305b.jpg\" data-alt=\"awning of window and balcony awning\" data-width=\"630\" data- title=\"\"><img decoding=\"async\" class=\"\" src=\"https:\/\/sc02.alicdn.com\/kf\/H9f08f5ed02234de4be18cc9d36d18cc91\/200162319\/H9f08f5ed02234de4be18cc9d36d18cc91.jpg\" alt=\"toldo de janela e toldo de varanda\" width=\"394\" height=\"394\" data-src=\"\/\/sc02.alicdn.com\/kf\/H9f08f5ed02234de4be18cc9d36d18cc91\/200162319\/H9f08f5ed02234de4be18cc9d36d18cc91.jpg\" data-alt=\"awning of window and balcony awning\" data-width=\"630\" data- title=\"\"><\/p>\n<\/div>\n<\/div>\n<p><strong>toldo de janela e toldo de varanda<\/strong><\/p>\n<p>1. resist\u00eancia ao vento,<\/p>\n<p>2. resist\u00eancia ao impacto<\/p>\n<p>3. anti-envelhecimento<\/p>\n<p>4. anti-corros\u00e3o<\/p>\n<p>5. auto-limpeza pela \u00e1gua da chuva<\/p>\n<p>6. design dobrado para redu\u00e7\u00e3o de ru\u00eddo, filtragem UV, transmiss\u00e3o de luz 80%<\/p>\n<p><strong>D<img decoding=\"async\" src=\"https:\/\/sc02.alicdn.com\/kf\/H2c03c96273de4b8aa1b9a0fe70c8a0cfI\/200162319\/H2c03c96273de4b8aa1b9a0fe70c8a0cfI.jpg\" alt=\"toldo de janela e toldo de varanda\" width=\"630\" height=\"472.08\" data-src=\"\/\/sc02.alicdn.com\/kf\/H2c03c96273de4b8aa1b9a0fe70c8a0cfI\/200162319\/H2c03c96273de4b8aa1b9a0fe70c8a0cfI.jpg\" data-alt=\"awning of window and balcony awning\" data-width=\"630\" data- title=\"\"><img decoding=\"async\" src=\"https:\/\/sc01.alicdn.com\/kf\/H0f5f8a5bcabd473eb3ae74b52b116893r\/200162319\/H0f5f8a5bcabd473eb3ae74b52b116893r.jpg\" alt=\"toldo de janela e toldo de varanda\" width=\"630\" height=\"429.3692307692308\" data-src=\"\/\/sc01.alicdn.com\/kf\/H0f5f8a5bcabd473eb3ae74b52b116893r\/200162319\/H0f5f8a5bcabd473eb3ae74b52b116893r.jpg\" data-alt=\"awning of window and balcony awning\" data-width=\"630\" data- title=\"\">D<\/strong><\/p>\n<p>1.folha:Folha s\u00f3lida de PC, folha de sol de PC<\/p>\n<p>2. o material do suporte do toldo: PA + mistura de fibra de vidro<\/p>\n<p>3. pe\u00e7as de liga\u00e7\u00e3o: Perfil de alum\u00ednio<\/p>\n<p>4. parafuso de expans\u00e3o<\/p>\n<p>5.Dimension:600mm,800mm,1000mm<\/p>\n<p>6. aumentar infinitamente os suportes do toldo e estender-se livremente para a montagem<\/p>\n<p>7. o toldo inovador afasta-se completamente dos toldos soldados tradicionais feitos \u00e0 medida. o toldo \u00e9 simples na sua estrutura principal, que \u00e9 composta por uma folha de PC e os suportes do toldo. sendo produzido em massa e em conformidade com o padr\u00e3o de design r\u00edgido, o toldo \u00e9 consistente na sua super qualidade de produto.<\/p>\n<p>8. pode resistir com seguran\u00e7a a tuf\u00f5es (categoria 12)<\/p>\n<p>9. o toldo \u00e9 do tipo \"fa\u00e7a voc\u00ea mesmo\" e pode ser instalado facilmente pelos propriet\u00e1rios, o que economiza totalmente o custo e o espa\u00e7o.<\/p>\n<p><strong>r<img decoding=\"async\" src=\"https:\/\/sc01.alicdn.com\/kf\/Hc6401cfcb4334b6db778c359d08238c0l\/200162319\/Hc6401cfcb4334b6db778c359d08238c0l.jpg\" alt=\"toldo de janela e toldo de varanda\" width=\"630\" height=\"1226.3999999999999\" data-src=\"\/\/sc01.alicdn.com\/kf\/Hc6401cfcb4334b6db778c359d08238c0l\/200162319\/Hc6401cfcb4334b6db778c359d08238c0l.jpg\" data-alt=\"awning of window and balcony awning\" data-width=\"630\" data- title=\"\"><img decoding=\"async\" src=\"https:\/\/sc01.alicdn.com\/kf\/H74247c1d61554ba2a775e9ce59244207e\/200162319\/H74247c1d61554ba2a775e9ce59244207e.jpg\" alt=\"toldo de janela e toldo de varanda\" width=\"630\" height=\"509.04\" data-src=\"\/\/sc01.alicdn.com\/kf\/H74247c1d61554ba2a775e9ce59244207e\/200162319\/H74247c1d61554ba2a775e9ce59244207e.jpg\" data-alt=\"awning of window and balcony awning\" data-width=\"630\" data- title=\"\"><img decoding=\"async\" src=\"https:\/\/sc02.alicdn.com\/kf\/H02a52324dc024cdcbaee8c550d0c5b3cR\/200162319\/H02a52324dc024cdcbaee8c550d0c5b3cR.png\" alt=\"toldo de janela e toldo de varanda\" width=\"630\" height=\"214.7347480106101\" data-src=\"\/\/sc02.alicdn.com\/kf\/H02a52324dc024cdcbaee8c550d0c5b3cR\/200162319\/H02a52324dc024cdcbaee8c550d0c5b3cR.png\" data-alt=\"awning of window and balcony awning\" data-width=\"630\" data- title=\"\"><img decoding=\"async\" src=\"https:\/\/sc02.alicdn.com\/kf\/Hd05fdb0988024155a7956963ea5973acD\/200162319\/Hd05fdb0988024155a7956963ea5973acD.png\" alt=\"toldo de janela e toldo de varanda\" width=\"630\" height=\"474.58885941644564\" data-src=\"\/\/sc02.alicdn.com\/kf\/Hd05fdb0988024155a7956963ea5973acD\/200162319\/Hd05fdb0988024155a7956963ea5973acD.png\" data-alt=\"awning of window and balcony awning\" data-width=\"630\" data- title=\"\"><\/strong><\/p>","protected":false},"featured_media":14364,"parent":0,"template":"","product-catagories":[171],"product-tag":[],"class_list":["post-15361","product","type-product","status-publish","has-post-thumbnail","hentry","product-catagories-awning"],"acf":[],"_links":{"self":[{"href":"https:\/\/www.tononplastics.com\/pt\/wp-json\/wp\/v2\/product\/15361","targetHints":{"allow":["GET"]}}],"collection":[{"href":"https:\/\/www.tononplastics.com\/pt\/wp-json\/wp\/v2\/product"}],"about":[{"href":"https:\/\/www.tononplastics.com\/pt\/wp-json\/wp\/v2\/types\/product"}],"version-history":[{"count":0,"href":"https:\/\/www.tononplastics.com\/pt\/wp-json\/wp\/v2\/product\/15361\/revisions"}],"wp:featuredmedia":[{"embeddable":true,"href":"https:\/\/www.tononplastics.com\/pt\/wp-json\/wp\/v2\/media\/14364"}],"wp:attachment":[{"href":"https:\/\/www.tononplastics.com\/pt\/wp-json\/wp\/v2\/media?parent=15361"}],"wp:term":[{"taxonomy":"product-catagories","embeddable":true,"href":"https:\/\/www.tononplastics.com\/pt\/wp-json\/wp\/v2\/product-catagories?post=15361"},{"taxonomy":"product-tag","embeddable":true,"href":"https:\/\/www.tononplastics.com\/pt\/wp-json\/wp\/v2\/product-tag?post=15361"}],"curies":[{"name":"wp","href":"https:\/\/api.w.org\/{rel}","templated":true}]}}