{"id":15364,"date":"2023-08-23T23:43:34","date_gmt":"2023-08-23T15:43:34","guid":{"rendered":"https:\/\/tononplastics.com\/?post_type=product&#038;p=15364"},"modified":"2024-03-25T12:39:59","modified_gmt":"2024-03-25T04:39:59","slug":"polycarbonate-sheet-for-canop-polycarbonate-window-awning","status":"publish","type":"product","link":"https:\/\/www.tononplastics.com\/pt\/product\/polycarbonate-sheet-for-canop-polycarbonate-window-awning\/","title":{"rendered":"Folha de policarbonato para toldo de janela em policarbonato"},"content":{"rendered":"<div id=\"ali-anchor-AliPostDhMb-ikrk2\" data-section=\"AliPostDhMb-ikrk2\" data-section-title=\"Product Description\">\n<div>\n<p><span data-spm-anchor-id=\"a2700.details.0.i44.40e911fecVyXv2\">T\u00e1bua do toldo<\/span><\/p>\n<p>1) Transmiss\u00e3o de luz: at\u00e9 88%\u00a0<\/p>\n<p>2) Resist\u00eancia ao impacto: 80 vezes superior \u00e0 do vidro, 15 vezes superior \u00e0 da folha de acr\u00edlico\u00a0<\/p>\n<\/div>\n<\/div>\n<p align=\"left\">3) Gama de resist\u00eancia \u00e0 temperatura: -40 ~ 120oC<br \/>\n4) Peso leve: apenas 1\/12 do peso do vidro da mesma espessura<br \/>\n5) Resist\u00eancia aos raios ultravioleta: com camada de prote\u00e7\u00e3o UV<br \/>\n6) Resist\u00eancia \u00e0 chama: classe de classifica\u00e7\u00e3o B1<br \/>\n7) \u00c0 prova de som e calor<\/p>\n<p align=\"left\"><img decoding=\"async\" src=\"https:\/\/sc01.alicdn.com\/kf\/H0ae698f80b9840449576927fcabf54feZ\/200162319\/H0ae698f80b9840449576927fcabf54feZ.jpg\" alt=\"chapa de policarbonato para toldo de janela em policarbonato\" width=\"630\" height=\"662.76\" data-src=\"\/\/sc01.alicdn.com\/kf\/H0ae698f80b9840449576927fcabf54feZ\/200162319\/H0ae698f80b9840449576927fcabf54feZ.jpg\" data-alt=\"polycarbonate sheet for canop polycarbonate window awning\" data-width=\"630\" data- title=\"\"><br \/>\nEspecifica\u00e7\u00e3o do toldo de policarbonato<br \/>\nFolha: Folha oca de PC de 5,5 mm ou folha s\u00f3lida de PC de 3,0 mm<br \/>\nComprimento do suporte 600mm, 800mm, 1000mm, 1200mm, 1500mm<br \/>\nCor do suporte Branco ou preto<br \/>\nDist\u00e2ncia do suporte personalizada<br \/>\nMaterial do suporte Pl\u00e1stico ou alum\u00ednio<\/p>\n<p align=\"left\"><img decoding=\"async\" src=\"https:\/\/sc01.alicdn.com\/kf\/H2f4db787a3b343c8b287bd745f006630r\/200162319\/H2f4db787a3b343c8b287bd745f006630r.png\" alt=\"chapa de policarbonato para toldo de janela em policarbonato\" width=\"630\" height=\"362.2162740899357\" data-src=\"\/\/sc01.alicdn.com\/kf\/H2f4db787a3b343c8b287bd745f006630r\/200162319\/H2f4db787a3b343c8b287bd745f006630r.png\" data-alt=\"polycarbonate sheet for canop polycarbonate window awning\" data-width=\"630\" data- title=\"\"><img decoding=\"async\" src=\"https:\/\/sc02.alicdn.com\/kf\/Hab2ac95f2ca34cec9459c4b7915aac1ef\/200162319\/Hab2ac95f2ca34cec9459c4b7915aac1ef.png\" alt=\"chapa de policarbonato para toldo de janela em policarbonato\" width=\"630\" height=\"507.27272727272725\" data-src=\"\/\/sc02.alicdn.com\/kf\/Hab2ac95f2ca34cec9459c4b7915aac1ef\/200162319\/Hab2ac95f2ca34cec9459c4b7915aac1ef.png\" data-alt=\"polycarbonate sheet for canop polycarbonate window awning\" data-width=\"630\" data- title=\"\">\u00a0<\/p>\n<p align=\"left\">\u00a0<\/p>\n<p>Carater\u00edsticas do policarbonato:<\/p>\n<p>Transmiss\u00e3o de luz<br \/>\nA transmiss\u00e3o da luz atinge 12%-82% consoante a cor e a espessura.<\/p>\n<p>Prote\u00e7\u00e3o UV<br \/>\nGra\u00e7as ao revestimento anti-UV patenteado, a claraboia de policarbonato mant\u00e9m um desempenho mec\u00e2nico e \u00f3tico perfeito ap\u00f3s a exposi\u00e7\u00e3o.<\/p>\n<p>Capacidade meteorol\u00f3gica<br \/>\nTem uma capacidade super climat\u00e9rica, que mant\u00e9m um excelente desempenho numa vasta gama de temperaturas de -40\u00b0C-120\u00b0C.<br \/>\nRetardamento do fogo :UL Flammability 94 V-2<\/p>\n<p>Instala\u00e7\u00e3o f\u00e1cil<br \/>\nF\u00e1cil de instalar e pode ser dobrado a frio<\/p>\n<p>Resist\u00eancia ao impacto<br \/>\n250-300 vezes a resist\u00eancia ao impacto do vidro normal e 30 vezes a dos pain\u00e9is acr\u00edlicos da mesma espessura, o que equivale a 2-20 vezes o vidro temperado que cai dois metros abaixo do martelo de 3 kg sem fissuras, sem quebras.<\/p>\n<p><img decoding=\"async\" src=\"https:\/\/sc02.alicdn.com\/kf\/HTB1xO6PJVXXXXXQXpXXq6xXFXXXE\/200162319\/HTB1xO6PJVXXXXXQXpXXq6xXFXXXE.jpg\" alt=\"chapa de policarbonato para toldo de janela em policarbonato\" width=\"630\" height=\"763.5600000000001\" data-src=\"\/\/sc02.alicdn.com\/kf\/HTB1xO6PJVXXXXXQXpXXq6xXFXXXE\/200162319\/HTB1xO6PJVXXXXXQXpXXq6xXFXXXE.jpg\" data-alt=\"polycarbonate sheet for canop polycarbonate window awning\" data-width=\"630\" data- title=\"\"><img decoding=\"async\" src=\"https:\/\/sc01.alicdn.com\/kf\/H696af1b5dc524570886fcc96da6160f3q\/200162319\/H696af1b5dc524570886fcc96da6160f3q.jpg\" alt=\"chapa de policarbonato para toldo de janela em policarbonato\" width=\"630\" height=\"580.44\" data-src=\"\/\/sc01.alicdn.com\/kf\/H696af1b5dc524570886fcc96da6160f3q\/200162319\/H696af1b5dc524570886fcc96da6160f3q.jpg\" data-alt=\"polycarbonate sheet for canop polycarbonate window awning\" data-width=\"630\" data- title=\"\"><img decoding=\"async\" src=\"https:\/\/sc01.alicdn.com\/kf\/He251bd0b45d14e5583f0a7b16198126fz\/200162319\/He251bd0b45d14e5583f0a7b16198126fz.png\" alt=\"chapa de policarbonato para toldo de janela em policarbonato\" width=\"630\" height=\"156.24\" data-src=\"\/\/sc01.alicdn.com\/kf\/He251bd0b45d14e5583f0a7b16198126fz\/200162319\/He251bd0b45d14e5583f0a7b16198126fz.png\" data-alt=\"polycarbonate sheet for canop polycarbonate window awning\" data-width=\"630\" data- title=\"\"><img decoding=\"async\" src=\"https:\/\/sc02.alicdn.com\/kf\/HTB1c_rWJVXXXXXfXXXXq6xXFXXX4\/200162319\/HTB1c_rWJVXXXXXfXXXXq6xXFXXX4.jpg\" alt=\"chapa de policarbonato para toldo de janela em policarbonato\" width=\"630\" height=\"436.9893899204244\" data-src=\"\/\/sc02.alicdn.com\/kf\/HTB1c_rWJVXXXXXfXXXXq6xXFXXX4\/200162319\/HTB1c_rWJVXXXXXfXXXXq6xXFXXX4.jpg\" data-alt=\"polycarbonate sheet for canop polycarbonate window awning\" data-width=\"630\" data- title=\"\"><img decoding=\"async\" src=\"https:\/\/sc01.alicdn.com\/kf\/Hd35db4f291a3474c9fed03fab96b343dt\/200162319\/Hd35db4f291a3474c9fed03fab96b343dt.jpg\" alt=\"chapa de policarbonato para toldo de janela em policarbonato\" width=\"630\" height=\"420.21000000000004\" data-src=\"\/\/sc01.alicdn.com\/kf\/Hd35db4f291a3474c9fed03fab96b343dt\/200162319\/Hd35db4f291a3474c9fed03fab96b343dt.jpg\" data-alt=\"polycarbonate sheet for canop polycarbonate window awning\" data-width=\"630\" data- title=\"\"><img decoding=\"async\" src=\"https:\/\/sc01.alicdn.com\/kf\/H8ab2ccf15d5542e7a82269c541d00856p\/200162319\/H8ab2ccf15d5542e7a82269c541d00856p.jpg\" alt=\"chapa de policarbonato para toldo de janela em policarbonato\" width=\"630\" height=\"420.21000000000004\" data-src=\"\/\/sc01.alicdn.com\/kf\/H8ab2ccf15d5542e7a82269c541d00856p\/200162319\/H8ab2ccf15d5542e7a82269c541d00856p.jpg\" data-alt=\"polycarbonate sheet for canop polycarbonate window awning\" data-width=\"630\" data- title=\"\"><\/p>\n<div id=\"ali-anchor-AliPostDhMb-slgsl\" data-section=\"AliPostDhMb-slgsl\" data-section-title=\"Packaging &amp; Shipping\">\n<div id=\"ali-title-AliPostDhMb-slgsl\">Embalagem e expedi\u00e7\u00e3o<\/div>\n<div>\n<p>\u00a0<img decoding=\"async\" src=\"https:\/\/sc02.alicdn.com\/kf\/Hd05fdb0988024155a7956963ea5973acD\/200162319\/Hd05fdb0988024155a7956963ea5973acD.png\" alt=\"chapa de policarbonato para toldo de janela em policarbonato\" width=\"630\" height=\"474.58885941644564\" data-src=\"\/\/sc02.alicdn.com\/kf\/Hd05fdb0988024155a7956963ea5973acD\/200162319\/Hd05fdb0988024155a7956963ea5973acD.png\" data-alt=\"polycarbonate sheet for canop polycarbonate window awning\" data-width=\"630\" data- title=\"\"><img decoding=\"async\" src=\"https:\/\/sc02.alicdn.com\/kf\/H02a52324dc024cdcbaee8c550d0c5b3cR\/200162319\/H02a52324dc024cdcbaee8c550d0c5b3cR.png\" alt=\"chapa de policarbonato para toldo de janela em policarbonato\" width=\"630\" height=\"214.7347480106101\" data-src=\"\/\/sc02.alicdn.com\/kf\/H02a52324dc024cdcbaee8c550d0c5b3cR\/200162319\/H02a52324dc024cdcbaee8c550d0c5b3cR.png\" data-alt=\"polycarbonate sheet for canop polycarbonate window awning\" data-width=\"630\" data- title=\"\"><\/p>\n<\/div>\n<\/div>","protected":false},"featured_media":15366,"parent":0,"template":"","product-catagories":[171],"product-tag":[],"class_list":["post-15364","product","type-product","status-publish","has-post-thumbnail","hentry","product-catagories-awning"],"acf":[],"_links":{"self":[{"href":"https:\/\/www.tononplastics.com\/pt\/wp-json\/wp\/v2\/product\/15364","targetHints":{"allow":["GET"]}}],"collection":[{"href":"https:\/\/www.tononplastics.com\/pt\/wp-json\/wp\/v2\/product"}],"about":[{"href":"https:\/\/www.tononplastics.com\/pt\/wp-json\/wp\/v2\/types\/product"}],"version-history":[{"count":0,"href":"https:\/\/www.tononplastics.com\/pt\/wp-json\/wp\/v2\/product\/15364\/revisions"}],"wp:featuredmedia":[{"embeddable":true,"href":"https:\/\/www.tononplastics.com\/pt\/wp-json\/wp\/v2\/media\/15366"}],"wp:attachment":[{"href":"https:\/\/www.tononplastics.com\/pt\/wp-json\/wp\/v2\/media?parent=15364"}],"wp:term":[{"taxonomy":"product-catagories","embeddable":true,"href":"https:\/\/www.tononplastics.com\/pt\/wp-json\/wp\/v2\/product-catagories?post=15364"},{"taxonomy":"product-tag","embeddable":true,"href":"https:\/\/www.tononplastics.com\/pt\/wp-json\/wp\/v2\/product-tag?post=15364"}],"curies":[{"name":"wp","href":"https:\/\/api.w.org\/{rel}","templated":true}]}}